{"id":10245,"date":"2022-04-26T09:17:16","date_gmt":"2022-04-26T09:17:16","guid":{"rendered":"https:\/\/proventuss.eu\/produkt\/vi-pro-epdm-primer-908\/"},"modified":"2022-04-26T09:17:16","modified_gmt":"2022-04-26T09:17:16","slug":"vi-pro-epdm-primer-908","status":"publish","type":"product","link":"https:\/\/proventuss.eu\/ro\/produs\/vi-pro-epdm-primer-908\/","title":{"rendered":"Vi-Pro\u00ae EPDM PRIMER 908"},"content":{"rendered":"<p>Cu Vi-Pro\u00ae EPDM PRIMER 908 se pot preg\u0103ti corespunz\u0103tor suprafe\u021bele \u020bnainte de instalarea membranelor EPDM.<br \/>\nPrimerul este de \u020bnalt\u0103 calitate, are ca baz\u0103 siliconul cu un con\u021binut sc\u0103zut de solvent.<br \/>\nPoate fi aplicat pe beton, beton aerat, piatr\u0103, perlit dar \u015fi pe pl\u0103ci din suprafe\u021be minerale. Durific\u0103 eficient stratul suport \u015fi imbun\u0103t\u0103\u021be\u015fte absorb\u021bia acestuia.<\/p>\n<p><strong>Beneficii:<\/strong><br \/>\n&#8211; Uniformizeaz\u0103 \u015fi \u020bmbun\u0103t\u0103\u021be\u015fte adeziunea la substraturi.<br \/>\n&#8211; Se poate folosi pe diferite tipuri de substraturi<br \/>\n&#8211; Disponibil \u020bn culoarea ro\u015fie<\/p>\n","protected":false},"excerpt":{"rendered":"<p>Cu Vi-Pro\u00ae EPDM PRIMER 908 se pot preg\u0103ti corespunz\u0103tor suprafe\u021bele \u020bnainte de instalarea membranelor EPDM. Primerul este de \u020bnalt\u0103 calitate, are ca baz\u0103 siliconul cu un con\u021binut sc\u0103zut de solvent. Poate fi aplicat pe beton, beton aerat, piatr\u0103, perlit dar \u015fi pe pl\u0103ci din suprafe\u021be minerale. Durific\u0103 eficient stratul suport \u015fi imbun\u0103t\u0103\u021be\u015fte absorb\u021bia acestuia. Beneficii: [&hellip;]<\/p>\n","protected":false},"featured_media":9576,"comment_status":"open","ping_status":"closed","template":"","meta":{"_acf_changed":false},"product_cat":[419],"product_tag":[],"acf":[],"yoast_head":"<!-- This site is optimized with the Yoast SEO plugin v22.9 - https:\/\/yoast.com\/wordpress\/plugins\/seo\/ -->\n<title>Vi-Pro\u00ae EPDM PRIMER 908 - Proventuss<\/title>\n<meta name=\"robots\" content=\"index, follow, max-snippet:-1, max-image-preview:large, max-video-preview:-1\" \/>\n<link rel=\"canonical\" href=\"https:\/\/proventuss.eu\/ro\/produkt\/vi-pro-epdm-primer-908\/\" \/>\n<meta property=\"og:locale\" content=\"ro_RO\" \/>\n<meta property=\"og:type\" content=\"article\" \/>\n<meta property=\"og:title\" content=\"Vi-Pro\u00ae EPDM PRIMER 908 - Proventuss\" \/>\n<meta property=\"og:description\" content=\"Cu Vi-Pro\u00ae EPDM PRIMER 908 se pot preg\u0103ti corespunz\u0103tor suprafe\u021bele \u020bnainte de instalarea membranelor EPDM. Primerul este de \u020bnalt\u0103 calitate, are ca baz\u0103 siliconul cu un con\u021binut sc\u0103zut de solvent. Poate fi aplicat pe beton, beton aerat, piatr\u0103, perlit dar \u015fi pe pl\u0103ci din suprafe\u021be minerale. Durific\u0103 eficient stratul suport \u015fi imbun\u0103t\u0103\u021be\u015fte absorb\u021bia acestuia. Beneficii: [&hellip;]\" \/>\n<meta property=\"og:url\" content=\"https:\/\/proventuss.eu\/ro\/produkt\/vi-pro-epdm-primer-908\/\" \/>\n<meta property=\"og:site_name\" content=\"Proventuss\" \/>\n<meta property=\"og:image\" content=\"https:\/\/proventuss.eu\/wp-content\/uploads\/2022\/04\/Vi-Pro-EPDM-Primer-908_2.png\" \/>\n\t<meta property=\"og:image:width\" content=\"640\" \/>\n\t<meta property=\"og:image:height\" content=\"640\" \/>\n\t<meta property=\"og:image:type\" content=\"image\/png\" \/>\n<meta name=\"twitter:card\" content=\"summary_large_image\" \/>\n<script type=\"application\/ld+json\" class=\"yoast-schema-graph\">{\"@context\":\"https:\/\/schema.org\",\"@graph\":[{\"@type\":\"WebPage\",\"@id\":\"https:\/\/proventuss.eu\/ro\/produkt\/vi-pro-epdm-primer-908\/\",\"url\":\"https:\/\/proventuss.eu\/ro\/produkt\/vi-pro-epdm-primer-908\/\",\"name\":\"Vi-Pro\u00ae EPDM PRIMER 908 - Proventuss\",\"isPartOf\":{\"@id\":\"https:\/\/proventuss.eu\/#website\"},\"primaryImageOfPage\":{\"@id\":\"https:\/\/proventuss.eu\/ro\/produkt\/vi-pro-epdm-primer-908\/#primaryimage\"},\"image\":{\"@id\":\"https:\/\/proventuss.eu\/ro\/produkt\/vi-pro-epdm-primer-908\/#primaryimage\"},\"thumbnailUrl\":\"https:\/\/proventuss.eu\/wp-content\/uploads\/2022\/04\/Vi-Pro-EPDM-Primer-908_2.png\",\"datePublished\":\"2022-04-26T09:17:16+00:00\",\"dateModified\":\"2022-04-26T09:17:16+00:00\",\"breadcrumb\":{\"@id\":\"https:\/\/proventuss.eu\/ro\/produkt\/vi-pro-epdm-primer-908\/#breadcrumb\"},\"inLanguage\":\"ro-RO\",\"potentialAction\":[{\"@type\":\"ReadAction\",\"target\":[\"https:\/\/proventuss.eu\/ro\/produkt\/vi-pro-epdm-primer-908\/\"]}]},{\"@type\":\"ImageObject\",\"inLanguage\":\"ro-RO\",\"@id\":\"https:\/\/proventuss.eu\/ro\/produkt\/vi-pro-epdm-primer-908\/#primaryimage\",\"url\":\"https:\/\/proventuss.eu\/wp-content\/uploads\/2022\/04\/Vi-Pro-EPDM-Primer-908_2.png\",\"contentUrl\":\"https:\/\/proventuss.eu\/wp-content\/uploads\/2022\/04\/Vi-Pro-EPDM-Primer-908_2.png\",\"width\":640,\"height\":640,\"caption\":\"Na zdj\u0119ciu podk\u0142ad na bazie silikonu o niskiej zawarto\u015bci rozpuszczalnik\u00f3w stosowany na r\u00f3\u017cnego rodzaju pod\u0142o\u017ca porowate. Ujednolica i poprawia przyczepno\u015b\u0107 pod\u0142o\u017ca.\"},{\"@type\":\"BreadcrumbList\",\"@id\":\"https:\/\/proventuss.eu\/ro\/produkt\/vi-pro-epdm-primer-908\/#breadcrumb\",\"itemListElement\":[{\"@type\":\"ListItem\",\"position\":1,\"name\":\"Home\",\"item\":\"https:\/\/proventuss.eu\/ro\/\"},{\"@type\":\"ListItem\",\"position\":2,\"name\":\"Produse\",\"item\":\"https:\/\/proventuss.eu\/produse\/\"},{\"@type\":\"ListItem\",\"position\":3,\"name\":\"Vi-Pro\u00ae EPDM PRIMER 908\"}]},{\"@type\":\"WebSite\",\"@id\":\"https:\/\/proventuss.eu\/#website\",\"url\":\"https:\/\/proventuss.eu\/\",\"name\":\"Proventuss\",\"description\":\"\",\"potentialAction\":[{\"@type\":\"SearchAction\",\"target\":{\"@type\":\"EntryPoint\",\"urlTemplate\":\"https:\/\/proventuss.eu\/?s={search_term_string}\"},\"query-input\":\"required name=search_term_string\"}],\"inLanguage\":\"ro-RO\"}]}<\/script>\n<!-- \/ Yoast SEO plugin. -->","yoast_head_json":{"title":"Vi-Pro\u00ae EPDM PRIMER 908 - Proventuss","robots":{"index":"index","follow":"follow","max-snippet":"max-snippet:-1","max-image-preview":"max-image-preview:large","max-video-preview":"max-video-preview:-1"},"canonical":"https:\/\/proventuss.eu\/ro\/produkt\/vi-pro-epdm-primer-908\/","og_locale":"ro_RO","og_type":"article","og_title":"Vi-Pro\u00ae EPDM PRIMER 908 - Proventuss","og_description":"Cu Vi-Pro\u00ae EPDM PRIMER 908 se pot preg\u0103ti corespunz\u0103tor suprafe\u021bele \u020bnainte de instalarea membranelor EPDM. Primerul este de \u020bnalt\u0103 calitate, are ca baz\u0103 siliconul cu un con\u021binut sc\u0103zut de solvent. Poate fi aplicat pe beton, beton aerat, piatr\u0103, perlit dar \u015fi pe pl\u0103ci din suprafe\u021be minerale. Durific\u0103 eficient stratul suport \u015fi imbun\u0103t\u0103\u021be\u015fte absorb\u021bia acestuia. Beneficii: [&hellip;]","og_url":"https:\/\/proventuss.eu\/ro\/produkt\/vi-pro-epdm-primer-908\/","og_site_name":"Proventuss","og_image":[{"width":640,"height":640,"url":"https:\/\/proventuss.eu\/wp-content\/uploads\/2022\/04\/Vi-Pro-EPDM-Primer-908_2.png","type":"image\/png"}],"twitter_card":"summary_large_image","schema":{"@context":"https:\/\/schema.org","@graph":[{"@type":"WebPage","@id":"https:\/\/proventuss.eu\/ro\/produkt\/vi-pro-epdm-primer-908\/","url":"https:\/\/proventuss.eu\/ro\/produkt\/vi-pro-epdm-primer-908\/","name":"Vi-Pro\u00ae EPDM PRIMER 908 - Proventuss","isPartOf":{"@id":"https:\/\/proventuss.eu\/#website"},"primaryImageOfPage":{"@id":"https:\/\/proventuss.eu\/ro\/produkt\/vi-pro-epdm-primer-908\/#primaryimage"},"image":{"@id":"https:\/\/proventuss.eu\/ro\/produkt\/vi-pro-epdm-primer-908\/#primaryimage"},"thumbnailUrl":"https:\/\/proventuss.eu\/wp-content\/uploads\/2022\/04\/Vi-Pro-EPDM-Primer-908_2.png","datePublished":"2022-04-26T09:17:16+00:00","dateModified":"2022-04-26T09:17:16+00:00","breadcrumb":{"@id":"https:\/\/proventuss.eu\/ro\/produkt\/vi-pro-epdm-primer-908\/#breadcrumb"},"inLanguage":"ro-RO","potentialAction":[{"@type":"ReadAction","target":["https:\/\/proventuss.eu\/ro\/produkt\/vi-pro-epdm-primer-908\/"]}]},{"@type":"ImageObject","inLanguage":"ro-RO","@id":"https:\/\/proventuss.eu\/ro\/produkt\/vi-pro-epdm-primer-908\/#primaryimage","url":"https:\/\/proventuss.eu\/wp-content\/uploads\/2022\/04\/Vi-Pro-EPDM-Primer-908_2.png","contentUrl":"https:\/\/proventuss.eu\/wp-content\/uploads\/2022\/04\/Vi-Pro-EPDM-Primer-908_2.png","width":640,"height":640,"caption":"Na zdj\u0119ciu podk\u0142ad na bazie silikonu o niskiej zawarto\u015bci rozpuszczalnik\u00f3w stosowany na r\u00f3\u017cnego rodzaju pod\u0142o\u017ca porowate. Ujednolica i poprawia przyczepno\u015b\u0107 pod\u0142o\u017ca."},{"@type":"BreadcrumbList","@id":"https:\/\/proventuss.eu\/ro\/produkt\/vi-pro-epdm-primer-908\/#breadcrumb","itemListElement":[{"@type":"ListItem","position":1,"name":"Home","item":"https:\/\/proventuss.eu\/ro\/"},{"@type":"ListItem","position":2,"name":"Produse","item":"https:\/\/proventuss.eu\/produse\/"},{"@type":"ListItem","position":3,"name":"Vi-Pro\u00ae EPDM PRIMER 908"}]},{"@type":"WebSite","@id":"https:\/\/proventuss.eu\/#website","url":"https:\/\/proventuss.eu\/","name":"Proventuss","description":"","potentialAction":[{"@type":"SearchAction","target":{"@type":"EntryPoint","urlTemplate":"https:\/\/proventuss.eu\/?s={search_term_string}"},"query-input":"required name=search_term_string"}],"inLanguage":"ro-RO"}]}},"_links":{"self":[{"href":"https:\/\/proventuss.eu\/ro\/wp-json\/wp\/v2\/product\/10245"}],"collection":[{"href":"https:\/\/proventuss.eu\/ro\/wp-json\/wp\/v2\/product"}],"about":[{"href":"https:\/\/proventuss.eu\/ro\/wp-json\/wp\/v2\/types\/product"}],"replies":[{"embeddable":true,"href":"https:\/\/proventuss.eu\/ro\/wp-json\/wp\/v2\/comments?post=10245"}],"wp:featuredmedia":[{"embeddable":true,"href":"https:\/\/proventuss.eu\/ro\/wp-json\/wp\/v2\/media\/9576"}],"wp:attachment":[{"href":"https:\/\/proventuss.eu\/ro\/wp-json\/wp\/v2\/media?parent=10245"}],"wp:term":[{"taxonomy":"product_cat","embeddable":true,"href":"https:\/\/proventuss.eu\/ro\/wp-json\/wp\/v2\/product_cat?post=10245"},{"taxonomy":"product_tag","embeddable":true,"href":"https:\/\/proventuss.eu\/ro\/wp-json\/wp\/v2\/product_tag?post=10245"}],"curies":[{"name":"wp","href":"https:\/\/api.w.org\/{rel}","templated":true}]}}