{"id":10244,"date":"2022-04-26T09:15:43","date_gmt":"2022-04-26T09:15:43","guid":{"rendered":"https:\/\/proventuss.eu\/produkt\/vi-pro-epdm-wash-cleaner-907\/"},"modified":"2022-04-26T09:15:43","modified_gmt":"2022-04-26T09:15:43","slug":"vi-pro-epdm-wash-cleaner-907","status":"publish","type":"product","link":"https:\/\/proventuss.eu\/ro\/produs\/vi-pro-epdm-wash-cleaner-907\/","title":{"rendered":"Vi-Pro\u00ae EPDM WASH CLEANER 907"},"content":{"rendered":"<p>Cur\u0103\u021barea eficient\u0103 a suprafa\u021bei \u020bnainte de aplicarea adezivului pe membrana EPDM este asigurat\u0103 de Vi-Pro\u00ae EPDM WASH CLEANER 907. Este un kerosen u\u015for hidrogenat care permite preg\u0103tirea corespunz\u0103toare a suprafe\u021belor expuse la condi\u021bii atmosferice \u020bnainte de instalarea membranei.<br \/>\nIndispensabil pentru instalarea ferestrelor, u\u015filor \u015fi fa\u021badelor \u015fi de asemenea pentru alte lucr\u0103ri de construc\u021bii \u015fi renov\u0103ri.<\/p>\n<p><strong>Beneficii:<\/strong><br \/>\n&#8211; F\u0103r\u0103 culoare<br \/>\n&#8211; Pentru EPDM, aluminiu, o\u021bel, o\u021bel galvanizat, bitum (excep\u021bie APP &#8211; Atactic Poly-Propylene), beton, beton u\u015for, lem \u015fi butil<\/p>\n","protected":false},"excerpt":{"rendered":"<p>Cur\u0103\u021barea eficient\u0103 a suprafa\u021bei \u020bnainte de aplicarea adezivului pe membrana EPDM este asigurat\u0103 de Vi-Pro\u00ae EPDM WASH CLEANER 907. Este un kerosen u\u015for hidrogenat care permite preg\u0103tirea corespunz\u0103toare a suprafe\u021belor expuse la condi\u021bii atmosferice \u020bnainte de instalarea membranei. Indispensabil pentru instalarea ferestrelor, u\u015filor \u015fi fa\u021badelor \u015fi de asemenea pentru alte lucr\u0103ri de construc\u021bii \u015fi renov\u0103ri. [&hellip;]<\/p>\n","protected":false},"featured_media":9575,"comment_status":"open","ping_status":"closed","template":"","meta":{"_acf_changed":false},"product_cat":[419],"product_tag":[],"acf":[],"yoast_head":"<!-- This site is optimized with the Yoast SEO plugin v22.9 - https:\/\/yoast.com\/wordpress\/plugins\/seo\/ -->\n<title>Vi-Pro\u00ae EPDM WASH CLEANER 907 - Proventuss<\/title>\n<meta name=\"robots\" content=\"index, follow, max-snippet:-1, max-image-preview:large, max-video-preview:-1\" \/>\n<link rel=\"canonical\" href=\"https:\/\/proventuss.eu\/ro\/produkt\/vi-pro-epdm-wash-cleaner-907\/\" \/>\n<meta property=\"og:locale\" content=\"ro_RO\" \/>\n<meta property=\"og:type\" content=\"article\" \/>\n<meta property=\"og:title\" content=\"Vi-Pro\u00ae EPDM WASH CLEANER 907 - Proventuss\" \/>\n<meta property=\"og:description\" content=\"Cur\u0103\u021barea eficient\u0103 a suprafa\u021bei \u020bnainte de aplicarea adezivului pe membrana EPDM este asigurat\u0103 de Vi-Pro\u00ae EPDM WASH CLEANER 907. Este un kerosen u\u015for hidrogenat care permite preg\u0103tirea corespunz\u0103toare a suprafe\u021belor expuse la condi\u021bii atmosferice \u020bnainte de instalarea membranei. Indispensabil pentru instalarea ferestrelor, u\u015filor \u015fi fa\u021badelor \u015fi de asemenea pentru alte lucr\u0103ri de construc\u021bii \u015fi renov\u0103ri. [&hellip;]\" \/>\n<meta property=\"og:url\" content=\"https:\/\/proventuss.eu\/ro\/produkt\/vi-pro-epdm-wash-cleaner-907\/\" \/>\n<meta property=\"og:site_name\" content=\"Proventuss\" \/>\n<meta property=\"og:image\" content=\"https:\/\/proventuss.eu\/wp-content\/uploads\/2022\/04\/Vi-Pro-EPDM-Wash-Cleaner-907_1.png\" \/>\n\t<meta property=\"og:image:width\" content=\"640\" \/>\n\t<meta property=\"og:image:height\" content=\"640\" \/>\n\t<meta property=\"og:image:type\" content=\"image\/png\" \/>\n<meta name=\"twitter:card\" content=\"summary_large_image\" \/>\n<script type=\"application\/ld+json\" class=\"yoast-schema-graph\">{\"@context\":\"https:\/\/schema.org\",\"@graph\":[{\"@type\":\"WebPage\",\"@id\":\"https:\/\/proventuss.eu\/ro\/produkt\/vi-pro-epdm-wash-cleaner-907\/\",\"url\":\"https:\/\/proventuss.eu\/ro\/produkt\/vi-pro-epdm-wash-cleaner-907\/\",\"name\":\"Vi-Pro\u00ae EPDM WASH CLEANER 907 - Proventuss\",\"isPartOf\":{\"@id\":\"https:\/\/proventuss.eu\/#website\"},\"primaryImageOfPage\":{\"@id\":\"https:\/\/proventuss.eu\/ro\/produkt\/vi-pro-epdm-wash-cleaner-907\/#primaryimage\"},\"image\":{\"@id\":\"https:\/\/proventuss.eu\/ro\/produkt\/vi-pro-epdm-wash-cleaner-907\/#primaryimage\"},\"thumbnailUrl\":\"https:\/\/proventuss.eu\/wp-content\/uploads\/2022\/04\/Vi-Pro-EPDM-Wash-Cleaner-907_1.png\",\"datePublished\":\"2022-04-26T09:15:43+00:00\",\"dateModified\":\"2022-04-26T09:15:43+00:00\",\"breadcrumb\":{\"@id\":\"https:\/\/proventuss.eu\/ro\/produkt\/vi-pro-epdm-wash-cleaner-907\/#breadcrumb\"},\"inLanguage\":\"ro-RO\",\"potentialAction\":[{\"@type\":\"ReadAction\",\"target\":[\"https:\/\/proventuss.eu\/ro\/produkt\/vi-pro-epdm-wash-cleaner-907\/\"]}]},{\"@type\":\"ImageObject\",\"inLanguage\":\"ro-RO\",\"@id\":\"https:\/\/proventuss.eu\/ro\/produkt\/vi-pro-epdm-wash-cleaner-907\/#primaryimage\",\"url\":\"https:\/\/proventuss.eu\/wp-content\/uploads\/2022\/04\/Vi-Pro-EPDM-Wash-Cleaner-907_1.png\",\"contentUrl\":\"https:\/\/proventuss.eu\/wp-content\/uploads\/2022\/04\/Vi-Pro-EPDM-Wash-Cleaner-907_1.png\",\"width\":640,\"height\":640,\"caption\":\"Na zdj\u0119ciu kanister. Skuteczne oczyszczenie powierzchni zapewnia EPDM Vi-Pro\u00ae EPDM WASH CLEANER 907. Niezast\u0105piony przy instalacji okien, drzwi i fasad.\"},{\"@type\":\"BreadcrumbList\",\"@id\":\"https:\/\/proventuss.eu\/ro\/produkt\/vi-pro-epdm-wash-cleaner-907\/#breadcrumb\",\"itemListElement\":[{\"@type\":\"ListItem\",\"position\":1,\"name\":\"Home\",\"item\":\"https:\/\/proventuss.eu\/ro\/\"},{\"@type\":\"ListItem\",\"position\":2,\"name\":\"Produse\",\"item\":\"https:\/\/proventuss.eu\/produse\/\"},{\"@type\":\"ListItem\",\"position\":3,\"name\":\"Vi-Pro\u00ae EPDM WASH CLEANER 907\"}]},{\"@type\":\"WebSite\",\"@id\":\"https:\/\/proventuss.eu\/#website\",\"url\":\"https:\/\/proventuss.eu\/\",\"name\":\"Proventuss\",\"description\":\"\",\"potentialAction\":[{\"@type\":\"SearchAction\",\"target\":{\"@type\":\"EntryPoint\",\"urlTemplate\":\"https:\/\/proventuss.eu\/?s={search_term_string}\"},\"query-input\":\"required name=search_term_string\"}],\"inLanguage\":\"ro-RO\"}]}<\/script>\n<!-- \/ Yoast SEO plugin. -->","yoast_head_json":{"title":"Vi-Pro\u00ae EPDM WASH CLEANER 907 - Proventuss","robots":{"index":"index","follow":"follow","max-snippet":"max-snippet:-1","max-image-preview":"max-image-preview:large","max-video-preview":"max-video-preview:-1"},"canonical":"https:\/\/proventuss.eu\/ro\/produkt\/vi-pro-epdm-wash-cleaner-907\/","og_locale":"ro_RO","og_type":"article","og_title":"Vi-Pro\u00ae EPDM WASH CLEANER 907 - Proventuss","og_description":"Cur\u0103\u021barea eficient\u0103 a suprafa\u021bei \u020bnainte de aplicarea adezivului pe membrana EPDM este asigurat\u0103 de Vi-Pro\u00ae EPDM WASH CLEANER 907. Este un kerosen u\u015for hidrogenat care permite preg\u0103tirea corespunz\u0103toare a suprafe\u021belor expuse la condi\u021bii atmosferice \u020bnainte de instalarea membranei. Indispensabil pentru instalarea ferestrelor, u\u015filor \u015fi fa\u021badelor \u015fi de asemenea pentru alte lucr\u0103ri de construc\u021bii \u015fi renov\u0103ri. [&hellip;]","og_url":"https:\/\/proventuss.eu\/ro\/produkt\/vi-pro-epdm-wash-cleaner-907\/","og_site_name":"Proventuss","og_image":[{"width":640,"height":640,"url":"https:\/\/proventuss.eu\/wp-content\/uploads\/2022\/04\/Vi-Pro-EPDM-Wash-Cleaner-907_1.png","type":"image\/png"}],"twitter_card":"summary_large_image","schema":{"@context":"https:\/\/schema.org","@graph":[{"@type":"WebPage","@id":"https:\/\/proventuss.eu\/ro\/produkt\/vi-pro-epdm-wash-cleaner-907\/","url":"https:\/\/proventuss.eu\/ro\/produkt\/vi-pro-epdm-wash-cleaner-907\/","name":"Vi-Pro\u00ae EPDM WASH CLEANER 907 - Proventuss","isPartOf":{"@id":"https:\/\/proventuss.eu\/#website"},"primaryImageOfPage":{"@id":"https:\/\/proventuss.eu\/ro\/produkt\/vi-pro-epdm-wash-cleaner-907\/#primaryimage"},"image":{"@id":"https:\/\/proventuss.eu\/ro\/produkt\/vi-pro-epdm-wash-cleaner-907\/#primaryimage"},"thumbnailUrl":"https:\/\/proventuss.eu\/wp-content\/uploads\/2022\/04\/Vi-Pro-EPDM-Wash-Cleaner-907_1.png","datePublished":"2022-04-26T09:15:43+00:00","dateModified":"2022-04-26T09:15:43+00:00","breadcrumb":{"@id":"https:\/\/proventuss.eu\/ro\/produkt\/vi-pro-epdm-wash-cleaner-907\/#breadcrumb"},"inLanguage":"ro-RO","potentialAction":[{"@type":"ReadAction","target":["https:\/\/proventuss.eu\/ro\/produkt\/vi-pro-epdm-wash-cleaner-907\/"]}]},{"@type":"ImageObject","inLanguage":"ro-RO","@id":"https:\/\/proventuss.eu\/ro\/produkt\/vi-pro-epdm-wash-cleaner-907\/#primaryimage","url":"https:\/\/proventuss.eu\/wp-content\/uploads\/2022\/04\/Vi-Pro-EPDM-Wash-Cleaner-907_1.png","contentUrl":"https:\/\/proventuss.eu\/wp-content\/uploads\/2022\/04\/Vi-Pro-EPDM-Wash-Cleaner-907_1.png","width":640,"height":640,"caption":"Na zdj\u0119ciu kanister. Skuteczne oczyszczenie powierzchni zapewnia EPDM Vi-Pro\u00ae EPDM WASH CLEANER 907. Niezast\u0105piony przy instalacji okien, drzwi i fasad."},{"@type":"BreadcrumbList","@id":"https:\/\/proventuss.eu\/ro\/produkt\/vi-pro-epdm-wash-cleaner-907\/#breadcrumb","itemListElement":[{"@type":"ListItem","position":1,"name":"Home","item":"https:\/\/proventuss.eu\/ro\/"},{"@type":"ListItem","position":2,"name":"Produse","item":"https:\/\/proventuss.eu\/produse\/"},{"@type":"ListItem","position":3,"name":"Vi-Pro\u00ae EPDM WASH CLEANER 907"}]},{"@type":"WebSite","@id":"https:\/\/proventuss.eu\/#website","url":"https:\/\/proventuss.eu\/","name":"Proventuss","description":"","potentialAction":[{"@type":"SearchAction","target":{"@type":"EntryPoint","urlTemplate":"https:\/\/proventuss.eu\/?s={search_term_string}"},"query-input":"required name=search_term_string"}],"inLanguage":"ro-RO"}]}},"_links":{"self":[{"href":"https:\/\/proventuss.eu\/ro\/wp-json\/wp\/v2\/product\/10244"}],"collection":[{"href":"https:\/\/proventuss.eu\/ro\/wp-json\/wp\/v2\/product"}],"about":[{"href":"https:\/\/proventuss.eu\/ro\/wp-json\/wp\/v2\/types\/product"}],"replies":[{"embeddable":true,"href":"https:\/\/proventuss.eu\/ro\/wp-json\/wp\/v2\/comments?post=10244"}],"wp:featuredmedia":[{"embeddable":true,"href":"https:\/\/proventuss.eu\/ro\/wp-json\/wp\/v2\/media\/9575"}],"wp:attachment":[{"href":"https:\/\/proventuss.eu\/ro\/wp-json\/wp\/v2\/media?parent=10244"}],"wp:term":[{"taxonomy":"product_cat","embeddable":true,"href":"https:\/\/proventuss.eu\/ro\/wp-json\/wp\/v2\/product_cat?post=10244"},{"taxonomy":"product_tag","embeddable":true,"href":"https:\/\/proventuss.eu\/ro\/wp-json\/wp\/v2\/product_tag?post=10244"}],"curies":[{"name":"wp","href":"https:\/\/api.w.org\/{rel}","templated":true}]}}