{"id":10243,"date":"2022-04-26T09:14:22","date_gmt":"2022-04-26T09:14:22","guid":{"rendered":"https:\/\/proventuss.eu\/produkt\/vi-pro-epdm-contact-adhesive-904\/"},"modified":"2024-09-04T07:05:04","modified_gmt":"2024-09-04T07:05:04","slug":"vi-pro-epdm-contact-adhesive-904","status":"publish","type":"product","link":"https:\/\/proventuss.eu\/ro\/produs\/vi-pro-epdm-contact-adhesive-904\/","title":{"rendered":"Vi-Pro\u00ae EPDM CONTACT ADHESIVE 904"},"content":{"rendered":"<p>Conectarea eficient\u0103 \u015fi rapid\u0103 a membranei EPDM la stratul suport este asigurat\u0103 de adezivul de contact EPDM Vi-Pro\u00ae Contact Adhesive 904. Este un adeziv monocomponent de \u020bnalt\u0103 calitate, care are la baz\u0103 cauciuc \u015fi r\u0103\u015fin\u0103<br \/>\nsintetic\u0103, creat pentru aplicare pe ambele suprafe\u021be aderente (banda EPDM \u015fi substrat). Datorit\u0103 excelentei adeziuni poate fi folosit \u015fi pe materiale ca: bitum, aluminiu, butil, lemn, o\u021bel beton \u015fi beton u\u015for.<\/p>\n<p><strong>Beneficii:<\/strong><br \/>\n&#8211; Lipe\u015fte la prima atingere<br \/>\n&#8211; U\u015for de aplicat cu pensula sau rola<br \/>\n&#8211; Poate fi folosit \u015fi ca primer<\/p>\n","protected":false},"excerpt":{"rendered":"<p>Conectarea eficient\u0103 \u015fi rapid\u0103 a membranei EPDM la stratul suport este asigurat\u0103 de adezivul de contact EPDM Vi-Pro\u00ae Contact Adhesive 904. Este un adeziv monocomponent de \u020bnalt\u0103 calitate, care are la baz\u0103 cauciuc \u015fi r\u0103\u015fin\u0103 sintetic\u0103, creat pentru aplicare pe ambele suprafe\u021be aderente (banda EPDM \u015fi substrat). Datorit\u0103 excelentei adeziuni poate fi folosit \u015fi pe [&hellip;]<\/p>\n","protected":false},"featured_media":9670,"comment_status":"open","ping_status":"closed","template":"","meta":{"_acf_changed":false},"product_cat":[419],"product_tag":[],"acf":[],"yoast_head":"<!-- This site is optimized with the Yoast SEO plugin v22.9 - https:\/\/yoast.com\/wordpress\/plugins\/seo\/ -->\n<title>Vi-Pro\u00ae EPDM CONTACT ADHESIVE 904 - Proventuss<\/title>\n<meta name=\"robots\" content=\"index, follow, max-snippet:-1, max-image-preview:large, max-video-preview:-1\" \/>\n<link rel=\"canonical\" href=\"https:\/\/proventuss.eu\/ro\/produkt\/vi-pro-epdm-contact-adhesive-904\/\" \/>\n<meta property=\"og:locale\" content=\"ro_RO\" \/>\n<meta property=\"og:type\" content=\"article\" \/>\n<meta property=\"og:title\" content=\"Vi-Pro\u00ae EPDM CONTACT ADHESIVE 904 - Proventuss\" \/>\n<meta property=\"og:description\" content=\"Conectarea eficient\u0103 \u015fi rapid\u0103 a membranei EPDM la stratul suport este asigurat\u0103 de adezivul de contact EPDM Vi-Pro\u00ae Contact Adhesive 904. Este un adeziv monocomponent de \u020bnalt\u0103 calitate, care are la baz\u0103 cauciuc \u015fi r\u0103\u015fin\u0103 sintetic\u0103, creat pentru aplicare pe ambele suprafe\u021be aderente (banda EPDM \u015fi substrat). Datorit\u0103 excelentei adeziuni poate fi folosit \u015fi pe [&hellip;]\" \/>\n<meta property=\"og:url\" content=\"https:\/\/proventuss.eu\/ro\/produkt\/vi-pro-epdm-contact-adhesive-904\/\" \/>\n<meta property=\"og:site_name\" content=\"Proventuss\" \/>\n<meta property=\"article:modified_time\" content=\"2024-09-04T07:05:04+00:00\" \/>\n<meta property=\"og:image\" content=\"https:\/\/proventuss.eu\/wp-content\/uploads\/2022\/04\/Vi-Pro-EPDM-Contact-Adhesive-904.png\" \/>\n\t<meta property=\"og:image:width\" content=\"640\" \/>\n\t<meta property=\"og:image:height\" content=\"640\" \/>\n\t<meta property=\"og:image:type\" content=\"image\/png\" \/>\n<meta name=\"twitter:card\" content=\"summary_large_image\" \/>\n<meta name=\"twitter:label1\" content=\"Timp estimat pentru citire\" \/>\n\t<meta name=\"twitter:data1\" content=\"1 minut\" \/>\n<script type=\"application\/ld+json\" class=\"yoast-schema-graph\">{\"@context\":\"https:\/\/schema.org\",\"@graph\":[{\"@type\":\"WebPage\",\"@id\":\"https:\/\/proventuss.eu\/ro\/produkt\/vi-pro-epdm-contact-adhesive-904\/\",\"url\":\"https:\/\/proventuss.eu\/ro\/produkt\/vi-pro-epdm-contact-adhesive-904\/\",\"name\":\"Vi-Pro\u00ae EPDM CONTACT ADHESIVE 904 - Proventuss\",\"isPartOf\":{\"@id\":\"https:\/\/proventuss.eu\/#website\"},\"primaryImageOfPage\":{\"@id\":\"https:\/\/proventuss.eu\/ro\/produkt\/vi-pro-epdm-contact-adhesive-904\/#primaryimage\"},\"image\":{\"@id\":\"https:\/\/proventuss.eu\/ro\/produkt\/vi-pro-epdm-contact-adhesive-904\/#primaryimage\"},\"thumbnailUrl\":\"https:\/\/proventuss.eu\/wp-content\/uploads\/2022\/04\/Vi-Pro-EPDM-Contact-Adhesive-904.png\",\"datePublished\":\"2022-04-26T09:14:22+00:00\",\"dateModified\":\"2024-09-04T07:05:04+00:00\",\"breadcrumb\":{\"@id\":\"https:\/\/proventuss.eu\/ro\/produkt\/vi-pro-epdm-contact-adhesive-904\/#breadcrumb\"},\"inLanguage\":\"ro-RO\",\"potentialAction\":[{\"@type\":\"ReadAction\",\"target\":[\"https:\/\/proventuss.eu\/ro\/produkt\/vi-pro-epdm-contact-adhesive-904\/\"]}]},{\"@type\":\"ImageObject\",\"inLanguage\":\"ro-RO\",\"@id\":\"https:\/\/proventuss.eu\/ro\/produkt\/vi-pro-epdm-contact-adhesive-904\/#primaryimage\",\"url\":\"https:\/\/proventuss.eu\/wp-content\/uploads\/2022\/04\/Vi-Pro-EPDM-Contact-Adhesive-904.png\",\"contentUrl\":\"https:\/\/proventuss.eu\/wp-content\/uploads\/2022\/04\/Vi-Pro-EPDM-Contact-Adhesive-904.png\",\"width\":640,\"height\":640,\"caption\":\"Na zdj\u0119ciu jednosk\u0142adnikowy klej kontaktowy na bazie syntetycznego kauczuku i syntetycznych \u017cywic, przeznaczony do aplikacji na obie klejone powierzchnie.\"},{\"@type\":\"BreadcrumbList\",\"@id\":\"https:\/\/proventuss.eu\/ro\/produkt\/vi-pro-epdm-contact-adhesive-904\/#breadcrumb\",\"itemListElement\":[{\"@type\":\"ListItem\",\"position\":1,\"name\":\"Home\",\"item\":\"https:\/\/proventuss.eu\/ro\/\"},{\"@type\":\"ListItem\",\"position\":2,\"name\":\"Produse\",\"item\":\"https:\/\/proventuss.eu\/produse\/\"},{\"@type\":\"ListItem\",\"position\":3,\"name\":\"Vi-Pro\u00ae EPDM CONTACT ADHESIVE 904\"}]},{\"@type\":\"WebSite\",\"@id\":\"https:\/\/proventuss.eu\/#website\",\"url\":\"https:\/\/proventuss.eu\/\",\"name\":\"Proventuss\",\"description\":\"\",\"potentialAction\":[{\"@type\":\"SearchAction\",\"target\":{\"@type\":\"EntryPoint\",\"urlTemplate\":\"https:\/\/proventuss.eu\/?s={search_term_string}\"},\"query-input\":\"required name=search_term_string\"}],\"inLanguage\":\"ro-RO\"}]}<\/script>\n<!-- \/ Yoast SEO plugin. -->","yoast_head_json":{"title":"Vi-Pro\u00ae EPDM CONTACT ADHESIVE 904 - Proventuss","robots":{"index":"index","follow":"follow","max-snippet":"max-snippet:-1","max-image-preview":"max-image-preview:large","max-video-preview":"max-video-preview:-1"},"canonical":"https:\/\/proventuss.eu\/ro\/produkt\/vi-pro-epdm-contact-adhesive-904\/","og_locale":"ro_RO","og_type":"article","og_title":"Vi-Pro\u00ae EPDM CONTACT ADHESIVE 904 - Proventuss","og_description":"Conectarea eficient\u0103 \u015fi rapid\u0103 a membranei EPDM la stratul suport este asigurat\u0103 de adezivul de contact EPDM Vi-Pro\u00ae Contact Adhesive 904. Este un adeziv monocomponent de \u020bnalt\u0103 calitate, care are la baz\u0103 cauciuc \u015fi r\u0103\u015fin\u0103 sintetic\u0103, creat pentru aplicare pe ambele suprafe\u021be aderente (banda EPDM \u015fi substrat). Datorit\u0103 excelentei adeziuni poate fi folosit \u015fi pe [&hellip;]","og_url":"https:\/\/proventuss.eu\/ro\/produkt\/vi-pro-epdm-contact-adhesive-904\/","og_site_name":"Proventuss","article_modified_time":"2024-09-04T07:05:04+00:00","og_image":[{"width":640,"height":640,"url":"https:\/\/proventuss.eu\/wp-content\/uploads\/2022\/04\/Vi-Pro-EPDM-Contact-Adhesive-904.png","type":"image\/png"}],"twitter_card":"summary_large_image","twitter_misc":{"Timp estimat pentru citire":"1 minut"},"schema":{"@context":"https:\/\/schema.org","@graph":[{"@type":"WebPage","@id":"https:\/\/proventuss.eu\/ro\/produkt\/vi-pro-epdm-contact-adhesive-904\/","url":"https:\/\/proventuss.eu\/ro\/produkt\/vi-pro-epdm-contact-adhesive-904\/","name":"Vi-Pro\u00ae EPDM CONTACT ADHESIVE 904 - Proventuss","isPartOf":{"@id":"https:\/\/proventuss.eu\/#website"},"primaryImageOfPage":{"@id":"https:\/\/proventuss.eu\/ro\/produkt\/vi-pro-epdm-contact-adhesive-904\/#primaryimage"},"image":{"@id":"https:\/\/proventuss.eu\/ro\/produkt\/vi-pro-epdm-contact-adhesive-904\/#primaryimage"},"thumbnailUrl":"https:\/\/proventuss.eu\/wp-content\/uploads\/2022\/04\/Vi-Pro-EPDM-Contact-Adhesive-904.png","datePublished":"2022-04-26T09:14:22+00:00","dateModified":"2024-09-04T07:05:04+00:00","breadcrumb":{"@id":"https:\/\/proventuss.eu\/ro\/produkt\/vi-pro-epdm-contact-adhesive-904\/#breadcrumb"},"inLanguage":"ro-RO","potentialAction":[{"@type":"ReadAction","target":["https:\/\/proventuss.eu\/ro\/produkt\/vi-pro-epdm-contact-adhesive-904\/"]}]},{"@type":"ImageObject","inLanguage":"ro-RO","@id":"https:\/\/proventuss.eu\/ro\/produkt\/vi-pro-epdm-contact-adhesive-904\/#primaryimage","url":"https:\/\/proventuss.eu\/wp-content\/uploads\/2022\/04\/Vi-Pro-EPDM-Contact-Adhesive-904.png","contentUrl":"https:\/\/proventuss.eu\/wp-content\/uploads\/2022\/04\/Vi-Pro-EPDM-Contact-Adhesive-904.png","width":640,"height":640,"caption":"Na zdj\u0119ciu jednosk\u0142adnikowy klej kontaktowy na bazie syntetycznego kauczuku i syntetycznych \u017cywic, przeznaczony do aplikacji na obie klejone powierzchnie."},{"@type":"BreadcrumbList","@id":"https:\/\/proventuss.eu\/ro\/produkt\/vi-pro-epdm-contact-adhesive-904\/#breadcrumb","itemListElement":[{"@type":"ListItem","position":1,"name":"Home","item":"https:\/\/proventuss.eu\/ro\/"},{"@type":"ListItem","position":2,"name":"Produse","item":"https:\/\/proventuss.eu\/produse\/"},{"@type":"ListItem","position":3,"name":"Vi-Pro\u00ae EPDM CONTACT ADHESIVE 904"}]},{"@type":"WebSite","@id":"https:\/\/proventuss.eu\/#website","url":"https:\/\/proventuss.eu\/","name":"Proventuss","description":"","potentialAction":[{"@type":"SearchAction","target":{"@type":"EntryPoint","urlTemplate":"https:\/\/proventuss.eu\/?s={search_term_string}"},"query-input":"required name=search_term_string"}],"inLanguage":"ro-RO"}]}},"_links":{"self":[{"href":"https:\/\/proventuss.eu\/ro\/wp-json\/wp\/v2\/product\/10243"}],"collection":[{"href":"https:\/\/proventuss.eu\/ro\/wp-json\/wp\/v2\/product"}],"about":[{"href":"https:\/\/proventuss.eu\/ro\/wp-json\/wp\/v2\/types\/product"}],"replies":[{"embeddable":true,"href":"https:\/\/proventuss.eu\/ro\/wp-json\/wp\/v2\/comments?post=10243"}],"wp:featuredmedia":[{"embeddable":true,"href":"https:\/\/proventuss.eu\/ro\/wp-json\/wp\/v2\/media\/9670"}],"wp:attachment":[{"href":"https:\/\/proventuss.eu\/ro\/wp-json\/wp\/v2\/media?parent=10243"}],"wp:term":[{"taxonomy":"product_cat","embeddable":true,"href":"https:\/\/proventuss.eu\/ro\/wp-json\/wp\/v2\/product_cat?post=10243"},{"taxonomy":"product_tag","embeddable":true,"href":"https:\/\/proventuss.eu\/ro\/wp-json\/wp\/v2\/product_tag?post=10243"}],"curies":[{"name":"wp","href":"https:\/\/api.w.org\/{rel}","templated":true}]}}