{"id":10241,"date":"2022-04-26T09:06:32","date_gmt":"2022-04-26T09:06:32","guid":{"rendered":"https:\/\/proventuss.eu\/produkt\/vi-pro-epdm-membrane-butyl-strips\/"},"modified":"2023-02-10T11:15:35","modified_gmt":"2023-02-10T11:15:35","slug":"vi-pro-epdm-membrane-butyl-strips","status":"publish","type":"product","link":"https:\/\/proventuss.eu\/ro\/produs\/vi-pro-epdm-membrane-butyl-strips\/","title":{"rendered":"Vi-Pro\u00ae EPDM MEMBRANE BUTYL STRIPS"},"content":{"rendered":"<p>Vi-Pro\u00ae EPDM MEMBRANE BUTYL STRIPS \u2013 band\u0103 din membran\u0103 EPDM cu band\u0103 butilic\u0103 preaplicat\u0103<\/p>\n<p>Band\u0103 din membran\u0103 EPDM realizat\u0103 pe baz\u0103 de cauciuc sintetic cu un coeficient sc\u0103zut la difuzia vaporilor de ap\u0103, par\u021bial acoperit cu band\u0103 adeziv\u0103 de butil.<br \/>\nProdusul este disponibil \u020bn culoarea neagr\u0103 \u015fi are ambele suprafe\u021be texturate pentru adeziune maxim\u0103.<\/p>\n","protected":false},"excerpt":{"rendered":"<p>Vi-Pro\u00ae EPDM MEMBRANE BUTYL STRIPS \u2013 band\u0103 din membran\u0103 EPDM cu band\u0103 butilic\u0103 preaplicat\u0103 Band\u0103 din membran\u0103 EPDM realizat\u0103 pe baz\u0103 de cauciuc sintetic cu un coeficient sc\u0103zut la difuzia vaporilor de ap\u0103, par\u021bial acoperit cu band\u0103 adeziv\u0103 de butil. Produsul este disponibil \u020bn culoarea neagr\u0103 \u015fi are ambele suprafe\u021be texturate pentru adeziune maxim\u0103.<\/p>\n","protected":false},"featured_media":9572,"comment_status":"open","ping_status":"closed","template":"","meta":{"_acf_changed":false},"product_cat":[419],"product_tag":[],"acf":[],"yoast_head":"<!-- This site is optimized with the Yoast SEO plugin v22.9 - https:\/\/yoast.com\/wordpress\/plugins\/seo\/ -->\n<title>Vi-Pro\u00ae EPDM MEMBRANE BUTYL STRIPS - Proventuss<\/title>\n<meta name=\"robots\" content=\"index, follow, max-snippet:-1, max-image-preview:large, max-video-preview:-1\" \/>\n<link rel=\"canonical\" href=\"https:\/\/proventuss.eu\/ro\/produkt\/vi-pro-epdm-membrane-butyl-strips\/\" \/>\n<meta property=\"og:locale\" content=\"ro_RO\" \/>\n<meta property=\"og:type\" content=\"article\" \/>\n<meta property=\"og:title\" content=\"Vi-Pro\u00ae EPDM MEMBRANE BUTYL STRIPS - Proventuss\" \/>\n<meta property=\"og:description\" content=\"Vi-Pro\u00ae EPDM MEMBRANE BUTYL STRIPS \u2013 band\u0103 din membran\u0103 EPDM cu band\u0103 butilic\u0103 preaplicat\u0103 Band\u0103 din membran\u0103 EPDM realizat\u0103 pe baz\u0103 de cauciuc sintetic cu un coeficient sc\u0103zut la difuzia vaporilor de ap\u0103, par\u021bial acoperit cu band\u0103 adeziv\u0103 de butil. Produsul este disponibil \u020bn culoarea neagr\u0103 \u015fi are ambele suprafe\u021be texturate pentru adeziune maxim\u0103.\" \/>\n<meta property=\"og:url\" content=\"https:\/\/proventuss.eu\/ro\/produkt\/vi-pro-epdm-membrane-butyl-strips\/\" \/>\n<meta property=\"og:site_name\" content=\"Proventuss\" \/>\n<meta property=\"article:modified_time\" content=\"2023-02-10T11:15:35+00:00\" \/>\n<meta property=\"og:image\" content=\"https:\/\/proventuss.eu\/wp-content\/uploads\/2022\/04\/Vi-Pro-EPDM-Membrane.png\" \/>\n\t<meta property=\"og:image:width\" content=\"640\" \/>\n\t<meta property=\"og:image:height\" content=\"640\" \/>\n\t<meta property=\"og:image:type\" content=\"image\/png\" \/>\n<meta name=\"twitter:card\" content=\"summary_large_image\" \/>\n<meta name=\"twitter:label1\" content=\"Timp estimat pentru citire\" \/>\n\t<meta name=\"twitter:data1\" content=\"1 minut\" \/>\n<script type=\"application\/ld+json\" class=\"yoast-schema-graph\">{\"@context\":\"https:\/\/schema.org\",\"@graph\":[{\"@type\":\"WebPage\",\"@id\":\"https:\/\/proventuss.eu\/ro\/produkt\/vi-pro-epdm-membrane-butyl-strips\/\",\"url\":\"https:\/\/proventuss.eu\/ro\/produkt\/vi-pro-epdm-membrane-butyl-strips\/\",\"name\":\"Vi-Pro\u00ae EPDM MEMBRANE BUTYL STRIPS - Proventuss\",\"isPartOf\":{\"@id\":\"https:\/\/proventuss.eu\/#website\"},\"primaryImageOfPage\":{\"@id\":\"https:\/\/proventuss.eu\/ro\/produkt\/vi-pro-epdm-membrane-butyl-strips\/#primaryimage\"},\"image\":{\"@id\":\"https:\/\/proventuss.eu\/ro\/produkt\/vi-pro-epdm-membrane-butyl-strips\/#primaryimage\"},\"thumbnailUrl\":\"https:\/\/proventuss.eu\/wp-content\/uploads\/2022\/04\/Vi-Pro-EPDM-Membrane.png\",\"datePublished\":\"2022-04-26T09:06:32+00:00\",\"dateModified\":\"2023-02-10T11:15:35+00:00\",\"breadcrumb\":{\"@id\":\"https:\/\/proventuss.eu\/ro\/produkt\/vi-pro-epdm-membrane-butyl-strips\/#breadcrumb\"},\"inLanguage\":\"ro-RO\",\"potentialAction\":[{\"@type\":\"ReadAction\",\"target\":[\"https:\/\/proventuss.eu\/ro\/produkt\/vi-pro-epdm-membrane-butyl-strips\/\"]}]},{\"@type\":\"ImageObject\",\"inLanguage\":\"ro-RO\",\"@id\":\"https:\/\/proventuss.eu\/ro\/produkt\/vi-pro-epdm-membrane-butyl-strips\/#primaryimage\",\"url\":\"https:\/\/proventuss.eu\/wp-content\/uploads\/2022\/04\/Vi-Pro-EPDM-Membrane.png\",\"contentUrl\":\"https:\/\/proventuss.eu\/wp-content\/uploads\/2022\/04\/Vi-Pro-EPDM-Membrane.png\",\"width\":640,\"height\":640,\"caption\":\"Na zdj\u0119ciu membrana EPDM z paskiem butylu wykonana na bazie kauczuku syntetycznego o niskim wsp\u00f3\u0142czynniku oporu na dyfuzje pary wodnej. Kolor rolki czarny.\"},{\"@type\":\"BreadcrumbList\",\"@id\":\"https:\/\/proventuss.eu\/ro\/produkt\/vi-pro-epdm-membrane-butyl-strips\/#breadcrumb\",\"itemListElement\":[{\"@type\":\"ListItem\",\"position\":1,\"name\":\"Home\",\"item\":\"https:\/\/proventuss.eu\/ro\/\"},{\"@type\":\"ListItem\",\"position\":2,\"name\":\"Produse\",\"item\":\"https:\/\/proventuss.eu\/produse\/\"},{\"@type\":\"ListItem\",\"position\":3,\"name\":\"Vi-Pro\u00ae EPDM MEMBRANE BUTYL STRIPS\"}]},{\"@type\":\"WebSite\",\"@id\":\"https:\/\/proventuss.eu\/#website\",\"url\":\"https:\/\/proventuss.eu\/\",\"name\":\"Proventuss\",\"description\":\"\",\"potentialAction\":[{\"@type\":\"SearchAction\",\"target\":{\"@type\":\"EntryPoint\",\"urlTemplate\":\"https:\/\/proventuss.eu\/?s={search_term_string}\"},\"query-input\":\"required name=search_term_string\"}],\"inLanguage\":\"ro-RO\"}]}<\/script>\n<!-- \/ Yoast SEO plugin. -->","yoast_head_json":{"title":"Vi-Pro\u00ae EPDM MEMBRANE BUTYL STRIPS - Proventuss","robots":{"index":"index","follow":"follow","max-snippet":"max-snippet:-1","max-image-preview":"max-image-preview:large","max-video-preview":"max-video-preview:-1"},"canonical":"https:\/\/proventuss.eu\/ro\/produkt\/vi-pro-epdm-membrane-butyl-strips\/","og_locale":"ro_RO","og_type":"article","og_title":"Vi-Pro\u00ae EPDM MEMBRANE BUTYL STRIPS - Proventuss","og_description":"Vi-Pro\u00ae EPDM MEMBRANE BUTYL STRIPS \u2013 band\u0103 din membran\u0103 EPDM cu band\u0103 butilic\u0103 preaplicat\u0103 Band\u0103 din membran\u0103 EPDM realizat\u0103 pe baz\u0103 de cauciuc sintetic cu un coeficient sc\u0103zut la difuzia vaporilor de ap\u0103, par\u021bial acoperit cu band\u0103 adeziv\u0103 de butil. Produsul este disponibil \u020bn culoarea neagr\u0103 \u015fi are ambele suprafe\u021be texturate pentru adeziune maxim\u0103.","og_url":"https:\/\/proventuss.eu\/ro\/produkt\/vi-pro-epdm-membrane-butyl-strips\/","og_site_name":"Proventuss","article_modified_time":"2023-02-10T11:15:35+00:00","og_image":[{"width":640,"height":640,"url":"https:\/\/proventuss.eu\/wp-content\/uploads\/2022\/04\/Vi-Pro-EPDM-Membrane.png","type":"image\/png"}],"twitter_card":"summary_large_image","twitter_misc":{"Timp estimat pentru citire":"1 minut"},"schema":{"@context":"https:\/\/schema.org","@graph":[{"@type":"WebPage","@id":"https:\/\/proventuss.eu\/ro\/produkt\/vi-pro-epdm-membrane-butyl-strips\/","url":"https:\/\/proventuss.eu\/ro\/produkt\/vi-pro-epdm-membrane-butyl-strips\/","name":"Vi-Pro\u00ae EPDM MEMBRANE BUTYL STRIPS - Proventuss","isPartOf":{"@id":"https:\/\/proventuss.eu\/#website"},"primaryImageOfPage":{"@id":"https:\/\/proventuss.eu\/ro\/produkt\/vi-pro-epdm-membrane-butyl-strips\/#primaryimage"},"image":{"@id":"https:\/\/proventuss.eu\/ro\/produkt\/vi-pro-epdm-membrane-butyl-strips\/#primaryimage"},"thumbnailUrl":"https:\/\/proventuss.eu\/wp-content\/uploads\/2022\/04\/Vi-Pro-EPDM-Membrane.png","datePublished":"2022-04-26T09:06:32+00:00","dateModified":"2023-02-10T11:15:35+00:00","breadcrumb":{"@id":"https:\/\/proventuss.eu\/ro\/produkt\/vi-pro-epdm-membrane-butyl-strips\/#breadcrumb"},"inLanguage":"ro-RO","potentialAction":[{"@type":"ReadAction","target":["https:\/\/proventuss.eu\/ro\/produkt\/vi-pro-epdm-membrane-butyl-strips\/"]}]},{"@type":"ImageObject","inLanguage":"ro-RO","@id":"https:\/\/proventuss.eu\/ro\/produkt\/vi-pro-epdm-membrane-butyl-strips\/#primaryimage","url":"https:\/\/proventuss.eu\/wp-content\/uploads\/2022\/04\/Vi-Pro-EPDM-Membrane.png","contentUrl":"https:\/\/proventuss.eu\/wp-content\/uploads\/2022\/04\/Vi-Pro-EPDM-Membrane.png","width":640,"height":640,"caption":"Na zdj\u0119ciu membrana EPDM z paskiem butylu wykonana na bazie kauczuku syntetycznego o niskim wsp\u00f3\u0142czynniku oporu na dyfuzje pary wodnej. Kolor rolki czarny."},{"@type":"BreadcrumbList","@id":"https:\/\/proventuss.eu\/ro\/produkt\/vi-pro-epdm-membrane-butyl-strips\/#breadcrumb","itemListElement":[{"@type":"ListItem","position":1,"name":"Home","item":"https:\/\/proventuss.eu\/ro\/"},{"@type":"ListItem","position":2,"name":"Produse","item":"https:\/\/proventuss.eu\/produse\/"},{"@type":"ListItem","position":3,"name":"Vi-Pro\u00ae EPDM MEMBRANE BUTYL STRIPS"}]},{"@type":"WebSite","@id":"https:\/\/proventuss.eu\/#website","url":"https:\/\/proventuss.eu\/","name":"Proventuss","description":"","potentialAction":[{"@type":"SearchAction","target":{"@type":"EntryPoint","urlTemplate":"https:\/\/proventuss.eu\/?s={search_term_string}"},"query-input":"required name=search_term_string"}],"inLanguage":"ro-RO"}]}},"_links":{"self":[{"href":"https:\/\/proventuss.eu\/ro\/wp-json\/wp\/v2\/product\/10241"}],"collection":[{"href":"https:\/\/proventuss.eu\/ro\/wp-json\/wp\/v2\/product"}],"about":[{"href":"https:\/\/proventuss.eu\/ro\/wp-json\/wp\/v2\/types\/product"}],"replies":[{"embeddable":true,"href":"https:\/\/proventuss.eu\/ro\/wp-json\/wp\/v2\/comments?post=10241"}],"wp:featuredmedia":[{"embeddable":true,"href":"https:\/\/proventuss.eu\/ro\/wp-json\/wp\/v2\/media\/9572"}],"wp:attachment":[{"href":"https:\/\/proventuss.eu\/ro\/wp-json\/wp\/v2\/media?parent=10241"}],"wp:term":[{"taxonomy":"product_cat","embeddable":true,"href":"https:\/\/proventuss.eu\/ro\/wp-json\/wp\/v2\/product_cat?post=10241"},{"taxonomy":"product_tag","embeddable":true,"href":"https:\/\/proventuss.eu\/ro\/wp-json\/wp\/v2\/product_tag?post=10241"}],"curies":[{"name":"wp","href":"https:\/\/api.w.org\/{rel}","templated":true}]}}