{"id":10240,"date":"2022-04-26T09:04:37","date_gmt":"2022-04-26T09:04:37","guid":{"rendered":"https:\/\/proventuss.eu\/produkt\/vi-pro-epdm-membrane-click\/"},"modified":"2023-02-10T11:14:55","modified_gmt":"2023-02-10T11:14:55","slug":"vi-pro-epdm-membrane-click","status":"publish","type":"product","link":"https:\/\/proventuss.eu\/ro\/produs\/vi-pro-epdm-membrane-click\/","title":{"rendered":"Vi-Pro\u00ae EPDM Membrane Click"},"content":{"rendered":"<p>Membran\u0103 EPDM pentru exterior cu garnitur\u0103 vulcanizat\u0103 pentru instalarea la sisteme de fa\u021bade, ferestre sau u\u015fi. Vi-Pro\u00ae EPDM MEMBRANE CLICK se monteaz\u0103 pe profilele de aluminiu sau PVC cu garnitur\u0103 adecvat\u0103.<br \/>\nMembrana are l\u0103\u021bime \u020bntre 100 mm \u015fi 1000mm, ambalat\u0103 \u020bn role de 25 m.<\/p>\n","protected":false},"excerpt":{"rendered":"<p>Membran\u0103 EPDM pentru exterior cu garnitur\u0103 vulcanizat\u0103 pentru instalarea la sisteme de fa\u021bade, ferestre sau u\u015fi. Vi-Pro\u00ae EPDM MEMBRANE CLICK se monteaz\u0103 pe profilele de aluminiu sau PVC cu garnitur\u0103 adecvat\u0103. Membrana are l\u0103\u021bime \u020bntre 100 mm \u015fi 1000mm, ambalat\u0103 \u020bn role de 25 m.<\/p>\n","protected":false},"featured_media":9571,"comment_status":"open","ping_status":"closed","template":"","meta":{"_acf_changed":false},"product_cat":[419],"product_tag":[],"acf":[],"yoast_head":"<!-- This site is optimized with the Yoast SEO plugin v22.9 - https:\/\/yoast.com\/wordpress\/plugins\/seo\/ -->\n<title>Vi-Pro\u00ae EPDM Membrane Click - Proventuss<\/title>\n<meta name=\"robots\" content=\"index, follow, max-snippet:-1, max-image-preview:large, max-video-preview:-1\" \/>\n<link rel=\"canonical\" href=\"https:\/\/proventuss.eu\/ro\/produkt\/vi-pro-epdm-membrane-click\/\" \/>\n<meta property=\"og:locale\" content=\"ro_RO\" \/>\n<meta property=\"og:type\" content=\"article\" \/>\n<meta property=\"og:title\" content=\"Vi-Pro\u00ae EPDM Membrane Click - Proventuss\" \/>\n<meta property=\"og:description\" content=\"Membran\u0103 EPDM pentru exterior cu garnitur\u0103 vulcanizat\u0103 pentru instalarea la sisteme de fa\u021bade, ferestre sau u\u015fi. Vi-Pro\u00ae EPDM MEMBRANE CLICK se monteaz\u0103 pe profilele de aluminiu sau PVC cu garnitur\u0103 adecvat\u0103. Membrana are l\u0103\u021bime \u020bntre 100 mm \u015fi 1000mm, ambalat\u0103 \u020bn role de 25 m.\" \/>\n<meta property=\"og:url\" content=\"https:\/\/proventuss.eu\/ro\/produkt\/vi-pro-epdm-membrane-click\/\" \/>\n<meta property=\"og:site_name\" content=\"Proventuss\" \/>\n<meta property=\"article:modified_time\" content=\"2023-02-10T11:14:55+00:00\" \/>\n<meta property=\"og:image\" content=\"https:\/\/proventuss.eu\/wp-content\/uploads\/2022\/04\/EPDM-rozne-rodzaje-montazu2.jpg\" \/>\n\t<meta property=\"og:image:width\" content=\"1136\" \/>\n\t<meta property=\"og:image:height\" content=\"275\" \/>\n\t<meta property=\"og:image:type\" content=\"image\/jpeg\" \/>\n<meta name=\"twitter:card\" content=\"summary_large_image\" \/>\n<meta name=\"twitter:label1\" content=\"Timp estimat pentru citire\" \/>\n\t<meta name=\"twitter:data1\" content=\"1 minut\" \/>\n<script type=\"application\/ld+json\" class=\"yoast-schema-graph\">{\"@context\":\"https:\/\/schema.org\",\"@graph\":[{\"@type\":\"WebPage\",\"@id\":\"https:\/\/proventuss.eu\/ro\/produkt\/vi-pro-epdm-membrane-click\/\",\"url\":\"https:\/\/proventuss.eu\/ro\/produkt\/vi-pro-epdm-membrane-click\/\",\"name\":\"Vi-Pro\u00ae EPDM Membrane Click - Proventuss\",\"isPartOf\":{\"@id\":\"https:\/\/proventuss.eu\/#website\"},\"primaryImageOfPage\":{\"@id\":\"https:\/\/proventuss.eu\/ro\/produkt\/vi-pro-epdm-membrane-click\/#primaryimage\"},\"image\":{\"@id\":\"https:\/\/proventuss.eu\/ro\/produkt\/vi-pro-epdm-membrane-click\/#primaryimage\"},\"thumbnailUrl\":\"https:\/\/proventuss.eu\/wp-content\/uploads\/2022\/04\/EPDM-rozne-rodzaje-montazu2.jpg\",\"datePublished\":\"2022-04-26T09:04:37+00:00\",\"dateModified\":\"2023-02-10T11:14:55+00:00\",\"breadcrumb\":{\"@id\":\"https:\/\/proventuss.eu\/ro\/produkt\/vi-pro-epdm-membrane-click\/#breadcrumb\"},\"inLanguage\":\"ro-RO\",\"potentialAction\":[{\"@type\":\"ReadAction\",\"target\":[\"https:\/\/proventuss.eu\/ro\/produkt\/vi-pro-epdm-membrane-click\/\"]}]},{\"@type\":\"ImageObject\",\"inLanguage\":\"ro-RO\",\"@id\":\"https:\/\/proventuss.eu\/ro\/produkt\/vi-pro-epdm-membrane-click\/#primaryimage\",\"url\":\"https:\/\/proventuss.eu\/wp-content\/uploads\/2022\/04\/EPDM-rozne-rodzaje-montazu2.jpg\",\"contentUrl\":\"https:\/\/proventuss.eu\/wp-content\/uploads\/2022\/04\/EPDM-rozne-rodzaje-montazu2.jpg\",\"width\":1136,\"height\":275,\"caption\":\"Na zdj\u0119ciu membrana zewn\u0119trzna z uszczelk\u0105 systemow\u0105 do monta\u017cu w systemach fasadowych montowana za pomoc\u0105 odpowiedniego rodzaju klipsa systemowego.\"},{\"@type\":\"BreadcrumbList\",\"@id\":\"https:\/\/proventuss.eu\/ro\/produkt\/vi-pro-epdm-membrane-click\/#breadcrumb\",\"itemListElement\":[{\"@type\":\"ListItem\",\"position\":1,\"name\":\"Home\",\"item\":\"https:\/\/proventuss.eu\/ro\/\"},{\"@type\":\"ListItem\",\"position\":2,\"name\":\"Produse\",\"item\":\"https:\/\/proventuss.eu\/produse\/\"},{\"@type\":\"ListItem\",\"position\":3,\"name\":\"Vi-Pro\u00ae EPDM Membrane Click\"}]},{\"@type\":\"WebSite\",\"@id\":\"https:\/\/proventuss.eu\/#website\",\"url\":\"https:\/\/proventuss.eu\/\",\"name\":\"Proventuss\",\"description\":\"\",\"potentialAction\":[{\"@type\":\"SearchAction\",\"target\":{\"@type\":\"EntryPoint\",\"urlTemplate\":\"https:\/\/proventuss.eu\/?s={search_term_string}\"},\"query-input\":\"required name=search_term_string\"}],\"inLanguage\":\"ro-RO\"}]}<\/script>\n<!-- \/ Yoast SEO plugin. -->","yoast_head_json":{"title":"Vi-Pro\u00ae EPDM Membrane Click - Proventuss","robots":{"index":"index","follow":"follow","max-snippet":"max-snippet:-1","max-image-preview":"max-image-preview:large","max-video-preview":"max-video-preview:-1"},"canonical":"https:\/\/proventuss.eu\/ro\/produkt\/vi-pro-epdm-membrane-click\/","og_locale":"ro_RO","og_type":"article","og_title":"Vi-Pro\u00ae EPDM Membrane Click - Proventuss","og_description":"Membran\u0103 EPDM pentru exterior cu garnitur\u0103 vulcanizat\u0103 pentru instalarea la sisteme de fa\u021bade, ferestre sau u\u015fi. Vi-Pro\u00ae EPDM MEMBRANE CLICK se monteaz\u0103 pe profilele de aluminiu sau PVC cu garnitur\u0103 adecvat\u0103. Membrana are l\u0103\u021bime \u020bntre 100 mm \u015fi 1000mm, ambalat\u0103 \u020bn role de 25 m.","og_url":"https:\/\/proventuss.eu\/ro\/produkt\/vi-pro-epdm-membrane-click\/","og_site_name":"Proventuss","article_modified_time":"2023-02-10T11:14:55+00:00","og_image":[{"width":1136,"height":275,"url":"https:\/\/proventuss.eu\/wp-content\/uploads\/2022\/04\/EPDM-rozne-rodzaje-montazu2.jpg","type":"image\/jpeg"}],"twitter_card":"summary_large_image","twitter_misc":{"Timp estimat pentru citire":"1 minut"},"schema":{"@context":"https:\/\/schema.org","@graph":[{"@type":"WebPage","@id":"https:\/\/proventuss.eu\/ro\/produkt\/vi-pro-epdm-membrane-click\/","url":"https:\/\/proventuss.eu\/ro\/produkt\/vi-pro-epdm-membrane-click\/","name":"Vi-Pro\u00ae EPDM Membrane Click - Proventuss","isPartOf":{"@id":"https:\/\/proventuss.eu\/#website"},"primaryImageOfPage":{"@id":"https:\/\/proventuss.eu\/ro\/produkt\/vi-pro-epdm-membrane-click\/#primaryimage"},"image":{"@id":"https:\/\/proventuss.eu\/ro\/produkt\/vi-pro-epdm-membrane-click\/#primaryimage"},"thumbnailUrl":"https:\/\/proventuss.eu\/wp-content\/uploads\/2022\/04\/EPDM-rozne-rodzaje-montazu2.jpg","datePublished":"2022-04-26T09:04:37+00:00","dateModified":"2023-02-10T11:14:55+00:00","breadcrumb":{"@id":"https:\/\/proventuss.eu\/ro\/produkt\/vi-pro-epdm-membrane-click\/#breadcrumb"},"inLanguage":"ro-RO","potentialAction":[{"@type":"ReadAction","target":["https:\/\/proventuss.eu\/ro\/produkt\/vi-pro-epdm-membrane-click\/"]}]},{"@type":"ImageObject","inLanguage":"ro-RO","@id":"https:\/\/proventuss.eu\/ro\/produkt\/vi-pro-epdm-membrane-click\/#primaryimage","url":"https:\/\/proventuss.eu\/wp-content\/uploads\/2022\/04\/EPDM-rozne-rodzaje-montazu2.jpg","contentUrl":"https:\/\/proventuss.eu\/wp-content\/uploads\/2022\/04\/EPDM-rozne-rodzaje-montazu2.jpg","width":1136,"height":275,"caption":"Na zdj\u0119ciu membrana zewn\u0119trzna z uszczelk\u0105 systemow\u0105 do monta\u017cu w systemach fasadowych montowana za pomoc\u0105 odpowiedniego rodzaju klipsa systemowego."},{"@type":"BreadcrumbList","@id":"https:\/\/proventuss.eu\/ro\/produkt\/vi-pro-epdm-membrane-click\/#breadcrumb","itemListElement":[{"@type":"ListItem","position":1,"name":"Home","item":"https:\/\/proventuss.eu\/ro\/"},{"@type":"ListItem","position":2,"name":"Produse","item":"https:\/\/proventuss.eu\/produse\/"},{"@type":"ListItem","position":3,"name":"Vi-Pro\u00ae EPDM Membrane Click"}]},{"@type":"WebSite","@id":"https:\/\/proventuss.eu\/#website","url":"https:\/\/proventuss.eu\/","name":"Proventuss","description":"","potentialAction":[{"@type":"SearchAction","target":{"@type":"EntryPoint","urlTemplate":"https:\/\/proventuss.eu\/?s={search_term_string}"},"query-input":"required name=search_term_string"}],"inLanguage":"ro-RO"}]}},"_links":{"self":[{"href":"https:\/\/proventuss.eu\/ro\/wp-json\/wp\/v2\/product\/10240"}],"collection":[{"href":"https:\/\/proventuss.eu\/ro\/wp-json\/wp\/v2\/product"}],"about":[{"href":"https:\/\/proventuss.eu\/ro\/wp-json\/wp\/v2\/types\/product"}],"replies":[{"embeddable":true,"href":"https:\/\/proventuss.eu\/ro\/wp-json\/wp\/v2\/comments?post=10240"}],"wp:featuredmedia":[{"embeddable":true,"href":"https:\/\/proventuss.eu\/ro\/wp-json\/wp\/v2\/media\/9571"}],"wp:attachment":[{"href":"https:\/\/proventuss.eu\/ro\/wp-json\/wp\/v2\/media?parent=10240"}],"wp:term":[{"taxonomy":"product_cat","embeddable":true,"href":"https:\/\/proventuss.eu\/ro\/wp-json\/wp\/v2\/product_cat?post=10240"},{"taxonomy":"product_tag","embeddable":true,"href":"https:\/\/proventuss.eu\/ro\/wp-json\/wp\/v2\/product_tag?post=10240"}],"curies":[{"name":"wp","href":"https:\/\/api.w.org\/{rel}","templated":true}]}}