{"id":10237,"date":"2022-04-26T08:51:11","date_gmt":"2022-04-26T08:51:11","guid":{"rendered":"https:\/\/proventuss.eu\/produkt\/fabricarea-usilor-si-ferestrelor-vi-pro-wns\/"},"modified":"2023-02-10T11:09:45","modified_gmt":"2023-02-10T11:09:45","slug":"fabricarea-usilor-si-ferestrelor-vi-pro-wns","status":"publish","type":"product","link":"https:\/\/proventuss.eu\/ro\/produs\/fabricarea-usilor-si-ferestrelor-vi-pro-wns\/","title":{"rendered":"Fabricarea u\u015filor \u015fi ferestrelor Vi-Pro\u00ae WNS"},"content":{"rendered":"<p>Sigilant siliconic neutral, monocomponent, av\u00e2nd modul redus, creat special pentru izolarea \u015fi sigilarea rezistent\u0103 la intemperii. Recomandat \u020bn mod special pentru izolarea \u015fi sigilarea perimetral\u0103 a ferestrelor \u015fi u\u015filor din lemn, PVC sau aluminiu.<\/p>\n<p><strong>Beneficii:<\/strong><br \/>\n&#8211; Sistem de int\u0103rire neutru<br \/>\n&#8211; Modulus redus, elasticitate mare<br \/>\n&#8211; Adeziune bun\u0103 f\u0103r\u0103 primer pe majoritatea materialelor<br \/>\n&#8211; Nu corodeaz\u0103 metalele<br \/>\n&#8211; U\u015for de aplicat \u015fi de folosit<br \/>\n&#8211; Miros redus<br \/>\n&#8211; Rezistent la radia\u021bii UV \u015fi condi\u021bii meteo extreme<\/p>\n<p><strong>Ambalare:<\/strong><br \/>\nSalam 600ml, 20 de buc\/bax<\/p>\n","protected":false},"excerpt":{"rendered":"<p>Sigilant siliconic neutral, monocomponent, av\u00e2nd modul redus, creat special pentru izolarea \u015fi sigilarea rezistent\u0103 la intemperii. Recomandat \u020bn mod special pentru izolarea \u015fi sigilarea perimetral\u0103 a ferestrelor \u015fi u\u015filor din lemn, PVC sau aluminiu. Beneficii: &#8211; Sistem de int\u0103rire neutru &#8211; Modulus redus, elasticitate mare &#8211; Adeziune bun\u0103 f\u0103r\u0103 primer pe majoritatea materialelor &#8211; Nu [&hellip;]<\/p>\n","protected":false},"featured_media":9672,"comment_status":"open","ping_status":"closed","template":"","meta":{"_acf_changed":false},"product_cat":[417],"product_tag":[],"acf":[],"yoast_head":"<!-- This site is optimized with the Yoast SEO plugin v22.9 - https:\/\/yoast.com\/wordpress\/plugins\/seo\/ -->\n<title>Fabricarea u\u015filor \u015fi ferestrelor Vi-Pro\u00ae WNS - Proventuss<\/title>\n<meta name=\"robots\" content=\"index, follow, max-snippet:-1, max-image-preview:large, max-video-preview:-1\" \/>\n<link rel=\"canonical\" href=\"https:\/\/proventuss.eu\/ro\/produkt\/fabricarea-usilor-si-ferestrelor-vi-pro-wns\/\" \/>\n<meta property=\"og:locale\" content=\"ro_RO\" \/>\n<meta property=\"og:type\" content=\"article\" \/>\n<meta property=\"og:title\" content=\"Fabricarea u\u015filor \u015fi ferestrelor Vi-Pro\u00ae WNS - Proventuss\" \/>\n<meta property=\"og:description\" content=\"Sigilant siliconic neutral, monocomponent, av\u00e2nd modul redus, creat special pentru izolarea \u015fi sigilarea rezistent\u0103 la intemperii. Recomandat \u020bn mod special pentru izolarea \u015fi sigilarea perimetral\u0103 a ferestrelor \u015fi u\u015filor din lemn, PVC sau aluminiu. Beneficii: &#8211; Sistem de int\u0103rire neutru &#8211; Modulus redus, elasticitate mare &#8211; Adeziune bun\u0103 f\u0103r\u0103 primer pe majoritatea materialelor &#8211; Nu [&hellip;]\" \/>\n<meta property=\"og:url\" content=\"https:\/\/proventuss.eu\/ro\/produkt\/fabricarea-usilor-si-ferestrelor-vi-pro-wns\/\" \/>\n<meta property=\"og:site_name\" content=\"Proventuss\" \/>\n<meta property=\"article:modified_time\" content=\"2023-02-10T11:09:45+00:00\" \/>\n<meta property=\"og:image\" content=\"https:\/\/proventuss.eu\/wp-content\/uploads\/2022\/04\/Vi-Pro-WNS.png\" \/>\n\t<meta property=\"og:image:width\" content=\"153\" \/>\n\t<meta property=\"og:image:height\" content=\"921\" \/>\n\t<meta property=\"og:image:type\" content=\"image\/png\" \/>\n<meta name=\"twitter:card\" content=\"summary_large_image\" \/>\n<meta name=\"twitter:label1\" content=\"Timp estimat pentru citire\" \/>\n\t<meta name=\"twitter:data1\" content=\"1 minut\" \/>\n<script type=\"application\/ld+json\" class=\"yoast-schema-graph\">{\"@context\":\"https:\/\/schema.org\",\"@graph\":[{\"@type\":\"WebPage\",\"@id\":\"https:\/\/proventuss.eu\/ro\/produkt\/fabricarea-usilor-si-ferestrelor-vi-pro-wns\/\",\"url\":\"https:\/\/proventuss.eu\/ro\/produkt\/fabricarea-usilor-si-ferestrelor-vi-pro-wns\/\",\"name\":\"Fabricarea u\u015filor \u015fi ferestrelor Vi-Pro\u00ae WNS - Proventuss\",\"isPartOf\":{\"@id\":\"https:\/\/proventuss.eu\/#website\"},\"primaryImageOfPage\":{\"@id\":\"https:\/\/proventuss.eu\/ro\/produkt\/fabricarea-usilor-si-ferestrelor-vi-pro-wns\/#primaryimage\"},\"image\":{\"@id\":\"https:\/\/proventuss.eu\/ro\/produkt\/fabricarea-usilor-si-ferestrelor-vi-pro-wns\/#primaryimage\"},\"thumbnailUrl\":\"https:\/\/proventuss.eu\/wp-content\/uploads\/2022\/04\/Vi-Pro-WNS.png\",\"datePublished\":\"2022-04-26T08:51:11+00:00\",\"dateModified\":\"2023-02-10T11:09:45+00:00\",\"breadcrumb\":{\"@id\":\"https:\/\/proventuss.eu\/ro\/produkt\/fabricarea-usilor-si-ferestrelor-vi-pro-wns\/#breadcrumb\"},\"inLanguage\":\"ro-RO\",\"potentialAction\":[{\"@type\":\"ReadAction\",\"target\":[\"https:\/\/proventuss.eu\/ro\/produkt\/fabricarea-usilor-si-ferestrelor-vi-pro-wns\/\"]}]},{\"@type\":\"ImageObject\",\"inLanguage\":\"ro-RO\",\"@id\":\"https:\/\/proventuss.eu\/ro\/produkt\/fabricarea-usilor-si-ferestrelor-vi-pro-wns\/#primaryimage\",\"url\":\"https:\/\/proventuss.eu\/wp-content\/uploads\/2022\/04\/Vi-Pro-WNS.png\",\"contentUrl\":\"https:\/\/proventuss.eu\/wp-content\/uploads\/2022\/04\/Vi-Pro-WNS.png\",\"width\":153,\"height\":921,\"caption\":\"Na zdj\u0119ciu jednosk\u0142adnikowe szczeliwo do szklenia oraz uszczelniania obwod\u00f3w futryn okiennych i drzwiowych wykonanych z drewna, PVC lub aluminium.\"},{\"@type\":\"BreadcrumbList\",\"@id\":\"https:\/\/proventuss.eu\/ro\/produkt\/fabricarea-usilor-si-ferestrelor-vi-pro-wns\/#breadcrumb\",\"itemListElement\":[{\"@type\":\"ListItem\",\"position\":1,\"name\":\"Home\",\"item\":\"https:\/\/proventuss.eu\/ro\/\"},{\"@type\":\"ListItem\",\"position\":2,\"name\":\"Produse\",\"item\":\"https:\/\/proventuss.eu\/produse\/\"},{\"@type\":\"ListItem\",\"position\":3,\"name\":\"Fabricarea u\u015filor \u015fi ferestrelor Vi-Pro\u00ae WNS\"}]},{\"@type\":\"WebSite\",\"@id\":\"https:\/\/proventuss.eu\/#website\",\"url\":\"https:\/\/proventuss.eu\/\",\"name\":\"Proventuss\",\"description\":\"\",\"potentialAction\":[{\"@type\":\"SearchAction\",\"target\":{\"@type\":\"EntryPoint\",\"urlTemplate\":\"https:\/\/proventuss.eu\/?s={search_term_string}\"},\"query-input\":\"required name=search_term_string\"}],\"inLanguage\":\"ro-RO\"}]}<\/script>\n<!-- \/ Yoast SEO plugin. -->","yoast_head_json":{"title":"Fabricarea u\u015filor \u015fi ferestrelor Vi-Pro\u00ae WNS - Proventuss","robots":{"index":"index","follow":"follow","max-snippet":"max-snippet:-1","max-image-preview":"max-image-preview:large","max-video-preview":"max-video-preview:-1"},"canonical":"https:\/\/proventuss.eu\/ro\/produkt\/fabricarea-usilor-si-ferestrelor-vi-pro-wns\/","og_locale":"ro_RO","og_type":"article","og_title":"Fabricarea u\u015filor \u015fi ferestrelor Vi-Pro\u00ae WNS - Proventuss","og_description":"Sigilant siliconic neutral, monocomponent, av\u00e2nd modul redus, creat special pentru izolarea \u015fi sigilarea rezistent\u0103 la intemperii. Recomandat \u020bn mod special pentru izolarea \u015fi sigilarea perimetral\u0103 a ferestrelor \u015fi u\u015filor din lemn, PVC sau aluminiu. Beneficii: &#8211; Sistem de int\u0103rire neutru &#8211; Modulus redus, elasticitate mare &#8211; Adeziune bun\u0103 f\u0103r\u0103 primer pe majoritatea materialelor &#8211; Nu [&hellip;]","og_url":"https:\/\/proventuss.eu\/ro\/produkt\/fabricarea-usilor-si-ferestrelor-vi-pro-wns\/","og_site_name":"Proventuss","article_modified_time":"2023-02-10T11:09:45+00:00","og_image":[{"width":153,"height":921,"url":"https:\/\/proventuss.eu\/wp-content\/uploads\/2022\/04\/Vi-Pro-WNS.png","type":"image\/png"}],"twitter_card":"summary_large_image","twitter_misc":{"Timp estimat pentru citire":"1 minut"},"schema":{"@context":"https:\/\/schema.org","@graph":[{"@type":"WebPage","@id":"https:\/\/proventuss.eu\/ro\/produkt\/fabricarea-usilor-si-ferestrelor-vi-pro-wns\/","url":"https:\/\/proventuss.eu\/ro\/produkt\/fabricarea-usilor-si-ferestrelor-vi-pro-wns\/","name":"Fabricarea u\u015filor \u015fi ferestrelor Vi-Pro\u00ae WNS - Proventuss","isPartOf":{"@id":"https:\/\/proventuss.eu\/#website"},"primaryImageOfPage":{"@id":"https:\/\/proventuss.eu\/ro\/produkt\/fabricarea-usilor-si-ferestrelor-vi-pro-wns\/#primaryimage"},"image":{"@id":"https:\/\/proventuss.eu\/ro\/produkt\/fabricarea-usilor-si-ferestrelor-vi-pro-wns\/#primaryimage"},"thumbnailUrl":"https:\/\/proventuss.eu\/wp-content\/uploads\/2022\/04\/Vi-Pro-WNS.png","datePublished":"2022-04-26T08:51:11+00:00","dateModified":"2023-02-10T11:09:45+00:00","breadcrumb":{"@id":"https:\/\/proventuss.eu\/ro\/produkt\/fabricarea-usilor-si-ferestrelor-vi-pro-wns\/#breadcrumb"},"inLanguage":"ro-RO","potentialAction":[{"@type":"ReadAction","target":["https:\/\/proventuss.eu\/ro\/produkt\/fabricarea-usilor-si-ferestrelor-vi-pro-wns\/"]}]},{"@type":"ImageObject","inLanguage":"ro-RO","@id":"https:\/\/proventuss.eu\/ro\/produkt\/fabricarea-usilor-si-ferestrelor-vi-pro-wns\/#primaryimage","url":"https:\/\/proventuss.eu\/wp-content\/uploads\/2022\/04\/Vi-Pro-WNS.png","contentUrl":"https:\/\/proventuss.eu\/wp-content\/uploads\/2022\/04\/Vi-Pro-WNS.png","width":153,"height":921,"caption":"Na zdj\u0119ciu jednosk\u0142adnikowe szczeliwo do szklenia oraz uszczelniania obwod\u00f3w futryn okiennych i drzwiowych wykonanych z drewna, PVC lub aluminium."},{"@type":"BreadcrumbList","@id":"https:\/\/proventuss.eu\/ro\/produkt\/fabricarea-usilor-si-ferestrelor-vi-pro-wns\/#breadcrumb","itemListElement":[{"@type":"ListItem","position":1,"name":"Home","item":"https:\/\/proventuss.eu\/ro\/"},{"@type":"ListItem","position":2,"name":"Produse","item":"https:\/\/proventuss.eu\/produse\/"},{"@type":"ListItem","position":3,"name":"Fabricarea u\u015filor \u015fi ferestrelor Vi-Pro\u00ae WNS"}]},{"@type":"WebSite","@id":"https:\/\/proventuss.eu\/#website","url":"https:\/\/proventuss.eu\/","name":"Proventuss","description":"","potentialAction":[{"@type":"SearchAction","target":{"@type":"EntryPoint","urlTemplate":"https:\/\/proventuss.eu\/?s={search_term_string}"},"query-input":"required name=search_term_string"}],"inLanguage":"ro-RO"}]}},"_links":{"self":[{"href":"https:\/\/proventuss.eu\/ro\/wp-json\/wp\/v2\/product\/10237"}],"collection":[{"href":"https:\/\/proventuss.eu\/ro\/wp-json\/wp\/v2\/product"}],"about":[{"href":"https:\/\/proventuss.eu\/ro\/wp-json\/wp\/v2\/types\/product"}],"replies":[{"embeddable":true,"href":"https:\/\/proventuss.eu\/ro\/wp-json\/wp\/v2\/comments?post=10237"}],"wp:featuredmedia":[{"embeddable":true,"href":"https:\/\/proventuss.eu\/ro\/wp-json\/wp\/v2\/media\/9672"}],"wp:attachment":[{"href":"https:\/\/proventuss.eu\/ro\/wp-json\/wp\/v2\/media?parent=10237"}],"wp:term":[{"taxonomy":"product_cat","embeddable":true,"href":"https:\/\/proventuss.eu\/ro\/wp-json\/wp\/v2\/product_cat?post=10237"},{"taxonomy":"product_tag","embeddable":true,"href":"https:\/\/proventuss.eu\/ro\/wp-json\/wp\/v2\/product_tag?post=10237"}],"curies":[{"name":"wp","href":"https:\/\/api.w.org\/{rel}","templated":true}]}}