{"id":10236,"date":"2022-04-26T08:49:22","date_gmt":"2022-04-26T08:49:22","guid":{"rendered":"https:\/\/proventuss.eu\/produkt\/dowsil-776-instantfix-wb\/"},"modified":"2023-02-10T11:06:50","modified_gmt":"2023-02-10T11:06:50","slug":"dowsil-776-instantfix-wb","status":"publish","type":"product","link":"https:\/\/proventuss.eu\/ro\/produs\/dowsil-776-instantfix-wb\/","title":{"rendered":"DOWSIL 776 InstantFix WB"},"content":{"rendered":"<p>Adeziv siliconic neutral cu rezisten\u021b\u0103 ini\u021bial\u0103 ridicat\u0103, monocomponent, formulat special pentru aplica\u021bii de lipire, manuale sau \u020bn procese de produc\u021bie automate la fabricarea ferestrelor \u015fi u\u015filor.<br \/>\nAsigur\u0103 rezisten\u021b\u0103 ini\u021bial\u0103 ridicat\u0103 imediat dup\u0103 aplicare, cresc\u00e2nd productivitatea.<\/p>\n<p><strong>Beneficii:<\/strong><br \/>\n&#8211; \u020ant\u0103rire rapid\u0103<br \/>\n&#8211; Durabilitate excelent\u0103 pe termen lung<br \/>\n&#8211; Rezisten\u021b\u0103 ini\u021bial\u0103 ridicat\u0103, permite manipularea imediat\u0103 a ferestrelor<br \/>\nproasp\u0103t lipite.<br \/>\n&#8211; Adeziune excelent\u0103 f\u0103r\u0103 primer pe cele mai comune substraturi pentru<br \/>\nferestre.<br \/>\n&#8211; Compatibil cu cele mai des folosite substraturi \u015fi materiale.<br \/>\n&#8211; Nu curge, se lucreaz\u0103 u\u015for cu el.<br \/>\n&#8211; Prezint\u0103 toate beneficiile siliconului (rezisten\u021b\u0103 la intemperii, radia\u021bii UV \u015fi<br \/>\ntemperaturi ridicate)<br \/>\n&#8211; Rezisten\u021b\u0103 ridicat\u0103 la trac\u021biune<\/p>\n<p><strong>Ambalare\/culori:<\/strong><br \/>\nSalam 600 ml, Cartu\u015f 310 ml<br \/>\n<strong>Culoare:<\/strong> negru<\/p>\n","protected":false},"excerpt":{"rendered":"<p>Adeziv siliconic neutral cu rezisten\u021b\u0103 ini\u021bial\u0103 ridicat\u0103, monocomponent, formulat special pentru aplica\u021bii de lipire, manuale sau \u020bn procese de produc\u021bie automate la fabricarea ferestrelor \u015fi u\u015filor. Asigur\u0103 rezisten\u021b\u0103 ini\u021bial\u0103 ridicat\u0103 imediat dup\u0103 aplicare, cresc\u00e2nd productivitatea. Beneficii: &#8211; \u020ant\u0103rire rapid\u0103 &#8211; Durabilitate excelent\u0103 pe termen lung &#8211; Rezisten\u021b\u0103 ini\u021bial\u0103 ridicat\u0103, permite manipularea imediat\u0103 a ferestrelor proasp\u0103t [&hellip;]<\/p>\n","protected":false},"featured_media":9633,"comment_status":"open","ping_status":"closed","template":"","meta":{"_acf_changed":false},"product_cat":[417],"product_tag":[],"acf":[],"yoast_head":"<!-- This site is optimized with the Yoast SEO plugin v22.9 - https:\/\/yoast.com\/wordpress\/plugins\/seo\/ -->\n<title>DOWSIL 776 InstantFix WB - Proventuss<\/title>\n<meta name=\"robots\" content=\"index, follow, max-snippet:-1, max-image-preview:large, max-video-preview:-1\" \/>\n<link rel=\"canonical\" href=\"https:\/\/proventuss.eu\/ro\/produkt\/dowsil-776-instantfix-wb\/\" \/>\n<meta property=\"og:locale\" content=\"ro_RO\" \/>\n<meta property=\"og:type\" content=\"article\" \/>\n<meta property=\"og:title\" content=\"DOWSIL 776 InstantFix WB - Proventuss\" \/>\n<meta property=\"og:description\" content=\"Adeziv siliconic neutral cu rezisten\u021b\u0103 ini\u021bial\u0103 ridicat\u0103, monocomponent, formulat special pentru aplica\u021bii de lipire, manuale sau \u020bn procese de produc\u021bie automate la fabricarea ferestrelor \u015fi u\u015filor. Asigur\u0103 rezisten\u021b\u0103 ini\u021bial\u0103 ridicat\u0103 imediat dup\u0103 aplicare, cresc\u00e2nd productivitatea. Beneficii: &#8211; \u020ant\u0103rire rapid\u0103 &#8211; Durabilitate excelent\u0103 pe termen lung &#8211; Rezisten\u021b\u0103 ini\u021bial\u0103 ridicat\u0103, permite manipularea imediat\u0103 a ferestrelor proasp\u0103t [&hellip;]\" \/>\n<meta property=\"og:url\" content=\"https:\/\/proventuss.eu\/ro\/produkt\/dowsil-776-instantfix-wb\/\" \/>\n<meta property=\"og:site_name\" content=\"Proventuss\" \/>\n<meta property=\"article:modified_time\" content=\"2023-02-10T11:06:50+00:00\" \/>\n<meta property=\"og:image\" content=\"https:\/\/proventuss.eu\/wp-content\/uploads\/2022\/04\/776.jpg\" \/>\n\t<meta property=\"og:image:width\" content=\"408\" \/>\n\t<meta property=\"og:image:height\" content=\"1136\" \/>\n\t<meta property=\"og:image:type\" content=\"image\/jpeg\" \/>\n<meta name=\"twitter:card\" content=\"summary_large_image\" \/>\n<meta name=\"twitter:label1\" content=\"Timp estimat pentru citire\" \/>\n\t<meta name=\"twitter:data1\" content=\"1 minut\" \/>\n<script type=\"application\/ld+json\" class=\"yoast-schema-graph\">{\"@context\":\"https:\/\/schema.org\",\"@graph\":[{\"@type\":\"WebPage\",\"@id\":\"https:\/\/proventuss.eu\/ro\/produkt\/dowsil-776-instantfix-wb\/\",\"url\":\"https:\/\/proventuss.eu\/ro\/produkt\/dowsil-776-instantfix-wb\/\",\"name\":\"DOWSIL 776 InstantFix WB - Proventuss\",\"isPartOf\":{\"@id\":\"https:\/\/proventuss.eu\/#website\"},\"primaryImageOfPage\":{\"@id\":\"https:\/\/proventuss.eu\/ro\/produkt\/dowsil-776-instantfix-wb\/#primaryimage\"},\"image\":{\"@id\":\"https:\/\/proventuss.eu\/ro\/produkt\/dowsil-776-instantfix-wb\/#primaryimage\"},\"thumbnailUrl\":\"https:\/\/proventuss.eu\/wp-content\/uploads\/2022\/04\/776.jpg\",\"datePublished\":\"2022-04-26T08:49:22+00:00\",\"dateModified\":\"2023-02-10T11:06:50+00:00\",\"breadcrumb\":{\"@id\":\"https:\/\/proventuss.eu\/ro\/produkt\/dowsil-776-instantfix-wb\/#breadcrumb\"},\"inLanguage\":\"ro-RO\",\"potentialAction\":[{\"@type\":\"ReadAction\",\"target\":[\"https:\/\/proventuss.eu\/ro\/produkt\/dowsil-776-instantfix-wb\/\"]}]},{\"@type\":\"ImageObject\",\"inLanguage\":\"ro-RO\",\"@id\":\"https:\/\/proventuss.eu\/ro\/produkt\/dowsil-776-instantfix-wb\/#primaryimage\",\"url\":\"https:\/\/proventuss.eu\/wp-content\/uploads\/2022\/04\/776.jpg\",\"contentUrl\":\"https:\/\/proventuss.eu\/wp-content\/uploads\/2022\/04\/776.jpg\",\"width\":408,\"height\":1136},{\"@type\":\"BreadcrumbList\",\"@id\":\"https:\/\/proventuss.eu\/ro\/produkt\/dowsil-776-instantfix-wb\/#breadcrumb\",\"itemListElement\":[{\"@type\":\"ListItem\",\"position\":1,\"name\":\"Home\",\"item\":\"https:\/\/proventuss.eu\/ro\/\"},{\"@type\":\"ListItem\",\"position\":2,\"name\":\"Produse\",\"item\":\"https:\/\/proventuss.eu\/produse\/\"},{\"@type\":\"ListItem\",\"position\":3,\"name\":\"DOWSIL 776 InstantFix WB\"}]},{\"@type\":\"WebSite\",\"@id\":\"https:\/\/proventuss.eu\/#website\",\"url\":\"https:\/\/proventuss.eu\/\",\"name\":\"Proventuss\",\"description\":\"\",\"potentialAction\":[{\"@type\":\"SearchAction\",\"target\":{\"@type\":\"EntryPoint\",\"urlTemplate\":\"https:\/\/proventuss.eu\/?s={search_term_string}\"},\"query-input\":\"required name=search_term_string\"}],\"inLanguage\":\"ro-RO\"}]}<\/script>\n<!-- \/ Yoast SEO plugin. -->","yoast_head_json":{"title":"DOWSIL 776 InstantFix WB - Proventuss","robots":{"index":"index","follow":"follow","max-snippet":"max-snippet:-1","max-image-preview":"max-image-preview:large","max-video-preview":"max-video-preview:-1"},"canonical":"https:\/\/proventuss.eu\/ro\/produkt\/dowsil-776-instantfix-wb\/","og_locale":"ro_RO","og_type":"article","og_title":"DOWSIL 776 InstantFix WB - Proventuss","og_description":"Adeziv siliconic neutral cu rezisten\u021b\u0103 ini\u021bial\u0103 ridicat\u0103, monocomponent, formulat special pentru aplica\u021bii de lipire, manuale sau \u020bn procese de produc\u021bie automate la fabricarea ferestrelor \u015fi u\u015filor. Asigur\u0103 rezisten\u021b\u0103 ini\u021bial\u0103 ridicat\u0103 imediat dup\u0103 aplicare, cresc\u00e2nd productivitatea. Beneficii: &#8211; \u020ant\u0103rire rapid\u0103 &#8211; Durabilitate excelent\u0103 pe termen lung &#8211; Rezisten\u021b\u0103 ini\u021bial\u0103 ridicat\u0103, permite manipularea imediat\u0103 a ferestrelor proasp\u0103t [&hellip;]","og_url":"https:\/\/proventuss.eu\/ro\/produkt\/dowsil-776-instantfix-wb\/","og_site_name":"Proventuss","article_modified_time":"2023-02-10T11:06:50+00:00","og_image":[{"width":408,"height":1136,"url":"https:\/\/proventuss.eu\/wp-content\/uploads\/2022\/04\/776.jpg","type":"image\/jpeg"}],"twitter_card":"summary_large_image","twitter_misc":{"Timp estimat pentru citire":"1 minut"},"schema":{"@context":"https:\/\/schema.org","@graph":[{"@type":"WebPage","@id":"https:\/\/proventuss.eu\/ro\/produkt\/dowsil-776-instantfix-wb\/","url":"https:\/\/proventuss.eu\/ro\/produkt\/dowsil-776-instantfix-wb\/","name":"DOWSIL 776 InstantFix WB - Proventuss","isPartOf":{"@id":"https:\/\/proventuss.eu\/#website"},"primaryImageOfPage":{"@id":"https:\/\/proventuss.eu\/ro\/produkt\/dowsil-776-instantfix-wb\/#primaryimage"},"image":{"@id":"https:\/\/proventuss.eu\/ro\/produkt\/dowsil-776-instantfix-wb\/#primaryimage"},"thumbnailUrl":"https:\/\/proventuss.eu\/wp-content\/uploads\/2022\/04\/776.jpg","datePublished":"2022-04-26T08:49:22+00:00","dateModified":"2023-02-10T11:06:50+00:00","breadcrumb":{"@id":"https:\/\/proventuss.eu\/ro\/produkt\/dowsil-776-instantfix-wb\/#breadcrumb"},"inLanguage":"ro-RO","potentialAction":[{"@type":"ReadAction","target":["https:\/\/proventuss.eu\/ro\/produkt\/dowsil-776-instantfix-wb\/"]}]},{"@type":"ImageObject","inLanguage":"ro-RO","@id":"https:\/\/proventuss.eu\/ro\/produkt\/dowsil-776-instantfix-wb\/#primaryimage","url":"https:\/\/proventuss.eu\/wp-content\/uploads\/2022\/04\/776.jpg","contentUrl":"https:\/\/proventuss.eu\/wp-content\/uploads\/2022\/04\/776.jpg","width":408,"height":1136},{"@type":"BreadcrumbList","@id":"https:\/\/proventuss.eu\/ro\/produkt\/dowsil-776-instantfix-wb\/#breadcrumb","itemListElement":[{"@type":"ListItem","position":1,"name":"Home","item":"https:\/\/proventuss.eu\/ro\/"},{"@type":"ListItem","position":2,"name":"Produse","item":"https:\/\/proventuss.eu\/produse\/"},{"@type":"ListItem","position":3,"name":"DOWSIL 776 InstantFix WB"}]},{"@type":"WebSite","@id":"https:\/\/proventuss.eu\/#website","url":"https:\/\/proventuss.eu\/","name":"Proventuss","description":"","potentialAction":[{"@type":"SearchAction","target":{"@type":"EntryPoint","urlTemplate":"https:\/\/proventuss.eu\/?s={search_term_string}"},"query-input":"required name=search_term_string"}],"inLanguage":"ro-RO"}]}},"_links":{"self":[{"href":"https:\/\/proventuss.eu\/ro\/wp-json\/wp\/v2\/product\/10236"}],"collection":[{"href":"https:\/\/proventuss.eu\/ro\/wp-json\/wp\/v2\/product"}],"about":[{"href":"https:\/\/proventuss.eu\/ro\/wp-json\/wp\/v2\/types\/product"}],"replies":[{"embeddable":true,"href":"https:\/\/proventuss.eu\/ro\/wp-json\/wp\/v2\/comments?post=10236"}],"wp:featuredmedia":[{"embeddable":true,"href":"https:\/\/proventuss.eu\/ro\/wp-json\/wp\/v2\/media\/9633"}],"wp:attachment":[{"href":"https:\/\/proventuss.eu\/ro\/wp-json\/wp\/v2\/media?parent=10236"}],"wp:term":[{"taxonomy":"product_cat","embeddable":true,"href":"https:\/\/proventuss.eu\/ro\/wp-json\/wp\/v2\/product_cat?post=10236"},{"taxonomy":"product_tag","embeddable":true,"href":"https:\/\/proventuss.eu\/ro\/wp-json\/wp\/v2\/product_tag?post=10236"}],"curies":[{"name":"wp","href":"https:\/\/api.w.org\/{rel}","templated":true}]}}