{"id":10235,"date":"2022-07-28T13:45:50","date_gmt":"2022-07-28T13:45:50","guid":{"rendered":"https:\/\/proventuss.eu\/produkt\/dowsil-799\/"},"modified":"2023-02-10T11:04:16","modified_gmt":"2023-02-10T11:04:16","slug":"dowsil-799","status":"publish","type":"product","link":"https:\/\/proventuss.eu\/ro\/produs\/dowsil-799\/","title":{"rendered":"DOWSIL 799"},"content":{"rendered":"<p>Sigilant siliconic neutru monocomponent, av\u00e2nd modul de elasticitate sc\u0103zut, creat special pentru izolarea \u015fi sigiliarea perimetral\u0103 a ferestrelor \u015fi u\u015filor \u015fi aplica\u021bii generale. Aceast\u0103 formulare asigur\u0103 adeziune excelent\u0103 la sticl\u0103, suprafe\u021be vitrate, PVC, aluminiu, lemn, acrila\u021bi \u015fi policarbonati. Rezistent la mucegai.<\/p>\n<p><strong>Beneficii:<\/strong><br \/>\n&#8211; Sistem de \u00eent\u0103rire neutru<br \/>\n&#8211; Adeziune excelent\u0103 f\u0103r\u0103 primer pe majoritatea substraturilor din construc\u021bii<br \/>\n&#8211; Elasticitate ridicat\u0103<br \/>\n&#8211; Nu corodeaza metalul<br \/>\n&#8211; Miros sc\u0103zut<br \/>\n&#8211; U\u015for de aplicat \u015fi de cur\u0103\u021bat<br \/>\n&#8211; Rezistent la ozon, UV \u015fi temperaturi extreme<br \/>\n&#8211; Rezistent la mucegai<br \/>\n&#8211; Conform EN ISO11600-F&amp;G-25LM<\/p>\n<p><strong>Ambalare\/culori:<\/strong><br \/>\nSalam: 600ml, Cartu\u015f: 310ml<br \/>\n<strong>Culori:<\/strong> transparent, alb, gri, antracit, maro, maro \u020bnchis, culori pe comand\u0103<\/p>\n","protected":false},"excerpt":{"rendered":"<p>Sigilant siliconic neutru monocomponent, av\u00e2nd modul de elasticitate sc\u0103zut, creat special pentru izolarea \u015fi sigiliarea perimetral\u0103 a ferestrelor \u015fi u\u015filor \u015fi aplica\u021bii generale. Aceast\u0103 formulare asigur\u0103 adeziune excelent\u0103 la sticl\u0103, suprafe\u021be vitrate, PVC, aluminiu, lemn, acrila\u021bi \u015fi policarbonati. Rezistent la mucegai. Beneficii: &#8211; Sistem de \u00eent\u0103rire neutru &#8211; Adeziune excelent\u0103 f\u0103r\u0103 primer pe majoritatea substraturilor [&hellip;]<\/p>\n","protected":false},"featured_media":10071,"comment_status":"open","ping_status":"closed","template":"","meta":{"_acf_changed":false},"product_cat":[417],"product_tag":[],"acf":[],"yoast_head":"<!-- This site is optimized with the Yoast SEO plugin v22.9 - https:\/\/yoast.com\/wordpress\/plugins\/seo\/ -->\n<title>DOWSIL 799 - Proventuss<\/title>\n<meta name=\"robots\" content=\"index, follow, max-snippet:-1, max-image-preview:large, max-video-preview:-1\" \/>\n<link rel=\"canonical\" href=\"https:\/\/proventuss.eu\/ro\/produkt\/dowsil-799\/\" \/>\n<meta property=\"og:locale\" content=\"ro_RO\" \/>\n<meta property=\"og:type\" content=\"article\" \/>\n<meta property=\"og:title\" content=\"DOWSIL 799 - Proventuss\" \/>\n<meta property=\"og:description\" content=\"Sigilant siliconic neutru monocomponent, av\u00e2nd modul de elasticitate sc\u0103zut, creat special pentru izolarea \u015fi sigiliarea perimetral\u0103 a ferestrelor \u015fi u\u015filor \u015fi aplica\u021bii generale. Aceast\u0103 formulare asigur\u0103 adeziune excelent\u0103 la sticl\u0103, suprafe\u021be vitrate, PVC, aluminiu, lemn, acrila\u021bi \u015fi policarbonati. Rezistent la mucegai. Beneficii: &#8211; Sistem de \u00eent\u0103rire neutru &#8211; Adeziune excelent\u0103 f\u0103r\u0103 primer pe majoritatea substraturilor [&hellip;]\" \/>\n<meta property=\"og:url\" content=\"https:\/\/proventuss.eu\/ro\/produkt\/dowsil-799\/\" \/>\n<meta property=\"og:site_name\" content=\"Proventuss\" \/>\n<meta property=\"article:modified_time\" content=\"2023-02-10T11:04:16+00:00\" \/>\n<meta property=\"og:image\" content=\"https:\/\/proventuss.eu\/wp-content\/uploads\/2022\/07\/799.jpg\" \/>\n\t<meta property=\"og:image:width\" content=\"690\" \/>\n\t<meta property=\"og:image:height\" content=\"1920\" \/>\n\t<meta property=\"og:image:type\" content=\"image\/jpeg\" \/>\n<meta name=\"twitter:card\" content=\"summary_large_image\" \/>\n<meta name=\"twitter:label1\" content=\"Timp estimat pentru citire\" \/>\n\t<meta name=\"twitter:data1\" content=\"1 minut\" \/>\n<script type=\"application\/ld+json\" class=\"yoast-schema-graph\">{\"@context\":\"https:\/\/schema.org\",\"@graph\":[{\"@type\":\"WebPage\",\"@id\":\"https:\/\/proventuss.eu\/ro\/produkt\/dowsil-799\/\",\"url\":\"https:\/\/proventuss.eu\/ro\/produkt\/dowsil-799\/\",\"name\":\"DOWSIL 799 - Proventuss\",\"isPartOf\":{\"@id\":\"https:\/\/proventuss.eu\/#website\"},\"primaryImageOfPage\":{\"@id\":\"https:\/\/proventuss.eu\/ro\/produkt\/dowsil-799\/#primaryimage\"},\"image\":{\"@id\":\"https:\/\/proventuss.eu\/ro\/produkt\/dowsil-799\/#primaryimage\"},\"thumbnailUrl\":\"https:\/\/proventuss.eu\/wp-content\/uploads\/2022\/07\/799.jpg\",\"datePublished\":\"2022-07-28T13:45:50+00:00\",\"dateModified\":\"2023-02-10T11:04:16+00:00\",\"breadcrumb\":{\"@id\":\"https:\/\/proventuss.eu\/ro\/produkt\/dowsil-799\/#breadcrumb\"},\"inLanguage\":\"ro-RO\",\"potentialAction\":[{\"@type\":\"ReadAction\",\"target\":[\"https:\/\/proventuss.eu\/ro\/produkt\/dowsil-799\/\"]}]},{\"@type\":\"ImageObject\",\"inLanguage\":\"ro-RO\",\"@id\":\"https:\/\/proventuss.eu\/ro\/produkt\/dowsil-799\/#primaryimage\",\"url\":\"https:\/\/proventuss.eu\/wp-content\/uploads\/2022\/07\/799.jpg\",\"contentUrl\":\"https:\/\/proventuss.eu\/wp-content\/uploads\/2022\/07\/799.jpg\",\"width\":690,\"height\":1920},{\"@type\":\"BreadcrumbList\",\"@id\":\"https:\/\/proventuss.eu\/ro\/produkt\/dowsil-799\/#breadcrumb\",\"itemListElement\":[{\"@type\":\"ListItem\",\"position\":1,\"name\":\"Home\",\"item\":\"https:\/\/proventuss.eu\/ro\/\"},{\"@type\":\"ListItem\",\"position\":2,\"name\":\"Produse\",\"item\":\"https:\/\/proventuss.eu\/produse\/\"},{\"@type\":\"ListItem\",\"position\":3,\"name\":\"DOWSIL 799\"}]},{\"@type\":\"WebSite\",\"@id\":\"https:\/\/proventuss.eu\/#website\",\"url\":\"https:\/\/proventuss.eu\/\",\"name\":\"Proventuss\",\"description\":\"\",\"potentialAction\":[{\"@type\":\"SearchAction\",\"target\":{\"@type\":\"EntryPoint\",\"urlTemplate\":\"https:\/\/proventuss.eu\/?s={search_term_string}\"},\"query-input\":\"required name=search_term_string\"}],\"inLanguage\":\"ro-RO\"}]}<\/script>\n<!-- \/ Yoast SEO plugin. -->","yoast_head_json":{"title":"DOWSIL 799 - Proventuss","robots":{"index":"index","follow":"follow","max-snippet":"max-snippet:-1","max-image-preview":"max-image-preview:large","max-video-preview":"max-video-preview:-1"},"canonical":"https:\/\/proventuss.eu\/ro\/produkt\/dowsil-799\/","og_locale":"ro_RO","og_type":"article","og_title":"DOWSIL 799 - Proventuss","og_description":"Sigilant siliconic neutru monocomponent, av\u00e2nd modul de elasticitate sc\u0103zut, creat special pentru izolarea \u015fi sigiliarea perimetral\u0103 a ferestrelor \u015fi u\u015filor \u015fi aplica\u021bii generale. Aceast\u0103 formulare asigur\u0103 adeziune excelent\u0103 la sticl\u0103, suprafe\u021be vitrate, PVC, aluminiu, lemn, acrila\u021bi \u015fi policarbonati. Rezistent la mucegai. Beneficii: &#8211; Sistem de \u00eent\u0103rire neutru &#8211; Adeziune excelent\u0103 f\u0103r\u0103 primer pe majoritatea substraturilor [&hellip;]","og_url":"https:\/\/proventuss.eu\/ro\/produkt\/dowsil-799\/","og_site_name":"Proventuss","article_modified_time":"2023-02-10T11:04:16+00:00","og_image":[{"width":690,"height":1920,"url":"https:\/\/proventuss.eu\/wp-content\/uploads\/2022\/07\/799.jpg","type":"image\/jpeg"}],"twitter_card":"summary_large_image","twitter_misc":{"Timp estimat pentru citire":"1 minut"},"schema":{"@context":"https:\/\/schema.org","@graph":[{"@type":"WebPage","@id":"https:\/\/proventuss.eu\/ro\/produkt\/dowsil-799\/","url":"https:\/\/proventuss.eu\/ro\/produkt\/dowsil-799\/","name":"DOWSIL 799 - Proventuss","isPartOf":{"@id":"https:\/\/proventuss.eu\/#website"},"primaryImageOfPage":{"@id":"https:\/\/proventuss.eu\/ro\/produkt\/dowsil-799\/#primaryimage"},"image":{"@id":"https:\/\/proventuss.eu\/ro\/produkt\/dowsil-799\/#primaryimage"},"thumbnailUrl":"https:\/\/proventuss.eu\/wp-content\/uploads\/2022\/07\/799.jpg","datePublished":"2022-07-28T13:45:50+00:00","dateModified":"2023-02-10T11:04:16+00:00","breadcrumb":{"@id":"https:\/\/proventuss.eu\/ro\/produkt\/dowsil-799\/#breadcrumb"},"inLanguage":"ro-RO","potentialAction":[{"@type":"ReadAction","target":["https:\/\/proventuss.eu\/ro\/produkt\/dowsil-799\/"]}]},{"@type":"ImageObject","inLanguage":"ro-RO","@id":"https:\/\/proventuss.eu\/ro\/produkt\/dowsil-799\/#primaryimage","url":"https:\/\/proventuss.eu\/wp-content\/uploads\/2022\/07\/799.jpg","contentUrl":"https:\/\/proventuss.eu\/wp-content\/uploads\/2022\/07\/799.jpg","width":690,"height":1920},{"@type":"BreadcrumbList","@id":"https:\/\/proventuss.eu\/ro\/produkt\/dowsil-799\/#breadcrumb","itemListElement":[{"@type":"ListItem","position":1,"name":"Home","item":"https:\/\/proventuss.eu\/ro\/"},{"@type":"ListItem","position":2,"name":"Produse","item":"https:\/\/proventuss.eu\/produse\/"},{"@type":"ListItem","position":3,"name":"DOWSIL 799"}]},{"@type":"WebSite","@id":"https:\/\/proventuss.eu\/#website","url":"https:\/\/proventuss.eu\/","name":"Proventuss","description":"","potentialAction":[{"@type":"SearchAction","target":{"@type":"EntryPoint","urlTemplate":"https:\/\/proventuss.eu\/?s={search_term_string}"},"query-input":"required name=search_term_string"}],"inLanguage":"ro-RO"}]}},"_links":{"self":[{"href":"https:\/\/proventuss.eu\/ro\/wp-json\/wp\/v2\/product\/10235"}],"collection":[{"href":"https:\/\/proventuss.eu\/ro\/wp-json\/wp\/v2\/product"}],"about":[{"href":"https:\/\/proventuss.eu\/ro\/wp-json\/wp\/v2\/types\/product"}],"replies":[{"embeddable":true,"href":"https:\/\/proventuss.eu\/ro\/wp-json\/wp\/v2\/comments?post=10235"}],"wp:featuredmedia":[{"embeddable":true,"href":"https:\/\/proventuss.eu\/ro\/wp-json\/wp\/v2\/media\/10071"}],"wp:attachment":[{"href":"https:\/\/proventuss.eu\/ro\/wp-json\/wp\/v2\/media?parent=10235"}],"wp:term":[{"taxonomy":"product_cat","embeddable":true,"href":"https:\/\/proventuss.eu\/ro\/wp-json\/wp\/v2\/product_cat?post=10235"},{"taxonomy":"product_tag","embeddable":true,"href":"https:\/\/proventuss.eu\/ro\/wp-json\/wp\/v2\/product_tag?post=10235"}],"curies":[{"name":"wp","href":"https:\/\/api.w.org\/{rel}","templated":true}]}}