{"id":10234,"date":"2022-04-26T08:46:04","date_gmt":"2022-04-26T08:46:04","guid":{"rendered":"https:\/\/proventuss.eu\/produkt\/dowsil-796\/"},"modified":"2022-04-26T08:46:04","modified_gmt":"2022-04-26T08:46:04","slug":"dowsil-796","status":"publish","type":"product","link":"https:\/\/proventuss.eu\/ro\/produs\/dowsil-796\/","title":{"rendered":"DOWSIL 796"},"content":{"rendered":"<p>Sigilant siliconic neutru, monocomponent, av\u00e2nd modul de elasticitate redus, creat special pentru izolarea \u015fi sigilarea perimetral\u0103 a ferestrelor \u015fi a u\u015filor. Aceast\u0103 formulare asigur\u0103 adeziune excelent\u0103 pe sticl\u0103, suprafe\u021be vitrate, PVC-U, aluminiu, lemn, c\u0103r\u0103mid\u0103 \u015fi piatr\u0103.<\/p>\n<p><strong>Beneficii:<\/strong><br \/>\n&#8211; Sistem de \u020bnt\u0103rire alcoxi neutru cu catalizator cu Titan (Ti).<br \/>\n&#8211; Adeziune excelent\u0103 f\u0103r\u0103 primer la majoritatea substraturilor din construc\u021bii.<br \/>\n&#8211; Polimer siliconic 100%<br \/>\n&#8211; Elasticitate ridicat\u0103<br \/>\n&#8211; Miros sc\u0103zut<br \/>\n&#8211; Rezistent la ozon, radia\u021bii UV \u015fi temperaturi extreme.<br \/>\n&#8211; Conform cu: EN ISO 11600-F&amp;G-25LM<\/p>\n<p><strong>Ambalare\/culori:<\/strong><br \/>\nSalam: 600ml, Cartu\u015f: 310 ml<br \/>\nCulori: alb, negru, gri, antracit, maro, maro \u020bnchis, culori pe comand\u0103<\/p>\n","protected":false},"excerpt":{"rendered":"<p>Sigilant siliconic neutru, monocomponent, av\u00e2nd modul de elasticitate redus, creat special pentru izolarea \u015fi sigilarea perimetral\u0103 a ferestrelor \u015fi a u\u015filor. Aceast\u0103 formulare asigur\u0103 adeziune excelent\u0103 pe sticl\u0103, suprafe\u021be vitrate, PVC-U, aluminiu, lemn, c\u0103r\u0103mid\u0103 \u015fi piatr\u0103. Beneficii: &#8211; Sistem de \u020bnt\u0103rire alcoxi neutru cu catalizator cu Titan (Ti). &#8211; Adeziune excelent\u0103 f\u0103r\u0103 primer la majoritatea [&hellip;]<\/p>\n","protected":false},"featured_media":9637,"comment_status":"open","ping_status":"closed","template":"","meta":{"_acf_changed":false},"product_cat":[417],"product_tag":[],"acf":[],"yoast_head":"<!-- This site is optimized with the Yoast SEO plugin v22.9 - https:\/\/yoast.com\/wordpress\/plugins\/seo\/ -->\n<title>DOWSIL 796 - Proventuss<\/title>\n<meta name=\"robots\" content=\"index, follow, max-snippet:-1, max-image-preview:large, max-video-preview:-1\" \/>\n<link rel=\"canonical\" href=\"https:\/\/proventuss.eu\/ro\/produkt\/dowsil-796\/\" \/>\n<meta property=\"og:locale\" content=\"ro_RO\" \/>\n<meta property=\"og:type\" content=\"article\" \/>\n<meta property=\"og:title\" content=\"DOWSIL 796 - Proventuss\" \/>\n<meta property=\"og:description\" content=\"Sigilant siliconic neutru, monocomponent, av\u00e2nd modul de elasticitate redus, creat special pentru izolarea \u015fi sigilarea perimetral\u0103 a ferestrelor \u015fi a u\u015filor. Aceast\u0103 formulare asigur\u0103 adeziune excelent\u0103 pe sticl\u0103, suprafe\u021be vitrate, PVC-U, aluminiu, lemn, c\u0103r\u0103mid\u0103 \u015fi piatr\u0103. Beneficii: &#8211; Sistem de \u020bnt\u0103rire alcoxi neutru cu catalizator cu Titan (Ti). &#8211; Adeziune excelent\u0103 f\u0103r\u0103 primer la majoritatea [&hellip;]\" \/>\n<meta property=\"og:url\" content=\"https:\/\/proventuss.eu\/ro\/produkt\/dowsil-796\/\" \/>\n<meta property=\"og:site_name\" content=\"Proventuss\" \/>\n<meta property=\"og:image\" content=\"https:\/\/proventuss.eu\/wp-content\/uploads\/2022\/04\/796.jpg\" \/>\n\t<meta property=\"og:image:width\" content=\"408\" \/>\n\t<meta property=\"og:image:height\" content=\"1136\" \/>\n\t<meta property=\"og:image:type\" content=\"image\/jpeg\" \/>\n<meta name=\"twitter:card\" content=\"summary_large_image\" \/>\n<meta name=\"twitter:label1\" content=\"Timp estimat pentru citire\" \/>\n\t<meta name=\"twitter:data1\" content=\"1 minut\" \/>\n<script type=\"application\/ld+json\" class=\"yoast-schema-graph\">{\"@context\":\"https:\/\/schema.org\",\"@graph\":[{\"@type\":\"WebPage\",\"@id\":\"https:\/\/proventuss.eu\/ro\/produkt\/dowsil-796\/\",\"url\":\"https:\/\/proventuss.eu\/ro\/produkt\/dowsil-796\/\",\"name\":\"DOWSIL 796 - Proventuss\",\"isPartOf\":{\"@id\":\"https:\/\/proventuss.eu\/#website\"},\"primaryImageOfPage\":{\"@id\":\"https:\/\/proventuss.eu\/ro\/produkt\/dowsil-796\/#primaryimage\"},\"image\":{\"@id\":\"https:\/\/proventuss.eu\/ro\/produkt\/dowsil-796\/#primaryimage\"},\"thumbnailUrl\":\"https:\/\/proventuss.eu\/wp-content\/uploads\/2022\/04\/796.jpg\",\"datePublished\":\"2022-04-26T08:46:04+00:00\",\"dateModified\":\"2022-04-26T08:46:04+00:00\",\"breadcrumb\":{\"@id\":\"https:\/\/proventuss.eu\/ro\/produkt\/dowsil-796\/#breadcrumb\"},\"inLanguage\":\"ro-RO\",\"potentialAction\":[{\"@type\":\"ReadAction\",\"target\":[\"https:\/\/proventuss.eu\/ro\/produkt\/dowsil-796\/\"]}]},{\"@type\":\"ImageObject\",\"inLanguage\":\"ro-RO\",\"@id\":\"https:\/\/proventuss.eu\/ro\/produkt\/dowsil-796\/#primaryimage\",\"url\":\"https:\/\/proventuss.eu\/wp-content\/uploads\/2022\/04\/796.jpg\",\"contentUrl\":\"https:\/\/proventuss.eu\/wp-content\/uploads\/2022\/04\/796.jpg\",\"width\":408,\"height\":1136},{\"@type\":\"BreadcrumbList\",\"@id\":\"https:\/\/proventuss.eu\/ro\/produkt\/dowsil-796\/#breadcrumb\",\"itemListElement\":[{\"@type\":\"ListItem\",\"position\":1,\"name\":\"Home\",\"item\":\"https:\/\/proventuss.eu\/ro\/\"},{\"@type\":\"ListItem\",\"position\":2,\"name\":\"Produse\",\"item\":\"https:\/\/proventuss.eu\/produse\/\"},{\"@type\":\"ListItem\",\"position\":3,\"name\":\"DOWSIL 796\"}]},{\"@type\":\"WebSite\",\"@id\":\"https:\/\/proventuss.eu\/#website\",\"url\":\"https:\/\/proventuss.eu\/\",\"name\":\"Proventuss\",\"description\":\"\",\"potentialAction\":[{\"@type\":\"SearchAction\",\"target\":{\"@type\":\"EntryPoint\",\"urlTemplate\":\"https:\/\/proventuss.eu\/?s={search_term_string}\"},\"query-input\":\"required name=search_term_string\"}],\"inLanguage\":\"ro-RO\"}]}<\/script>\n<!-- \/ Yoast SEO plugin. -->","yoast_head_json":{"title":"DOWSIL 796 - Proventuss","robots":{"index":"index","follow":"follow","max-snippet":"max-snippet:-1","max-image-preview":"max-image-preview:large","max-video-preview":"max-video-preview:-1"},"canonical":"https:\/\/proventuss.eu\/ro\/produkt\/dowsil-796\/","og_locale":"ro_RO","og_type":"article","og_title":"DOWSIL 796 - Proventuss","og_description":"Sigilant siliconic neutru, monocomponent, av\u00e2nd modul de elasticitate redus, creat special pentru izolarea \u015fi sigilarea perimetral\u0103 a ferestrelor \u015fi a u\u015filor. Aceast\u0103 formulare asigur\u0103 adeziune excelent\u0103 pe sticl\u0103, suprafe\u021be vitrate, PVC-U, aluminiu, lemn, c\u0103r\u0103mid\u0103 \u015fi piatr\u0103. Beneficii: &#8211; Sistem de \u020bnt\u0103rire alcoxi neutru cu catalizator cu Titan (Ti). &#8211; Adeziune excelent\u0103 f\u0103r\u0103 primer la majoritatea [&hellip;]","og_url":"https:\/\/proventuss.eu\/ro\/produkt\/dowsil-796\/","og_site_name":"Proventuss","og_image":[{"width":408,"height":1136,"url":"https:\/\/proventuss.eu\/wp-content\/uploads\/2022\/04\/796.jpg","type":"image\/jpeg"}],"twitter_card":"summary_large_image","twitter_misc":{"Timp estimat pentru citire":"1 minut"},"schema":{"@context":"https:\/\/schema.org","@graph":[{"@type":"WebPage","@id":"https:\/\/proventuss.eu\/ro\/produkt\/dowsil-796\/","url":"https:\/\/proventuss.eu\/ro\/produkt\/dowsil-796\/","name":"DOWSIL 796 - Proventuss","isPartOf":{"@id":"https:\/\/proventuss.eu\/#website"},"primaryImageOfPage":{"@id":"https:\/\/proventuss.eu\/ro\/produkt\/dowsil-796\/#primaryimage"},"image":{"@id":"https:\/\/proventuss.eu\/ro\/produkt\/dowsil-796\/#primaryimage"},"thumbnailUrl":"https:\/\/proventuss.eu\/wp-content\/uploads\/2022\/04\/796.jpg","datePublished":"2022-04-26T08:46:04+00:00","dateModified":"2022-04-26T08:46:04+00:00","breadcrumb":{"@id":"https:\/\/proventuss.eu\/ro\/produkt\/dowsil-796\/#breadcrumb"},"inLanguage":"ro-RO","potentialAction":[{"@type":"ReadAction","target":["https:\/\/proventuss.eu\/ro\/produkt\/dowsil-796\/"]}]},{"@type":"ImageObject","inLanguage":"ro-RO","@id":"https:\/\/proventuss.eu\/ro\/produkt\/dowsil-796\/#primaryimage","url":"https:\/\/proventuss.eu\/wp-content\/uploads\/2022\/04\/796.jpg","contentUrl":"https:\/\/proventuss.eu\/wp-content\/uploads\/2022\/04\/796.jpg","width":408,"height":1136},{"@type":"BreadcrumbList","@id":"https:\/\/proventuss.eu\/ro\/produkt\/dowsil-796\/#breadcrumb","itemListElement":[{"@type":"ListItem","position":1,"name":"Home","item":"https:\/\/proventuss.eu\/ro\/"},{"@type":"ListItem","position":2,"name":"Produse","item":"https:\/\/proventuss.eu\/produse\/"},{"@type":"ListItem","position":3,"name":"DOWSIL 796"}]},{"@type":"WebSite","@id":"https:\/\/proventuss.eu\/#website","url":"https:\/\/proventuss.eu\/","name":"Proventuss","description":"","potentialAction":[{"@type":"SearchAction","target":{"@type":"EntryPoint","urlTemplate":"https:\/\/proventuss.eu\/?s={search_term_string}"},"query-input":"required name=search_term_string"}],"inLanguage":"ro-RO"}]}},"_links":{"self":[{"href":"https:\/\/proventuss.eu\/ro\/wp-json\/wp\/v2\/product\/10234"}],"collection":[{"href":"https:\/\/proventuss.eu\/ro\/wp-json\/wp\/v2\/product"}],"about":[{"href":"https:\/\/proventuss.eu\/ro\/wp-json\/wp\/v2\/types\/product"}],"replies":[{"embeddable":true,"href":"https:\/\/proventuss.eu\/ro\/wp-json\/wp\/v2\/comments?post=10234"}],"wp:featuredmedia":[{"embeddable":true,"href":"https:\/\/proventuss.eu\/ro\/wp-json\/wp\/v2\/media\/9637"}],"wp:attachment":[{"href":"https:\/\/proventuss.eu\/ro\/wp-json\/wp\/v2\/media?parent=10234"}],"wp:term":[{"taxonomy":"product_cat","embeddable":true,"href":"https:\/\/proventuss.eu\/ro\/wp-json\/wp\/v2\/product_cat?post=10234"},{"taxonomy":"product_tag","embeddable":true,"href":"https:\/\/proventuss.eu\/ro\/wp-json\/wp\/v2\/product_tag?post=10234"}],"curies":[{"name":"wp","href":"https:\/\/api.w.org\/{rel}","templated":true}]}}