{"id":10233,"date":"2022-04-26T08:41:38","date_gmt":"2022-04-26T08:41:38","guid":{"rendered":"https:\/\/proventuss.eu\/produkt\/vi-pro-insulating-glass-silicone\/"},"modified":"2022-04-26T08:41:38","modified_gmt":"2022-04-26T08:41:38","slug":"vi-pro-insulating-glass-silicone","status":"publish","type":"product","link":"https:\/\/proventuss.eu\/ro\/produs\/vi-pro-insulating-glass-silicone\/","title":{"rendered":"Vi-Pro\u00ae Insulating Glass Silicone"},"content":{"rendered":"<p>Vipro Insulating Glass Silicone este un sigilant siliconic neutral, monocomponent, ce<br \/>\nse \u00eent\u0103re\u015fte prin expunere la umiditatea atmosferic\u0103 \u015fi formeaz\u0103 un material flexibil,<br \/>\nextrem de rezistent, cu propriet\u0103\u021bi izolatoare excelente.<\/p>\n<p>Gata de utilizare f\u0103r\u0103 mixare preliminar\u0103.<br \/>\nPrezint\u0103 adeziune excelent\u0103 f\u0103r\u0103 primer pe toate tipurile de sticl\u0103. Nu con\u021bine solven\u021bi.<\/p>\n<p><strong>Beneficii:<\/strong><br \/>\n&#8211; Mecanism de \u020bnt\u0103rire neutr\u0103, inodor \u015fi necoroziv.<br \/>\n&#8211; \u020ant\u0103rire rapid\u0103, nu con\u021bine solven\u021bi<br \/>\n&#8211; Adeziune excelent\u0103 pe sticl\u0103, aluminiu, o\u021bel, zinc<br \/>\n&#8211; Rezisten\u021b\u0103 excelent\u0103 la radi\u021bia UV<br \/>\n&#8211; Propriet\u0103\u021bi mecanice ridicate<br \/>\n&#8211; Stabilitate termic\u0103 excelent\u0103<br \/>\n&#8211; Adecvat tuturor tipurilor de climat<br \/>\n&#8211; Rezisten\u021b\u0103 excelent\u0103 la \u020bmb\u0103tr\u00e2nire<\/p>\n","protected":false},"excerpt":{"rendered":"<p>Vipro Insulating Glass Silicone este un sigilant siliconic neutral, monocomponent, ce se \u00eent\u0103re\u015fte prin expunere la umiditatea atmosferic\u0103 \u015fi formeaz\u0103 un material flexibil, extrem de rezistent, cu propriet\u0103\u021bi izolatoare excelente. Gata de utilizare f\u0103r\u0103 mixare preliminar\u0103. Prezint\u0103 adeziune excelent\u0103 f\u0103r\u0103 primer pe toate tipurile de sticl\u0103. Nu con\u021bine solven\u021bi. Beneficii: &#8211; Mecanism de \u020bnt\u0103rire neutr\u0103, [&hellip;]<\/p>\n","protected":false},"featured_media":18228,"comment_status":"open","ping_status":"closed","template":"","meta":{"_acf_changed":false},"product_cat":[418],"product_tag":[],"acf":[],"yoast_head":"<!-- This site is optimized with the Yoast SEO plugin v22.9 - https:\/\/yoast.com\/wordpress\/plugins\/seo\/ -->\n<title>Vi-Pro\u00ae Insulating Glass Silicone - Proventuss<\/title>\n<meta name=\"robots\" content=\"index, follow, max-snippet:-1, max-image-preview:large, max-video-preview:-1\" \/>\n<link rel=\"canonical\" href=\"https:\/\/proventuss.eu\/ro\/produkt\/vi-pro-insulating-glass-silicone\/\" \/>\n<meta property=\"og:locale\" content=\"ro_RO\" \/>\n<meta property=\"og:type\" content=\"article\" \/>\n<meta property=\"og:title\" content=\"Vi-Pro\u00ae Insulating Glass Silicone - Proventuss\" \/>\n<meta property=\"og:description\" content=\"Vipro Insulating Glass Silicone este un sigilant siliconic neutral, monocomponent, ce se \u00eent\u0103re\u015fte prin expunere la umiditatea atmosferic\u0103 \u015fi formeaz\u0103 un material flexibil, extrem de rezistent, cu propriet\u0103\u021bi izolatoare excelente. Gata de utilizare f\u0103r\u0103 mixare preliminar\u0103. Prezint\u0103 adeziune excelent\u0103 f\u0103r\u0103 primer pe toate tipurile de sticl\u0103. Nu con\u021bine solven\u021bi. Beneficii: &#8211; Mecanism de \u020bnt\u0103rire neutr\u0103, [&hellip;]\" \/>\n<meta property=\"og:url\" content=\"https:\/\/proventuss.eu\/ro\/produkt\/vi-pro-insulating-glass-silicone\/\" \/>\n<meta property=\"og:site_name\" content=\"Proventuss\" \/>\n<meta property=\"og:image\" content=\"https:\/\/proventuss.eu\/wp-content\/uploads\/2022\/04\/Vi-Pro-IG-Insulanting-Glass-Silicone_1-scaled-e1729675947602.jpg\" \/>\n\t<meta property=\"og:image:width\" content=\"2560\" \/>\n\t<meta property=\"og:image:height\" content=\"1707\" \/>\n\t<meta property=\"og:image:type\" content=\"image\/jpeg\" \/>\n<meta name=\"twitter:card\" content=\"summary_large_image\" \/>\n<meta name=\"twitter:label1\" content=\"Timp estimat pentru citire\" \/>\n\t<meta name=\"twitter:data1\" content=\"1 minut\" \/>\n<script type=\"application\/ld+json\" class=\"yoast-schema-graph\">{\"@context\":\"https:\/\/schema.org\",\"@graph\":[{\"@type\":\"WebPage\",\"@id\":\"https:\/\/proventuss.eu\/ro\/produkt\/vi-pro-insulating-glass-silicone\/\",\"url\":\"https:\/\/proventuss.eu\/ro\/produkt\/vi-pro-insulating-glass-silicone\/\",\"name\":\"Vi-Pro\u00ae Insulating Glass Silicone - Proventuss\",\"isPartOf\":{\"@id\":\"https:\/\/proventuss.eu\/#website\"},\"primaryImageOfPage\":{\"@id\":\"https:\/\/proventuss.eu\/ro\/produkt\/vi-pro-insulating-glass-silicone\/#primaryimage\"},\"image\":{\"@id\":\"https:\/\/proventuss.eu\/ro\/produkt\/vi-pro-insulating-glass-silicone\/#primaryimage\"},\"thumbnailUrl\":\"https:\/\/proventuss.eu\/wp-content\/uploads\/2022\/04\/Vi-Pro-IG-Insulanting-Glass-Silicone_1-scaled-e1729675947602.jpg\",\"datePublished\":\"2022-04-26T08:41:38+00:00\",\"dateModified\":\"2022-04-26T08:41:38+00:00\",\"breadcrumb\":{\"@id\":\"https:\/\/proventuss.eu\/ro\/produkt\/vi-pro-insulating-glass-silicone\/#breadcrumb\"},\"inLanguage\":\"ro-RO\",\"potentialAction\":[{\"@type\":\"ReadAction\",\"target\":[\"https:\/\/proventuss.eu\/ro\/produkt\/vi-pro-insulating-glass-silicone\/\"]}]},{\"@type\":\"ImageObject\",\"inLanguage\":\"ro-RO\",\"@id\":\"https:\/\/proventuss.eu\/ro\/produkt\/vi-pro-insulating-glass-silicone\/#primaryimage\",\"url\":\"https:\/\/proventuss.eu\/wp-content\/uploads\/2022\/04\/Vi-Pro-IG-Insulanting-Glass-Silicone_1-scaled-e1729675947602.jpg\",\"contentUrl\":\"https:\/\/proventuss.eu\/wp-content\/uploads\/2022\/04\/Vi-Pro-IG-Insulanting-Glass-Silicone_1-scaled-e1729675947602.jpg\",\"width\":2560,\"height\":1707},{\"@type\":\"BreadcrumbList\",\"@id\":\"https:\/\/proventuss.eu\/ro\/produkt\/vi-pro-insulating-glass-silicone\/#breadcrumb\",\"itemListElement\":[{\"@type\":\"ListItem\",\"position\":1,\"name\":\"Home\",\"item\":\"https:\/\/proventuss.eu\/ro\/\"},{\"@type\":\"ListItem\",\"position\":2,\"name\":\"Produse\",\"item\":\"https:\/\/proventuss.eu\/produse\/\"},{\"@type\":\"ListItem\",\"position\":3,\"name\":\"Vi-Pro\u00ae Insulating Glass Silicone\"}]},{\"@type\":\"WebSite\",\"@id\":\"https:\/\/proventuss.eu\/#website\",\"url\":\"https:\/\/proventuss.eu\/\",\"name\":\"Proventuss\",\"description\":\"\",\"potentialAction\":[{\"@type\":\"SearchAction\",\"target\":{\"@type\":\"EntryPoint\",\"urlTemplate\":\"https:\/\/proventuss.eu\/?s={search_term_string}\"},\"query-input\":\"required name=search_term_string\"}],\"inLanguage\":\"ro-RO\"}]}<\/script>\n<!-- \/ Yoast SEO plugin. -->","yoast_head_json":{"title":"Vi-Pro\u00ae Insulating Glass Silicone - Proventuss","robots":{"index":"index","follow":"follow","max-snippet":"max-snippet:-1","max-image-preview":"max-image-preview:large","max-video-preview":"max-video-preview:-1"},"canonical":"https:\/\/proventuss.eu\/ro\/produkt\/vi-pro-insulating-glass-silicone\/","og_locale":"ro_RO","og_type":"article","og_title":"Vi-Pro\u00ae Insulating Glass Silicone - Proventuss","og_description":"Vipro Insulating Glass Silicone este un sigilant siliconic neutral, monocomponent, ce se \u00eent\u0103re\u015fte prin expunere la umiditatea atmosferic\u0103 \u015fi formeaz\u0103 un material flexibil, extrem de rezistent, cu propriet\u0103\u021bi izolatoare excelente. Gata de utilizare f\u0103r\u0103 mixare preliminar\u0103. Prezint\u0103 adeziune excelent\u0103 f\u0103r\u0103 primer pe toate tipurile de sticl\u0103. Nu con\u021bine solven\u021bi. Beneficii: &#8211; Mecanism de \u020bnt\u0103rire neutr\u0103, [&hellip;]","og_url":"https:\/\/proventuss.eu\/ro\/produkt\/vi-pro-insulating-glass-silicone\/","og_site_name":"Proventuss","og_image":[{"width":2560,"height":1707,"url":"https:\/\/proventuss.eu\/wp-content\/uploads\/2022\/04\/Vi-Pro-IG-Insulanting-Glass-Silicone_1-scaled-e1729675947602.jpg","type":"image\/jpeg"}],"twitter_card":"summary_large_image","twitter_misc":{"Timp estimat pentru citire":"1 minut"},"schema":{"@context":"https:\/\/schema.org","@graph":[{"@type":"WebPage","@id":"https:\/\/proventuss.eu\/ro\/produkt\/vi-pro-insulating-glass-silicone\/","url":"https:\/\/proventuss.eu\/ro\/produkt\/vi-pro-insulating-glass-silicone\/","name":"Vi-Pro\u00ae Insulating Glass Silicone - Proventuss","isPartOf":{"@id":"https:\/\/proventuss.eu\/#website"},"primaryImageOfPage":{"@id":"https:\/\/proventuss.eu\/ro\/produkt\/vi-pro-insulating-glass-silicone\/#primaryimage"},"image":{"@id":"https:\/\/proventuss.eu\/ro\/produkt\/vi-pro-insulating-glass-silicone\/#primaryimage"},"thumbnailUrl":"https:\/\/proventuss.eu\/wp-content\/uploads\/2022\/04\/Vi-Pro-IG-Insulanting-Glass-Silicone_1-scaled-e1729675947602.jpg","datePublished":"2022-04-26T08:41:38+00:00","dateModified":"2022-04-26T08:41:38+00:00","breadcrumb":{"@id":"https:\/\/proventuss.eu\/ro\/produkt\/vi-pro-insulating-glass-silicone\/#breadcrumb"},"inLanguage":"ro-RO","potentialAction":[{"@type":"ReadAction","target":["https:\/\/proventuss.eu\/ro\/produkt\/vi-pro-insulating-glass-silicone\/"]}]},{"@type":"ImageObject","inLanguage":"ro-RO","@id":"https:\/\/proventuss.eu\/ro\/produkt\/vi-pro-insulating-glass-silicone\/#primaryimage","url":"https:\/\/proventuss.eu\/wp-content\/uploads\/2022\/04\/Vi-Pro-IG-Insulanting-Glass-Silicone_1-scaled-e1729675947602.jpg","contentUrl":"https:\/\/proventuss.eu\/wp-content\/uploads\/2022\/04\/Vi-Pro-IG-Insulanting-Glass-Silicone_1-scaled-e1729675947602.jpg","width":2560,"height":1707},{"@type":"BreadcrumbList","@id":"https:\/\/proventuss.eu\/ro\/produkt\/vi-pro-insulating-glass-silicone\/#breadcrumb","itemListElement":[{"@type":"ListItem","position":1,"name":"Home","item":"https:\/\/proventuss.eu\/ro\/"},{"@type":"ListItem","position":2,"name":"Produse","item":"https:\/\/proventuss.eu\/produse\/"},{"@type":"ListItem","position":3,"name":"Vi-Pro\u00ae Insulating Glass Silicone"}]},{"@type":"WebSite","@id":"https:\/\/proventuss.eu\/#website","url":"https:\/\/proventuss.eu\/","name":"Proventuss","description":"","potentialAction":[{"@type":"SearchAction","target":{"@type":"EntryPoint","urlTemplate":"https:\/\/proventuss.eu\/?s={search_term_string}"},"query-input":"required name=search_term_string"}],"inLanguage":"ro-RO"}]}},"_links":{"self":[{"href":"https:\/\/proventuss.eu\/ro\/wp-json\/wp\/v2\/product\/10233"}],"collection":[{"href":"https:\/\/proventuss.eu\/ro\/wp-json\/wp\/v2\/product"}],"about":[{"href":"https:\/\/proventuss.eu\/ro\/wp-json\/wp\/v2\/types\/product"}],"replies":[{"embeddable":true,"href":"https:\/\/proventuss.eu\/ro\/wp-json\/wp\/v2\/comments?post=10233"}],"wp:featuredmedia":[{"embeddable":true,"href":"https:\/\/proventuss.eu\/ro\/wp-json\/wp\/v2\/media\/18228"}],"wp:attachment":[{"href":"https:\/\/proventuss.eu\/ro\/wp-json\/wp\/v2\/media?parent=10233"}],"wp:term":[{"taxonomy":"product_cat","embeddable":true,"href":"https:\/\/proventuss.eu\/ro\/wp-json\/wp\/v2\/product_cat?post=10233"},{"taxonomy":"product_tag","embeddable":true,"href":"https:\/\/proventuss.eu\/ro\/wp-json\/wp\/v2\/product_tag?post=10233"}],"curies":[{"name":"wp","href":"https:\/\/api.w.org\/{rel}","templated":true}]}}