{"id":10229,"date":"2022-04-26T08:25:39","date_gmt":"2022-04-26T08:25:39","guid":{"rendered":"https:\/\/proventuss.eu\/produkt\/dowsil-3793\/"},"modified":"2022-04-26T08:25:39","modified_gmt":"2022-04-26T08:25:39","slug":"dowsil-3793","status":"publish","type":"product","link":"https:\/\/proventuss.eu\/ro\/produs\/dowsil-3793\/","title":{"rendered":"DOWSIL 3793"},"content":{"rendered":"<p>Sigilant neutru, monocomponent, pentru sticla izolatoare, creat special pentru fabricarea geamurilor termoizolatoare \u015fi pentru produc\u021bia de panouri \u020bnchise ermetic.<\/p>\n<p><strong>Beneficii:<\/strong><br \/>\n\u020andepline\u015fte criteriile de geam structural (EOTA ETAG 002) pentru sigilarea secundar\u0103 la panourile de sticl\u0103 termoizolant\u0103, \u0219i pentru geamuri termoizolante structurale Prezint\u0103 adeziune excelent\u0103 pe sticl\u0103 reflexiv\u0103 sau acoperit\u0103 cu pelicul\u0103, pe distan\u021biere din aluminiu \u015fi o\u021bel inoxidabil.<br \/>\nTehnologie silicon alcoxi monocomponent; gruparea alcoxi este o grupare alchil (caten\u0103 de carbon \u0219i hidrogen) legat\u0103 singular de oxigen, cu \u020bnt\u0103rire neutr\u0103, non-coroziv\u0103, f\u0103r\u0103 miros. Rezisten\u021b\u0103 excelent\u0103 la condi\u021bii meteo extreme, ozon, UV \u015fi umiditate. Excelent\u0103 stabilitate la temperaturi variate. Nu necesit\u0103 mixare sau catalizator, necesit\u0103 doar aplicare.<\/p>\n<p><strong>Ambalare\/culori:<\/strong><br \/>\nSalam: 600ml, butoi 250 kg<br \/>\n<strong>Culoare:<\/strong> negru<\/p>\n","protected":false},"excerpt":{"rendered":"<p>Sigilant neutru, monocomponent, pentru sticla izolatoare, creat special pentru fabricarea geamurilor termoizolatoare \u015fi pentru produc\u021bia de panouri \u020bnchise ermetic. Beneficii: \u020andepline\u015fte criteriile de geam structural (EOTA ETAG 002) pentru sigilarea secundar\u0103 la panourile de sticl\u0103 termoizolant\u0103, \u0219i pentru geamuri termoizolante structurale Prezint\u0103 adeziune excelent\u0103 pe sticl\u0103 reflexiv\u0103 sau acoperit\u0103 cu pelicul\u0103, pe distan\u021biere din aluminiu [&hellip;]<\/p>\n","protected":false},"featured_media":9560,"comment_status":"open","ping_status":"closed","template":"","meta":{"_acf_changed":false},"product_cat":[418],"product_tag":[],"acf":[],"yoast_head":"<!-- This site is optimized with the Yoast SEO plugin v22.9 - https:\/\/yoast.com\/wordpress\/plugins\/seo\/ -->\n<title>DOWSIL 3793 - Proventuss<\/title>\n<meta name=\"robots\" content=\"index, follow, max-snippet:-1, max-image-preview:large, max-video-preview:-1\" \/>\n<link rel=\"canonical\" href=\"https:\/\/proventuss.eu\/ro\/produkt\/dowsil-3793\/\" \/>\n<meta property=\"og:locale\" content=\"ro_RO\" \/>\n<meta property=\"og:type\" content=\"article\" \/>\n<meta property=\"og:title\" content=\"DOWSIL 3793 - Proventuss\" \/>\n<meta property=\"og:description\" content=\"Sigilant neutru, monocomponent, pentru sticla izolatoare, creat special pentru fabricarea geamurilor termoizolatoare \u015fi pentru produc\u021bia de panouri \u020bnchise ermetic. Beneficii: \u020andepline\u015fte criteriile de geam structural (EOTA ETAG 002) pentru sigilarea secundar\u0103 la panourile de sticl\u0103 termoizolant\u0103, \u0219i pentru geamuri termoizolante structurale Prezint\u0103 adeziune excelent\u0103 pe sticl\u0103 reflexiv\u0103 sau acoperit\u0103 cu pelicul\u0103, pe distan\u021biere din aluminiu [&hellip;]\" \/>\n<meta property=\"og:url\" content=\"https:\/\/proventuss.eu\/ro\/produkt\/dowsil-3793\/\" \/>\n<meta property=\"og:site_name\" content=\"Proventuss\" \/>\n<meta property=\"og:image\" content=\"https:\/\/proventuss.eu\/wp-content\/uploads\/2022\/04\/Dowsil-3793.jpg\" \/>\n\t<meta property=\"og:image:width\" content=\"453\" \/>\n\t<meta property=\"og:image:height\" content=\"640\" \/>\n\t<meta property=\"og:image:type\" content=\"image\/jpeg\" \/>\n<meta name=\"twitter:card\" content=\"summary_large_image\" \/>\n<meta name=\"twitter:label1\" content=\"Timp estimat pentru citire\" \/>\n\t<meta name=\"twitter:data1\" content=\"1 minut\" \/>\n<script type=\"application\/ld+json\" class=\"yoast-schema-graph\">{\"@context\":\"https:\/\/schema.org\",\"@graph\":[{\"@type\":\"WebPage\",\"@id\":\"https:\/\/proventuss.eu\/ro\/produkt\/dowsil-3793\/\",\"url\":\"https:\/\/proventuss.eu\/ro\/produkt\/dowsil-3793\/\",\"name\":\"DOWSIL 3793 - Proventuss\",\"isPartOf\":{\"@id\":\"https:\/\/proventuss.eu\/#website\"},\"primaryImageOfPage\":{\"@id\":\"https:\/\/proventuss.eu\/ro\/produkt\/dowsil-3793\/#primaryimage\"},\"image\":{\"@id\":\"https:\/\/proventuss.eu\/ro\/produkt\/dowsil-3793\/#primaryimage\"},\"thumbnailUrl\":\"https:\/\/proventuss.eu\/wp-content\/uploads\/2022\/04\/Dowsil-3793.jpg\",\"datePublished\":\"2022-04-26T08:25:39+00:00\",\"dateModified\":\"2022-04-26T08:25:39+00:00\",\"breadcrumb\":{\"@id\":\"https:\/\/proventuss.eu\/ro\/produkt\/dowsil-3793\/#breadcrumb\"},\"inLanguage\":\"ro-RO\",\"potentialAction\":[{\"@type\":\"ReadAction\",\"target\":[\"https:\/\/proventuss.eu\/ro\/produkt\/dowsil-3793\/\"]}]},{\"@type\":\"ImageObject\",\"inLanguage\":\"ro-RO\",\"@id\":\"https:\/\/proventuss.eu\/ro\/produkt\/dowsil-3793\/#primaryimage\",\"url\":\"https:\/\/proventuss.eu\/wp-content\/uploads\/2022\/04\/Dowsil-3793.jpg\",\"contentUrl\":\"https:\/\/proventuss.eu\/wp-content\/uploads\/2022\/04\/Dowsil-3793.jpg\",\"width\":453,\"height\":640},{\"@type\":\"BreadcrumbList\",\"@id\":\"https:\/\/proventuss.eu\/ro\/produkt\/dowsil-3793\/#breadcrumb\",\"itemListElement\":[{\"@type\":\"ListItem\",\"position\":1,\"name\":\"Home\",\"item\":\"https:\/\/proventuss.eu\/ro\/\"},{\"@type\":\"ListItem\",\"position\":2,\"name\":\"Produse\",\"item\":\"https:\/\/proventuss.eu\/produse\/\"},{\"@type\":\"ListItem\",\"position\":3,\"name\":\"DOWSIL 3793\"}]},{\"@type\":\"WebSite\",\"@id\":\"https:\/\/proventuss.eu\/#website\",\"url\":\"https:\/\/proventuss.eu\/\",\"name\":\"Proventuss\",\"description\":\"\",\"potentialAction\":[{\"@type\":\"SearchAction\",\"target\":{\"@type\":\"EntryPoint\",\"urlTemplate\":\"https:\/\/proventuss.eu\/?s={search_term_string}\"},\"query-input\":\"required name=search_term_string\"}],\"inLanguage\":\"ro-RO\"}]}<\/script>\n<!-- \/ Yoast SEO plugin. -->","yoast_head_json":{"title":"DOWSIL 3793 - Proventuss","robots":{"index":"index","follow":"follow","max-snippet":"max-snippet:-1","max-image-preview":"max-image-preview:large","max-video-preview":"max-video-preview:-1"},"canonical":"https:\/\/proventuss.eu\/ro\/produkt\/dowsil-3793\/","og_locale":"ro_RO","og_type":"article","og_title":"DOWSIL 3793 - Proventuss","og_description":"Sigilant neutru, monocomponent, pentru sticla izolatoare, creat special pentru fabricarea geamurilor termoizolatoare \u015fi pentru produc\u021bia de panouri \u020bnchise ermetic. Beneficii: \u020andepline\u015fte criteriile de geam structural (EOTA ETAG 002) pentru sigilarea secundar\u0103 la panourile de sticl\u0103 termoizolant\u0103, \u0219i pentru geamuri termoizolante structurale Prezint\u0103 adeziune excelent\u0103 pe sticl\u0103 reflexiv\u0103 sau acoperit\u0103 cu pelicul\u0103, pe distan\u021biere din aluminiu [&hellip;]","og_url":"https:\/\/proventuss.eu\/ro\/produkt\/dowsil-3793\/","og_site_name":"Proventuss","og_image":[{"width":453,"height":640,"url":"https:\/\/proventuss.eu\/wp-content\/uploads\/2022\/04\/Dowsil-3793.jpg","type":"image\/jpeg"}],"twitter_card":"summary_large_image","twitter_misc":{"Timp estimat pentru citire":"1 minut"},"schema":{"@context":"https:\/\/schema.org","@graph":[{"@type":"WebPage","@id":"https:\/\/proventuss.eu\/ro\/produkt\/dowsil-3793\/","url":"https:\/\/proventuss.eu\/ro\/produkt\/dowsil-3793\/","name":"DOWSIL 3793 - Proventuss","isPartOf":{"@id":"https:\/\/proventuss.eu\/#website"},"primaryImageOfPage":{"@id":"https:\/\/proventuss.eu\/ro\/produkt\/dowsil-3793\/#primaryimage"},"image":{"@id":"https:\/\/proventuss.eu\/ro\/produkt\/dowsil-3793\/#primaryimage"},"thumbnailUrl":"https:\/\/proventuss.eu\/wp-content\/uploads\/2022\/04\/Dowsil-3793.jpg","datePublished":"2022-04-26T08:25:39+00:00","dateModified":"2022-04-26T08:25:39+00:00","breadcrumb":{"@id":"https:\/\/proventuss.eu\/ro\/produkt\/dowsil-3793\/#breadcrumb"},"inLanguage":"ro-RO","potentialAction":[{"@type":"ReadAction","target":["https:\/\/proventuss.eu\/ro\/produkt\/dowsil-3793\/"]}]},{"@type":"ImageObject","inLanguage":"ro-RO","@id":"https:\/\/proventuss.eu\/ro\/produkt\/dowsil-3793\/#primaryimage","url":"https:\/\/proventuss.eu\/wp-content\/uploads\/2022\/04\/Dowsil-3793.jpg","contentUrl":"https:\/\/proventuss.eu\/wp-content\/uploads\/2022\/04\/Dowsil-3793.jpg","width":453,"height":640},{"@type":"BreadcrumbList","@id":"https:\/\/proventuss.eu\/ro\/produkt\/dowsil-3793\/#breadcrumb","itemListElement":[{"@type":"ListItem","position":1,"name":"Home","item":"https:\/\/proventuss.eu\/ro\/"},{"@type":"ListItem","position":2,"name":"Produse","item":"https:\/\/proventuss.eu\/produse\/"},{"@type":"ListItem","position":3,"name":"DOWSIL 3793"}]},{"@type":"WebSite","@id":"https:\/\/proventuss.eu\/#website","url":"https:\/\/proventuss.eu\/","name":"Proventuss","description":"","potentialAction":[{"@type":"SearchAction","target":{"@type":"EntryPoint","urlTemplate":"https:\/\/proventuss.eu\/?s={search_term_string}"},"query-input":"required name=search_term_string"}],"inLanguage":"ro-RO"}]}},"_links":{"self":[{"href":"https:\/\/proventuss.eu\/ro\/wp-json\/wp\/v2\/product\/10229"}],"collection":[{"href":"https:\/\/proventuss.eu\/ro\/wp-json\/wp\/v2\/product"}],"about":[{"href":"https:\/\/proventuss.eu\/ro\/wp-json\/wp\/v2\/types\/product"}],"replies":[{"embeddable":true,"href":"https:\/\/proventuss.eu\/ro\/wp-json\/wp\/v2\/comments?post=10229"}],"wp:featuredmedia":[{"embeddable":true,"href":"https:\/\/proventuss.eu\/ro\/wp-json\/wp\/v2\/media\/9560"}],"wp:attachment":[{"href":"https:\/\/proventuss.eu\/ro\/wp-json\/wp\/v2\/media?parent=10229"}],"wp:term":[{"taxonomy":"product_cat","embeddable":true,"href":"https:\/\/proventuss.eu\/ro\/wp-json\/wp\/v2\/product_cat?post=10229"},{"taxonomy":"product_tag","embeddable":true,"href":"https:\/\/proventuss.eu\/ro\/wp-json\/wp\/v2\/product_tag?post=10229"}],"curies":[{"name":"wp","href":"https:\/\/api.w.org\/{rel}","templated":true}]}}