{"id":10228,"date":"2022-04-26T08:22:45","date_gmt":"2022-04-26T08:22:45","guid":{"rendered":"https:\/\/proventuss.eu\/produkt\/dowsil-3545-sigilant-siliconic-pentru-geamuri-izolatoare\/"},"modified":"2023-02-10T11:02:21","modified_gmt":"2023-02-10T11:02:21","slug":"dowsil-3545-sigilant-siliconic-pentru-geamuri-izolatoare","status":"publish","type":"product","link":"https:\/\/proventuss.eu\/ro\/produs\/dowsil-3545-sigilant-siliconic-pentru-geamuri-izolatoare\/","title":{"rendered":"DOWSIL 3545 sigilant siliconic pentru geamuri izolatoare"},"content":{"rendered":"<p><strong>SIGILANT SILICONIC MONOCOMPONENT PENTRU FABRICAREA GEAMULUI TERMOIZOLANT<\/strong> cu adeziune ini\u021bial\u0103 imediat\u0103 ce permite manevrarea rapid\u0103 a panourilor de geam izolator.<\/p>\n<p><strong>Caracteristici \u015fi beneficii:<\/strong><br \/>\n-Adeziune ini\u021bial\u0103 imediat\u0103<br \/>\n&#8211; Tehnologie silicon alcoxi monocomponent<br \/>\n&#8211; Gata de utilizare<br \/>\n&#8211; Rezist\u0103 la UV, ozon \u015fi intemperii<br \/>\n&#8211; \u020antrune\u015fte cerin\u021bele EN1279 partea 2\/4<br \/>\n&#8211; Temperatur\u0103 de serviciu \u020bntre -50\u00b0C \u015fi +150\u00b0C<br \/>\n&#8211; Adeziune excelent\u0103 la sticl\u0103 \u015fi diverse distan\u021biere (ex. aluminiu, o\u021bel inoxidabil)<br \/>\n&#8211; \u020ant\u0103rire non-coroziv\u0103<br \/>\n&#8211; Nu con\u021bine solvent, miros sc\u0103zut<br \/>\n&#8211; Absorb\u021bie sc\u0103zut\u0103 a apei<br \/>\n&#8211; Nivel ridicat al propriet\u0103\u021bilor mecanice<br \/>\n&#8211; Nu con\u021bine plastifiant organic care poate cauza efect de cea\u021b\u0103 \u020bn spa\u021biul dintre geamurile izolatoare.<br \/>\n&#8211; Revenire elestic\u0103 mare \u015fi rezisten\u021b\u0103 ridicat\u0103 pentru a limita deplasarea butilului.<br \/>\n&#8211; Manipulare imediat\u0103 a panourilor de geam termoizolant datorit\u0103 adeziunii ini\u021biale ridicat\u0103.<br \/>\n&#8211; \u020ant\u0103rire rapid\u0103<br \/>\n&#8211; Durabilitate ridicat\u0103 datorit\u0103 rezisten\u021bei la temperatur\u0103, ozon \u015fi UV<br \/>\n&#8211; Adecvat pentru aplic\u0103ri manuale sau automatizate<\/p>\n<p><strong>Aplica\u021bii:<\/strong><br \/>\nDowsil 3545 Sigilant siliconic pentru geam termoizolant a fost creat special pentru a oferi o adeziune excep\u021bional\u0103 la sticl\u0103 \u015fi la o gam\u0103 larg\u0103 de distan\u021biere folosite la fabricarea geamului termoizolator \u020bn zone reziden\u021biale. Av\u00e2nd adeziune ini\u021bial\u0103 ridicat\u0103, permite manevrarea rapid\u0103 a panourilor, se int\u0103re\u015fte repede \u020bn prezen\u021ba umidit\u0103\u021bii \u015fi este rezistent UV.<\/p>\n","protected":false},"excerpt":{"rendered":"<p>SIGILANT SILICONIC MONOCOMPONENT PENTRU FABRICAREA GEAMULUI TERMOIZOLANT cu adeziune ini\u021bial\u0103 imediat\u0103 ce permite manevrarea rapid\u0103 a panourilor de geam izolator. Caracteristici \u015fi beneficii: -Adeziune ini\u021bial\u0103 imediat\u0103 &#8211; Tehnologie silicon alcoxi monocomponent &#8211; Gata de utilizare &#8211; Rezist\u0103 la UV, ozon \u015fi intemperii &#8211; \u020antrune\u015fte cerin\u021bele EN1279 partea 2\/4 &#8211; Temperatur\u0103 de serviciu \u020bntre -50\u00b0C \u015fi [&hellip;]<\/p>\n","protected":false},"featured_media":9647,"comment_status":"open","ping_status":"closed","template":"","meta":{"_acf_changed":false},"product_cat":[418],"product_tag":[],"acf":[],"yoast_head":"<!-- This site is optimized with the Yoast SEO plugin v22.9 - https:\/\/yoast.com\/wordpress\/plugins\/seo\/ -->\n<title>DOWSIL 3545 sigilant siliconic pentru geamuri izolatoare - Proventuss<\/title>\n<meta name=\"robots\" content=\"index, follow, max-snippet:-1, max-image-preview:large, max-video-preview:-1\" \/>\n<link rel=\"canonical\" href=\"https:\/\/proventuss.eu\/ro\/produkt\/dowsil-3545-sigilant-siliconic-pentru-geamuri-izolatoare\/\" \/>\n<meta property=\"og:locale\" content=\"ro_RO\" \/>\n<meta property=\"og:type\" content=\"article\" \/>\n<meta property=\"og:title\" content=\"DOWSIL 3545 sigilant siliconic pentru geamuri izolatoare - Proventuss\" \/>\n<meta property=\"og:description\" content=\"SIGILANT SILICONIC MONOCOMPONENT PENTRU FABRICAREA GEAMULUI TERMOIZOLANT cu adeziune ini\u021bial\u0103 imediat\u0103 ce permite manevrarea rapid\u0103 a panourilor de geam izolator. Caracteristici \u015fi beneficii: -Adeziune ini\u021bial\u0103 imediat\u0103 &#8211; Tehnologie silicon alcoxi monocomponent &#8211; Gata de utilizare &#8211; Rezist\u0103 la UV, ozon \u015fi intemperii &#8211; \u020antrune\u015fte cerin\u021bele EN1279 partea 2\/4 &#8211; Temperatur\u0103 de serviciu \u020bntre -50\u00b0C \u015fi [&hellip;]\" \/>\n<meta property=\"og:url\" content=\"https:\/\/proventuss.eu\/ro\/produkt\/dowsil-3545-sigilant-siliconic-pentru-geamuri-izolatoare\/\" \/>\n<meta property=\"og:site_name\" content=\"Proventuss\" \/>\n<meta property=\"article:modified_time\" content=\"2023-02-10T11:02:21+00:00\" \/>\n<meta property=\"og:image\" content=\"https:\/\/proventuss.eu\/wp-content\/uploads\/2022\/04\/3545.jpg\" \/>\n\t<meta property=\"og:image:width\" content=\"640\" \/>\n\t<meta property=\"og:image:height\" content=\"782\" \/>\n\t<meta property=\"og:image:type\" content=\"image\/jpeg\" \/>\n<meta name=\"twitter:card\" content=\"summary_large_image\" \/>\n<meta name=\"twitter:label1\" content=\"Timp estimat pentru citire\" \/>\n\t<meta name=\"twitter:data1\" content=\"2 minute\" \/>\n<script type=\"application\/ld+json\" class=\"yoast-schema-graph\">{\"@context\":\"https:\/\/schema.org\",\"@graph\":[{\"@type\":\"WebPage\",\"@id\":\"https:\/\/proventuss.eu\/ro\/produkt\/dowsil-3545-sigilant-siliconic-pentru-geamuri-izolatoare\/\",\"url\":\"https:\/\/proventuss.eu\/ro\/produkt\/dowsil-3545-sigilant-siliconic-pentru-geamuri-izolatoare\/\",\"name\":\"DOWSIL 3545 sigilant siliconic pentru geamuri izolatoare - Proventuss\",\"isPartOf\":{\"@id\":\"https:\/\/proventuss.eu\/#website\"},\"primaryImageOfPage\":{\"@id\":\"https:\/\/proventuss.eu\/ro\/produkt\/dowsil-3545-sigilant-siliconic-pentru-geamuri-izolatoare\/#primaryimage\"},\"image\":{\"@id\":\"https:\/\/proventuss.eu\/ro\/produkt\/dowsil-3545-sigilant-siliconic-pentru-geamuri-izolatoare\/#primaryimage\"},\"thumbnailUrl\":\"https:\/\/proventuss.eu\/wp-content\/uploads\/2022\/04\/3545.jpg\",\"datePublished\":\"2022-04-26T08:22:45+00:00\",\"dateModified\":\"2023-02-10T11:02:21+00:00\",\"breadcrumb\":{\"@id\":\"https:\/\/proventuss.eu\/ro\/produkt\/dowsil-3545-sigilant-siliconic-pentru-geamuri-izolatoare\/#breadcrumb\"},\"inLanguage\":\"ro-RO\",\"potentialAction\":[{\"@type\":\"ReadAction\",\"target\":[\"https:\/\/proventuss.eu\/ro\/produkt\/dowsil-3545-sigilant-siliconic-pentru-geamuri-izolatoare\/\"]}]},{\"@type\":\"ImageObject\",\"inLanguage\":\"ro-RO\",\"@id\":\"https:\/\/proventuss.eu\/ro\/produkt\/dowsil-3545-sigilant-siliconic-pentru-geamuri-izolatoare\/#primaryimage\",\"url\":\"https:\/\/proventuss.eu\/wp-content\/uploads\/2022\/04\/3545.jpg\",\"contentUrl\":\"https:\/\/proventuss.eu\/wp-content\/uploads\/2022\/04\/3545.jpg\",\"width\":640,\"height\":782},{\"@type\":\"BreadcrumbList\",\"@id\":\"https:\/\/proventuss.eu\/ro\/produkt\/dowsil-3545-sigilant-siliconic-pentru-geamuri-izolatoare\/#breadcrumb\",\"itemListElement\":[{\"@type\":\"ListItem\",\"position\":1,\"name\":\"Home\",\"item\":\"https:\/\/proventuss.eu\/ro\/\"},{\"@type\":\"ListItem\",\"position\":2,\"name\":\"Produse\",\"item\":\"https:\/\/proventuss.eu\/produse\/\"},{\"@type\":\"ListItem\",\"position\":3,\"name\":\"DOWSIL 3545 sigilant siliconic pentru geamuri izolatoare\"}]},{\"@type\":\"WebSite\",\"@id\":\"https:\/\/proventuss.eu\/#website\",\"url\":\"https:\/\/proventuss.eu\/\",\"name\":\"Proventuss\",\"description\":\"\",\"potentialAction\":[{\"@type\":\"SearchAction\",\"target\":{\"@type\":\"EntryPoint\",\"urlTemplate\":\"https:\/\/proventuss.eu\/?s={search_term_string}\"},\"query-input\":\"required name=search_term_string\"}],\"inLanguage\":\"ro-RO\"}]}<\/script>\n<!-- \/ Yoast SEO plugin. -->","yoast_head_json":{"title":"DOWSIL 3545 sigilant siliconic pentru geamuri izolatoare - Proventuss","robots":{"index":"index","follow":"follow","max-snippet":"max-snippet:-1","max-image-preview":"max-image-preview:large","max-video-preview":"max-video-preview:-1"},"canonical":"https:\/\/proventuss.eu\/ro\/produkt\/dowsil-3545-sigilant-siliconic-pentru-geamuri-izolatoare\/","og_locale":"ro_RO","og_type":"article","og_title":"DOWSIL 3545 sigilant siliconic pentru geamuri izolatoare - Proventuss","og_description":"SIGILANT SILICONIC MONOCOMPONENT PENTRU FABRICAREA GEAMULUI TERMOIZOLANT cu adeziune ini\u021bial\u0103 imediat\u0103 ce permite manevrarea rapid\u0103 a panourilor de geam izolator. Caracteristici \u015fi beneficii: -Adeziune ini\u021bial\u0103 imediat\u0103 &#8211; Tehnologie silicon alcoxi monocomponent &#8211; Gata de utilizare &#8211; Rezist\u0103 la UV, ozon \u015fi intemperii &#8211; \u020antrune\u015fte cerin\u021bele EN1279 partea 2\/4 &#8211; Temperatur\u0103 de serviciu \u020bntre -50\u00b0C \u015fi [&hellip;]","og_url":"https:\/\/proventuss.eu\/ro\/produkt\/dowsil-3545-sigilant-siliconic-pentru-geamuri-izolatoare\/","og_site_name":"Proventuss","article_modified_time":"2023-02-10T11:02:21+00:00","og_image":[{"width":640,"height":782,"url":"https:\/\/proventuss.eu\/wp-content\/uploads\/2022\/04\/3545.jpg","type":"image\/jpeg"}],"twitter_card":"summary_large_image","twitter_misc":{"Timp estimat pentru citire":"2 minute"},"schema":{"@context":"https:\/\/schema.org","@graph":[{"@type":"WebPage","@id":"https:\/\/proventuss.eu\/ro\/produkt\/dowsil-3545-sigilant-siliconic-pentru-geamuri-izolatoare\/","url":"https:\/\/proventuss.eu\/ro\/produkt\/dowsil-3545-sigilant-siliconic-pentru-geamuri-izolatoare\/","name":"DOWSIL 3545 sigilant siliconic pentru geamuri izolatoare - Proventuss","isPartOf":{"@id":"https:\/\/proventuss.eu\/#website"},"primaryImageOfPage":{"@id":"https:\/\/proventuss.eu\/ro\/produkt\/dowsil-3545-sigilant-siliconic-pentru-geamuri-izolatoare\/#primaryimage"},"image":{"@id":"https:\/\/proventuss.eu\/ro\/produkt\/dowsil-3545-sigilant-siliconic-pentru-geamuri-izolatoare\/#primaryimage"},"thumbnailUrl":"https:\/\/proventuss.eu\/wp-content\/uploads\/2022\/04\/3545.jpg","datePublished":"2022-04-26T08:22:45+00:00","dateModified":"2023-02-10T11:02:21+00:00","breadcrumb":{"@id":"https:\/\/proventuss.eu\/ro\/produkt\/dowsil-3545-sigilant-siliconic-pentru-geamuri-izolatoare\/#breadcrumb"},"inLanguage":"ro-RO","potentialAction":[{"@type":"ReadAction","target":["https:\/\/proventuss.eu\/ro\/produkt\/dowsil-3545-sigilant-siliconic-pentru-geamuri-izolatoare\/"]}]},{"@type":"ImageObject","inLanguage":"ro-RO","@id":"https:\/\/proventuss.eu\/ro\/produkt\/dowsil-3545-sigilant-siliconic-pentru-geamuri-izolatoare\/#primaryimage","url":"https:\/\/proventuss.eu\/wp-content\/uploads\/2022\/04\/3545.jpg","contentUrl":"https:\/\/proventuss.eu\/wp-content\/uploads\/2022\/04\/3545.jpg","width":640,"height":782},{"@type":"BreadcrumbList","@id":"https:\/\/proventuss.eu\/ro\/produkt\/dowsil-3545-sigilant-siliconic-pentru-geamuri-izolatoare\/#breadcrumb","itemListElement":[{"@type":"ListItem","position":1,"name":"Home","item":"https:\/\/proventuss.eu\/ro\/"},{"@type":"ListItem","position":2,"name":"Produse","item":"https:\/\/proventuss.eu\/produse\/"},{"@type":"ListItem","position":3,"name":"DOWSIL 3545 sigilant siliconic pentru geamuri izolatoare"}]},{"@type":"WebSite","@id":"https:\/\/proventuss.eu\/#website","url":"https:\/\/proventuss.eu\/","name":"Proventuss","description":"","potentialAction":[{"@type":"SearchAction","target":{"@type":"EntryPoint","urlTemplate":"https:\/\/proventuss.eu\/?s={search_term_string}"},"query-input":"required name=search_term_string"}],"inLanguage":"ro-RO"}]}},"_links":{"self":[{"href":"https:\/\/proventuss.eu\/ro\/wp-json\/wp\/v2\/product\/10228"}],"collection":[{"href":"https:\/\/proventuss.eu\/ro\/wp-json\/wp\/v2\/product"}],"about":[{"href":"https:\/\/proventuss.eu\/ro\/wp-json\/wp\/v2\/types\/product"}],"replies":[{"embeddable":true,"href":"https:\/\/proventuss.eu\/ro\/wp-json\/wp\/v2\/comments?post=10228"}],"wp:featuredmedia":[{"embeddable":true,"href":"https:\/\/proventuss.eu\/ro\/wp-json\/wp\/v2\/media\/9647"}],"wp:attachment":[{"href":"https:\/\/proventuss.eu\/ro\/wp-json\/wp\/v2\/media?parent=10228"}],"wp:term":[{"taxonomy":"product_cat","embeddable":true,"href":"https:\/\/proventuss.eu\/ro\/wp-json\/wp\/v2\/product_cat?post=10228"},{"taxonomy":"product_tag","embeddable":true,"href":"https:\/\/proventuss.eu\/ro\/wp-json\/wp\/v2\/product_tag?post=10228"}],"curies":[{"name":"wp","href":"https:\/\/api.w.org\/{rel}","templated":true}]}}