{"id":10226,"date":"2022-04-26T08:20:03","date_gmt":"2022-04-26T08:20:03","guid":{"rendered":"https:\/\/proventuss.eu\/produkt\/dowsil-3362\/"},"modified":"2022-04-26T08:20:03","modified_gmt":"2022-04-26T08:20:03","slug":"dowsil-3362","status":"publish","type":"product","link":"https:\/\/proventuss.eu\/ro\/produs\/dowsil-3362\/","title":{"rendered":"DOWSIL 3362"},"content":{"rendered":"<p><strong>SIGILANT SILICONIC BICOMPONENT, NEUTRAL, UTILIZAT LA FABRICAREA GEAMULUI TERMOIZOLATOR PENTRU FA\u021aADELE STRUCTURALE<\/strong><br \/>\nSigilant specializat, conceput pentru a fi utilizat ca etan\u015fant secundar la geamurile termoizolante utilizate la fa\u021badele structurale. Asigur\u0103 o adeziune excelent\u0103 la o varietate de substraturi inclusiv sticl\u0103 float, sticl\u0103 cu pelicul\u0103 dur\u0103 sau<br \/>\nmoale, sticl\u0103 Low-E, sticl\u0103 laminat\u0103 sau emailat\u0103. Sigilantul poate fi folosit pentru orice geamuri izolatoare cu sticle speciale \u015fi obi\u015fnuite, care pot fi afectate de condi\u021bii extreme: impact UV extrem, \u020bnc\u0103rcare climatic\u0103 extrem\u0103, temperaturi \u020bnalte sau joase<br \/>\ndar \u015fi umiditate ridicat\u0103.<\/p>\n<p><strong>Beneficii:<\/strong><br \/>\n&#8211; Marcajul CE conform ETAG 002 \u020bntrune\u015fte cerin\u021bele siliconului conform EN1279 partea 4 \u015fi 6 \u015fi EN13022<br \/>\n&#8211; \u020ant\u0103rire rapid\u0103 \u015fi non-coroziv\u0103<br \/>\n&#8211; Aderen\u021b\u0103 excelent\u0103 la o gam\u0103 larg\u0103 de substraturi, inclusiv sticl\u0103 cu pelicule sau sticle reflexive, distan\u021biere din aluminiu sau o\u021bel \u015fi o varietate de materiale plastice.<br \/>\n&#8211; Rezisten\u021b\u0103 excelent\u0103 la ozon \u015fi radia\u021bii UV<br \/>\n&#8211; Nivel ridicat al propriet\u0103\u021bilor mecanice \u2013 modul ridicat<br \/>\n&#8211; Stabiltate excelent\u0103 la temperatur\u0103<br \/>\n&#8211; Disponibil \u020bn culoarea alb, diferite nuan\u021be de gri \u015fi negru<\/p>\n<p><strong>Ambalare\/culori:<\/strong><br \/>\nBaz\u0103: butoi 250 kg. Culoare: alb<br \/>\nCatalizator: HV\/GER g\u0103leat\u0103 25 kg. Culoare: gri deschis\/mediu\/\u020bnchis, transparent, negru<\/p>\n","protected":false},"excerpt":{"rendered":"<p>SIGILANT SILICONIC BICOMPONENT, NEUTRAL, UTILIZAT LA FABRICAREA GEAMULUI TERMOIZOLATOR PENTRU FA\u021aADELE STRUCTURALE Sigilant specializat, conceput pentru a fi utilizat ca etan\u015fant secundar la geamurile termoizolante utilizate la fa\u021badele structurale. Asigur\u0103 o adeziune excelent\u0103 la o varietate de substraturi inclusiv sticl\u0103 float, sticl\u0103 cu pelicul\u0103 dur\u0103 sau moale, sticl\u0103 Low-E, sticl\u0103 laminat\u0103 sau emailat\u0103. Sigilantul poate [&hellip;]<\/p>\n","protected":false},"featured_media":9644,"comment_status":"open","ping_status":"closed","template":"","meta":{"_acf_changed":false},"product_cat":[418],"product_tag":[],"acf":[],"yoast_head":"<!-- This site is optimized with the Yoast SEO plugin v22.9 - https:\/\/yoast.com\/wordpress\/plugins\/seo\/ -->\n<title>DOWSIL 3362 - Proventuss<\/title>\n<meta name=\"robots\" content=\"index, follow, max-snippet:-1, max-image-preview:large, max-video-preview:-1\" \/>\n<link rel=\"canonical\" href=\"https:\/\/proventuss.eu\/ro\/produkt\/dowsil-3362\/\" \/>\n<meta property=\"og:locale\" content=\"ro_RO\" \/>\n<meta property=\"og:type\" content=\"article\" \/>\n<meta property=\"og:title\" content=\"DOWSIL 3362 - Proventuss\" \/>\n<meta property=\"og:description\" content=\"SIGILANT SILICONIC BICOMPONENT, NEUTRAL, UTILIZAT LA FABRICAREA GEAMULUI TERMOIZOLATOR PENTRU FA\u021aADELE STRUCTURALE Sigilant specializat, conceput pentru a fi utilizat ca etan\u015fant secundar la geamurile termoizolante utilizate la fa\u021badele structurale. Asigur\u0103 o adeziune excelent\u0103 la o varietate de substraturi inclusiv sticl\u0103 float, sticl\u0103 cu pelicul\u0103 dur\u0103 sau moale, sticl\u0103 Low-E, sticl\u0103 laminat\u0103 sau emailat\u0103. Sigilantul poate [&hellip;]\" \/>\n<meta property=\"og:url\" content=\"https:\/\/proventuss.eu\/ro\/produkt\/dowsil-3362\/\" \/>\n<meta property=\"og:site_name\" content=\"Proventuss\" \/>\n<meta property=\"og:image\" content=\"https:\/\/proventuss.eu\/wp-content\/uploads\/2022\/04\/3362.jpg\" \/>\n\t<meta property=\"og:image:width\" content=\"640\" \/>\n\t<meta property=\"og:image:height\" content=\"905\" \/>\n\t<meta property=\"og:image:type\" content=\"image\/jpeg\" \/>\n<meta name=\"twitter:card\" content=\"summary_large_image\" \/>\n<meta name=\"twitter:label1\" content=\"Timp estimat pentru citire\" \/>\n\t<meta name=\"twitter:data1\" content=\"1 minut\" \/>\n<script type=\"application\/ld+json\" class=\"yoast-schema-graph\">{\"@context\":\"https:\/\/schema.org\",\"@graph\":[{\"@type\":\"WebPage\",\"@id\":\"https:\/\/proventuss.eu\/ro\/produkt\/dowsil-3362\/\",\"url\":\"https:\/\/proventuss.eu\/ro\/produkt\/dowsil-3362\/\",\"name\":\"DOWSIL 3362 - Proventuss\",\"isPartOf\":{\"@id\":\"https:\/\/proventuss.eu\/#website\"},\"primaryImageOfPage\":{\"@id\":\"https:\/\/proventuss.eu\/ro\/produkt\/dowsil-3362\/#primaryimage\"},\"image\":{\"@id\":\"https:\/\/proventuss.eu\/ro\/produkt\/dowsil-3362\/#primaryimage\"},\"thumbnailUrl\":\"https:\/\/proventuss.eu\/wp-content\/uploads\/2022\/04\/3362.jpg\",\"datePublished\":\"2022-04-26T08:20:03+00:00\",\"dateModified\":\"2022-04-26T08:20:03+00:00\",\"breadcrumb\":{\"@id\":\"https:\/\/proventuss.eu\/ro\/produkt\/dowsil-3362\/#breadcrumb\"},\"inLanguage\":\"ro-RO\",\"potentialAction\":[{\"@type\":\"ReadAction\",\"target\":[\"https:\/\/proventuss.eu\/ro\/produkt\/dowsil-3362\/\"]}]},{\"@type\":\"ImageObject\",\"inLanguage\":\"ro-RO\",\"@id\":\"https:\/\/proventuss.eu\/ro\/produkt\/dowsil-3362\/#primaryimage\",\"url\":\"https:\/\/proventuss.eu\/wp-content\/uploads\/2022\/04\/3362.jpg\",\"contentUrl\":\"https:\/\/proventuss.eu\/wp-content\/uploads\/2022\/04\/3362.jpg\",\"width\":640,\"height\":905},{\"@type\":\"BreadcrumbList\",\"@id\":\"https:\/\/proventuss.eu\/ro\/produkt\/dowsil-3362\/#breadcrumb\",\"itemListElement\":[{\"@type\":\"ListItem\",\"position\":1,\"name\":\"Home\",\"item\":\"https:\/\/proventuss.eu\/ro\/\"},{\"@type\":\"ListItem\",\"position\":2,\"name\":\"Produse\",\"item\":\"https:\/\/proventuss.eu\/produse\/\"},{\"@type\":\"ListItem\",\"position\":3,\"name\":\"DOWSIL 3362\"}]},{\"@type\":\"WebSite\",\"@id\":\"https:\/\/proventuss.eu\/#website\",\"url\":\"https:\/\/proventuss.eu\/\",\"name\":\"Proventuss\",\"description\":\"\",\"potentialAction\":[{\"@type\":\"SearchAction\",\"target\":{\"@type\":\"EntryPoint\",\"urlTemplate\":\"https:\/\/proventuss.eu\/?s={search_term_string}\"},\"query-input\":\"required name=search_term_string\"}],\"inLanguage\":\"ro-RO\"}]}<\/script>\n<!-- \/ Yoast SEO plugin. -->","yoast_head_json":{"title":"DOWSIL 3362 - Proventuss","robots":{"index":"index","follow":"follow","max-snippet":"max-snippet:-1","max-image-preview":"max-image-preview:large","max-video-preview":"max-video-preview:-1"},"canonical":"https:\/\/proventuss.eu\/ro\/produkt\/dowsil-3362\/","og_locale":"ro_RO","og_type":"article","og_title":"DOWSIL 3362 - Proventuss","og_description":"SIGILANT SILICONIC BICOMPONENT, NEUTRAL, UTILIZAT LA FABRICAREA GEAMULUI TERMOIZOLATOR PENTRU FA\u021aADELE STRUCTURALE Sigilant specializat, conceput pentru a fi utilizat ca etan\u015fant secundar la geamurile termoizolante utilizate la fa\u021badele structurale. Asigur\u0103 o adeziune excelent\u0103 la o varietate de substraturi inclusiv sticl\u0103 float, sticl\u0103 cu pelicul\u0103 dur\u0103 sau moale, sticl\u0103 Low-E, sticl\u0103 laminat\u0103 sau emailat\u0103. Sigilantul poate [&hellip;]","og_url":"https:\/\/proventuss.eu\/ro\/produkt\/dowsil-3362\/","og_site_name":"Proventuss","og_image":[{"width":640,"height":905,"url":"https:\/\/proventuss.eu\/wp-content\/uploads\/2022\/04\/3362.jpg","type":"image\/jpeg"}],"twitter_card":"summary_large_image","twitter_misc":{"Timp estimat pentru citire":"1 minut"},"schema":{"@context":"https:\/\/schema.org","@graph":[{"@type":"WebPage","@id":"https:\/\/proventuss.eu\/ro\/produkt\/dowsil-3362\/","url":"https:\/\/proventuss.eu\/ro\/produkt\/dowsil-3362\/","name":"DOWSIL 3362 - Proventuss","isPartOf":{"@id":"https:\/\/proventuss.eu\/#website"},"primaryImageOfPage":{"@id":"https:\/\/proventuss.eu\/ro\/produkt\/dowsil-3362\/#primaryimage"},"image":{"@id":"https:\/\/proventuss.eu\/ro\/produkt\/dowsil-3362\/#primaryimage"},"thumbnailUrl":"https:\/\/proventuss.eu\/wp-content\/uploads\/2022\/04\/3362.jpg","datePublished":"2022-04-26T08:20:03+00:00","dateModified":"2022-04-26T08:20:03+00:00","breadcrumb":{"@id":"https:\/\/proventuss.eu\/ro\/produkt\/dowsil-3362\/#breadcrumb"},"inLanguage":"ro-RO","potentialAction":[{"@type":"ReadAction","target":["https:\/\/proventuss.eu\/ro\/produkt\/dowsil-3362\/"]}]},{"@type":"ImageObject","inLanguage":"ro-RO","@id":"https:\/\/proventuss.eu\/ro\/produkt\/dowsil-3362\/#primaryimage","url":"https:\/\/proventuss.eu\/wp-content\/uploads\/2022\/04\/3362.jpg","contentUrl":"https:\/\/proventuss.eu\/wp-content\/uploads\/2022\/04\/3362.jpg","width":640,"height":905},{"@type":"BreadcrumbList","@id":"https:\/\/proventuss.eu\/ro\/produkt\/dowsil-3362\/#breadcrumb","itemListElement":[{"@type":"ListItem","position":1,"name":"Home","item":"https:\/\/proventuss.eu\/ro\/"},{"@type":"ListItem","position":2,"name":"Produse","item":"https:\/\/proventuss.eu\/produse\/"},{"@type":"ListItem","position":3,"name":"DOWSIL 3362"}]},{"@type":"WebSite","@id":"https:\/\/proventuss.eu\/#website","url":"https:\/\/proventuss.eu\/","name":"Proventuss","description":"","potentialAction":[{"@type":"SearchAction","target":{"@type":"EntryPoint","urlTemplate":"https:\/\/proventuss.eu\/?s={search_term_string}"},"query-input":"required name=search_term_string"}],"inLanguage":"ro-RO"}]}},"_links":{"self":[{"href":"https:\/\/proventuss.eu\/ro\/wp-json\/wp\/v2\/product\/10226"}],"collection":[{"href":"https:\/\/proventuss.eu\/ro\/wp-json\/wp\/v2\/product"}],"about":[{"href":"https:\/\/proventuss.eu\/ro\/wp-json\/wp\/v2\/types\/product"}],"replies":[{"embeddable":true,"href":"https:\/\/proventuss.eu\/ro\/wp-json\/wp\/v2\/comments?post=10226"}],"wp:featuredmedia":[{"embeddable":true,"href":"https:\/\/proventuss.eu\/ro\/wp-json\/wp\/v2\/media\/9644"}],"wp:attachment":[{"href":"https:\/\/proventuss.eu\/ro\/wp-json\/wp\/v2\/media?parent=10226"}],"wp:term":[{"taxonomy":"product_cat","embeddable":true,"href":"https:\/\/proventuss.eu\/ro\/wp-json\/wp\/v2\/product_cat?post=10226"},{"taxonomy":"product_tag","embeddable":true,"href":"https:\/\/proventuss.eu\/ro\/wp-json\/wp\/v2\/product_tag?post=10226"}],"curies":[{"name":"wp","href":"https:\/\/api.w.org\/{rel}","templated":true}]}}