{"id":10225,"date":"2022-04-26T11:55:24","date_gmt":"2022-04-26T11:55:24","guid":{"rendered":"https:\/\/proventuss.eu\/produkt\/dowsil-primer-p\/"},"modified":"2022-04-26T11:55:24","modified_gmt":"2022-04-26T11:55:24","slug":"dowsil-primer-p","status":"publish","type":"product","link":"https:\/\/proventuss.eu\/ro\/produs\/dowsil-primer-p\/","title":{"rendered":"DOWSIL Primer P"},"content":{"rendered":"<p>DOWSIL Primer P \u2013 primer pentru construc\u021bii, a fost creat pentru a \u020bmbun\u0103t\u0103\u021bi adeziunea sigilan\u021bilor siliconici pe substraturi poroase.<\/p>\n<p>\u020ambun\u0103t\u0103\u021be\u015fte adeziunea sigilantilor silconici pe substraturi ca:<br \/>\n&#8211; beton<br \/>\n&#8211; c\u0103r\u0103mid\u0103<br \/>\n&#8211; piatr\u0103 natural\u0103<br \/>\n&#8211; fibrociment<br \/>\n&#8211; r\u0103\u015fini<br \/>\n&#8211; metal<br \/>\nL\u0103s\u0103\u021bi primerul s\u0103 se usuce la aer, la temperatura de 25\u00b0C pentru minim 30 de minute inainte s\u0103 aplica\u021bi sigilantul. Sigilantul ar trebui aplicat \u020bn decursul a 8h de la aplicarea primerului<\/p>\n<p><strong>Ambalare: <\/strong><br \/>\nFlacon 500 ml<br \/>\n<strong>Culoare:<\/strong> transparent<\/p>\n","protected":false},"excerpt":{"rendered":"<p>DOWSIL Primer P \u2013 primer pentru construc\u021bii, a fost creat pentru a \u020bmbun\u0103t\u0103\u021bi adeziunea sigilan\u021bilor siliconici pe substraturi poroase. \u020ambun\u0103t\u0103\u021be\u015fte adeziunea sigilantilor silconici pe substraturi ca: &#8211; beton &#8211; c\u0103r\u0103mid\u0103 &#8211; piatr\u0103 natural\u0103 &#8211; fibrociment &#8211; r\u0103\u015fini &#8211; metal L\u0103s\u0103\u021bi primerul s\u0103 se usuce la aer, la temperatura de 25\u00b0C pentru minim 30 de minute [&hellip;]<\/p>\n","protected":false},"featured_media":10049,"comment_status":"open","ping_status":"closed","template":"","meta":{"_acf_changed":false},"product_cat":[402,408,406],"product_tag":[],"acf":[],"yoast_head":"<!-- This site is optimized with the Yoast SEO plugin v22.9 - https:\/\/yoast.com\/wordpress\/plugins\/seo\/ -->\n<title>DOWSIL Primer P - Proventuss<\/title>\n<meta name=\"robots\" content=\"index, follow, max-snippet:-1, max-image-preview:large, max-video-preview:-1\" \/>\n<link rel=\"canonical\" href=\"https:\/\/proventuss.eu\/ro\/produkt\/dowsil-primer-p\/\" \/>\n<meta property=\"og:locale\" content=\"ro_RO\" \/>\n<meta property=\"og:type\" content=\"article\" \/>\n<meta property=\"og:title\" content=\"DOWSIL Primer P - Proventuss\" \/>\n<meta property=\"og:description\" content=\"DOWSIL Primer P \u2013 primer pentru construc\u021bii, a fost creat pentru a \u020bmbun\u0103t\u0103\u021bi adeziunea sigilan\u021bilor siliconici pe substraturi poroase. \u020ambun\u0103t\u0103\u021be\u015fte adeziunea sigilantilor silconici pe substraturi ca: &#8211; beton &#8211; c\u0103r\u0103mid\u0103 &#8211; piatr\u0103 natural\u0103 &#8211; fibrociment &#8211; r\u0103\u015fini &#8211; metal L\u0103s\u0103\u021bi primerul s\u0103 se usuce la aer, la temperatura de 25\u00b0C pentru minim 30 de minute [&hellip;]\" \/>\n<meta property=\"og:url\" content=\"https:\/\/proventuss.eu\/ro\/produkt\/dowsil-primer-p\/\" \/>\n<meta property=\"og:site_name\" content=\"Proventuss\" \/>\n<meta property=\"og:image\" content=\"https:\/\/proventuss.eu\/wp-content\/uploads\/2022\/04\/Dowsil-Primer-P2.webp\" \/>\n\t<meta property=\"og:image:width\" content=\"640\" \/>\n\t<meta property=\"og:image:height\" content=\"792\" \/>\n\t<meta property=\"og:image:type\" content=\"image\/webp\" \/>\n<meta name=\"twitter:card\" content=\"summary_large_image\" \/>\n<script type=\"application\/ld+json\" class=\"yoast-schema-graph\">{\"@context\":\"https:\/\/schema.org\",\"@graph\":[{\"@type\":\"WebPage\",\"@id\":\"https:\/\/proventuss.eu\/ro\/produkt\/dowsil-primer-p\/\",\"url\":\"https:\/\/proventuss.eu\/ro\/produkt\/dowsil-primer-p\/\",\"name\":\"DOWSIL Primer P - Proventuss\",\"isPartOf\":{\"@id\":\"https:\/\/proventuss.eu\/#website\"},\"primaryImageOfPage\":{\"@id\":\"https:\/\/proventuss.eu\/ro\/produkt\/dowsil-primer-p\/#primaryimage\"},\"image\":{\"@id\":\"https:\/\/proventuss.eu\/ro\/produkt\/dowsil-primer-p\/#primaryimage\"},\"thumbnailUrl\":\"https:\/\/proventuss.eu\/wp-content\/uploads\/2022\/04\/Dowsil-Primer-P2.webp\",\"datePublished\":\"2022-04-26T11:55:24+00:00\",\"dateModified\":\"2022-04-26T11:55:24+00:00\",\"breadcrumb\":{\"@id\":\"https:\/\/proventuss.eu\/ro\/produkt\/dowsil-primer-p\/#breadcrumb\"},\"inLanguage\":\"ro-RO\",\"potentialAction\":[{\"@type\":\"ReadAction\",\"target\":[\"https:\/\/proventuss.eu\/ro\/produkt\/dowsil-primer-p\/\"]}]},{\"@type\":\"ImageObject\",\"inLanguage\":\"ro-RO\",\"@id\":\"https:\/\/proventuss.eu\/ro\/produkt\/dowsil-primer-p\/#primaryimage\",\"url\":\"https:\/\/proventuss.eu\/wp-content\/uploads\/2022\/04\/Dowsil-Primer-P2.webp\",\"contentUrl\":\"https:\/\/proventuss.eu\/wp-content\/uploads\/2022\/04\/Dowsil-Primer-P2.webp\",\"width\":640,\"height\":792},{\"@type\":\"BreadcrumbList\",\"@id\":\"https:\/\/proventuss.eu\/ro\/produkt\/dowsil-primer-p\/#breadcrumb\",\"itemListElement\":[{\"@type\":\"ListItem\",\"position\":1,\"name\":\"Home\",\"item\":\"https:\/\/proventuss.eu\/ro\/\"},{\"@type\":\"ListItem\",\"position\":2,\"name\":\"Produse\",\"item\":\"https:\/\/proventuss.eu\/produse\/\"},{\"@type\":\"ListItem\",\"position\":3,\"name\":\"DOWSIL Primer P\"}]},{\"@type\":\"WebSite\",\"@id\":\"https:\/\/proventuss.eu\/#website\",\"url\":\"https:\/\/proventuss.eu\/\",\"name\":\"Proventuss\",\"description\":\"\",\"potentialAction\":[{\"@type\":\"SearchAction\",\"target\":{\"@type\":\"EntryPoint\",\"urlTemplate\":\"https:\/\/proventuss.eu\/?s={search_term_string}\"},\"query-input\":\"required name=search_term_string\"}],\"inLanguage\":\"ro-RO\"}]}<\/script>\n<!-- \/ Yoast SEO plugin. -->","yoast_head_json":{"title":"DOWSIL Primer P - Proventuss","robots":{"index":"index","follow":"follow","max-snippet":"max-snippet:-1","max-image-preview":"max-image-preview:large","max-video-preview":"max-video-preview:-1"},"canonical":"https:\/\/proventuss.eu\/ro\/produkt\/dowsil-primer-p\/","og_locale":"ro_RO","og_type":"article","og_title":"DOWSIL Primer P - Proventuss","og_description":"DOWSIL Primer P \u2013 primer pentru construc\u021bii, a fost creat pentru a \u020bmbun\u0103t\u0103\u021bi adeziunea sigilan\u021bilor siliconici pe substraturi poroase. \u020ambun\u0103t\u0103\u021be\u015fte adeziunea sigilantilor silconici pe substraturi ca: &#8211; beton &#8211; c\u0103r\u0103mid\u0103 &#8211; piatr\u0103 natural\u0103 &#8211; fibrociment &#8211; r\u0103\u015fini &#8211; metal L\u0103s\u0103\u021bi primerul s\u0103 se usuce la aer, la temperatura de 25\u00b0C pentru minim 30 de minute [&hellip;]","og_url":"https:\/\/proventuss.eu\/ro\/produkt\/dowsil-primer-p\/","og_site_name":"Proventuss","og_image":[{"width":640,"height":792,"url":"https:\/\/proventuss.eu\/wp-content\/uploads\/2022\/04\/Dowsil-Primer-P2.webp","type":"image\/webp"}],"twitter_card":"summary_large_image","schema":{"@context":"https:\/\/schema.org","@graph":[{"@type":"WebPage","@id":"https:\/\/proventuss.eu\/ro\/produkt\/dowsil-primer-p\/","url":"https:\/\/proventuss.eu\/ro\/produkt\/dowsil-primer-p\/","name":"DOWSIL Primer P - Proventuss","isPartOf":{"@id":"https:\/\/proventuss.eu\/#website"},"primaryImageOfPage":{"@id":"https:\/\/proventuss.eu\/ro\/produkt\/dowsil-primer-p\/#primaryimage"},"image":{"@id":"https:\/\/proventuss.eu\/ro\/produkt\/dowsil-primer-p\/#primaryimage"},"thumbnailUrl":"https:\/\/proventuss.eu\/wp-content\/uploads\/2022\/04\/Dowsil-Primer-P2.webp","datePublished":"2022-04-26T11:55:24+00:00","dateModified":"2022-04-26T11:55:24+00:00","breadcrumb":{"@id":"https:\/\/proventuss.eu\/ro\/produkt\/dowsil-primer-p\/#breadcrumb"},"inLanguage":"ro-RO","potentialAction":[{"@type":"ReadAction","target":["https:\/\/proventuss.eu\/ro\/produkt\/dowsil-primer-p\/"]}]},{"@type":"ImageObject","inLanguage":"ro-RO","@id":"https:\/\/proventuss.eu\/ro\/produkt\/dowsil-primer-p\/#primaryimage","url":"https:\/\/proventuss.eu\/wp-content\/uploads\/2022\/04\/Dowsil-Primer-P2.webp","contentUrl":"https:\/\/proventuss.eu\/wp-content\/uploads\/2022\/04\/Dowsil-Primer-P2.webp","width":640,"height":792},{"@type":"BreadcrumbList","@id":"https:\/\/proventuss.eu\/ro\/produkt\/dowsil-primer-p\/#breadcrumb","itemListElement":[{"@type":"ListItem","position":1,"name":"Home","item":"https:\/\/proventuss.eu\/ro\/"},{"@type":"ListItem","position":2,"name":"Produse","item":"https:\/\/proventuss.eu\/produse\/"},{"@type":"ListItem","position":3,"name":"DOWSIL Primer P"}]},{"@type":"WebSite","@id":"https:\/\/proventuss.eu\/#website","url":"https:\/\/proventuss.eu\/","name":"Proventuss","description":"","potentialAction":[{"@type":"SearchAction","target":{"@type":"EntryPoint","urlTemplate":"https:\/\/proventuss.eu\/?s={search_term_string}"},"query-input":"required name=search_term_string"}],"inLanguage":"ro-RO"}]}},"_links":{"self":[{"href":"https:\/\/proventuss.eu\/ro\/wp-json\/wp\/v2\/product\/10225"}],"collection":[{"href":"https:\/\/proventuss.eu\/ro\/wp-json\/wp\/v2\/product"}],"about":[{"href":"https:\/\/proventuss.eu\/ro\/wp-json\/wp\/v2\/types\/product"}],"replies":[{"embeddable":true,"href":"https:\/\/proventuss.eu\/ro\/wp-json\/wp\/v2\/comments?post=10225"}],"wp:featuredmedia":[{"embeddable":true,"href":"https:\/\/proventuss.eu\/ro\/wp-json\/wp\/v2\/media\/10049"}],"wp:attachment":[{"href":"https:\/\/proventuss.eu\/ro\/wp-json\/wp\/v2\/media?parent=10225"}],"wp:term":[{"taxonomy":"product_cat","embeddable":true,"href":"https:\/\/proventuss.eu\/ro\/wp-json\/wp\/v2\/product_cat?post=10225"},{"taxonomy":"product_tag","embeddable":true,"href":"https:\/\/proventuss.eu\/ro\/wp-json\/wp\/v2\/product_tag?post=10225"}],"curies":[{"name":"wp","href":"https:\/\/api.w.org\/{rel}","templated":true}]}}