{"id":10222,"date":"2022-04-20T08:30:42","date_gmt":"2022-04-20T08:30:42","guid":{"rendered":"https:\/\/proventuss.eu\/produkt\/dowsil-896\/"},"modified":"2022-04-20T08:30:42","modified_gmt":"2022-04-20T08:30:42","slug":"dowsil-896","status":"publish","type":"product","link":"https:\/\/proventuss.eu\/ro\/produs\/dowsil-896\/","title":{"rendered":"DOWSIL 896"},"content":{"rendered":"<p><strong>ADEZIV SILICONIC NEUTRAL CU ADEZIUNE INI\u021aIAL\u0102 IMEDIAT\u0102<\/strong><br \/>\nSilicon monocomponent creat special pentru aplica\u021bii de lipire a\u00a0 \u00a0 \u00a0 panourilor la\u00a0 \u00a0 \u00a0 \u00a0 sistemele de fa\u021bade ventilate pe structuri de metal. Asigur\u0103 adeziune excelent\u0103, f\u0103r\u0103 primer, pe majoritatea substraturilor folosite la sistemele de fa\u021bade ventilate.<\/p>\n<p><strong>Beneficii:<\/strong><br \/>\n&#8211; Produs monocomponent, u\u015for de folosit \u020bn \u015fantier<br \/>\n&#8211; Adeziune ini\u021bial\u0103 imediat\u0103, la scurt timp dup\u0103 aplicare<br \/>\n&#8211; Consisten\u021b\u0103 stabil\u0103, f\u0103r\u0103 contrac\u021bie<br \/>\n&#8211; Adeziv siliconic de \u020bnalt\u0103 rezisten\u021b\u0103, av\u00e2nd capacitate structural\u0103<br \/>\n&#8211; Adeziv siliconic pentru lipiri elastice<br \/>\n&#8211; Rezisten\u021b\u0103 excelent\u0103 la umiditate, radia\u021bii UV<br \/>\n&#8211; Stabilitate excelent\u0103 la o gam\u0103 larg\u0103 de temperaturi<br \/>\n&#8211; Marcaj CE conform EN 12004<\/p>\n<p><strong>Ambalare:<\/strong><br \/>\nSalam 600 ml<br \/>\n<strong>Culori:<\/strong><br \/>\nNegru, alb<\/p>\n","protected":false},"excerpt":{"rendered":"<p>ADEZIV SILICONIC NEUTRAL CU ADEZIUNE INI\u021aIAL\u0102 IMEDIAT\u0102 Silicon monocomponent creat special pentru aplica\u021bii de lipire a\u00a0 \u00a0 \u00a0 panourilor la\u00a0 \u00a0 \u00a0 \u00a0 sistemele de fa\u021bade ventilate pe structuri de metal. Asigur\u0103 adeziune excelent\u0103, f\u0103r\u0103 primer, pe majoritatea substraturilor folosite la sistemele de fa\u021bade ventilate. Beneficii: &#8211; Produs monocomponent, u\u015for de folosit \u020bn \u015fantier &#8211; [&hellip;]<\/p>\n","protected":false},"featured_media":9642,"comment_status":"open","ping_status":"closed","template":"","meta":{"_acf_changed":false},"product_cat":[408],"product_tag":[],"acf":[],"yoast_head":"<!-- This site is optimized with the Yoast SEO plugin v22.9 - https:\/\/yoast.com\/wordpress\/plugins\/seo\/ -->\n<title>DOWSIL 896 - Proventuss<\/title>\n<meta name=\"robots\" content=\"index, follow, max-snippet:-1, max-image-preview:large, max-video-preview:-1\" \/>\n<link rel=\"canonical\" href=\"https:\/\/proventuss.eu\/ro\/produkt\/dowsil-896\/\" \/>\n<meta property=\"og:locale\" content=\"ro_RO\" \/>\n<meta property=\"og:type\" content=\"article\" \/>\n<meta property=\"og:title\" content=\"DOWSIL 896 - Proventuss\" \/>\n<meta property=\"og:description\" content=\"ADEZIV SILICONIC NEUTRAL CU ADEZIUNE INI\u021aIAL\u0102 IMEDIAT\u0102 Silicon monocomponent creat special pentru aplica\u021bii de lipire a\u00a0 \u00a0 \u00a0 panourilor la\u00a0 \u00a0 \u00a0 \u00a0 sistemele de fa\u021bade ventilate pe structuri de metal. Asigur\u0103 adeziune excelent\u0103, f\u0103r\u0103 primer, pe majoritatea substraturilor folosite la sistemele de fa\u021bade ventilate. Beneficii: &#8211; Produs monocomponent, u\u015for de folosit \u020bn \u015fantier &#8211; [&hellip;]\" \/>\n<meta property=\"og:url\" content=\"https:\/\/proventuss.eu\/ro\/produkt\/dowsil-896\/\" \/>\n<meta property=\"og:site_name\" content=\"Proventuss\" \/>\n<meta property=\"og:image\" content=\"https:\/\/proventuss.eu\/wp-content\/uploads\/2022\/04\/896.jpg\" \/>\n\t<meta property=\"og:image:width\" content=\"408\" \/>\n\t<meta property=\"og:image:height\" content=\"1136\" \/>\n\t<meta property=\"og:image:type\" content=\"image\/jpeg\" \/>\n<meta name=\"twitter:card\" content=\"summary_large_image\" \/>\n<meta name=\"twitter:label1\" content=\"Timp estimat pentru citire\" \/>\n\t<meta name=\"twitter:data1\" content=\"1 minut\" \/>\n<script type=\"application\/ld+json\" class=\"yoast-schema-graph\">{\"@context\":\"https:\/\/schema.org\",\"@graph\":[{\"@type\":\"WebPage\",\"@id\":\"https:\/\/proventuss.eu\/ro\/produkt\/dowsil-896\/\",\"url\":\"https:\/\/proventuss.eu\/ro\/produkt\/dowsil-896\/\",\"name\":\"DOWSIL 896 - Proventuss\",\"isPartOf\":{\"@id\":\"https:\/\/proventuss.eu\/#website\"},\"primaryImageOfPage\":{\"@id\":\"https:\/\/proventuss.eu\/ro\/produkt\/dowsil-896\/#primaryimage\"},\"image\":{\"@id\":\"https:\/\/proventuss.eu\/ro\/produkt\/dowsil-896\/#primaryimage\"},\"thumbnailUrl\":\"https:\/\/proventuss.eu\/wp-content\/uploads\/2022\/04\/896.jpg\",\"datePublished\":\"2022-04-20T08:30:42+00:00\",\"dateModified\":\"2022-04-20T08:30:42+00:00\",\"breadcrumb\":{\"@id\":\"https:\/\/proventuss.eu\/ro\/produkt\/dowsil-896\/#breadcrumb\"},\"inLanguage\":\"ro-RO\",\"potentialAction\":[{\"@type\":\"ReadAction\",\"target\":[\"https:\/\/proventuss.eu\/ro\/produkt\/dowsil-896\/\"]}]},{\"@type\":\"ImageObject\",\"inLanguage\":\"ro-RO\",\"@id\":\"https:\/\/proventuss.eu\/ro\/produkt\/dowsil-896\/#primaryimage\",\"url\":\"https:\/\/proventuss.eu\/wp-content\/uploads\/2022\/04\/896.jpg\",\"contentUrl\":\"https:\/\/proventuss.eu\/wp-content\/uploads\/2022\/04\/896.jpg\",\"width\":408,\"height\":1136},{\"@type\":\"BreadcrumbList\",\"@id\":\"https:\/\/proventuss.eu\/ro\/produkt\/dowsil-896\/#breadcrumb\",\"itemListElement\":[{\"@type\":\"ListItem\",\"position\":1,\"name\":\"Home\",\"item\":\"https:\/\/proventuss.eu\/ro\/\"},{\"@type\":\"ListItem\",\"position\":2,\"name\":\"Produse\",\"item\":\"https:\/\/proventuss.eu\/produse\/\"},{\"@type\":\"ListItem\",\"position\":3,\"name\":\"DOWSIL 896\"}]},{\"@type\":\"WebSite\",\"@id\":\"https:\/\/proventuss.eu\/#website\",\"url\":\"https:\/\/proventuss.eu\/\",\"name\":\"Proventuss\",\"description\":\"\",\"potentialAction\":[{\"@type\":\"SearchAction\",\"target\":{\"@type\":\"EntryPoint\",\"urlTemplate\":\"https:\/\/proventuss.eu\/?s={search_term_string}\"},\"query-input\":\"required name=search_term_string\"}],\"inLanguage\":\"ro-RO\"}]}<\/script>\n<!-- \/ Yoast SEO plugin. -->","yoast_head_json":{"title":"DOWSIL 896 - Proventuss","robots":{"index":"index","follow":"follow","max-snippet":"max-snippet:-1","max-image-preview":"max-image-preview:large","max-video-preview":"max-video-preview:-1"},"canonical":"https:\/\/proventuss.eu\/ro\/produkt\/dowsil-896\/","og_locale":"ro_RO","og_type":"article","og_title":"DOWSIL 896 - Proventuss","og_description":"ADEZIV SILICONIC NEUTRAL CU ADEZIUNE INI\u021aIAL\u0102 IMEDIAT\u0102 Silicon monocomponent creat special pentru aplica\u021bii de lipire a\u00a0 \u00a0 \u00a0 panourilor la\u00a0 \u00a0 \u00a0 \u00a0 sistemele de fa\u021bade ventilate pe structuri de metal. Asigur\u0103 adeziune excelent\u0103, f\u0103r\u0103 primer, pe majoritatea substraturilor folosite la sistemele de fa\u021bade ventilate. Beneficii: &#8211; Produs monocomponent, u\u015for de folosit \u020bn \u015fantier &#8211; [&hellip;]","og_url":"https:\/\/proventuss.eu\/ro\/produkt\/dowsil-896\/","og_site_name":"Proventuss","og_image":[{"width":408,"height":1136,"url":"https:\/\/proventuss.eu\/wp-content\/uploads\/2022\/04\/896.jpg","type":"image\/jpeg"}],"twitter_card":"summary_large_image","twitter_misc":{"Timp estimat pentru citire":"1 minut"},"schema":{"@context":"https:\/\/schema.org","@graph":[{"@type":"WebPage","@id":"https:\/\/proventuss.eu\/ro\/produkt\/dowsil-896\/","url":"https:\/\/proventuss.eu\/ro\/produkt\/dowsil-896\/","name":"DOWSIL 896 - Proventuss","isPartOf":{"@id":"https:\/\/proventuss.eu\/#website"},"primaryImageOfPage":{"@id":"https:\/\/proventuss.eu\/ro\/produkt\/dowsil-896\/#primaryimage"},"image":{"@id":"https:\/\/proventuss.eu\/ro\/produkt\/dowsil-896\/#primaryimage"},"thumbnailUrl":"https:\/\/proventuss.eu\/wp-content\/uploads\/2022\/04\/896.jpg","datePublished":"2022-04-20T08:30:42+00:00","dateModified":"2022-04-20T08:30:42+00:00","breadcrumb":{"@id":"https:\/\/proventuss.eu\/ro\/produkt\/dowsil-896\/#breadcrumb"},"inLanguage":"ro-RO","potentialAction":[{"@type":"ReadAction","target":["https:\/\/proventuss.eu\/ro\/produkt\/dowsil-896\/"]}]},{"@type":"ImageObject","inLanguage":"ro-RO","@id":"https:\/\/proventuss.eu\/ro\/produkt\/dowsil-896\/#primaryimage","url":"https:\/\/proventuss.eu\/wp-content\/uploads\/2022\/04\/896.jpg","contentUrl":"https:\/\/proventuss.eu\/wp-content\/uploads\/2022\/04\/896.jpg","width":408,"height":1136},{"@type":"BreadcrumbList","@id":"https:\/\/proventuss.eu\/ro\/produkt\/dowsil-896\/#breadcrumb","itemListElement":[{"@type":"ListItem","position":1,"name":"Home","item":"https:\/\/proventuss.eu\/ro\/"},{"@type":"ListItem","position":2,"name":"Produse","item":"https:\/\/proventuss.eu\/produse\/"},{"@type":"ListItem","position":3,"name":"DOWSIL 896"}]},{"@type":"WebSite","@id":"https:\/\/proventuss.eu\/#website","url":"https:\/\/proventuss.eu\/","name":"Proventuss","description":"","potentialAction":[{"@type":"SearchAction","target":{"@type":"EntryPoint","urlTemplate":"https:\/\/proventuss.eu\/?s={search_term_string}"},"query-input":"required name=search_term_string"}],"inLanguage":"ro-RO"}]}},"_links":{"self":[{"href":"https:\/\/proventuss.eu\/ro\/wp-json\/wp\/v2\/product\/10222"}],"collection":[{"href":"https:\/\/proventuss.eu\/ro\/wp-json\/wp\/v2\/product"}],"about":[{"href":"https:\/\/proventuss.eu\/ro\/wp-json\/wp\/v2\/types\/product"}],"replies":[{"embeddable":true,"href":"https:\/\/proventuss.eu\/ro\/wp-json\/wp\/v2\/comments?post=10222"}],"wp:featuredmedia":[{"embeddable":true,"href":"https:\/\/proventuss.eu\/ro\/wp-json\/wp\/v2\/media\/9642"}],"wp:attachment":[{"href":"https:\/\/proventuss.eu\/ro\/wp-json\/wp\/v2\/media?parent=10222"}],"wp:term":[{"taxonomy":"product_cat","embeddable":true,"href":"https:\/\/proventuss.eu\/ro\/wp-json\/wp\/v2\/product_cat?post=10222"},{"taxonomy":"product_tag","embeddable":true,"href":"https:\/\/proventuss.eu\/ro\/wp-json\/wp\/v2\/product_tag?post=10222"}],"curies":[{"name":"wp","href":"https:\/\/api.w.org\/{rel}","templated":true}]}}