{"id":10220,"date":"2022-04-19T13:10:32","date_gmt":"2022-04-19T13:10:32","guid":{"rendered":"https:\/\/proventuss.eu\/produkt\/dowsil-791\/"},"modified":"2022-04-19T13:10:32","modified_gmt":"2022-04-19T13:10:32","slug":"dowsil-791","status":"publish","type":"product","link":"https:\/\/proventuss.eu\/ro\/produs\/dowsil-791\/","title":{"rendered":"DOWSIL 791"},"content":{"rendered":"<p><strong>SIGILANT SILICONIC NEUTRAL PENTRU ETAN\u015e\u0102RI \u015eI SIGIL\u0102RI REZISTENTE LA INTEMPERII.<\/strong><br \/>\nSigilant monocomponent, cu modul redus, creat pentru sigilarea la intemperii a fa\u021badelor structurale. Poate fi folosit \u015fi pentru sigilarea fa\u021badelor perete cortin\u0103, fa\u021badelor fixate \u020bn puncte \u015fi tradi\u021bionale unde se folosesc sticl\u0103, aluminiu, c\u0103r\u0103mid\u0103, ceramic\u0103 \u015fi alte materiale de construc\u021bii.<\/p>\n<p><strong>Beneficii: <\/strong><br \/>\n&#8211; Ideal pentru rosturi de dilatare, conectare, perimetrale sau de mi\u015fcare<br \/>\n&#8211; Rezisten\u021b\u0103 ridicat\u0103 la ozon, radia\u021bii UV \u015fi temperaturi extreme.<br \/>\n&#8211; Capacitate de preluare a mi\u015fc\u0103rilor rosturilor \u00b1 50%<br \/>\n&#8211; Gam\u0103 larg\u0103 de temperatur\u0103 de serviciu<br \/>\n&#8211; Sistem de \u00eent\u0103rire cu catalizator cu Titan (Ti)<br \/>\n&#8211; Compatibil cu sticla cu pelicule, aluminiu, o\u021bel, cupru, ceramic\u0103 pentru construc\u021bii<br \/>\n&#8211; Adeziune excelent\u0103 f\u0103r\u0103 primer pe majoritatea substraturilor<br \/>\n&#8211; Miros redus<br \/>\n&#8211; Aplicare u\u015foar\u0103<br \/>\n&#8211; Conform cu ISO 11600-F&amp;G-25LM<\/p>\n<p><strong>Ambalare:<\/strong><br \/>\nCartu\u015f 310ml<br \/>\nSalam 600ml<br \/>\nCulori: negru, alb, gri, gri metal, gri o\u021bel, maro, antracit, culori la comand\u0103<\/p>\n","protected":false},"excerpt":{"rendered":"<p>SIGILANT SILICONIC NEUTRAL PENTRU ETAN\u015e\u0102RI \u015eI SIGIL\u0102RI REZISTENTE LA INTEMPERII. Sigilant monocomponent, cu modul redus, creat pentru sigilarea la intemperii a fa\u021badelor structurale. Poate fi folosit \u015fi pentru sigilarea fa\u021badelor perete cortin\u0103, fa\u021badelor fixate \u020bn puncte \u015fi tradi\u021bionale unde se folosesc sticl\u0103, aluminiu, c\u0103r\u0103mid\u0103, ceramic\u0103 \u015fi alte materiale de construc\u021bii. Beneficii: &#8211; Ideal pentru rosturi [&hellip;]<\/p>\n","protected":false},"featured_media":9636,"comment_status":"open","ping_status":"closed","template":"","meta":{"_acf_changed":false},"product_cat":[421],"product_tag":[],"acf":[],"yoast_head":"<!-- This site is optimized with the Yoast SEO plugin v22.9 - https:\/\/yoast.com\/wordpress\/plugins\/seo\/ -->\n<title>DOWSIL 791 - Proventuss<\/title>\n<meta name=\"robots\" content=\"index, follow, max-snippet:-1, max-image-preview:large, max-video-preview:-1\" \/>\n<link rel=\"canonical\" href=\"https:\/\/proventuss.eu\/ro\/produkt\/dowsil-791\/\" \/>\n<meta property=\"og:locale\" content=\"ro_RO\" \/>\n<meta property=\"og:type\" content=\"article\" \/>\n<meta property=\"og:title\" content=\"DOWSIL 791 - Proventuss\" \/>\n<meta property=\"og:description\" content=\"SIGILANT SILICONIC NEUTRAL PENTRU ETAN\u015e\u0102RI \u015eI SIGIL\u0102RI REZISTENTE LA INTEMPERII. Sigilant monocomponent, cu modul redus, creat pentru sigilarea la intemperii a fa\u021badelor structurale. Poate fi folosit \u015fi pentru sigilarea fa\u021badelor perete cortin\u0103, fa\u021badelor fixate \u020bn puncte \u015fi tradi\u021bionale unde se folosesc sticl\u0103, aluminiu, c\u0103r\u0103mid\u0103, ceramic\u0103 \u015fi alte materiale de construc\u021bii. Beneficii: &#8211; Ideal pentru rosturi [&hellip;]\" \/>\n<meta property=\"og:url\" content=\"https:\/\/proventuss.eu\/ro\/produkt\/dowsil-791\/\" \/>\n<meta property=\"og:site_name\" content=\"Proventuss\" \/>\n<meta property=\"og:image\" content=\"https:\/\/proventuss.eu\/wp-content\/uploads\/2022\/04\/791.jpg\" \/>\n\t<meta property=\"og:image:width\" content=\"408\" \/>\n\t<meta property=\"og:image:height\" content=\"1136\" \/>\n\t<meta property=\"og:image:type\" content=\"image\/jpeg\" \/>\n<meta name=\"twitter:card\" content=\"summary_large_image\" \/>\n<meta name=\"twitter:label1\" content=\"Timp estimat pentru citire\" \/>\n\t<meta name=\"twitter:data1\" content=\"1 minut\" \/>\n<script type=\"application\/ld+json\" class=\"yoast-schema-graph\">{\"@context\":\"https:\/\/schema.org\",\"@graph\":[{\"@type\":\"WebPage\",\"@id\":\"https:\/\/proventuss.eu\/ro\/produkt\/dowsil-791\/\",\"url\":\"https:\/\/proventuss.eu\/ro\/produkt\/dowsil-791\/\",\"name\":\"DOWSIL 791 - Proventuss\",\"isPartOf\":{\"@id\":\"https:\/\/proventuss.eu\/#website\"},\"primaryImageOfPage\":{\"@id\":\"https:\/\/proventuss.eu\/ro\/produkt\/dowsil-791\/#primaryimage\"},\"image\":{\"@id\":\"https:\/\/proventuss.eu\/ro\/produkt\/dowsil-791\/#primaryimage\"},\"thumbnailUrl\":\"https:\/\/proventuss.eu\/wp-content\/uploads\/2022\/04\/791.jpg\",\"datePublished\":\"2022-04-19T13:10:32+00:00\",\"dateModified\":\"2022-04-19T13:10:32+00:00\",\"breadcrumb\":{\"@id\":\"https:\/\/proventuss.eu\/ro\/produkt\/dowsil-791\/#breadcrumb\"},\"inLanguage\":\"ro-RO\",\"potentialAction\":[{\"@type\":\"ReadAction\",\"target\":[\"https:\/\/proventuss.eu\/ro\/produkt\/dowsil-791\/\"]}]},{\"@type\":\"ImageObject\",\"inLanguage\":\"ro-RO\",\"@id\":\"https:\/\/proventuss.eu\/ro\/produkt\/dowsil-791\/#primaryimage\",\"url\":\"https:\/\/proventuss.eu\/wp-content\/uploads\/2022\/04\/791.jpg\",\"contentUrl\":\"https:\/\/proventuss.eu\/wp-content\/uploads\/2022\/04\/791.jpg\",\"width\":408,\"height\":1136},{\"@type\":\"BreadcrumbList\",\"@id\":\"https:\/\/proventuss.eu\/ro\/produkt\/dowsil-791\/#breadcrumb\",\"itemListElement\":[{\"@type\":\"ListItem\",\"position\":1,\"name\":\"Home\",\"item\":\"https:\/\/proventuss.eu\/ro\/\"},{\"@type\":\"ListItem\",\"position\":2,\"name\":\"Produse\",\"item\":\"https:\/\/proventuss.eu\/produse\/\"},{\"@type\":\"ListItem\",\"position\":3,\"name\":\"DOWSIL 791\"}]},{\"@type\":\"WebSite\",\"@id\":\"https:\/\/proventuss.eu\/#website\",\"url\":\"https:\/\/proventuss.eu\/\",\"name\":\"Proventuss\",\"description\":\"\",\"potentialAction\":[{\"@type\":\"SearchAction\",\"target\":{\"@type\":\"EntryPoint\",\"urlTemplate\":\"https:\/\/proventuss.eu\/?s={search_term_string}\"},\"query-input\":\"required name=search_term_string\"}],\"inLanguage\":\"ro-RO\"}]}<\/script>\n<!-- \/ Yoast SEO plugin. -->","yoast_head_json":{"title":"DOWSIL 791 - Proventuss","robots":{"index":"index","follow":"follow","max-snippet":"max-snippet:-1","max-image-preview":"max-image-preview:large","max-video-preview":"max-video-preview:-1"},"canonical":"https:\/\/proventuss.eu\/ro\/produkt\/dowsil-791\/","og_locale":"ro_RO","og_type":"article","og_title":"DOWSIL 791 - Proventuss","og_description":"SIGILANT SILICONIC NEUTRAL PENTRU ETAN\u015e\u0102RI \u015eI SIGIL\u0102RI REZISTENTE LA INTEMPERII. Sigilant monocomponent, cu modul redus, creat pentru sigilarea la intemperii a fa\u021badelor structurale. Poate fi folosit \u015fi pentru sigilarea fa\u021badelor perete cortin\u0103, fa\u021badelor fixate \u020bn puncte \u015fi tradi\u021bionale unde se folosesc sticl\u0103, aluminiu, c\u0103r\u0103mid\u0103, ceramic\u0103 \u015fi alte materiale de construc\u021bii. Beneficii: &#8211; Ideal pentru rosturi [&hellip;]","og_url":"https:\/\/proventuss.eu\/ro\/produkt\/dowsil-791\/","og_site_name":"Proventuss","og_image":[{"width":408,"height":1136,"url":"https:\/\/proventuss.eu\/wp-content\/uploads\/2022\/04\/791.jpg","type":"image\/jpeg"}],"twitter_card":"summary_large_image","twitter_misc":{"Timp estimat pentru citire":"1 minut"},"schema":{"@context":"https:\/\/schema.org","@graph":[{"@type":"WebPage","@id":"https:\/\/proventuss.eu\/ro\/produkt\/dowsil-791\/","url":"https:\/\/proventuss.eu\/ro\/produkt\/dowsil-791\/","name":"DOWSIL 791 - Proventuss","isPartOf":{"@id":"https:\/\/proventuss.eu\/#website"},"primaryImageOfPage":{"@id":"https:\/\/proventuss.eu\/ro\/produkt\/dowsil-791\/#primaryimage"},"image":{"@id":"https:\/\/proventuss.eu\/ro\/produkt\/dowsil-791\/#primaryimage"},"thumbnailUrl":"https:\/\/proventuss.eu\/wp-content\/uploads\/2022\/04\/791.jpg","datePublished":"2022-04-19T13:10:32+00:00","dateModified":"2022-04-19T13:10:32+00:00","breadcrumb":{"@id":"https:\/\/proventuss.eu\/ro\/produkt\/dowsil-791\/#breadcrumb"},"inLanguage":"ro-RO","potentialAction":[{"@type":"ReadAction","target":["https:\/\/proventuss.eu\/ro\/produkt\/dowsil-791\/"]}]},{"@type":"ImageObject","inLanguage":"ro-RO","@id":"https:\/\/proventuss.eu\/ro\/produkt\/dowsil-791\/#primaryimage","url":"https:\/\/proventuss.eu\/wp-content\/uploads\/2022\/04\/791.jpg","contentUrl":"https:\/\/proventuss.eu\/wp-content\/uploads\/2022\/04\/791.jpg","width":408,"height":1136},{"@type":"BreadcrumbList","@id":"https:\/\/proventuss.eu\/ro\/produkt\/dowsil-791\/#breadcrumb","itemListElement":[{"@type":"ListItem","position":1,"name":"Home","item":"https:\/\/proventuss.eu\/ro\/"},{"@type":"ListItem","position":2,"name":"Produse","item":"https:\/\/proventuss.eu\/produse\/"},{"@type":"ListItem","position":3,"name":"DOWSIL 791"}]},{"@type":"WebSite","@id":"https:\/\/proventuss.eu\/#website","url":"https:\/\/proventuss.eu\/","name":"Proventuss","description":"","potentialAction":[{"@type":"SearchAction","target":{"@type":"EntryPoint","urlTemplate":"https:\/\/proventuss.eu\/?s={search_term_string}"},"query-input":"required name=search_term_string"}],"inLanguage":"ro-RO"}]}},"_links":{"self":[{"href":"https:\/\/proventuss.eu\/ro\/wp-json\/wp\/v2\/product\/10220"}],"collection":[{"href":"https:\/\/proventuss.eu\/ro\/wp-json\/wp\/v2\/product"}],"about":[{"href":"https:\/\/proventuss.eu\/ro\/wp-json\/wp\/v2\/types\/product"}],"replies":[{"embeddable":true,"href":"https:\/\/proventuss.eu\/ro\/wp-json\/wp\/v2\/comments?post=10220"}],"wp:featuredmedia":[{"embeddable":true,"href":"https:\/\/proventuss.eu\/ro\/wp-json\/wp\/v2\/media\/9636"}],"wp:attachment":[{"href":"https:\/\/proventuss.eu\/ro\/wp-json\/wp\/v2\/media?parent=10220"}],"wp:term":[{"taxonomy":"product_cat","embeddable":true,"href":"https:\/\/proventuss.eu\/ro\/wp-json\/wp\/v2\/product_cat?post=10220"},{"taxonomy":"product_tag","embeddable":true,"href":"https:\/\/proventuss.eu\/ro\/wp-json\/wp\/v2\/product_tag?post=10220"}],"curies":[{"name":"wp","href":"https:\/\/api.w.org\/{rel}","templated":true}]}}