{"id":10218,"date":"2022-04-19T13:08:51","date_gmt":"2022-04-19T13:08:51","guid":{"rendered":"https:\/\/proventuss.eu\/produkt\/dowsil-895\/"},"modified":"2023-02-10T10:57:30","modified_gmt":"2023-02-10T10:57:30","slug":"dowsil-895","status":"publish","type":"product","link":"https:\/\/proventuss.eu\/ro\/produs\/dowsil-895\/","title":{"rendered":"DOWSIL 895"},"content":{"rendered":"<p><strong>SIGILANT SILICONIC STRUCTURAL, NEUTRAL<\/strong><br \/>\nSigilant siliconic monocomponent creat special pentru lipirea structural\u0103 a sticlei (ex. sticla cu pelicule, sticla emailat\u0103 \u015fi sticla reflexiv\u0103, sticla Low-E), a suprafe\u021belor metalice, inclusiv profile din aluminiu vopsite \u020bn c\u00e2mp electrostatic, profile din o\u021bel inoxidabil, alte componente pentru construc\u021bii.<\/p>\n<p><strong>Beneficii:<\/strong><br \/>\n&#8211; \u020antrune\u015fte standardul european pentru lipirile structurale a\u015fa cum au fost stabilite de EOTA ETAG 002<br \/>\n&#8211; Are adeziune excelent\u0103 pe o gam\u0103 larg\u0103 de tipuri de sticl\u0103 cum ar fi sticla cu pelicule, sticla emailata sau sticla reflexiv\u0103, \u015fi profile de aluminiu vopsite in c\u00e2mp electrostatic, anodizate \u015fi profile din o\u021bel inoxidabil<br \/>\n&#8211; Comportament excelent la intemperii \u015fi rezisten\u021b\u0103 ridicat\u0103 la ozon \u015fi radia\u021bii UV, la temperaturi extreme si \u020bnc\u0103rcare climatic\u0103<br \/>\n&#8211; Rezisten\u021b\u0103 mare la trac\u021biune \u015fi excelente propriet\u0103\u021bi mecanice<br \/>\n&#8211; Rezisten\u021b\u0103 excelent\u0103 la o gam\u0103 larg\u0103 de temperaturi<br \/>\n&#8211; Evaluare Tehnic\u0103 European\u0103 nr. ETA-01\/0005 \u015fi Declara\u021bie de Conformitate CE<\/p>\n<p><strong>Ambalare:<\/strong><br \/>\nCartu\u015f 310ml<br \/>\nSalam 600ml<br \/>\nCulori: negru, gri deschis\/mediu\/\u020bnchis<\/p>\n","protected":false},"excerpt":{"rendered":"<p>SIGILANT SILICONIC STRUCTURAL, NEUTRAL Sigilant siliconic monocomponent creat special pentru lipirea structural\u0103 a sticlei (ex. sticla cu pelicule, sticla emailat\u0103 \u015fi sticla reflexiv\u0103, sticla Low-E), a suprafe\u021belor metalice, inclusiv profile din aluminiu vopsite \u020bn c\u00e2mp electrostatic, profile din o\u021bel inoxidabil, alte componente pentru construc\u021bii. Beneficii: &#8211; \u020antrune\u015fte standardul european pentru lipirile structurale a\u015fa cum au [&hellip;]<\/p>\n","protected":false},"featured_media":9641,"comment_status":"open","ping_status":"closed","template":"","meta":{"_acf_changed":false},"product_cat":[421],"product_tag":[],"acf":[],"yoast_head":"<!-- This site is optimized with the Yoast SEO plugin v22.9 - https:\/\/yoast.com\/wordpress\/plugins\/seo\/ -->\n<title>DOWSIL 895 - Proventuss<\/title>\n<meta name=\"robots\" content=\"index, follow, max-snippet:-1, max-image-preview:large, max-video-preview:-1\" \/>\n<link rel=\"canonical\" href=\"https:\/\/proventuss.eu\/ro\/produkt\/dowsil-895\/\" \/>\n<meta property=\"og:locale\" content=\"ro_RO\" \/>\n<meta property=\"og:type\" content=\"article\" \/>\n<meta property=\"og:title\" content=\"DOWSIL 895 - Proventuss\" \/>\n<meta property=\"og:description\" content=\"SIGILANT SILICONIC STRUCTURAL, NEUTRAL Sigilant siliconic monocomponent creat special pentru lipirea structural\u0103 a sticlei (ex. sticla cu pelicule, sticla emailat\u0103 \u015fi sticla reflexiv\u0103, sticla Low-E), a suprafe\u021belor metalice, inclusiv profile din aluminiu vopsite \u020bn c\u00e2mp electrostatic, profile din o\u021bel inoxidabil, alte componente pentru construc\u021bii. Beneficii: &#8211; \u020antrune\u015fte standardul european pentru lipirile structurale a\u015fa cum au [&hellip;]\" \/>\n<meta property=\"og:url\" content=\"https:\/\/proventuss.eu\/ro\/produkt\/dowsil-895\/\" \/>\n<meta property=\"og:site_name\" content=\"Proventuss\" \/>\n<meta property=\"article:modified_time\" content=\"2023-02-10T10:57:30+00:00\" \/>\n<meta property=\"og:image\" content=\"https:\/\/proventuss.eu\/wp-content\/uploads\/2022\/04\/895.jpg\" \/>\n\t<meta property=\"og:image:width\" content=\"408\" \/>\n\t<meta property=\"og:image:height\" content=\"1136\" \/>\n\t<meta property=\"og:image:type\" content=\"image\/jpeg\" \/>\n<meta name=\"twitter:card\" content=\"summary_large_image\" \/>\n<meta name=\"twitter:label1\" content=\"Timp estimat pentru citire\" \/>\n\t<meta name=\"twitter:data1\" content=\"1 minut\" \/>\n<script type=\"application\/ld+json\" class=\"yoast-schema-graph\">{\"@context\":\"https:\/\/schema.org\",\"@graph\":[{\"@type\":\"WebPage\",\"@id\":\"https:\/\/proventuss.eu\/ro\/produkt\/dowsil-895\/\",\"url\":\"https:\/\/proventuss.eu\/ro\/produkt\/dowsil-895\/\",\"name\":\"DOWSIL 895 - Proventuss\",\"isPartOf\":{\"@id\":\"https:\/\/proventuss.eu\/#website\"},\"primaryImageOfPage\":{\"@id\":\"https:\/\/proventuss.eu\/ro\/produkt\/dowsil-895\/#primaryimage\"},\"image\":{\"@id\":\"https:\/\/proventuss.eu\/ro\/produkt\/dowsil-895\/#primaryimage\"},\"thumbnailUrl\":\"https:\/\/proventuss.eu\/wp-content\/uploads\/2022\/04\/895.jpg\",\"datePublished\":\"2022-04-19T13:08:51+00:00\",\"dateModified\":\"2023-02-10T10:57:30+00:00\",\"breadcrumb\":{\"@id\":\"https:\/\/proventuss.eu\/ro\/produkt\/dowsil-895\/#breadcrumb\"},\"inLanguage\":\"ro-RO\",\"potentialAction\":[{\"@type\":\"ReadAction\",\"target\":[\"https:\/\/proventuss.eu\/ro\/produkt\/dowsil-895\/\"]}]},{\"@type\":\"ImageObject\",\"inLanguage\":\"ro-RO\",\"@id\":\"https:\/\/proventuss.eu\/ro\/produkt\/dowsil-895\/#primaryimage\",\"url\":\"https:\/\/proventuss.eu\/wp-content\/uploads\/2022\/04\/895.jpg\",\"contentUrl\":\"https:\/\/proventuss.eu\/wp-content\/uploads\/2022\/04\/895.jpg\",\"width\":408,\"height\":1136},{\"@type\":\"BreadcrumbList\",\"@id\":\"https:\/\/proventuss.eu\/ro\/produkt\/dowsil-895\/#breadcrumb\",\"itemListElement\":[{\"@type\":\"ListItem\",\"position\":1,\"name\":\"Home\",\"item\":\"https:\/\/proventuss.eu\/ro\/\"},{\"@type\":\"ListItem\",\"position\":2,\"name\":\"Produse\",\"item\":\"https:\/\/proventuss.eu\/produse\/\"},{\"@type\":\"ListItem\",\"position\":3,\"name\":\"DOWSIL 895\"}]},{\"@type\":\"WebSite\",\"@id\":\"https:\/\/proventuss.eu\/#website\",\"url\":\"https:\/\/proventuss.eu\/\",\"name\":\"Proventuss\",\"description\":\"\",\"potentialAction\":[{\"@type\":\"SearchAction\",\"target\":{\"@type\":\"EntryPoint\",\"urlTemplate\":\"https:\/\/proventuss.eu\/?s={search_term_string}\"},\"query-input\":\"required name=search_term_string\"}],\"inLanguage\":\"ro-RO\"}]}<\/script>\n<!-- \/ Yoast SEO plugin. -->","yoast_head_json":{"title":"DOWSIL 895 - Proventuss","robots":{"index":"index","follow":"follow","max-snippet":"max-snippet:-1","max-image-preview":"max-image-preview:large","max-video-preview":"max-video-preview:-1"},"canonical":"https:\/\/proventuss.eu\/ro\/produkt\/dowsil-895\/","og_locale":"ro_RO","og_type":"article","og_title":"DOWSIL 895 - Proventuss","og_description":"SIGILANT SILICONIC STRUCTURAL, NEUTRAL Sigilant siliconic monocomponent creat special pentru lipirea structural\u0103 a sticlei (ex. sticla cu pelicule, sticla emailat\u0103 \u015fi sticla reflexiv\u0103, sticla Low-E), a suprafe\u021belor metalice, inclusiv profile din aluminiu vopsite \u020bn c\u00e2mp electrostatic, profile din o\u021bel inoxidabil, alte componente pentru construc\u021bii. Beneficii: &#8211; \u020antrune\u015fte standardul european pentru lipirile structurale a\u015fa cum au [&hellip;]","og_url":"https:\/\/proventuss.eu\/ro\/produkt\/dowsil-895\/","og_site_name":"Proventuss","article_modified_time":"2023-02-10T10:57:30+00:00","og_image":[{"width":408,"height":1136,"url":"https:\/\/proventuss.eu\/wp-content\/uploads\/2022\/04\/895.jpg","type":"image\/jpeg"}],"twitter_card":"summary_large_image","twitter_misc":{"Timp estimat pentru citire":"1 minut"},"schema":{"@context":"https:\/\/schema.org","@graph":[{"@type":"WebPage","@id":"https:\/\/proventuss.eu\/ro\/produkt\/dowsil-895\/","url":"https:\/\/proventuss.eu\/ro\/produkt\/dowsil-895\/","name":"DOWSIL 895 - Proventuss","isPartOf":{"@id":"https:\/\/proventuss.eu\/#website"},"primaryImageOfPage":{"@id":"https:\/\/proventuss.eu\/ro\/produkt\/dowsil-895\/#primaryimage"},"image":{"@id":"https:\/\/proventuss.eu\/ro\/produkt\/dowsil-895\/#primaryimage"},"thumbnailUrl":"https:\/\/proventuss.eu\/wp-content\/uploads\/2022\/04\/895.jpg","datePublished":"2022-04-19T13:08:51+00:00","dateModified":"2023-02-10T10:57:30+00:00","breadcrumb":{"@id":"https:\/\/proventuss.eu\/ro\/produkt\/dowsil-895\/#breadcrumb"},"inLanguage":"ro-RO","potentialAction":[{"@type":"ReadAction","target":["https:\/\/proventuss.eu\/ro\/produkt\/dowsil-895\/"]}]},{"@type":"ImageObject","inLanguage":"ro-RO","@id":"https:\/\/proventuss.eu\/ro\/produkt\/dowsil-895\/#primaryimage","url":"https:\/\/proventuss.eu\/wp-content\/uploads\/2022\/04\/895.jpg","contentUrl":"https:\/\/proventuss.eu\/wp-content\/uploads\/2022\/04\/895.jpg","width":408,"height":1136},{"@type":"BreadcrumbList","@id":"https:\/\/proventuss.eu\/ro\/produkt\/dowsil-895\/#breadcrumb","itemListElement":[{"@type":"ListItem","position":1,"name":"Home","item":"https:\/\/proventuss.eu\/ro\/"},{"@type":"ListItem","position":2,"name":"Produse","item":"https:\/\/proventuss.eu\/produse\/"},{"@type":"ListItem","position":3,"name":"DOWSIL 895"}]},{"@type":"WebSite","@id":"https:\/\/proventuss.eu\/#website","url":"https:\/\/proventuss.eu\/","name":"Proventuss","description":"","potentialAction":[{"@type":"SearchAction","target":{"@type":"EntryPoint","urlTemplate":"https:\/\/proventuss.eu\/?s={search_term_string}"},"query-input":"required name=search_term_string"}],"inLanguage":"ro-RO"}]}},"_links":{"self":[{"href":"https:\/\/proventuss.eu\/ro\/wp-json\/wp\/v2\/product\/10218"}],"collection":[{"href":"https:\/\/proventuss.eu\/ro\/wp-json\/wp\/v2\/product"}],"about":[{"href":"https:\/\/proventuss.eu\/ro\/wp-json\/wp\/v2\/types\/product"}],"replies":[{"embeddable":true,"href":"https:\/\/proventuss.eu\/ro\/wp-json\/wp\/v2\/comments?post=10218"}],"wp:featuredmedia":[{"embeddable":true,"href":"https:\/\/proventuss.eu\/ro\/wp-json\/wp\/v2\/media\/9641"}],"wp:attachment":[{"href":"https:\/\/proventuss.eu\/ro\/wp-json\/wp\/v2\/media?parent=10218"}],"wp:term":[{"taxonomy":"product_cat","embeddable":true,"href":"https:\/\/proventuss.eu\/ro\/wp-json\/wp\/v2\/product_cat?post=10218"},{"taxonomy":"product_tag","embeddable":true,"href":"https:\/\/proventuss.eu\/ro\/wp-json\/wp\/v2\/product_tag?post=10218"}],"curies":[{"name":"wp","href":"https:\/\/api.w.org\/{rel}","templated":true}]}}