{"id":10217,"date":"2022-04-20T07:58:29","date_gmt":"2022-04-20T07:58:29","guid":{"rendered":"https:\/\/proventuss.eu\/produkt\/dowsil-993\/"},"modified":"2023-02-10T10:54:21","modified_gmt":"2023-02-10T10:54:21","slug":"dowsil-993","status":"publish","type":"product","link":"https:\/\/proventuss.eu\/ro\/produs\/dowsil-993\/","title":{"rendered":"DOWSIL 993"},"content":{"rendered":"<p><strong>SIGILANT SILICONIC STRUCTURAL BICOMPONENT CU \u020aNT\u0102RIRE NEUTR\u0102<\/strong><br \/>\nAdeziv, sigilant specializat pentru lipirea structural\u0103 a sticlei pe substructuri metalice ale pere\u021bilor cortin\u0103.<br \/>\nAsigur\u0103 o adeziune excelent\u0103 la diferite materiale cum ar fi sticl\u0103 \u015fi metal, de exemplu, aluminiu anodizat, aluminiu vopsit \u020bn c\u00e2mp electrostatic, o\u021bel inoxidabil, etc).<\/p>\n<p><strong>Beneficii:<\/strong><br \/>\n&#8211; \u020antrune\u015fte standardul european pentru sigil\u0103rile structurale a\u015fa cum a fost stabilit de EOTA<br \/>\n&#8211; Aprobat pentru toate tipurile de sistemele de lipire structural\u0103 (tip I, II, III, IV conform ETAG 002)<br \/>\n&#8211; Are adeziune excelent\u0103 pe o mare varietate de substraturi, inclusiv sticla cu pelicule, sticla emailat\u0103 sau sticla reflexiv\u0103, o\u021bel inoxidabil, aluminiu vopsit \u020bn c\u00e2mp electrostatic \u015fi aluminiu anodizat<br \/>\n&#8211; Propriet\u0103\u021bi mecanice ridicate<br \/>\n&#8211; Capacitate structural\u0103<br \/>\n&#8211; \u020ant\u0103rire inodor\u0103 \u015fi non coroziv\u0103<br \/>\n&#8211; Rezisten\u021b\u0103 excelent\u0103 la ozon \u015fi radia\u021bii UV<br \/>\n&#8211; Stabilitate excelent\u0103 la o varietate mare de temperaturi<br \/>\n&#8211; Evaluare Tehnic\u0103 European\u0103 nr. ETA \u2013 01\/0005 \u015fi Declara\u021bie de Conformitate CE<br \/>\n&#8211; Disponibil \u020bn culorile negru, alb \u015fi diferite nuan\u021be de gri<\/p>\n<p><strong>Ambalare\/culori:<\/strong><br \/>\nBaz\u0103: butoi 250kg. Culoare: alb<br \/>\nCatalizator: HV\/GER galeat\u0103 25kg. Culoare: negru, gri \u020bnchis\/mediu\/deschis, transparent<br \/>\nTrus\u0103 repara\u021bii:<br \/>\nCartu\u015f 300 gr. A + 30 gr. B. Culoare: negru<br \/>\nCartu\u015f 545 gr. A + 2\u00d730 gr. B. Culoare: negru<br \/>\nLipirea structural\u0103 \u015fi sigilarea rezistent\u0103 la intemperii la fa\u021bade<\/p>\n","protected":false},"excerpt":{"rendered":"<p>SIGILANT SILICONIC STRUCTURAL BICOMPONENT CU \u020aNT\u0102RIRE NEUTR\u0102 Adeziv, sigilant specializat pentru lipirea structural\u0103 a sticlei pe substructuri metalice ale pere\u021bilor cortin\u0103. Asigur\u0103 o adeziune excelent\u0103 la diferite materiale cum ar fi sticl\u0103 \u015fi metal, de exemplu, aluminiu anodizat, aluminiu vopsit \u020bn c\u00e2mp electrostatic, o\u021bel inoxidabil, etc). Beneficii: &#8211; \u020antrune\u015fte standardul european pentru sigil\u0103rile structurale a\u015fa [&hellip;]<\/p>\n","protected":false},"featured_media":9643,"comment_status":"open","ping_status":"closed","template":"","meta":{"_acf_changed":false},"product_cat":[421],"product_tag":[],"acf":[],"yoast_head":"<!-- This site is optimized with the Yoast SEO plugin v22.9 - https:\/\/yoast.com\/wordpress\/plugins\/seo\/ -->\n<title>DOWSIL 993 - Proventuss<\/title>\n<meta name=\"description\" content=\"Do strukturalnego \u0142\u0105czenia szk\u0142a z konstrukcj\u0105 metalow\u0105 budynku. Zapewnia znakomit\u0105 przyczepno\u015b\u0107 do r\u00f3\u017cnego rodzaju szk\u0142a oraz metali.\" \/>\n<meta name=\"robots\" content=\"index, follow, max-snippet:-1, max-image-preview:large, max-video-preview:-1\" \/>\n<link rel=\"canonical\" href=\"https:\/\/proventuss.eu\/ro\/produkt\/dowsil-993\/\" \/>\n<meta property=\"og:locale\" content=\"ro_RO\" \/>\n<meta property=\"og:type\" content=\"article\" \/>\n<meta property=\"og:title\" content=\"DOWSIL 993 - Proventuss\" \/>\n<meta property=\"og:description\" content=\"Do strukturalnego \u0142\u0105czenia szk\u0142a z konstrukcj\u0105 metalow\u0105 budynku. Zapewnia znakomit\u0105 przyczepno\u015b\u0107 do r\u00f3\u017cnego rodzaju szk\u0142a oraz metali.\" \/>\n<meta property=\"og:url\" content=\"https:\/\/proventuss.eu\/ro\/produkt\/dowsil-993\/\" \/>\n<meta property=\"og:site_name\" content=\"Proventuss\" \/>\n<meta property=\"article:modified_time\" content=\"2023-02-10T10:54:21+00:00\" \/>\n<meta property=\"og:image\" content=\"https:\/\/proventuss.eu\/wp-content\/uploads\/2022\/04\/993.jpg\" \/>\n\t<meta property=\"og:image:width\" content=\"640\" \/>\n\t<meta property=\"og:image:height\" content=\"905\" \/>\n\t<meta property=\"og:image:type\" content=\"image\/jpeg\" \/>\n<meta name=\"twitter:card\" content=\"summary_large_image\" \/>\n<meta name=\"twitter:label1\" content=\"Timp estimat pentru citire\" \/>\n\t<meta name=\"twitter:data1\" content=\"2 minute\" \/>\n<script type=\"application\/ld+json\" class=\"yoast-schema-graph\">{\"@context\":\"https:\/\/schema.org\",\"@graph\":[{\"@type\":\"WebPage\",\"@id\":\"https:\/\/proventuss.eu\/ro\/produkt\/dowsil-993\/\",\"url\":\"https:\/\/proventuss.eu\/ro\/produkt\/dowsil-993\/\",\"name\":\"DOWSIL 993 - Proventuss\",\"isPartOf\":{\"@id\":\"https:\/\/proventuss.eu\/#website\"},\"primaryImageOfPage\":{\"@id\":\"https:\/\/proventuss.eu\/ro\/produkt\/dowsil-993\/#primaryimage\"},\"image\":{\"@id\":\"https:\/\/proventuss.eu\/ro\/produkt\/dowsil-993\/#primaryimage\"},\"thumbnailUrl\":\"https:\/\/proventuss.eu\/wp-content\/uploads\/2022\/04\/993.jpg\",\"datePublished\":\"2022-04-20T07:58:29+00:00\",\"dateModified\":\"2023-02-10T10:54:21+00:00\",\"description\":\"Do strukturalnego \u0142\u0105czenia szk\u0142a z konstrukcj\u0105 metalow\u0105 budynku. Zapewnia znakomit\u0105 przyczepno\u015b\u0107 do r\u00f3\u017cnego rodzaju szk\u0142a oraz metali.\",\"breadcrumb\":{\"@id\":\"https:\/\/proventuss.eu\/ro\/produkt\/dowsil-993\/#breadcrumb\"},\"inLanguage\":\"ro-RO\",\"potentialAction\":[{\"@type\":\"ReadAction\",\"target\":[\"https:\/\/proventuss.eu\/ro\/produkt\/dowsil-993\/\"]}]},{\"@type\":\"ImageObject\",\"inLanguage\":\"ro-RO\",\"@id\":\"https:\/\/proventuss.eu\/ro\/produkt\/dowsil-993\/#primaryimage\",\"url\":\"https:\/\/proventuss.eu\/wp-content\/uploads\/2022\/04\/993.jpg\",\"contentUrl\":\"https:\/\/proventuss.eu\/wp-content\/uploads\/2022\/04\/993.jpg\",\"width\":640,\"height\":905},{\"@type\":\"BreadcrumbList\",\"@id\":\"https:\/\/proventuss.eu\/ro\/produkt\/dowsil-993\/#breadcrumb\",\"itemListElement\":[{\"@type\":\"ListItem\",\"position\":1,\"name\":\"Home\",\"item\":\"https:\/\/proventuss.eu\/ro\/\"},{\"@type\":\"ListItem\",\"position\":2,\"name\":\"Produse\",\"item\":\"https:\/\/proventuss.eu\/produse\/\"},{\"@type\":\"ListItem\",\"position\":3,\"name\":\"DOWSIL 993\"}]},{\"@type\":\"WebSite\",\"@id\":\"https:\/\/proventuss.eu\/#website\",\"url\":\"https:\/\/proventuss.eu\/\",\"name\":\"Proventuss\",\"description\":\"\",\"potentialAction\":[{\"@type\":\"SearchAction\",\"target\":{\"@type\":\"EntryPoint\",\"urlTemplate\":\"https:\/\/proventuss.eu\/?s={search_term_string}\"},\"query-input\":\"required name=search_term_string\"}],\"inLanguage\":\"ro-RO\"}]}<\/script>\n<!-- \/ Yoast SEO plugin. -->","yoast_head_json":{"title":"DOWSIL 993 - Proventuss","description":"Do strukturalnego \u0142\u0105czenia szk\u0142a z konstrukcj\u0105 metalow\u0105 budynku. Zapewnia znakomit\u0105 przyczepno\u015b\u0107 do r\u00f3\u017cnego rodzaju szk\u0142a oraz metali.","robots":{"index":"index","follow":"follow","max-snippet":"max-snippet:-1","max-image-preview":"max-image-preview:large","max-video-preview":"max-video-preview:-1"},"canonical":"https:\/\/proventuss.eu\/ro\/produkt\/dowsil-993\/","og_locale":"ro_RO","og_type":"article","og_title":"DOWSIL 993 - Proventuss","og_description":"Do strukturalnego \u0142\u0105czenia szk\u0142a z konstrukcj\u0105 metalow\u0105 budynku. Zapewnia znakomit\u0105 przyczepno\u015b\u0107 do r\u00f3\u017cnego rodzaju szk\u0142a oraz metali.","og_url":"https:\/\/proventuss.eu\/ro\/produkt\/dowsil-993\/","og_site_name":"Proventuss","article_modified_time":"2023-02-10T10:54:21+00:00","og_image":[{"width":640,"height":905,"url":"https:\/\/proventuss.eu\/wp-content\/uploads\/2022\/04\/993.jpg","type":"image\/jpeg"}],"twitter_card":"summary_large_image","twitter_misc":{"Timp estimat pentru citire":"2 minute"},"schema":{"@context":"https:\/\/schema.org","@graph":[{"@type":"WebPage","@id":"https:\/\/proventuss.eu\/ro\/produkt\/dowsil-993\/","url":"https:\/\/proventuss.eu\/ro\/produkt\/dowsil-993\/","name":"DOWSIL 993 - Proventuss","isPartOf":{"@id":"https:\/\/proventuss.eu\/#website"},"primaryImageOfPage":{"@id":"https:\/\/proventuss.eu\/ro\/produkt\/dowsil-993\/#primaryimage"},"image":{"@id":"https:\/\/proventuss.eu\/ro\/produkt\/dowsil-993\/#primaryimage"},"thumbnailUrl":"https:\/\/proventuss.eu\/wp-content\/uploads\/2022\/04\/993.jpg","datePublished":"2022-04-20T07:58:29+00:00","dateModified":"2023-02-10T10:54:21+00:00","description":"Do strukturalnego \u0142\u0105czenia szk\u0142a z konstrukcj\u0105 metalow\u0105 budynku. Zapewnia znakomit\u0105 przyczepno\u015b\u0107 do r\u00f3\u017cnego rodzaju szk\u0142a oraz metali.","breadcrumb":{"@id":"https:\/\/proventuss.eu\/ro\/produkt\/dowsil-993\/#breadcrumb"},"inLanguage":"ro-RO","potentialAction":[{"@type":"ReadAction","target":["https:\/\/proventuss.eu\/ro\/produkt\/dowsil-993\/"]}]},{"@type":"ImageObject","inLanguage":"ro-RO","@id":"https:\/\/proventuss.eu\/ro\/produkt\/dowsil-993\/#primaryimage","url":"https:\/\/proventuss.eu\/wp-content\/uploads\/2022\/04\/993.jpg","contentUrl":"https:\/\/proventuss.eu\/wp-content\/uploads\/2022\/04\/993.jpg","width":640,"height":905},{"@type":"BreadcrumbList","@id":"https:\/\/proventuss.eu\/ro\/produkt\/dowsil-993\/#breadcrumb","itemListElement":[{"@type":"ListItem","position":1,"name":"Home","item":"https:\/\/proventuss.eu\/ro\/"},{"@type":"ListItem","position":2,"name":"Produse","item":"https:\/\/proventuss.eu\/produse\/"},{"@type":"ListItem","position":3,"name":"DOWSIL 993"}]},{"@type":"WebSite","@id":"https:\/\/proventuss.eu\/#website","url":"https:\/\/proventuss.eu\/","name":"Proventuss","description":"","potentialAction":[{"@type":"SearchAction","target":{"@type":"EntryPoint","urlTemplate":"https:\/\/proventuss.eu\/?s={search_term_string}"},"query-input":"required name=search_term_string"}],"inLanguage":"ro-RO"}]}},"_links":{"self":[{"href":"https:\/\/proventuss.eu\/ro\/wp-json\/wp\/v2\/product\/10217"}],"collection":[{"href":"https:\/\/proventuss.eu\/ro\/wp-json\/wp\/v2\/product"}],"about":[{"href":"https:\/\/proventuss.eu\/ro\/wp-json\/wp\/v2\/types\/product"}],"replies":[{"embeddable":true,"href":"https:\/\/proventuss.eu\/ro\/wp-json\/wp\/v2\/comments?post=10217"}],"wp:featuredmedia":[{"embeddable":true,"href":"https:\/\/proventuss.eu\/ro\/wp-json\/wp\/v2\/media\/9643"}],"wp:attachment":[{"href":"https:\/\/proventuss.eu\/ro\/wp-json\/wp\/v2\/media?parent=10217"}],"wp:term":[{"taxonomy":"product_cat","embeddable":true,"href":"https:\/\/proventuss.eu\/ro\/wp-json\/wp\/v2\/product_cat?post=10217"},{"taxonomy":"product_tag","embeddable":true,"href":"https:\/\/proventuss.eu\/ro\/wp-json\/wp\/v2\/product_tag?post=10217"}],"curies":[{"name":"wp","href":"https:\/\/api.w.org\/{rel}","templated":true}]}}