{"id":10507,"date":"2022-05-18T07:50:39","date_gmt":"2022-05-18T07:50:39","guid":{"rendered":"https:\/\/proventuss.eu\/calculator-de-consum\/"},"modified":"2022-12-06T12:00:42","modified_gmt":"2022-12-06T12:00:42","slug":"calculator-de-consum","status":"publish","type":"page","link":"https:\/\/proventuss.eu\/ro\/calculator-tabele-de-consum-de-materiale\/calculator-de-consum\/","title":{"rendered":"Calculator de consum"},"content":{"rendered":"\t\t<div data-elementor-type=\"wp-page\" data-elementor-id=\"10507\" class=\"elementor elementor-10507 elementor-1313\" data-elementor-post-type=\"page\">\n\t\t\t\t\t\t<section class=\"elementor-section elementor-top-section elementor-element elementor-element-16f0fd5 elementor-section-height-min-height elementor-section-boxed elementor-section-height-default elementor-section-items-middle\" data-id=\"16f0fd5\" data-element_type=\"section\" data-settings=\"{&quot;background_background&quot;:&quot;classic&quot;}\">\n\t\t\t\t\t\t\t<div class=\"elementor-background-overlay\"><\/div>\n\t\t\t\t\t\t\t<div class=\"elementor-container elementor-column-gap-default\">\n\t\t\t\t\t<div class=\"elementor-column elementor-col-50 elementor-top-column elementor-element elementor-element-fcc2505\" data-id=\"fcc2505\" data-element_type=\"column\">\n\t\t\t<div class=\"elementor-widget-wrap elementor-element-populated\">\n\t\t\t\t\t\t\t<\/div>\n\t\t<\/div>\n\t\t\t\t<div class=\"elementor-column elementor-col-50 elementor-top-column elementor-element elementor-element-24e50ee\" data-id=\"24e50ee\" data-element_type=\"column\">\n\t\t\t<div class=\"elementor-widget-wrap\">\n\t\t\t\t\t\t\t<\/div>\n\t\t<\/div>\n\t\t\t\t\t<\/div>\n\t\t<\/section>\n\t\t\t\t<section class=\"elementor-section elementor-top-section elementor-element elementor-element-0c0b20f elementor-section-boxed elementor-section-height-default elementor-section-height-default\" data-id=\"0c0b20f\" data-element_type=\"section\">\n\t\t\t\t\t\t<div class=\"elementor-container elementor-column-gap-default\">\n\t\t\t\t\t<div class=\"elementor-column elementor-col-100 elementor-top-column elementor-element elementor-element-3ba744c\" data-id=\"3ba744c\" data-element_type=\"column\">\n\t\t\t<div class=\"elementor-widget-wrap elementor-element-populated\">\n\t\t\t\t\t\t<div class=\"elementor-element elementor-element-57efc84 elementor-widget elementor-widget-text-editor\" data-id=\"57efc84\" data-element_type=\"widget\" data-widget_type=\"text-editor.default\">\n\t\t\t\t<div class=\"elementor-widget-container\">\n\t\t\t<style>\/*! elementor - v3.22.0 - 26-06-2024 *\/\n.elementor-widget-text-editor.elementor-drop-cap-view-stacked .elementor-drop-cap{background-color:#69727d;color:#fff}.elementor-widget-text-editor.elementor-drop-cap-view-framed .elementor-drop-cap{color:#69727d;border:3px solid;background-color:transparent}.elementor-widget-text-editor:not(.elementor-drop-cap-view-default) .elementor-drop-cap{margin-top:8px}.elementor-widget-text-editor:not(.elementor-drop-cap-view-default) .elementor-drop-cap-letter{width:1em;height:1em}.elementor-widget-text-editor .elementor-drop-cap{float:left;text-align:center;line-height:1;font-size:50px}.elementor-widget-text-editor .elementor-drop-cap-letter{display:inline-block}<\/style>\t\t\t\t<script src=\"https:\/\/proventuss.eu\/calc\/kalkulator.js\" type=\"text\/javascript\"><\/script><script type=\"text\/javascript\">\/\/ <![CDATA[ readyCalc(); \/\/ ]]><\/script>\r\n<table id=\"kalkulator\" style=\"background-color: #ffffff; width: 100%; height: 216px;\">\r\n<tbody>\r\n<tr style=\"height: 24px;\">\r\n<td style=\"width: 50%; height: 24px;\">Ad\u00e2ncimea \u00eembin\u0103rii (mm)<\/td>\r\n<td style=\"width: 50%; height: 24px;\"><input name=\"gleb_do_sred_prost\" type=\"number\" value=\"10\" \/><\/td>\r\n<\/tr>\r\n<tr style=\"height: 24px;\">\r\n<td style=\"width: 33.2226%; height: 24px;\">L\u0103\u021bimea \u00eembin\u0103rii (mm)<\/td>\r\n<td style=\"width: 60.4651%; height: 24px;\"><input name=\"szer_zlacza\" type=\"number\" value=\"20\" \/><\/td>\r\n<\/tr>\r\n<tr style=\"height: 48px;\">\r\n<td style=\"width: 33.2226%; height: 48px;\">Lungimea conectorului &#8211; metri curenti (m)<\/td>\r\n<td style=\"width: 60.4651%; height: 48px;\"><input name=\"dl_zlacza_prost\" type=\"number\" value=\"100\" \/><\/td>\r\n<\/tr>\r\n<tr style=\"height: 24px;\">\r\n<td style=\"width: 33.2226%; height: 24px;\">De\u0219euri &#8211; %<\/td>\r\n<td style=\"width: 60.4651%; height: 24px;\"><input name=\"odpad_prost\" type=\"number\" value=\"10\" \/><\/td>\r\n<\/tr>\r\n<tr style=\"height: 24px;\">\r\n<td style=\"width: 33.2226%; height: 24px;\">Consum de etan\u0219ant (litri) [dm3]<\/td>\r\n<td style=\"width: 60.4651%; height: 24px;\"><input style=\"font-weight: bold;\" name=\"kons_prost\" type=\"readonly\" \/><\/td>\r\n<\/tr>\r\n<tr style=\"height: 24px;\">\r\n<td style=\"width: 33.2226%; height: 24px;\">Cartu\u0219 (310 ml)<\/td>\r\n<td style=\"width: 60.4651%; height: 24px;\"><input style=\"font-weight: bold;\" name=\"kart310_prost\" type=\"readonly\" \/><\/td>\r\n<\/tr>\r\n<tr style=\"height: 24px;\">\r\n<td style=\"width: 33.2226%; height: 24px;\">Cartu\u0219 (280 ml)<\/td>\r\n<td style=\"width: 60.4651%; height: 24px;\"><input style=\"font-weight: bold;\" name=\"kart280_prost\" type=\"readonly\" \/><\/td>\r\n<\/tr>\r\n<tr style=\"height: 24px;\">\r\n<td style=\"width: 33.2226%; height: 24px;\">C\u00e2rna\u021bi (600 ml)<\/td>\r\n<td style=\"width: 60.4651%; height: 24px;\"><input style=\"font-weight: bold;\" name=\"kart600_prost\" type=\"readonly\" \/><\/td>\r\n<\/tr>\r\n<\/tbody>\r\n<\/table>\t\t\t\t\t\t<\/div>\n\t\t\t\t<\/div>\n\t\t\t\t<div class=\"elementor-element elementor-element-9d5cfd5 elementor-widget elementor-widget-text-editor\" data-id=\"9d5cfd5\" data-element_type=\"widget\" data-widget_type=\"text-editor.default\">\n\t\t\t\t<div class=\"elementor-widget-container\">\n\t\t\t\t\t\t\t<strong>Bacsis:<\/strong>\r\n\r\nValorile date sunt aproximative \u0219i servesc doar ca ghid. Valorile se pot modifica, \u00een func\u021bie de tipul de material, de condi\u021biile site-ului sau de preferin\u021bele sau recomand\u0103rile individuale de performan\u021b\u0103. \u00cen func\u021bie de tehnica de prelucrare, metoda de aplicare \u0219i condi\u021biile, trebuie luate \u00een considerare cu 10 p\u00e2n\u0103 la 30% mai mult.\t\t\t\t\t\t<\/div>\n\t\t\t\t<\/div>\n\t\t\t\t<div class=\"elementor-element elementor-element-63fa3cb elementor-widget elementor-widget-heading\" data-id=\"63fa3cb\" data-element_type=\"widget\" data-widget_type=\"heading.default\">\n\t\t\t\t<div class=\"elementor-widget-container\">\n\t\t\t<style>\/*! elementor - v3.22.0 - 26-06-2024 *\/\n.elementor-heading-title{padding:0;margin:0;line-height:1}.elementor-widget-heading .elementor-heading-title[class*=elementor-size-]>a{color:inherit;font-size:inherit;line-height:inherit}.elementor-widget-heading .elementor-heading-title.elementor-size-small{font-size:15px}.elementor-widget-heading .elementor-heading-title.elementor-size-medium{font-size:19px}.elementor-widget-heading .elementor-heading-title.elementor-size-large{font-size:29px}.elementor-widget-heading .elementor-heading-title.elementor-size-xl{font-size:39px}.elementor-widget-heading .elementor-heading-title.elementor-size-xxl{font-size:59px}<\/style><p class=\"elementor-heading-title elementor-size-default\">Consum estimat pentru o suprafa\u021b\u0103 poroas\u0103<\/p>\t\t<\/div>\n\t\t\t\t<\/div>\n\t\t\t\t<div class=\"elementor-element elementor-element-708a265 elementor-widget elementor-widget-text-editor\" data-id=\"708a265\" data-element_type=\"widget\" data-widget_type=\"text-editor.default\">\n\t\t\t\t<div class=\"elementor-widget-container\">\n\t\t\t\t\t\t\t<table id=\"kalkulator\" style=\"background-color: #ffffff; width: 100%; height: 144px;\">\r\n<tbody>\r\n<tr style=\"height: 24px;\">\r\n<td style=\"width: 50%; height: 24px;\">Primer 1200 OS &#8211; pachet 500 ml<\/td>\r\n<td style=\"width: 50%; height: 24px;\"><strong>~400 mb\/l<\/strong><\/td>\r\n<\/tr>\r\n<tr style=\"height: 24px;\">\r\n<td style=\"width: 33.2226%; height: 24px;\">Primer C &#8211; pachet 384 g<\/td>\r\n<td style=\"width: 60.4651%; height: 24px;\"><strong>~400 mb\/l<\/strong><\/td>\r\n<\/tr>\r\n<tr style=\"height: 24px;\">\r\n<td style=\"width: 33.2226%; height: 24px;\">Primer P &#8211; pachet 500 ml<\/td>\r\n<td style=\"width: 60.4651%; height: 24px;\"><strong>~450 mb\/l<\/strong><\/td>\r\n<\/tr>\r\n<tr style=\"height: 24px;\">\r\n<td style=\"width: 48.285%; text-align: center; background: #00b2aa; color: #ffffff; text-transform: uppercase; height: 24px;\" colspan=\"2\"><strong>Agen\u021bi de cur\u0103\u021bare \u0219i netezire<\/strong><\/td>\r\n<\/tr>\r\n<tr style=\"height: 48px;\">\r\n<td style=\"width: 33.2226%; height: 48px;\">Vi-Pro\u00ae Easy To Tool &#8211; agent de netezire 1 L (concentrat)<\/td>\r\n<td style=\"width: 60.4651%; height: 48px;\"><strong>concentra\u0163ie 5 &#8211; 10%<\/strong><\/td>\r\n<\/tr>\r\n<\/tbody>\r\n<\/table>\t\t\t\t\t\t<\/div>\n\t\t\t\t<\/div>\n\t\t\t\t<div class=\"elementor-element elementor-element-78743df elementor-widget elementor-widget-heading\" data-id=\"78743df\" data-element_type=\"widget\" data-widget_type=\"heading.default\">\n\t\t\t\t<div class=\"elementor-widget-container\">\n\t\t\t<p class=\"elementor-heading-title elementor-size-default\">Consum estimat pentru o suprafa\u021b\u0103 neporoas\u0103<\/p>\t\t<\/div>\n\t\t\t\t<\/div>\n\t\t\t\t<div class=\"elementor-element elementor-element-3b27f5c elementor-widget elementor-widget-text-editor\" data-id=\"3b27f5c\" data-element_type=\"widget\" data-widget_type=\"text-editor.default\">\n\t\t\t\t<div class=\"elementor-widget-container\">\n\t\t\t\t\t\t\t<table id=\"kalkulator\" style=\"width: 100%; height: 240px;\">\r\n<tbody>\r\n<tr style=\"height: 24px;\">\r\n<td style=\"width: 50%; height: 24px;\">Cur\u0103\u021b\u0103tor R40\/41 &#8211; pachet 1l<\/td>\r\n<td style=\"width: 50%; height: 24px;\"><b>~1000 mb\/l<\/b><\/td>\r\n<\/tr>\r\n<tr style=\"height: 48px;\">\r\n<td style=\"width: 48.285%; height: 48px;\">Primer 1200 OS\/1203 &#8211; pachet 500 ml<\/td>\r\n<td style=\"width: 49.6042%; height: 48px;\"><b>~800 mb\/l<\/b><\/td>\r\n<\/tr>\r\n<tr style=\"height: 24px;\">\r\n<td style=\"width: 48.285%; height: 24px;\">Primer C &#8211; pachet 384 g<\/td>\r\n<td style=\"width: 49.6042%; height: 24px;\"><b>~800 mb\/l<\/b><\/td>\r\n<\/tr>\r\n<tr style=\"height: 24px;\">\r\n<td style=\"width: 97.8892%; text-align: center; background: #00b2aa; color: #ffffff; text-transform: uppercase; height: 24px;\" colspan=\"2\"><b>\u015arodki czyszcz\u0105ce i wyg\u0142adzaj\u0105ce<\/b><\/td>\r\n<\/tr>\r\n<tr style=\"height: 24px;\">\r\n<td style=\"width: 48.285%; height: 24px;\">Vi-Pro\u00aeEasy To Clean &#8211; cur\u0103\u021b\u0103tor 1 L<\/td>\r\n<td style=\"width: 49.6042%; height: 24px;\"><b>~1000 mb\/l<\/b><\/td>\r\n<\/tr>\r\n<tr style=\"height: 48px;\">\r\n<td style=\"width: 48.285%; height: 48px;\">Vi-Pro\u00ae Easy To Tool &#8211; agent de netezire 1 L (concentrat)<\/td>\r\n<td style=\"width: 49.6042%; height: 48px;\"><b>din 10 jos 20 L<\/b><\/td>\r\n<\/tr>\r\n<tr style=\"height: 48px;\">\r\n<td style=\"width: 48.285%; height: 48px;\">Vi-Pro\u00ae Universal Wipes &#8211; servetele de curatare<\/td>\r\n<td style=\"width: 49.6042%; height: 48px;\"><b>150 buc\u0103\u021bi\/pachet.<\/b><\/td>\r\n<\/tr>\r\n<\/tbody>\r\n<\/table>\t\t\t\t\t\t<\/div>\n\t\t\t\t<\/div>\n\t\t\t\t\t<\/div>\n\t\t<\/div>\n\t\t\t\t\t<\/div>\n\t\t<\/section>\n\t\t\t\t<\/div>\n\t\t","protected":false},"excerpt":{"rendered":"<p>Ad\u00e2ncimea \u00eembin\u0103rii (mm) L\u0103\u021bimea \u00eembin\u0103rii (mm) Lungimea conectorului &#8211; metri curenti (m) De\u0219euri &#8211; % Consum de etan\u0219ant (litri) [dm3] Cartu\u0219 (310 ml) Cartu\u0219 (280 ml) C\u00e2rna\u021bi (600 ml) Bacsis: Valorile date sunt aproximative \u0219i servesc doar ca ghid. Valorile se pot modifica, \u00een func\u021bie de tipul de material, de condi\u021biile site-ului sau de preferin\u021bele [&hellip;]<\/p>\n","protected":false},"author":1,"featured_media":0,"parent":10509,"menu_order":0,"comment_status":"closed","ping_status":"closed","template":"elementor_header_footer","meta":{"_acf_changed":false,"footnotes":""},"acf":[],"yoast_head":"<!-- This site is optimized with the Yoast SEO plugin v22.9 - https:\/\/yoast.com\/wordpress\/plugins\/seo\/ -->\n<title>Calculator de consum - Proventuss<\/title>\n<meta name=\"robots\" content=\"index, follow, max-snippet:-1, max-image-preview:large, max-video-preview:-1\" \/>\n<link rel=\"canonical\" href=\"https:\/\/proventuss.eu\/kalkulator-tabele-zuzycia-materialow\/kalkulator-zuzycia\/\" \/>\n<meta property=\"og:locale\" content=\"ro_RO\" \/>\n<meta property=\"og:type\" content=\"article\" \/>\n<meta property=\"og:title\" content=\"Calculator de consum - Proventuss\" \/>\n<meta property=\"og:description\" content=\"Ad\u00e2ncimea \u00eembin\u0103rii (mm) L\u0103\u021bimea \u00eembin\u0103rii (mm) Lungimea conectorului &#8211; metri curenti (m) De\u0219euri &#8211; % Consum de etan\u0219ant (litri) [dm3] Cartu\u0219 (310 ml) Cartu\u0219 (280 ml) C\u00e2rna\u021bi (600 ml) Bacsis: Valorile date sunt aproximative \u0219i servesc doar ca ghid. Valorile se pot modifica, \u00een func\u021bie de tipul de material, de condi\u021biile site-ului sau de preferin\u021bele [&hellip;]\" \/>\n<meta property=\"og:url\" content=\"https:\/\/proventuss.eu\/kalkulator-tabele-zuzycia-materialow\/kalkulator-zuzycia\/\" \/>\n<meta property=\"og:site_name\" content=\"Proventuss\" \/>\n<meta property=\"article:modified_time\" content=\"2022-12-06T12:00:42+00:00\" \/>\n<meta name=\"twitter:card\" content=\"summary_large_image\" \/>\n<meta name=\"twitter:label1\" content=\"Timp estimat pentru citire\" \/>\n\t<meta name=\"twitter:data1\" content=\"1 minut\" \/>\n<script type=\"application\/ld+json\" class=\"yoast-schema-graph\">{\"@context\":\"https:\/\/schema.org\",\"@graph\":[{\"@type\":\"WebPage\",\"@id\":\"https:\/\/proventuss.eu\/kalkulator-tabele-zuzycia-materialow\/kalkulator-zuzycia\/\",\"url\":\"https:\/\/proventuss.eu\/kalkulator-tabele-zuzycia-materialow\/kalkulator-zuzycia\/\",\"name\":\"Calculator de consum - Proventuss\",\"isPartOf\":{\"@id\":\"https:\/\/proventuss.eu\/#website\"},\"datePublished\":\"2022-05-18T07:50:39+00:00\",\"dateModified\":\"2022-12-06T12:00:42+00:00\",\"breadcrumb\":{\"@id\":\"https:\/\/proventuss.eu\/kalkulator-tabele-zuzycia-materialow\/kalkulator-zuzycia\/#breadcrumb\"},\"inLanguage\":\"ro-RO\",\"potentialAction\":[{\"@type\":\"ReadAction\",\"target\":[\"https:\/\/proventuss.eu\/kalkulator-tabele-zuzycia-materialow\/kalkulator-zuzycia\/\"]}]},{\"@type\":\"BreadcrumbList\",\"@id\":\"https:\/\/proventuss.eu\/kalkulator-tabele-zuzycia-materialow\/kalkulator-zuzycia\/#breadcrumb\",\"itemListElement\":[{\"@type\":\"ListItem\",\"position\":1,\"name\":\"Home\",\"item\":\"https:\/\/proventuss.eu\/ro\/\"},{\"@type\":\"ListItem\",\"position\":2,\"name\":\"Calculator de consum\"}]},{\"@type\":\"WebSite\",\"@id\":\"https:\/\/proventuss.eu\/#website\",\"url\":\"https:\/\/proventuss.eu\/\",\"name\":\"Proventuss\",\"description\":\"\",\"potentialAction\":[{\"@type\":\"SearchAction\",\"target\":{\"@type\":\"EntryPoint\",\"urlTemplate\":\"https:\/\/proventuss.eu\/?s={search_term_string}\"},\"query-input\":\"required name=search_term_string\"}],\"inLanguage\":\"ro-RO\"}]}<\/script>\n<!-- \/ Yoast SEO plugin. -->","yoast_head_json":{"title":"Calculator de consum - Proventuss","robots":{"index":"index","follow":"follow","max-snippet":"max-snippet:-1","max-image-preview":"max-image-preview:large","max-video-preview":"max-video-preview:-1"},"canonical":"https:\/\/proventuss.eu\/kalkulator-tabele-zuzycia-materialow\/kalkulator-zuzycia\/","og_locale":"ro_RO","og_type":"article","og_title":"Calculator de consum - Proventuss","og_description":"Ad\u00e2ncimea \u00eembin\u0103rii (mm) L\u0103\u021bimea \u00eembin\u0103rii (mm) Lungimea conectorului &#8211; metri curenti (m) De\u0219euri &#8211; % Consum de etan\u0219ant (litri) [dm3] Cartu\u0219 (310 ml) Cartu\u0219 (280 ml) C\u00e2rna\u021bi (600 ml) Bacsis: Valorile date sunt aproximative \u0219i servesc doar ca ghid. Valorile se pot modifica, \u00een func\u021bie de tipul de material, de condi\u021biile site-ului sau de preferin\u021bele [&hellip;]","og_url":"https:\/\/proventuss.eu\/kalkulator-tabele-zuzycia-materialow\/kalkulator-zuzycia\/","og_site_name":"Proventuss","article_modified_time":"2022-12-06T12:00:42+00:00","twitter_card":"summary_large_image","twitter_misc":{"Timp estimat pentru citire":"1 minut"},"schema":{"@context":"https:\/\/schema.org","@graph":[{"@type":"WebPage","@id":"https:\/\/proventuss.eu\/kalkulator-tabele-zuzycia-materialow\/kalkulator-zuzycia\/","url":"https:\/\/proventuss.eu\/kalkulator-tabele-zuzycia-materialow\/kalkulator-zuzycia\/","name":"Calculator de consum - Proventuss","isPartOf":{"@id":"https:\/\/proventuss.eu\/#website"},"datePublished":"2022-05-18T07:50:39+00:00","dateModified":"2022-12-06T12:00:42+00:00","breadcrumb":{"@id":"https:\/\/proventuss.eu\/kalkulator-tabele-zuzycia-materialow\/kalkulator-zuzycia\/#breadcrumb"},"inLanguage":"ro-RO","potentialAction":[{"@type":"ReadAction","target":["https:\/\/proventuss.eu\/kalkulator-tabele-zuzycia-materialow\/kalkulator-zuzycia\/"]}]},{"@type":"BreadcrumbList","@id":"https:\/\/proventuss.eu\/kalkulator-tabele-zuzycia-materialow\/kalkulator-zuzycia\/#breadcrumb","itemListElement":[{"@type":"ListItem","position":1,"name":"Home","item":"https:\/\/proventuss.eu\/ro\/"},{"@type":"ListItem","position":2,"name":"Calculator de consum"}]},{"@type":"WebSite","@id":"https:\/\/proventuss.eu\/#website","url":"https:\/\/proventuss.eu\/","name":"Proventuss","description":"","potentialAction":[{"@type":"SearchAction","target":{"@type":"EntryPoint","urlTemplate":"https:\/\/proventuss.eu\/?s={search_term_string}"},"query-input":"required name=search_term_string"}],"inLanguage":"ro-RO"}]}},"_links":{"self":[{"href":"https:\/\/proventuss.eu\/ro\/wp-json\/wp\/v2\/pages\/10507"}],"collection":[{"href":"https:\/\/proventuss.eu\/ro\/wp-json\/wp\/v2\/pages"}],"about":[{"href":"https:\/\/proventuss.eu\/ro\/wp-json\/wp\/v2\/types\/page"}],"author":[{"embeddable":true,"href":"https:\/\/proventuss.eu\/ro\/wp-json\/wp\/v2\/users\/1"}],"replies":[{"embeddable":true,"href":"https:\/\/proventuss.eu\/ro\/wp-json\/wp\/v2\/comments?post=10507"}],"version-history":[{"count":1,"href":"https:\/\/proventuss.eu\/ro\/wp-json\/wp\/v2\/pages\/10507\/revisions"}],"predecessor-version":[{"id":10508,"href":"https:\/\/proventuss.eu\/ro\/wp-json\/wp\/v2\/pages\/10507\/revisions\/10508"}],"up":[{"embeddable":true,"href":"https:\/\/proventuss.eu\/ro\/wp-json\/wp\/v2\/pages\/10509"}],"wp:attachment":[{"href":"https:\/\/proventuss.eu\/ro\/wp-json\/wp\/v2\/media?parent=10507"}],"curies":[{"name":"wp","href":"https:\/\/api.w.org\/{rel}","templated":true}]}}