{"id":10383,"date":"2022-05-19T12:59:48","date_gmt":"2022-05-19T12:59:48","guid":{"rendered":"https:\/\/proventuss.eu\/cariera\/"},"modified":"2022-12-06T09:21:12","modified_gmt":"2022-12-06T09:21:12","slug":"cariera","status":"publish","type":"page","link":"https:\/\/proventuss.eu\/ro\/cariera\/","title":{"rendered":"Carier\u0103"},"content":{"rendered":"\t\t<div data-elementor-type=\"wp-page\" data-elementor-id=\"10383\" class=\"elementor elementor-10383 elementor-1684\" data-elementor-post-type=\"page\">\n\t\t\t\t\t\t<section class=\"elementor-section elementor-top-section elementor-element elementor-element-60fc409a elementor-section-height-min-height elementor-section-boxed elementor-section-height-default elementor-section-items-middle\" data-id=\"60fc409a\" data-element_type=\"section\" data-settings=\"{&quot;background_background&quot;:&quot;classic&quot;}\">\n\t\t\t\t\t\t\t<div class=\"elementor-background-overlay\"><\/div>\n\t\t\t\t\t\t\t<div class=\"elementor-container elementor-column-gap-default\">\n\t\t\t\t\t<div class=\"elementor-column elementor-col-50 elementor-top-column elementor-element elementor-element-433247ac\" data-id=\"433247ac\" data-element_type=\"column\">\n\t\t\t<div class=\"elementor-widget-wrap elementor-element-populated\">\n\t\t\t\t\t\t\t<\/div>\n\t\t<\/div>\n\t\t\t\t<div class=\"elementor-column elementor-col-50 elementor-top-column elementor-element elementor-element-60d2a8b7\" data-id=\"60d2a8b7\" data-element_type=\"column\">\n\t\t\t<div class=\"elementor-widget-wrap\">\n\t\t\t\t\t\t\t<\/div>\n\t\t<\/div>\n\t\t\t\t\t<\/div>\n\t\t<\/section>\n\t\t\t\t<section class=\"elementor-section elementor-top-section elementor-element elementor-element-faa45c2 elementor-section-boxed elementor-section-height-default elementor-section-height-default\" data-id=\"faa45c2\" data-element_type=\"section\">\n\t\t\t\t\t\t<div class=\"elementor-container elementor-column-gap-default\">\n\t\t\t\t\t<div class=\"elementor-column elementor-col-100 elementor-top-column elementor-element elementor-element-278a36e\" data-id=\"278a36e\" data-element_type=\"column\">\n\t\t\t<div class=\"elementor-widget-wrap elementor-element-populated\">\n\t\t\t\t\t\t<div class=\"elementor-element elementor-element-596965b elementor-invisible elementor-widget elementor-widget-heading\" data-id=\"596965b\" data-element_type=\"widget\" data-settings=\"{&quot;_animation&quot;:&quot;fadeInUp&quot;,&quot;_animation_delay&quot;:1000}\" data-widget_type=\"heading.default\">\n\t\t\t\t<div class=\"elementor-widget-container\">\n\t\t\t<style>\/*! elementor - v3.22.0 - 26-06-2024 *\/\n.elementor-heading-title{padding:0;margin:0;line-height:1}.elementor-widget-heading .elementor-heading-title[class*=elementor-size-]>a{color:inherit;font-size:inherit;line-height:inherit}.elementor-widget-heading .elementor-heading-title.elementor-size-small{font-size:15px}.elementor-widget-heading .elementor-heading-title.elementor-size-medium{font-size:19px}.elementor-widget-heading .elementor-heading-title.elementor-size-large{font-size:29px}.elementor-widget-heading .elementor-heading-title.elementor-size-xl{font-size:39px}.elementor-widget-heading .elementor-heading-title.elementor-size-xxl{font-size:59px}<\/style><p class=\"elementor-heading-title elementor-size-default\">Al\u0103tura\u0163i-ne<\/p>\t\t<\/div>\n\t\t\t\t<\/div>\n\t\t\t\t<div class=\"elementor-element elementor-element-44e7143 elementor-widget elementor-widget-heading\" data-id=\"44e7143\" data-element_type=\"widget\" data-widget_type=\"heading.default\">\n\t\t\t\t<div class=\"elementor-widget-container\">\n\t\t\t<p class=\"elementor-heading-title elementor-size-default\">Oferte de munca<\/p>\t\t<\/div>\n\t\t\t\t<\/div>\n\t\t\t\t<div class=\"elementor-element elementor-element-983145b elementor-widget elementor-widget-text-editor\" data-id=\"983145b\" data-element_type=\"widget\" data-widget_type=\"text-editor.default\">\n\t\t\t\t<div class=\"elementor-widget-container\">\n\t\t\t<style>\/*! elementor - v3.22.0 - 26-06-2024 *\/\n.elementor-widget-text-editor.elementor-drop-cap-view-stacked .elementor-drop-cap{background-color:#69727d;color:#fff}.elementor-widget-text-editor.elementor-drop-cap-view-framed .elementor-drop-cap{color:#69727d;border:3px solid;background-color:transparent}.elementor-widget-text-editor:not(.elementor-drop-cap-view-default) .elementor-drop-cap{margin-top:8px}.elementor-widget-text-editor:not(.elementor-drop-cap-view-default) .elementor-drop-cap-letter{width:1em;height:1em}.elementor-widget-text-editor .elementor-drop-cap{float:left;text-align:center;line-height:1;font-size:50px}.elementor-widget-text-editor .elementor-drop-cap-letter{display:inline-block}<\/style>\t\t\t\tProventuss Solution SRL este \u00een continuare \u00een c\u0103utare de oameni ambi\u021bio\u0219i \u0219i muncitori care doresc s\u0103 se al\u0103ture unei echipe profesioniste. Oferim tuturor candida\u021bilor no\u0219tri dezvoltare constant\u0103 \u0219i stabilitate \u00een munc\u0103. Ofertele actuale de locuri de munc\u0103 sunt prezentate mai jos.\r\n\r\nDaca in prezent nu cautam un angajat in specialitatea ta &#8211; ne poti trimite si CV-ul tau. Poate v\u0103 vom contacta \u00een viitorul apropiat.\t\t\t\t\t\t<\/div>\n\t\t\t\t<\/div>\n\t\t\t\t\t<\/div>\n\t\t<\/div>\n\t\t\t\t\t<\/div>\n\t\t<\/section>\n\t\t\t\t<\/div>\n\t\t","protected":false},"excerpt":{"rendered":"<p>Al\u0103tura\u0163i-ne Oferte de munca Proventuss Solution SRL este \u00een continuare \u00een c\u0103utare de oameni ambi\u021bio\u0219i \u0219i muncitori care doresc s\u0103 se al\u0103ture unei echipe profesioniste. Oferim tuturor candida\u021bilor no\u0219tri dezvoltare constant\u0103 \u0219i stabilitate \u00een munc\u0103. Ofertele actuale de locuri de munc\u0103 sunt prezentate mai jos. Daca in prezent nu cautam un angajat in specialitatea ta [&hellip;]<\/p>\n","protected":false},"author":1,"featured_media":0,"parent":0,"menu_order":0,"comment_status":"closed","ping_status":"closed","template":"elementor_header_footer","meta":{"_acf_changed":false,"footnotes":""},"acf":[],"yoast_head":"<!-- This site is optimized with the Yoast SEO plugin v22.9 - https:\/\/yoast.com\/wordpress\/plugins\/seo\/ -->\n<title>Carier\u0103 - Proventuss<\/title>\n<meta name=\"robots\" content=\"index, follow, max-snippet:-1, max-image-preview:large, max-video-preview:-1\" \/>\n<link rel=\"canonical\" href=\"https:\/\/proventuss.eu\/ro\/cariera\/\" \/>\n<meta property=\"og:locale\" content=\"ro_RO\" \/>\n<meta property=\"og:type\" content=\"article\" \/>\n<meta property=\"og:title\" content=\"Carier\u0103 - Proventuss\" \/>\n<meta property=\"og:description\" content=\"Al\u0103tura\u0163i-ne Oferte de munca Proventuss Solution SRL este \u00een continuare \u00een c\u0103utare de oameni ambi\u021bio\u0219i \u0219i muncitori care doresc s\u0103 se al\u0103ture unei echipe profesioniste. Oferim tuturor candida\u021bilor no\u0219tri dezvoltare constant\u0103 \u0219i stabilitate \u00een munc\u0103. Ofertele actuale de locuri de munc\u0103 sunt prezentate mai jos. Daca in prezent nu cautam un angajat in specialitatea ta [&hellip;]\" \/>\n<meta property=\"og:url\" content=\"https:\/\/proventuss.eu\/ro\/cariera\/\" \/>\n<meta property=\"og:site_name\" content=\"Proventuss\" \/>\n<meta property=\"article:modified_time\" content=\"2022-12-06T09:21:12+00:00\" \/>\n<meta name=\"twitter:card\" content=\"summary_large_image\" \/>\n<meta name=\"twitter:label1\" content=\"Timp estimat pentru citire\" \/>\n\t<meta name=\"twitter:data1\" content=\"1 minut\" \/>\n<script type=\"application\/ld+json\" class=\"yoast-schema-graph\">{\"@context\":\"https:\/\/schema.org\",\"@graph\":[{\"@type\":\"WebPage\",\"@id\":\"https:\/\/proventuss.eu\/ro\/cariera\/\",\"url\":\"https:\/\/proventuss.eu\/ro\/cariera\/\",\"name\":\"Carier\u0103 - Proventuss\",\"isPartOf\":{\"@id\":\"https:\/\/proventuss.eu\/#website\"},\"datePublished\":\"2022-05-19T12:59:48+00:00\",\"dateModified\":\"2022-12-06T09:21:12+00:00\",\"breadcrumb\":{\"@id\":\"https:\/\/proventuss.eu\/ro\/cariera\/#breadcrumb\"},\"inLanguage\":\"ro-RO\",\"potentialAction\":[{\"@type\":\"ReadAction\",\"target\":[\"https:\/\/proventuss.eu\/ro\/cariera\/\"]}]},{\"@type\":\"BreadcrumbList\",\"@id\":\"https:\/\/proventuss.eu\/ro\/cariera\/#breadcrumb\",\"itemListElement\":[{\"@type\":\"ListItem\",\"position\":1,\"name\":\"Home\",\"item\":\"https:\/\/proventuss.eu\/ro\/\"},{\"@type\":\"ListItem\",\"position\":2,\"name\":\"Carier\u0103\"}]},{\"@type\":\"WebSite\",\"@id\":\"https:\/\/proventuss.eu\/#website\",\"url\":\"https:\/\/proventuss.eu\/\",\"name\":\"Proventuss\",\"description\":\"\",\"potentialAction\":[{\"@type\":\"SearchAction\",\"target\":{\"@type\":\"EntryPoint\",\"urlTemplate\":\"https:\/\/proventuss.eu\/?s={search_term_string}\"},\"query-input\":\"required name=search_term_string\"}],\"inLanguage\":\"ro-RO\"}]}<\/script>\n<!-- \/ Yoast SEO plugin. -->","yoast_head_json":{"title":"Carier\u0103 - Proventuss","robots":{"index":"index","follow":"follow","max-snippet":"max-snippet:-1","max-image-preview":"max-image-preview:large","max-video-preview":"max-video-preview:-1"},"canonical":"https:\/\/proventuss.eu\/ro\/cariera\/","og_locale":"ro_RO","og_type":"article","og_title":"Carier\u0103 - Proventuss","og_description":"Al\u0103tura\u0163i-ne Oferte de munca Proventuss Solution SRL este \u00een continuare \u00een c\u0103utare de oameni ambi\u021bio\u0219i \u0219i muncitori care doresc s\u0103 se al\u0103ture unei echipe profesioniste. Oferim tuturor candida\u021bilor no\u0219tri dezvoltare constant\u0103 \u0219i stabilitate \u00een munc\u0103. Ofertele actuale de locuri de munc\u0103 sunt prezentate mai jos. Daca in prezent nu cautam un angajat in specialitatea ta [&hellip;]","og_url":"https:\/\/proventuss.eu\/ro\/cariera\/","og_site_name":"Proventuss","article_modified_time":"2022-12-06T09:21:12+00:00","twitter_card":"summary_large_image","twitter_misc":{"Timp estimat pentru citire":"1 minut"},"schema":{"@context":"https:\/\/schema.org","@graph":[{"@type":"WebPage","@id":"https:\/\/proventuss.eu\/ro\/cariera\/","url":"https:\/\/proventuss.eu\/ro\/cariera\/","name":"Carier\u0103 - Proventuss","isPartOf":{"@id":"https:\/\/proventuss.eu\/#website"},"datePublished":"2022-05-19T12:59:48+00:00","dateModified":"2022-12-06T09:21:12+00:00","breadcrumb":{"@id":"https:\/\/proventuss.eu\/ro\/cariera\/#breadcrumb"},"inLanguage":"ro-RO","potentialAction":[{"@type":"ReadAction","target":["https:\/\/proventuss.eu\/ro\/cariera\/"]}]},{"@type":"BreadcrumbList","@id":"https:\/\/proventuss.eu\/ro\/cariera\/#breadcrumb","itemListElement":[{"@type":"ListItem","position":1,"name":"Home","item":"https:\/\/proventuss.eu\/ro\/"},{"@type":"ListItem","position":2,"name":"Carier\u0103"}]},{"@type":"WebSite","@id":"https:\/\/proventuss.eu\/#website","url":"https:\/\/proventuss.eu\/","name":"Proventuss","description":"","potentialAction":[{"@type":"SearchAction","target":{"@type":"EntryPoint","urlTemplate":"https:\/\/proventuss.eu\/?s={search_term_string}"},"query-input":"required name=search_term_string"}],"inLanguage":"ro-RO"}]}},"_links":{"self":[{"href":"https:\/\/proventuss.eu\/ro\/wp-json\/wp\/v2\/pages\/10383"}],"collection":[{"href":"https:\/\/proventuss.eu\/ro\/wp-json\/wp\/v2\/pages"}],"about":[{"href":"https:\/\/proventuss.eu\/ro\/wp-json\/wp\/v2\/types\/page"}],"author":[{"embeddable":true,"href":"https:\/\/proventuss.eu\/ro\/wp-json\/wp\/v2\/users\/1"}],"replies":[{"embeddable":true,"href":"https:\/\/proventuss.eu\/ro\/wp-json\/wp\/v2\/comments?post=10383"}],"version-history":[{"count":4,"href":"https:\/\/proventuss.eu\/ro\/wp-json\/wp\/v2\/pages\/10383\/revisions"}],"predecessor-version":[{"id":10387,"href":"https:\/\/proventuss.eu\/ro\/wp-json\/wp\/v2\/pages\/10383\/revisions\/10387"}],"wp:attachment":[{"href":"https:\/\/proventuss.eu\/ro\/wp-json\/wp\/v2\/media?parent=10383"}],"curies":[{"name":"wp","href":"https:\/\/api.w.org\/{rel}","templated":true}]}}