{"id":10379,"date":"2022-05-24T08:56:52","date_gmt":"2022-05-24T08:56:52","guid":{"rendered":"https:\/\/proventuss.eu\/politica-de-confidentialitate\/"},"modified":"2022-12-06T09:11:10","modified_gmt":"2022-12-06T09:11:10","slug":"politica-de-confidentialitate","status":"publish","type":"page","link":"https:\/\/proventuss.eu\/ro\/politica-de-confidentialitate\/","title":{"rendered":"Politica de Confiden\u021bialitate"},"content":{"rendered":"\t\t<div data-elementor-type=\"wp-page\" data-elementor-id=\"10379\" class=\"elementor elementor-10379 elementor-1770\" data-elementor-post-type=\"page\">\n\t\t\t\t\t\t<section class=\"elementor-section elementor-top-section elementor-element elementor-element-60fc409a elementor-section-height-min-height elementor-section-boxed elementor-section-height-default elementor-section-items-middle\" data-id=\"60fc409a\" data-element_type=\"section\" data-settings=\"{&quot;background_background&quot;:&quot;classic&quot;}\">\n\t\t\t\t\t\t\t<div class=\"elementor-background-overlay\"><\/div>\n\t\t\t\t\t\t\t<div class=\"elementor-container elementor-column-gap-default\">\n\t\t\t\t\t<div class=\"elementor-column elementor-col-50 elementor-top-column elementor-element elementor-element-433247ac\" data-id=\"433247ac\" data-element_type=\"column\">\n\t\t\t<div class=\"elementor-widget-wrap elementor-element-populated\">\n\t\t\t\t\t\t\t<\/div>\n\t\t<\/div>\n\t\t\t\t<div class=\"elementor-column elementor-col-50 elementor-top-column elementor-element elementor-element-60d2a8b7\" data-id=\"60d2a8b7\" data-element_type=\"column\">\n\t\t\t<div class=\"elementor-widget-wrap\">\n\t\t\t\t\t\t\t<\/div>\n\t\t<\/div>\n\t\t\t\t\t<\/div>\n\t\t<\/section>\n\t\t\t\t<section class=\"elementor-section elementor-top-section elementor-element elementor-element-faa45c2 elementor-section-boxed elementor-section-height-default elementor-section-height-default\" data-id=\"faa45c2\" data-element_type=\"section\">\n\t\t\t\t\t\t<div class=\"elementor-container elementor-column-gap-default\">\n\t\t\t\t\t<div class=\"elementor-column elementor-col-100 elementor-top-column elementor-element elementor-element-278a36e\" data-id=\"278a36e\" data-element_type=\"column\">\n\t\t\t<div class=\"elementor-widget-wrap elementor-element-populated\">\n\t\t\t\t\t\t<div class=\"elementor-element elementor-element-596965b elementor-invisible elementor-widget elementor-widget-heading\" data-id=\"596965b\" data-element_type=\"widget\" data-settings=\"{&quot;_animation&quot;:&quot;fadeInUp&quot;,&quot;_animation_delay&quot;:1000}\" data-widget_type=\"heading.default\">\n\t\t\t\t<div class=\"elementor-widget-container\">\n\t\t\t<style>\/*! elementor - v3.22.0 - 26-06-2024 *\/\n.elementor-heading-title{padding:0;margin:0;line-height:1}.elementor-widget-heading .elementor-heading-title[class*=elementor-size-]>a{color:inherit;font-size:inherit;line-height:inherit}.elementor-widget-heading .elementor-heading-title.elementor-size-small{font-size:15px}.elementor-widget-heading .elementor-heading-title.elementor-size-medium{font-size:19px}.elementor-widget-heading .elementor-heading-title.elementor-size-large{font-size:29px}.elementor-widget-heading .elementor-heading-title.elementor-size-xl{font-size:39px}.elementor-widget-heading .elementor-heading-title.elementor-size-xxl{font-size:59px}<\/style><p class=\"elementor-heading-title elementor-size-default\">CLAUZ\u0102 DE INFORMARE<\/p>\t\t<\/div>\n\t\t\t\t<\/div>\n\t\t\t\t<div class=\"elementor-element elementor-element-44e7143 elementor-widget elementor-widget-heading\" data-id=\"44e7143\" data-element_type=\"widget\" data-widget_type=\"heading.default\">\n\t\t\t\t<div class=\"elementor-widget-container\">\n\t\t\t<p class=\"elementor-heading-title elementor-size-default\">GDPR<\/p>\t\t<\/div>\n\t\t\t\t<\/div>\n\t\t\t\t<div class=\"elementor-element elementor-element-983145b elementor-widget elementor-widget-text-editor\" data-id=\"983145b\" data-element_type=\"widget\" data-widget_type=\"text-editor.default\">\n\t\t\t\t<div class=\"elementor-widget-container\">\n\t\t\t<style>\/*! elementor - v3.22.0 - 26-06-2024 *\/\n.elementor-widget-text-editor.elementor-drop-cap-view-stacked .elementor-drop-cap{background-color:#69727d;color:#fff}.elementor-widget-text-editor.elementor-drop-cap-view-framed .elementor-drop-cap{color:#69727d;border:3px solid;background-color:transparent}.elementor-widget-text-editor:not(.elementor-drop-cap-view-default) .elementor-drop-cap{margin-top:8px}.elementor-widget-text-editor:not(.elementor-drop-cap-view-default) .elementor-drop-cap-letter{width:1em;height:1em}.elementor-widget-text-editor .elementor-drop-cap{float:left;text-align:center;line-height:1;font-size:50px}.elementor-widget-text-editor .elementor-drop-cap-letter{display:inline-block}<\/style>\t\t\t\tDin 25 mai 2018, Regulamentul (UE) 2016\/679 al Parlamentului European \u0219i al Consiliului din 27 aprilie 2016 privind protec\u021bia datelor cu caracter personal ale persoanelor fizice, denumit GDPR (articolul 13 din GDPR) a fost \u00een forta\r\n\r\nAcest document con\u021bine informa\u021bii despre regulile de prelucrare a datelor dumneavoastr\u0103 \u00een Proventuss Polska Sp. z o. o\t\t\t\t\t\t<\/div>\n\t\t\t\t<\/div>\n\t\t\t\t<div class=\"elementor-element elementor-element-2be1242 elementor-widget elementor-widget-text-editor\" data-id=\"2be1242\" data-element_type=\"widget\" data-widget_type=\"text-editor.default\">\n\t\t\t\t<div class=\"elementor-widget-container\">\n\t\t\t\t\t\t\t<strong>1. Administrator de date cu caracter personal<\/strong>\r\n\r\nAdministratorul datelor dumneavoastr\u0103 personale este Proventuss Polska Sp. z o. o. cu sediul social \u00een Var\u0219ovia, 02-247 Warszawa, ul. Flisa 4, rodo@proventuss.eu, telefon 22 122 85 40\t\t\t\t\t\t<\/div>\n\t\t\t\t<\/div>\n\t\t\t\t<div class=\"elementor-element elementor-element-dc6f615 elementor-widget elementor-widget-text-editor\" data-id=\"dc6f615\" data-element_type=\"widget\" data-widget_type=\"text-editor.default\">\n\t\t\t\t<div class=\"elementor-widget-container\">\n\t\t\t\t\t\t\t<strong>2. Date de contact ale Inspectorului pentru Protec\u021bia Datelor cu Caracter Personal<\/strong>\r\n\r\nResponsabilul cu protec\u021bia datelor nu a fost numit.\t\t\t\t\t\t<\/div>\n\t\t\t\t<\/div>\n\t\t\t\t<div class=\"elementor-element elementor-element-dab9672 elementor-widget elementor-widget-text-editor\" data-id=\"dab9672\" data-element_type=\"widget\" data-widget_type=\"text-editor.default\">\n\t\t\t\t<div class=\"elementor-widget-container\">\n\t\t\t\t\t\t\t<strong>3. Scopurile prelucr\u0103rii datelor cu caracter personal \u0219i temeiul juridic al prelucr\u0103rii<\/strong>\r\n\r\nDatele dumneavoastr\u0103 cu caracter personal sunt prelucrate \u00een scopul: \u00eencheierea \u0219i executarea contractului\/contractelor, executarea comenzilor (articolul 6 alineatul (1) litera (b) din GDPR), \u00eendeplinirea obliga\u021biilor fiscale \u0219i contabile (pastrarea facturilor), arhivare ( Articolul 6(1) din GDPR).litera c din GDPR).\t\t\t\t\t\t<\/div>\n\t\t\t\t<\/div>\n\t\t\t\t<div class=\"elementor-element elementor-element-0db248b elementor-widget elementor-widget-text-editor\" data-id=\"0db248b\" data-element_type=\"widget\" data-widget_type=\"text-editor.default\">\n\t\t\t\t<div class=\"elementor-widget-container\">\n\t\t\t\t\t\t\t<strong>4. Dac\u0103 prelucrarea rezult\u0103 din interese legitime urm\u0103rite de c\u0103tre Administratorul de Date cu Caracter Personal<\/strong>\r\n\r\nPrelucrarea datelor dumneavoastr\u0103 cu caracter personal rezult\u0103 din interesul legitim de a urm\u0103ri sau de a v\u0103 ap\u0103ra \u00eempotriva oric\u0103ror preten\u021bii legate de contractul (comanda) \u00eencheiat cu dumneavoastr\u0103 (articolul 6 alineatul (1) litera (f) din GDPR).\t\t\t\t\t\t<\/div>\n\t\t\t\t<\/div>\n\t\t\t\t<div class=\"elementor-element elementor-element-bf42522 elementor-widget elementor-widget-text-editor\" data-id=\"bf42522\" data-element_type=\"widget\" data-widget_type=\"text-editor.default\">\n\t\t\t\t<div class=\"elementor-widget-container\">\n\t\t\t\t\t\t\t<strong>5. Informa\u021bii despre destinatarii datelor cu caracter personal sau categoriile de destinatari, dac\u0103 exist\u0103<\/strong>\r\n\r\nAccesul la datele dumneavoastr\u0103 cu caracter personal va fi acordat entit\u0103\u021bilor c\u0103rora le comand\u0103m s\u0103 desf\u0103\u0219oare activit\u0103\u021bi care necesit\u0103 prelucrare de date: birou extern de contabilitate, firm\u0103 de avocatur\u0103, companii de logistic\u0103, curierat \u0219i po\u0219t\u0103, operatori de sisteme informatice, entit\u0103\u021bi autorizate conform legisla\u021biei \u00een vigoare (instan\u021bele judec\u0103tore\u0219ti \u0219i autorit\u0103\u021bile de stat) , precum \u0219i birouri de informa\u021bii economice, companii de asigur\u0103ri \u0219i de recuperare a crean\u021belor.\t\t\t\t\t\t<\/div>\n\t\t\t\t<\/div>\n\t\t\t\t<div class=\"elementor-element elementor-element-37ff798 elementor-widget elementor-widget-text-editor\" data-id=\"37ff798\" data-element_type=\"widget\" data-widget_type=\"text-editor.default\">\n\t\t\t\t<div class=\"elementor-widget-container\">\n\t\t\t\t\t\t\t<strong>6. Transferul datelor cu caracter personal \u00eentr-o \u021bar\u0103 ter\u021b\u0103<\/strong>\r\n\r\nDatele dumneavoastr\u0103 nu sunt transferate c\u0103tre \u021b\u0103ri ter\u021be, adic\u0103 \u00een afara Spa\u021biului Economic European.\t\t\t\t\t\t<\/div>\n\t\t\t\t<\/div>\n\t\t\t\t<div class=\"elementor-element elementor-element-0060a2d elementor-widget elementor-widget-text-editor\" data-id=\"0060a2d\" data-element_type=\"widget\" data-widget_type=\"text-editor.default\">\n\t\t\t\t<div class=\"elementor-widget-container\">\n\t\t\t\t\t\t\t<strong>7. Perioada pentru care vor fi stocate datele personale<\/strong>\r\n\r\nDatele personale vor fi stocate pe perioada: execut\u0103rii contractului (executarea comenzilor de cump\u0103rare \u0219i v\u00e2nzare), iar dup\u0103 \u00eencetarea acestuia pe o perioad\u0103 de 6 ani; Datele dumneavoastr\u0103 cu caracter personal vor fi prelucrate pe perioada necesar\u0103 realiz\u0103rii obiectivelor men\u021bionate la punctul 3, iar dup\u0103 aceast\u0103 perioad\u0103 p\u00e2n\u0103 la expirarea oric\u0103ror revendic\u0103ri sau p\u00e2n\u0103 la expirarea obliga\u021biilor de stocare a datelor prev\u0103zute de lege.\t\t\t\t\t\t<\/div>\n\t\t\t\t<\/div>\n\t\t\t\t<div class=\"elementor-element elementor-element-3f06eb4 elementor-widget elementor-widget-text-editor\" data-id=\"3f06eb4\" data-element_type=\"widget\" data-widget_type=\"text-editor.default\">\n\t\t\t\t<div class=\"elementor-widget-container\">\n\t\t\t\t\t\t\t<strong>8. Informa\u021bii despre dreptul de a solicita administratorului accesarea datelor cu caracter personal<\/strong>\r\n\r\nAve\u021bi dreptul de a accesa datele dumneavoastr\u0103 \u0219i dreptul de a rectifica, \u0219terge, limita prelucrarea, solicita o copie a datelor vizate de prelucrare, transfera date, ridica obiec\u021bii. Administratorul este obligat s\u0103 elimine datele sau s\u0103 limiteze prelucrarea acestora numai atunci c\u00e2nd exist\u0103 circumstan\u021be specifice descrise \u00een prevederile privind protec\u021bia datelor cu caracter personal. \u021ain\u00e2nd cont de obiec\u021bia la prelucrarea datelor, a c\u0103ror furnizare a fost voluntar\u0103, poate avea ca rezultat \u00eempiedicarea execut\u0103rii contractului.\t\t\t\t\t\t<\/div>\n\t\t\t\t<\/div>\n\t\t\t\t<div class=\"elementor-element elementor-element-d793826 elementor-widget elementor-widget-text-editor\" data-id=\"d793826\" data-element_type=\"widget\" data-widget_type=\"text-editor.default\">\n\t\t\t\t<div class=\"elementor-widget-container\">\n\t\t\t\t\t\t\t<strong>9. Informa\u021bii despre dreptul de a retrage consim\u021b\u0103m\u00e2ntul \u00een orice moment<\/strong>\r\n\r\nAve\u021bi dreptul de a v\u0103 retrage consim\u021b\u0103m\u00e2ntul \u00een orice moment, f\u0103r\u0103 a afecta legalitatea prelucr\u0103rii bazate pe consim\u021b\u0103m\u00e2nt \u00eenainte de retragerea acestuia.\t\t\t\t\t\t<\/div>\n\t\t\t\t<\/div>\n\t\t\t\t<div class=\"elementor-element elementor-element-a066906 elementor-widget elementor-widget-text-editor\" data-id=\"a066906\" data-element_type=\"widget\" data-widget_type=\"text-editor.default\">\n\t\t\t\t<div class=\"elementor-widget-container\">\n\t\t\t\t\t\t\t<strong>10. Informa\u021bii despre dreptul de a depune o pl\u00e2ngere la autoritatea de supraveghere<\/strong>\r\n\r\nAve\u021bi dreptul de a depune o pl\u00e2ngere \u00eempotriva noastr\u0103 la autoritatea de supraveghere dac\u0103 considera\u021bi c\u0103 prelucrarea datelor dumneavoastr\u0103 \u00eencalc\u0103 GDPR.\t\t\t\t\t\t<\/div>\n\t\t\t\t<\/div>\n\t\t\t\t<div class=\"elementor-element elementor-element-bc8f1e1 elementor-widget elementor-widget-text-editor\" data-id=\"bc8f1e1\" data-element_type=\"widget\" data-widget_type=\"text-editor.default\">\n\t\t\t\t<div class=\"elementor-widget-container\">\n\t\t\t\t\t\t\t<strong>11. Informa\u021bii dac\u0103 furnizarea datelor cu caracter personal este o cerin\u021b\u0103 legal\u0103 sau contractual\u0103 sau o condi\u021bie pentru \u00eencheierea unui contract<\/strong>\r\n\r\nFurnizarea datelor cu caracter personal este voluntar\u0103, dar necesar\u0103 pentru \u00eencheierea unui contract \u0219i executarea unei comenzi de cump\u0103rare\/v\u00e2nzare.\t\t\t\t\t\t<\/div>\n\t\t\t\t<\/div>\n\t\t\t\t<div class=\"elementor-element elementor-element-c056064 elementor-widget elementor-widget-text-editor\" data-id=\"c056064\" data-element_type=\"widget\" data-widget_type=\"text-editor.default\">\n\t\t\t\t<div class=\"elementor-widget-container\">\n\t\t\t\t\t\t\t<strong>12. Informa\u021bii privind luarea automat\u0103 a deciziilor, inclusiv crearea de profiluri, men\u021bionate la art. 22 sec. 1 \u0219i 4 \u0219i &#8211; cel pu\u021bin \u00een aceste cazuri &#8211; informa\u021bii relevante despre regulile de luare a acestora, precum \u0219i despre semnifica\u021bia \u0219i consecin\u021bele preconizate ale unei astfel de prelucr\u0103ri pentru persoana vizat\u0103.<\/strong>\r\n\r\nDatele dumneavoastr\u0103 cu caracter personal nu vor fi prelucrate \u00eentr-o manier\u0103 automat\u0103 f\u0103r\u0103 a exprima un consim\u021b\u0103m\u00e2nt separat, inclusiv pe baza profil\u0103rii.\t\t\t\t\t\t<\/div>\n\t\t\t\t<\/div>\n\t\t\t\t\t<\/div>\n\t\t<\/div>\n\t\t\t\t\t<\/div>\n\t\t<\/section>\n\t\t\t\t<\/div>\n\t\t","protected":false},"excerpt":{"rendered":"<p>CLAUZ\u0102 DE INFORMARE GDPR Din 25 mai 2018, Regulamentul (UE) 2016\/679 al Parlamentului European \u0219i al Consiliului din 27 aprilie 2016 privind protec\u021bia datelor cu caracter personal ale persoanelor fizice, denumit GDPR (articolul 13 din GDPR) a fost \u00een forta Acest document con\u021bine informa\u021bii despre regulile de prelucrare a datelor dumneavoastr\u0103 \u00een Proventuss Polska Sp. [&hellip;]<\/p>\n","protected":false},"author":1,"featured_media":0,"parent":0,"menu_order":0,"comment_status":"closed","ping_status":"closed","template":"elementor_header_footer","meta":{"_acf_changed":false,"footnotes":""},"acf":[],"yoast_head":"<!-- This site is optimized with the Yoast SEO plugin v22.9 - https:\/\/yoast.com\/wordpress\/plugins\/seo\/ -->\n<title>Politica de Confiden\u021bialitate - Proventuss<\/title>\n<meta name=\"robots\" content=\"index, follow, max-snippet:-1, max-image-preview:large, max-video-preview:-1\" \/>\n<link rel=\"canonical\" href=\"https:\/\/proventuss.eu\/polityka-prywatnosci\/\" \/>\n<meta property=\"og:locale\" content=\"ro_RO\" \/>\n<meta property=\"og:type\" content=\"article\" \/>\n<meta property=\"og:title\" content=\"Politica de Confiden\u021bialitate - Proventuss\" \/>\n<meta property=\"og:description\" content=\"CLAUZ\u0102 DE INFORMARE GDPR Din 25 mai 2018, Regulamentul (UE) 2016\/679 al Parlamentului European \u0219i al Consiliului din 27 aprilie 2016 privind protec\u021bia datelor cu caracter personal ale persoanelor fizice, denumit GDPR (articolul 13 din GDPR) a fost \u00een forta Acest document con\u021bine informa\u021bii despre regulile de prelucrare a datelor dumneavoastr\u0103 \u00een Proventuss Polska Sp. [&hellip;]\" \/>\n<meta property=\"og:url\" content=\"https:\/\/proventuss.eu\/polityka-prywatnosci\/\" \/>\n<meta property=\"og:site_name\" content=\"Proventuss\" \/>\n<meta property=\"article:modified_time\" content=\"2022-12-06T09:11:10+00:00\" \/>\n<meta name=\"twitter:card\" content=\"summary_large_image\" \/>\n<meta name=\"twitter:label1\" content=\"Timp estimat pentru citire\" \/>\n\t<meta name=\"twitter:data1\" content=\"4 minute\" \/>\n<script type=\"application\/ld+json\" class=\"yoast-schema-graph\">{\"@context\":\"https:\/\/schema.org\",\"@graph\":[{\"@type\":\"WebPage\",\"@id\":\"https:\/\/proventuss.eu\/polityka-prywatnosci\/\",\"url\":\"https:\/\/proventuss.eu\/polityka-prywatnosci\/\",\"name\":\"Politica de Confiden\u021bialitate - Proventuss\",\"isPartOf\":{\"@id\":\"https:\/\/proventuss.eu\/#website\"},\"datePublished\":\"2022-05-24T08:56:52+00:00\",\"dateModified\":\"2022-12-06T09:11:10+00:00\",\"breadcrumb\":{\"@id\":\"https:\/\/proventuss.eu\/polityka-prywatnosci\/#breadcrumb\"},\"inLanguage\":\"ro-RO\",\"potentialAction\":[{\"@type\":\"ReadAction\",\"target\":[\"https:\/\/proventuss.eu\/polityka-prywatnosci\/\"]}]},{\"@type\":\"BreadcrumbList\",\"@id\":\"https:\/\/proventuss.eu\/polityka-prywatnosci\/#breadcrumb\",\"itemListElement\":[{\"@type\":\"ListItem\",\"position\":1,\"name\":\"Home\",\"item\":\"https:\/\/proventuss.eu\/ro\/\"},{\"@type\":\"ListItem\",\"position\":2,\"name\":\"Politica de Confiden\u021bialitate\"}]},{\"@type\":\"WebSite\",\"@id\":\"https:\/\/proventuss.eu\/#website\",\"url\":\"https:\/\/proventuss.eu\/\",\"name\":\"Proventuss\",\"description\":\"\",\"potentialAction\":[{\"@type\":\"SearchAction\",\"target\":{\"@type\":\"EntryPoint\",\"urlTemplate\":\"https:\/\/proventuss.eu\/?s={search_term_string}\"},\"query-input\":\"required name=search_term_string\"}],\"inLanguage\":\"ro-RO\"}]}<\/script>\n<!-- \/ Yoast SEO plugin. -->","yoast_head_json":{"title":"Politica de Confiden\u021bialitate - Proventuss","robots":{"index":"index","follow":"follow","max-snippet":"max-snippet:-1","max-image-preview":"max-image-preview:large","max-video-preview":"max-video-preview:-1"},"canonical":"https:\/\/proventuss.eu\/polityka-prywatnosci\/","og_locale":"ro_RO","og_type":"article","og_title":"Politica de Confiden\u021bialitate - Proventuss","og_description":"CLAUZ\u0102 DE INFORMARE GDPR Din 25 mai 2018, Regulamentul (UE) 2016\/679 al Parlamentului European \u0219i al Consiliului din 27 aprilie 2016 privind protec\u021bia datelor cu caracter personal ale persoanelor fizice, denumit GDPR (articolul 13 din GDPR) a fost \u00een forta Acest document con\u021bine informa\u021bii despre regulile de prelucrare a datelor dumneavoastr\u0103 \u00een Proventuss Polska Sp. [&hellip;]","og_url":"https:\/\/proventuss.eu\/polityka-prywatnosci\/","og_site_name":"Proventuss","article_modified_time":"2022-12-06T09:11:10+00:00","twitter_card":"summary_large_image","twitter_misc":{"Timp estimat pentru citire":"4 minute"},"schema":{"@context":"https:\/\/schema.org","@graph":[{"@type":"WebPage","@id":"https:\/\/proventuss.eu\/polityka-prywatnosci\/","url":"https:\/\/proventuss.eu\/polityka-prywatnosci\/","name":"Politica de Confiden\u021bialitate - Proventuss","isPartOf":{"@id":"https:\/\/proventuss.eu\/#website"},"datePublished":"2022-05-24T08:56:52+00:00","dateModified":"2022-12-06T09:11:10+00:00","breadcrumb":{"@id":"https:\/\/proventuss.eu\/polityka-prywatnosci\/#breadcrumb"},"inLanguage":"ro-RO","potentialAction":[{"@type":"ReadAction","target":["https:\/\/proventuss.eu\/polityka-prywatnosci\/"]}]},{"@type":"BreadcrumbList","@id":"https:\/\/proventuss.eu\/polityka-prywatnosci\/#breadcrumb","itemListElement":[{"@type":"ListItem","position":1,"name":"Home","item":"https:\/\/proventuss.eu\/ro\/"},{"@type":"ListItem","position":2,"name":"Politica de Confiden\u021bialitate"}]},{"@type":"WebSite","@id":"https:\/\/proventuss.eu\/#website","url":"https:\/\/proventuss.eu\/","name":"Proventuss","description":"","potentialAction":[{"@type":"SearchAction","target":{"@type":"EntryPoint","urlTemplate":"https:\/\/proventuss.eu\/?s={search_term_string}"},"query-input":"required name=search_term_string"}],"inLanguage":"ro-RO"}]}},"_links":{"self":[{"href":"https:\/\/proventuss.eu\/ro\/wp-json\/wp\/v2\/pages\/10379"}],"collection":[{"href":"https:\/\/proventuss.eu\/ro\/wp-json\/wp\/v2\/pages"}],"about":[{"href":"https:\/\/proventuss.eu\/ro\/wp-json\/wp\/v2\/types\/page"}],"author":[{"embeddable":true,"href":"https:\/\/proventuss.eu\/ro\/wp-json\/wp\/v2\/users\/1"}],"replies":[{"embeddable":true,"href":"https:\/\/proventuss.eu\/ro\/wp-json\/wp\/v2\/comments?post=10379"}],"version-history":[{"count":1,"href":"https:\/\/proventuss.eu\/ro\/wp-json\/wp\/v2\/pages\/10379\/revisions"}],"predecessor-version":[{"id":10380,"href":"https:\/\/proventuss.eu\/ro\/wp-json\/wp\/v2\/pages\/10379\/revisions\/10380"}],"wp:attachment":[{"href":"https:\/\/proventuss.eu\/ro\/wp-json\/wp\/v2\/media?parent=10379"}],"curies":[{"name":"wp","href":"https:\/\/api.w.org\/{rel}","templated":true}]}}