{"id":4333,"date":"2022-07-28T13:45:50","date_gmt":"2022-07-28T13:45:50","guid":{"rendered":"https:\/\/proventuss.eu\/?post_type=product&#038;p=4333"},"modified":"2022-08-03T12:09:23","modified_gmt":"2022-08-03T12:09:23","slug":"dowsil-799","status":"publish","type":"product","link":"https:\/\/proventuss.eu\/hr\/proizvod\/dowsil-799\/","title":{"rendered":"DOWSIL 799"},"content":{"rendered":"<p><strong>NEUTRALNO SILIKONSKO BRTVILO<\/strong>, jednokomponentno brtvilo niskog modula, dizajnirano posebno za ostakljenje i perimetarsko brtvljenje prozora i vrata te op\u0107e primjene. Ova formulacija osigurava izvrsno prianjanje na staklo, ostakljene povr\u0161ine, PVC, aluminij, drvo, akrilate i polikarbonate. Otporno na plijesan.<\/p>\n<p>PREDNOSTI:<\/p>\n<ul>\n<li>Sustav neutralnog stvrdnjavanja<\/li>\n<li>Izvrsno prianjanje bez temeljnog premaza na ve\u0107inu gra\u0111evinskih podloga<\/li>\n<li>Visoka elasti\u010dnost<\/li>\n<li>Nekorozivno za metale<\/li>\n<li>Blagi miris<\/li>\n<li>Jednostavno za primjenu<\/li>\n<li>Otporno na ozon, UV zra\u010denje i temperaturne ekstreme<\/li>\n<li>Otporno na plijesan.<\/li>\n<li>U skladu s EN ISO11600-F&amp;G-25LM<\/li>\n<\/ul>\n<p><strong>PAKIRANJE\/BOJE:<\/strong><\/p>\n<p><strong>kobasica:<\/strong> 600 ml, kartu\u0161a: 310 ml<\/p>\n<p><strong>Boja:<\/strong> prozirna, bijela, crna, siva, antracit, sme\u0111a, tamnosme\u0111a, boje po \u017eelji<\/p>\n","protected":false},"excerpt":{"rendered":"<p>NEUTRALNO SILIKONSKO BRTVILO, jednokomponentno brtvilo niskog modula, dizajnirano posebno za ostakljenje i perimetarsko brtvljenje prozora i vrata te op\u0107e primjene. Ova formulacija osigurava izvrsno prianjanje na staklo, ostakljene povr\u0161ine, PVC, aluminij, drvo, akrilate i polikarbonate. Otporno na plijesan. PREDNOSTI: Sustav neutralnog stvrdnjavanja Izvrsno prianjanje bez temeljnog premaza na ve\u0107inu gra\u0111evinskih podloga Visoka elasti\u010dnost Nekorozivno za [&hellip;]<\/p>\n","protected":false},"featured_media":4329,"comment_status":"open","ping_status":"closed","template":"","meta":{"_acf_changed":false},"product_cat":[121],"product_tag":[],"acf":[],"yoast_head":"<!-- This site is optimized with the Yoast SEO plugin v22.9 - https:\/\/yoast.com\/wordpress\/plugins\/seo\/ -->\n<title>DOWSIL 799 - Proventuss<\/title>\n<meta name=\"robots\" content=\"index, follow, max-snippet:-1, max-image-preview:large, max-video-preview:-1\" \/>\n<link rel=\"canonical\" href=\"https:\/\/proventuss.eu\/hr\/produkt\/dowsil-799\/\" \/>\n<meta property=\"og:locale\" content=\"hr_HR\" \/>\n<meta property=\"og:type\" content=\"article\" \/>\n<meta property=\"og:title\" content=\"DOWSIL 799 - Proventuss\" \/>\n<meta property=\"og:description\" content=\"NEUTRALNO SILIKONSKO BRTVILO, jednokomponentno brtvilo niskog modula, dizajnirano posebno za ostakljenje i perimetarsko brtvljenje prozora i vrata te op\u0107e primjene. Ova formulacija osigurava izvrsno prianjanje na staklo, ostakljene povr\u0161ine, PVC, aluminij, drvo, akrilate i polikarbonate. Otporno na plijesan. PREDNOSTI: Sustav neutralnog stvrdnjavanja Izvrsno prianjanje bez temeljnog premaza na ve\u0107inu gra\u0111evinskih podloga Visoka elasti\u010dnost Nekorozivno za [&hellip;]\" \/>\n<meta property=\"og:url\" content=\"https:\/\/proventuss.eu\/hr\/produkt\/dowsil-799\/\" \/>\n<meta property=\"og:site_name\" content=\"Proventuss\" \/>\n<meta property=\"article:modified_time\" content=\"2022-08-03T12:09:23+00:00\" \/>\n<meta property=\"og:image\" content=\"https:\/\/proventuss.eu\/wp-content\/uploads\/2022\/07\/799.jpg\" \/>\n\t<meta property=\"og:image:width\" content=\"690\" \/>\n\t<meta property=\"og:image:height\" content=\"1920\" \/>\n\t<meta property=\"og:image:type\" content=\"image\/jpeg\" \/>\n<meta name=\"twitter:card\" content=\"summary_large_image\" \/>\n<meta name=\"twitter:label1\" content=\"Procijenjeno vrijeme \u010ditanja\" \/>\n\t<meta name=\"twitter:data1\" content=\"1 minuta\" \/>\n<script type=\"application\/ld+json\" class=\"yoast-schema-graph\">{\"@context\":\"https:\/\/schema.org\",\"@graph\":[{\"@type\":\"WebPage\",\"@id\":\"https:\/\/proventuss.eu\/hr\/produkt\/dowsil-799\/\",\"url\":\"https:\/\/proventuss.eu\/hr\/produkt\/dowsil-799\/\",\"name\":\"DOWSIL 799 - Proventuss\",\"isPartOf\":{\"@id\":\"https:\/\/proventuss.eu\/#website\"},\"primaryImageOfPage\":{\"@id\":\"https:\/\/proventuss.eu\/hr\/produkt\/dowsil-799\/#primaryimage\"},\"image\":{\"@id\":\"https:\/\/proventuss.eu\/hr\/produkt\/dowsil-799\/#primaryimage\"},\"thumbnailUrl\":\"https:\/\/proventuss.eu\/wp-content\/uploads\/2022\/07\/799.jpg\",\"datePublished\":\"2022-07-28T13:45:50+00:00\",\"dateModified\":\"2022-08-03T12:09:23+00:00\",\"breadcrumb\":{\"@id\":\"https:\/\/proventuss.eu\/hr\/produkt\/dowsil-799\/#breadcrumb\"},\"inLanguage\":\"hr\",\"potentialAction\":[{\"@type\":\"ReadAction\",\"target\":[\"https:\/\/proventuss.eu\/hr\/produkt\/dowsil-799\/\"]}]},{\"@type\":\"ImageObject\",\"inLanguage\":\"hr\",\"@id\":\"https:\/\/proventuss.eu\/hr\/produkt\/dowsil-799\/#primaryimage\",\"url\":\"https:\/\/proventuss.eu\/wp-content\/uploads\/2022\/07\/799.jpg\",\"contentUrl\":\"https:\/\/proventuss.eu\/wp-content\/uploads\/2022\/07\/799.jpg\",\"width\":690,\"height\":1920},{\"@type\":\"BreadcrumbList\",\"@id\":\"https:\/\/proventuss.eu\/hr\/produkt\/dowsil-799\/#breadcrumb\",\"itemListElement\":[{\"@type\":\"ListItem\",\"position\":1,\"name\":\"Home\",\"item\":\"https:\/\/proventuss.eu\/\"},{\"@type\":\"ListItem\",\"position\":2,\"name\":\"Shop\",\"item\":\"https:\/\/proventuss.eu\/hr\/pohraniti\/\"},{\"@type\":\"ListItem\",\"position\":3,\"name\":\"DOWSIL 799\"}]},{\"@type\":\"WebSite\",\"@id\":\"https:\/\/proventuss.eu\/#website\",\"url\":\"https:\/\/proventuss.eu\/\",\"name\":\"Proventuss\",\"description\":\"\",\"potentialAction\":[{\"@type\":\"SearchAction\",\"target\":{\"@type\":\"EntryPoint\",\"urlTemplate\":\"https:\/\/proventuss.eu\/?s={search_term_string}\"},\"query-input\":\"required name=search_term_string\"}],\"inLanguage\":\"hr\"}]}<\/script>\n<!-- \/ Yoast SEO plugin. -->","yoast_head_json":{"title":"DOWSIL 799 - Proventuss","robots":{"index":"index","follow":"follow","max-snippet":"max-snippet:-1","max-image-preview":"max-image-preview:large","max-video-preview":"max-video-preview:-1"},"canonical":"https:\/\/proventuss.eu\/hr\/produkt\/dowsil-799\/","og_locale":"hr_HR","og_type":"article","og_title":"DOWSIL 799 - Proventuss","og_description":"NEUTRALNO SILIKONSKO BRTVILO, jednokomponentno brtvilo niskog modula, dizajnirano posebno za ostakljenje i perimetarsko brtvljenje prozora i vrata te op\u0107e primjene. Ova formulacija osigurava izvrsno prianjanje na staklo, ostakljene povr\u0161ine, PVC, aluminij, drvo, akrilate i polikarbonate. Otporno na plijesan. PREDNOSTI: Sustav neutralnog stvrdnjavanja Izvrsno prianjanje bez temeljnog premaza na ve\u0107inu gra\u0111evinskih podloga Visoka elasti\u010dnost Nekorozivno za [&hellip;]","og_url":"https:\/\/proventuss.eu\/hr\/produkt\/dowsil-799\/","og_site_name":"Proventuss","article_modified_time":"2022-08-03T12:09:23+00:00","og_image":[{"width":690,"height":1920,"url":"https:\/\/proventuss.eu\/wp-content\/uploads\/2022\/07\/799.jpg","type":"image\/jpeg"}],"twitter_card":"summary_large_image","twitter_misc":{"Procijenjeno vrijeme \u010ditanja":"1 minuta"},"schema":{"@context":"https:\/\/schema.org","@graph":[{"@type":"WebPage","@id":"https:\/\/proventuss.eu\/hr\/produkt\/dowsil-799\/","url":"https:\/\/proventuss.eu\/hr\/produkt\/dowsil-799\/","name":"DOWSIL 799 - Proventuss","isPartOf":{"@id":"https:\/\/proventuss.eu\/#website"},"primaryImageOfPage":{"@id":"https:\/\/proventuss.eu\/hr\/produkt\/dowsil-799\/#primaryimage"},"image":{"@id":"https:\/\/proventuss.eu\/hr\/produkt\/dowsil-799\/#primaryimage"},"thumbnailUrl":"https:\/\/proventuss.eu\/wp-content\/uploads\/2022\/07\/799.jpg","datePublished":"2022-07-28T13:45:50+00:00","dateModified":"2022-08-03T12:09:23+00:00","breadcrumb":{"@id":"https:\/\/proventuss.eu\/hr\/produkt\/dowsil-799\/#breadcrumb"},"inLanguage":"hr","potentialAction":[{"@type":"ReadAction","target":["https:\/\/proventuss.eu\/hr\/produkt\/dowsil-799\/"]}]},{"@type":"ImageObject","inLanguage":"hr","@id":"https:\/\/proventuss.eu\/hr\/produkt\/dowsil-799\/#primaryimage","url":"https:\/\/proventuss.eu\/wp-content\/uploads\/2022\/07\/799.jpg","contentUrl":"https:\/\/proventuss.eu\/wp-content\/uploads\/2022\/07\/799.jpg","width":690,"height":1920},{"@type":"BreadcrumbList","@id":"https:\/\/proventuss.eu\/hr\/produkt\/dowsil-799\/#breadcrumb","itemListElement":[{"@type":"ListItem","position":1,"name":"Home","item":"https:\/\/proventuss.eu\/"},{"@type":"ListItem","position":2,"name":"Shop","item":"https:\/\/proventuss.eu\/hr\/pohraniti\/"},{"@type":"ListItem","position":3,"name":"DOWSIL 799"}]},{"@type":"WebSite","@id":"https:\/\/proventuss.eu\/#website","url":"https:\/\/proventuss.eu\/","name":"Proventuss","description":"","potentialAction":[{"@type":"SearchAction","target":{"@type":"EntryPoint","urlTemplate":"https:\/\/proventuss.eu\/?s={search_term_string}"},"query-input":"required name=search_term_string"}],"inLanguage":"hr"}]}},"_links":{"self":[{"href":"https:\/\/proventuss.eu\/hr\/wp-json\/wp\/v2\/product\/4333"}],"collection":[{"href":"https:\/\/proventuss.eu\/hr\/wp-json\/wp\/v2\/product"}],"about":[{"href":"https:\/\/proventuss.eu\/hr\/wp-json\/wp\/v2\/types\/product"}],"replies":[{"embeddable":true,"href":"https:\/\/proventuss.eu\/hr\/wp-json\/wp\/v2\/comments?post=4333"}],"wp:featuredmedia":[{"embeddable":true,"href":"https:\/\/proventuss.eu\/hr\/wp-json\/wp\/v2\/media\/4329"}],"wp:attachment":[{"href":"https:\/\/proventuss.eu\/hr\/wp-json\/wp\/v2\/media?parent=4333"}],"wp:term":[{"taxonomy":"product_cat","embeddable":true,"href":"https:\/\/proventuss.eu\/hr\/wp-json\/wp\/v2\/product_cat?post=4333"},{"taxonomy":"product_tag","embeddable":true,"href":"https:\/\/proventuss.eu\/hr\/wp-json\/wp\/v2\/product_tag?post=4333"}],"curies":[{"name":"wp","href":"https:\/\/api.w.org\/{rel}","templated":true}]}}