{"id":3071,"date":"2022-04-26T11:58:15","date_gmt":"2022-04-26T11:58:15","guid":{"rendered":"https:\/\/proventuss.eu\/produkt\/dowsil-r40-univerzalno-sredstvo-za-ciscenje\/"},"modified":"2022-07-28T07:04:25","modified_gmt":"2022-07-28T07:04:25","slug":"sredstvo-za-ciscenje-neporoznih-povrsina-dowsil-r40-univerzalno-sredstvo-za-ciscenje","status":"publish","type":"product","link":"https:\/\/proventuss.eu\/hr\/proizvod\/sredstvo-za-ciscenje-neporoznih-povrsina-dowsil-r40-univerzalno-sredstvo-za-ciscenje\/","title":{"rendered":"Sredstvo za \u010di\u0161\u0107enje neporoznih povr\u0161ina DOWSIL R40 UNIVERZALNO SREDSTVO ZA \u010cI\u0160\u0106ENJE"},"content":{"rendered":"<p><strong>R40 CLEANER ZA NEPOROZNE POVR\u0160INE<\/strong> je posebno formulirano otapalo dizajnirano za \u010di\u0161\u0107enje \u0161irokog spektra podloga koje se koriste u primjenama kao \u0161to su strukturalna stakla, izolacijska brtvila, sustavi prozora i vrata i mnoge druge primjene. Naj\u010de\u0161\u0107e se koristi za: staklene, aluminijske i \u010deli\u010dne profile, plastiku.<\/p>\n<p><strong>PREDNOSTI:<\/strong><br \/>\n\u2022 jednostavan i siguran za kori\u0161tenje<br \/>\n\u2022 brzo isparavanje<br \/>\n\u2022 kompatibilan s Dowsil brtvilima<\/p>\n<p><strong>PAKIRANJE:<\/strong> limenka od 1L, kanister od 5L<br \/>\n<strong>BOJA:<\/strong> bistra teku\u0107ina<\/p>\n","protected":false},"excerpt":{"rendered":"<p>R40 CLEANER ZA NEPOROZNE POVR\u0160INE je posebno formulirano otapalo dizajnirano za \u010di\u0161\u0107enje \u0161irokog spektra podloga koje se koriste u primjenama kao \u0161to su strukturalna stakla, izolacijska brtvila, sustavi prozora i vrata i mnoge druge primjene. Naj\u010de\u0161\u0107e se koristi za: staklene, aluminijske i \u010deli\u010dne profile, plastiku. PREDNOSTI: \u2022 jednostavan i siguran za kori\u0161tenje \u2022 brzo isparavanje [&hellip;]<\/p>\n","protected":false},"featured_media":2227,"comment_status":"open","ping_status":"closed","template":"","meta":{"_acf_changed":false},"product_cat":[170,172],"product_tag":[],"acf":[],"yoast_head":"<!-- This site is optimized with the Yoast SEO plugin v22.9 - https:\/\/yoast.com\/wordpress\/plugins\/seo\/ -->\n<title>Sredstvo za \u010di\u0161\u0107enje neporoznih povr\u0161ina DOWSIL R40 UNIVERZALNO SREDSTVO ZA \u010cI\u0160\u0106ENJE - Proventuss<\/title>\n<meta name=\"robots\" content=\"index, follow, max-snippet:-1, max-image-preview:large, max-video-preview:-1\" \/>\n<link rel=\"canonical\" href=\"https:\/\/proventuss.eu\/hr\/produkt\/sredstvo-za-ciscenje-neporoznih-povrsina-dowsil-r40-univerzalno-sredstvo-za-ciscenje\/\" \/>\n<meta property=\"og:locale\" content=\"hr_HR\" \/>\n<meta property=\"og:type\" content=\"article\" \/>\n<meta property=\"og:title\" content=\"Sredstvo za \u010di\u0161\u0107enje neporoznih povr\u0161ina DOWSIL R40 UNIVERZALNO SREDSTVO ZA \u010cI\u0160\u0106ENJE - Proventuss\" \/>\n<meta property=\"og:description\" content=\"R40 CLEANER ZA NEPOROZNE POVR\u0160INE je posebno formulirano otapalo dizajnirano za \u010di\u0161\u0107enje \u0161irokog spektra podloga koje se koriste u primjenama kao \u0161to su strukturalna stakla, izolacijska brtvila, sustavi prozora i vrata i mnoge druge primjene. Naj\u010de\u0161\u0107e se koristi za: staklene, aluminijske i \u010deli\u010dne profile, plastiku. PREDNOSTI: \u2022 jednostavan i siguran za kori\u0161tenje \u2022 brzo isparavanje [&hellip;]\" \/>\n<meta property=\"og:url\" content=\"https:\/\/proventuss.eu\/hr\/produkt\/sredstvo-za-ciscenje-neporoznih-povrsina-dowsil-r40-univerzalno-sredstvo-za-ciscenje\/\" \/>\n<meta property=\"og:site_name\" content=\"Proventuss\" \/>\n<meta property=\"article:modified_time\" content=\"2022-07-28T07:04:25+00:00\" \/>\n<meta property=\"og:image\" content=\"https:\/\/proventuss.eu\/wp-content\/uploads\/2022\/04\/Dowsil-R40-Universal-Cleaner.jpg\" \/>\n\t<meta property=\"og:image:width\" content=\"640\" \/>\n\t<meta property=\"og:image:height\" content=\"1085\" \/>\n\t<meta property=\"og:image:type\" content=\"image\/jpeg\" \/>\n<meta name=\"twitter:card\" content=\"summary_large_image\" \/>\n<script type=\"application\/ld+json\" class=\"yoast-schema-graph\">{\"@context\":\"https:\/\/schema.org\",\"@graph\":[{\"@type\":\"WebPage\",\"@id\":\"https:\/\/proventuss.eu\/hr\/produkt\/sredstvo-za-ciscenje-neporoznih-povrsina-dowsil-r40-univerzalno-sredstvo-za-ciscenje\/\",\"url\":\"https:\/\/proventuss.eu\/hr\/produkt\/sredstvo-za-ciscenje-neporoznih-povrsina-dowsil-r40-univerzalno-sredstvo-za-ciscenje\/\",\"name\":\"Sredstvo za \u010di\u0161\u0107enje neporoznih povr\u0161ina DOWSIL R40 UNIVERZALNO SREDSTVO ZA \u010cI\u0160\u0106ENJE - Proventuss\",\"isPartOf\":{\"@id\":\"https:\/\/proventuss.eu\/#website\"},\"primaryImageOfPage\":{\"@id\":\"https:\/\/proventuss.eu\/hr\/produkt\/sredstvo-za-ciscenje-neporoznih-povrsina-dowsil-r40-univerzalno-sredstvo-za-ciscenje\/#primaryimage\"},\"image\":{\"@id\":\"https:\/\/proventuss.eu\/hr\/produkt\/sredstvo-za-ciscenje-neporoznih-povrsina-dowsil-r40-univerzalno-sredstvo-za-ciscenje\/#primaryimage\"},\"thumbnailUrl\":\"https:\/\/proventuss.eu\/wp-content\/uploads\/2022\/04\/Dowsil-R40-Universal-Cleaner.jpg\",\"datePublished\":\"2022-04-26T11:58:15+00:00\",\"dateModified\":\"2022-07-28T07:04:25+00:00\",\"breadcrumb\":{\"@id\":\"https:\/\/proventuss.eu\/hr\/produkt\/sredstvo-za-ciscenje-neporoznih-povrsina-dowsil-r40-univerzalno-sredstvo-za-ciscenje\/#breadcrumb\"},\"inLanguage\":\"hr\",\"potentialAction\":[{\"@type\":\"ReadAction\",\"target\":[\"https:\/\/proventuss.eu\/hr\/produkt\/sredstvo-za-ciscenje-neporoznih-povrsina-dowsil-r40-univerzalno-sredstvo-za-ciscenje\/\"]}]},{\"@type\":\"ImageObject\",\"inLanguage\":\"hr\",\"@id\":\"https:\/\/proventuss.eu\/hr\/produkt\/sredstvo-za-ciscenje-neporoznih-povrsina-dowsil-r40-univerzalno-sredstvo-za-ciscenje\/#primaryimage\",\"url\":\"https:\/\/proventuss.eu\/wp-content\/uploads\/2022\/04\/Dowsil-R40-Universal-Cleaner.jpg\",\"contentUrl\":\"https:\/\/proventuss.eu\/wp-content\/uploads\/2022\/04\/Dowsil-R40-Universal-Cleaner.jpg\",\"width\":640,\"height\":1085},{\"@type\":\"BreadcrumbList\",\"@id\":\"https:\/\/proventuss.eu\/hr\/produkt\/sredstvo-za-ciscenje-neporoznih-povrsina-dowsil-r40-univerzalno-sredstvo-za-ciscenje\/#breadcrumb\",\"itemListElement\":[{\"@type\":\"ListItem\",\"position\":1,\"name\":\"Home\",\"item\":\"https:\/\/proventuss.eu\/\"},{\"@type\":\"ListItem\",\"position\":2,\"name\":\"Shop\",\"item\":\"https:\/\/proventuss.eu\/hr\/pohraniti\/\"},{\"@type\":\"ListItem\",\"position\":3,\"name\":\"Sredstvo za \u010di\u0161\u0107enje neporoznih povr\u0161ina DOWSIL R40 UNIVERZALNO SREDSTVO ZA \u010cI\u0160\u0106ENJE\"}]},{\"@type\":\"WebSite\",\"@id\":\"https:\/\/proventuss.eu\/#website\",\"url\":\"https:\/\/proventuss.eu\/\",\"name\":\"Proventuss\",\"description\":\"\",\"potentialAction\":[{\"@type\":\"SearchAction\",\"target\":{\"@type\":\"EntryPoint\",\"urlTemplate\":\"https:\/\/proventuss.eu\/?s={search_term_string}\"},\"query-input\":\"required name=search_term_string\"}],\"inLanguage\":\"hr\"}]}<\/script>\n<!-- \/ Yoast SEO plugin. -->","yoast_head_json":{"title":"Sredstvo za \u010di\u0161\u0107enje neporoznih povr\u0161ina DOWSIL R40 UNIVERZALNO SREDSTVO ZA \u010cI\u0160\u0106ENJE - Proventuss","robots":{"index":"index","follow":"follow","max-snippet":"max-snippet:-1","max-image-preview":"max-image-preview:large","max-video-preview":"max-video-preview:-1"},"canonical":"https:\/\/proventuss.eu\/hr\/produkt\/sredstvo-za-ciscenje-neporoznih-povrsina-dowsil-r40-univerzalno-sredstvo-za-ciscenje\/","og_locale":"hr_HR","og_type":"article","og_title":"Sredstvo za \u010di\u0161\u0107enje neporoznih povr\u0161ina DOWSIL R40 UNIVERZALNO SREDSTVO ZA \u010cI\u0160\u0106ENJE - Proventuss","og_description":"R40 CLEANER ZA NEPOROZNE POVR\u0160INE je posebno formulirano otapalo dizajnirano za \u010di\u0161\u0107enje \u0161irokog spektra podloga koje se koriste u primjenama kao \u0161to su strukturalna stakla, izolacijska brtvila, sustavi prozora i vrata i mnoge druge primjene. Naj\u010de\u0161\u0107e se koristi za: staklene, aluminijske i \u010deli\u010dne profile, plastiku. PREDNOSTI: \u2022 jednostavan i siguran za kori\u0161tenje \u2022 brzo isparavanje [&hellip;]","og_url":"https:\/\/proventuss.eu\/hr\/produkt\/sredstvo-za-ciscenje-neporoznih-povrsina-dowsil-r40-univerzalno-sredstvo-za-ciscenje\/","og_site_name":"Proventuss","article_modified_time":"2022-07-28T07:04:25+00:00","og_image":[{"width":640,"height":1085,"url":"https:\/\/proventuss.eu\/wp-content\/uploads\/2022\/04\/Dowsil-R40-Universal-Cleaner.jpg","type":"image\/jpeg"}],"twitter_card":"summary_large_image","schema":{"@context":"https:\/\/schema.org","@graph":[{"@type":"WebPage","@id":"https:\/\/proventuss.eu\/hr\/produkt\/sredstvo-za-ciscenje-neporoznih-povrsina-dowsil-r40-univerzalno-sredstvo-za-ciscenje\/","url":"https:\/\/proventuss.eu\/hr\/produkt\/sredstvo-za-ciscenje-neporoznih-povrsina-dowsil-r40-univerzalno-sredstvo-za-ciscenje\/","name":"Sredstvo za \u010di\u0161\u0107enje neporoznih povr\u0161ina DOWSIL R40 UNIVERZALNO SREDSTVO ZA \u010cI\u0160\u0106ENJE - Proventuss","isPartOf":{"@id":"https:\/\/proventuss.eu\/#website"},"primaryImageOfPage":{"@id":"https:\/\/proventuss.eu\/hr\/produkt\/sredstvo-za-ciscenje-neporoznih-povrsina-dowsil-r40-univerzalno-sredstvo-za-ciscenje\/#primaryimage"},"image":{"@id":"https:\/\/proventuss.eu\/hr\/produkt\/sredstvo-za-ciscenje-neporoznih-povrsina-dowsil-r40-univerzalno-sredstvo-za-ciscenje\/#primaryimage"},"thumbnailUrl":"https:\/\/proventuss.eu\/wp-content\/uploads\/2022\/04\/Dowsil-R40-Universal-Cleaner.jpg","datePublished":"2022-04-26T11:58:15+00:00","dateModified":"2022-07-28T07:04:25+00:00","breadcrumb":{"@id":"https:\/\/proventuss.eu\/hr\/produkt\/sredstvo-za-ciscenje-neporoznih-povrsina-dowsil-r40-univerzalno-sredstvo-za-ciscenje\/#breadcrumb"},"inLanguage":"hr","potentialAction":[{"@type":"ReadAction","target":["https:\/\/proventuss.eu\/hr\/produkt\/sredstvo-za-ciscenje-neporoznih-povrsina-dowsil-r40-univerzalno-sredstvo-za-ciscenje\/"]}]},{"@type":"ImageObject","inLanguage":"hr","@id":"https:\/\/proventuss.eu\/hr\/produkt\/sredstvo-za-ciscenje-neporoznih-povrsina-dowsil-r40-univerzalno-sredstvo-za-ciscenje\/#primaryimage","url":"https:\/\/proventuss.eu\/wp-content\/uploads\/2022\/04\/Dowsil-R40-Universal-Cleaner.jpg","contentUrl":"https:\/\/proventuss.eu\/wp-content\/uploads\/2022\/04\/Dowsil-R40-Universal-Cleaner.jpg","width":640,"height":1085},{"@type":"BreadcrumbList","@id":"https:\/\/proventuss.eu\/hr\/produkt\/sredstvo-za-ciscenje-neporoznih-povrsina-dowsil-r40-univerzalno-sredstvo-za-ciscenje\/#breadcrumb","itemListElement":[{"@type":"ListItem","position":1,"name":"Home","item":"https:\/\/proventuss.eu\/"},{"@type":"ListItem","position":2,"name":"Shop","item":"https:\/\/proventuss.eu\/hr\/pohraniti\/"},{"@type":"ListItem","position":3,"name":"Sredstvo za \u010di\u0161\u0107enje neporoznih povr\u0161ina DOWSIL R40 UNIVERZALNO SREDSTVO ZA \u010cI\u0160\u0106ENJE"}]},{"@type":"WebSite","@id":"https:\/\/proventuss.eu\/#website","url":"https:\/\/proventuss.eu\/","name":"Proventuss","description":"","potentialAction":[{"@type":"SearchAction","target":{"@type":"EntryPoint","urlTemplate":"https:\/\/proventuss.eu\/?s={search_term_string}"},"query-input":"required name=search_term_string"}],"inLanguage":"hr"}]}},"_links":{"self":[{"href":"https:\/\/proventuss.eu\/hr\/wp-json\/wp\/v2\/product\/3071"}],"collection":[{"href":"https:\/\/proventuss.eu\/hr\/wp-json\/wp\/v2\/product"}],"about":[{"href":"https:\/\/proventuss.eu\/hr\/wp-json\/wp\/v2\/types\/product"}],"replies":[{"embeddable":true,"href":"https:\/\/proventuss.eu\/hr\/wp-json\/wp\/v2\/comments?post=3071"}],"wp:featuredmedia":[{"embeddable":true,"href":"https:\/\/proventuss.eu\/hr\/wp-json\/wp\/v2\/media\/2227"}],"wp:attachment":[{"href":"https:\/\/proventuss.eu\/hr\/wp-json\/wp\/v2\/media?parent=3071"}],"wp:term":[{"taxonomy":"product_cat","embeddable":true,"href":"https:\/\/proventuss.eu\/hr\/wp-json\/wp\/v2\/product_cat?post=3071"},{"taxonomy":"product_tag","embeddable":true,"href":"https:\/\/proventuss.eu\/hr\/wp-json\/wp\/v2\/product_tag?post=3071"}],"curies":[{"name":"wp","href":"https:\/\/api.w.org\/{rel}","templated":true}]}}