{"id":3069,"date":"2022-04-26T11:49:27","date_gmt":"2022-04-26T11:49:27","guid":{"rendered":"https:\/\/proventuss.eu\/produkt\/vi-pro-tekuca-folija\/"},"modified":"2022-11-02T11:41:41","modified_gmt":"2022-11-02T11:41:41","slug":"tekuca-folija-za-zastitu-prozora-vi-pro-liquid-foil","status":"publish","type":"product","link":"https:\/\/proventuss.eu\/hr\/proizvod\/tekuca-folija-za-zastitu-prozora-vi-pro-liquid-foil\/","title":{"rendered":"Teku\u0107a folija za za\u0161titu prozora Vi-Pro\u00ae LIQUID FOIL"},"content":{"rendered":"<p><strong>Vi-Pro\u00ae TEKU\u0106A FOLIJA<\/strong> je bistri ili plavi emulzijski premaz na bazi vode koji se mo\u017ee nanositi na obojene ili neobojene okomite ili vodoravne povr\u0161ine radi privremene za\u0161tite.<\/p>\n<p><strong>Vi-Pro\u00ae TEKU\u0106A FOLIJA<\/strong> mo\u017ee se koristiti za dugotrajnu za\u0161titu, na nekim neporoznim povr\u0161inama kao \u0161to su: aluminij, standardni bijeli PVC, staklene, mramorne ili granitne povr\u0161ine, keramika, laminirani parket, epoksidne povr\u0161ine itd.<\/p>\n<p>Poma\u017ee u jednostavnom uklanjanju prljav\u0161tine, \u0161titi od prljav\u0161tine, boje, ogrebotina, prskanja od zavarivanja, vode, vlage i korozije.<\/p>\n<p><strong>PREDNOSTI:<\/strong><br \/>\n\u2022 \u0160titi od neravnina uzrokovanih zavarivanjem<br \/>\n\u2022 Sloj koji se mo\u017ee oguliti otporan je na razne boje i kemikalije<br \/>\n\u2022 Tiksotropan, mo\u017ee se nanositi na okomite povr\u0161ine.<br \/>\n\u2022 Na bazi vode, mo\u017ee se nanositi na elektrostatski obojene povr\u0161ine<br \/>\n\u2022 Alati za nano\u0161enje mogu se \u010distiti vodom, \u0161to \u010di\u0161\u0107enje \u010dini jednostavnim i jeftinim<br \/>\n\u2022 Sigurnost (proizvod ne utje\u010de negativno na prozore ili okvire, kompatibilan je)<br \/>\n\u2022 Ekolo\u0161ki prihvatljiv proizvod na bazi vode ne utje\u010de na zdravlje ljudi<\/p>\n<p><strong>PREDNOSTI:<\/strong><br \/>\n\u2022 Nezapaljiva<br \/>\n\u2022 Brzo stvrdnjavanje<br \/>\n\u2022 U\u010dinkovita u upotrebi, bez otpada<br \/>\n\u2022 Lako se uklanja nakon za\u0161titnog razdoblja<br \/>\n\u2022 Pobolj\u0161ava imid\u017e tvrtke (bez pritu\u017ebi)<br \/>\n\u2022 Smanjenje rizika od gubitaka i skupih popravaka<br \/>\n\u2022 Br\u017ee nano\u0161enje od standardnih premaza<\/p>\n<p><strong>PAKIRANJE: 20 L<\/strong><\/p>\n<p><iframe src=\"\/\/www.youtube.com\/embed\/PZkKRlxRgDY\" width=\"560\" height=\"314\" allowfullscreen=\"allowfullscreen\"><\/iframe><\/p>\n","protected":false},"excerpt":{"rendered":"<p>Vi-Pro\u00ae TEKU\u0106A FOLIJA je bistri ili plavi emulzijski premaz na bazi vode koji se mo\u017ee nanositi na obojene ili neobojene okomite ili vodoravne povr\u0161ine radi privremene za\u0161tite. Vi-Pro\u00ae TEKU\u0106A FOLIJA mo\u017ee se koristiti za dugotrajnu za\u0161titu, na nekim neporoznim povr\u0161inama kao \u0161to su: aluminij, standardni bijeli PVC, staklene, mramorne ili granitne povr\u0161ine, keramika, laminirani parket, [&hellip;]<\/p>\n","protected":false},"featured_media":10714,"comment_status":"open","ping_status":"closed","template":"","meta":{"_acf_changed":false},"product_cat":[170],"product_tag":[],"acf":[],"yoast_head":"<!-- This site is optimized with the Yoast SEO plugin v22.9 - https:\/\/yoast.com\/wordpress\/plugins\/seo\/ -->\n<title>Teku\u0107a folija za za\u0161titu prozora Vi-Pro\u00ae LIQUID FOIL - Proventuss<\/title>\n<meta name=\"robots\" content=\"index, follow, max-snippet:-1, max-image-preview:large, max-video-preview:-1\" \/>\n<link rel=\"canonical\" href=\"https:\/\/proventuss.eu\/hr\/produkt\/tekuca-folija-za-zastitu-prozora-vi-pro-liquid-foil\/\" \/>\n<meta property=\"og:locale\" content=\"hr_HR\" \/>\n<meta property=\"og:type\" content=\"article\" \/>\n<meta property=\"og:title\" content=\"Teku\u0107a folija za za\u0161titu prozora Vi-Pro\u00ae LIQUID FOIL - Proventuss\" \/>\n<meta property=\"og:description\" content=\"Vi-Pro\u00ae TEKU\u0106A FOLIJA je bistri ili plavi emulzijski premaz na bazi vode koji se mo\u017ee nanositi na obojene ili neobojene okomite ili vodoravne povr\u0161ine radi privremene za\u0161tite. Vi-Pro\u00ae TEKU\u0106A FOLIJA mo\u017ee se koristiti za dugotrajnu za\u0161titu, na nekim neporoznim povr\u0161inama kao \u0161to su: aluminij, standardni bijeli PVC, staklene, mramorne ili granitne povr\u0161ine, keramika, laminirani parket, [&hellip;]\" \/>\n<meta property=\"og:url\" content=\"https:\/\/proventuss.eu\/hr\/produkt\/tekuca-folija-za-zastitu-prozora-vi-pro-liquid-foil\/\" \/>\n<meta property=\"og:site_name\" content=\"Proventuss\" \/>\n<meta property=\"article:modified_time\" content=\"2022-11-02T11:41:41+00:00\" \/>\n<meta property=\"og:image\" content=\"https:\/\/proventuss.eu\/wp-content\/uploads\/2022\/04\/MG_5905a1M.png\" \/>\n\t<meta property=\"og:image:width\" content=\"1058\" \/>\n\t<meta property=\"og:image:height\" content=\"1200\" \/>\n\t<meta property=\"og:image:type\" content=\"image\/png\" \/>\n<meta name=\"twitter:card\" content=\"summary_large_image\" \/>\n<meta name=\"twitter:label1\" content=\"Procijenjeno vrijeme \u010ditanja\" \/>\n\t<meta name=\"twitter:data1\" content=\"2 minute\" \/>\n<script type=\"application\/ld+json\" class=\"yoast-schema-graph\">{\"@context\":\"https:\/\/schema.org\",\"@graph\":[{\"@type\":\"WebPage\",\"@id\":\"https:\/\/proventuss.eu\/hr\/produkt\/tekuca-folija-za-zastitu-prozora-vi-pro-liquid-foil\/\",\"url\":\"https:\/\/proventuss.eu\/hr\/produkt\/tekuca-folija-za-zastitu-prozora-vi-pro-liquid-foil\/\",\"name\":\"Teku\u0107a folija za za\u0161titu prozora Vi-Pro\u00ae LIQUID FOIL - Proventuss\",\"isPartOf\":{\"@id\":\"https:\/\/proventuss.eu\/#website\"},\"primaryImageOfPage\":{\"@id\":\"https:\/\/proventuss.eu\/hr\/produkt\/tekuca-folija-za-zastitu-prozora-vi-pro-liquid-foil\/#primaryimage\"},\"image\":{\"@id\":\"https:\/\/proventuss.eu\/hr\/produkt\/tekuca-folija-za-zastitu-prozora-vi-pro-liquid-foil\/#primaryimage\"},\"thumbnailUrl\":\"https:\/\/proventuss.eu\/wp-content\/uploads\/2022\/04\/MG_5905a1M.png\",\"datePublished\":\"2022-04-26T11:49:27+00:00\",\"dateModified\":\"2022-11-02T11:41:41+00:00\",\"breadcrumb\":{\"@id\":\"https:\/\/proventuss.eu\/hr\/produkt\/tekuca-folija-za-zastitu-prozora-vi-pro-liquid-foil\/#breadcrumb\"},\"inLanguage\":\"hr\",\"potentialAction\":[{\"@type\":\"ReadAction\",\"target\":[\"https:\/\/proventuss.eu\/hr\/produkt\/tekuca-folija-za-zastitu-prozora-vi-pro-liquid-foil\/\"]}]},{\"@type\":\"ImageObject\",\"inLanguage\":\"hr\",\"@id\":\"https:\/\/proventuss.eu\/hr\/produkt\/tekuca-folija-za-zastitu-prozora-vi-pro-liquid-foil\/#primaryimage\",\"url\":\"https:\/\/proventuss.eu\/wp-content\/uploads\/2022\/04\/MG_5905a1M.png\",\"contentUrl\":\"https:\/\/proventuss.eu\/wp-content\/uploads\/2022\/04\/MG_5905a1M.png\",\"width\":1058,\"height\":1200,\"caption\":\"Na zdj\u0119ciu Folia w p\u0142ynie zabezpiecza przed zabrudzeniami, malowaniem, zarysowaniami, odpryskami spawalniczymi, wod\u0105, wilgoci\u0105 i korozj\u0105. Wydajna w u\u017cyciu. Czarne wiadro 20 L.\"},{\"@type\":\"BreadcrumbList\",\"@id\":\"https:\/\/proventuss.eu\/hr\/produkt\/tekuca-folija-za-zastitu-prozora-vi-pro-liquid-foil\/#breadcrumb\",\"itemListElement\":[{\"@type\":\"ListItem\",\"position\":1,\"name\":\"Home\",\"item\":\"https:\/\/proventuss.eu\/\"},{\"@type\":\"ListItem\",\"position\":2,\"name\":\"Shop\",\"item\":\"https:\/\/proventuss.eu\/hr\/pohraniti\/\"},{\"@type\":\"ListItem\",\"position\":3,\"name\":\"Teku\u0107a folija za za\u0161titu prozora Vi-Pro\u00ae LIQUID FOIL\"}]},{\"@type\":\"WebSite\",\"@id\":\"https:\/\/proventuss.eu\/#website\",\"url\":\"https:\/\/proventuss.eu\/\",\"name\":\"Proventuss\",\"description\":\"\",\"potentialAction\":[{\"@type\":\"SearchAction\",\"target\":{\"@type\":\"EntryPoint\",\"urlTemplate\":\"https:\/\/proventuss.eu\/?s={search_term_string}\"},\"query-input\":\"required name=search_term_string\"}],\"inLanguage\":\"hr\"}]}<\/script>\n<!-- \/ Yoast SEO plugin. -->","yoast_head_json":{"title":"Teku\u0107a folija za za\u0161titu prozora Vi-Pro\u00ae LIQUID FOIL - Proventuss","robots":{"index":"index","follow":"follow","max-snippet":"max-snippet:-1","max-image-preview":"max-image-preview:large","max-video-preview":"max-video-preview:-1"},"canonical":"https:\/\/proventuss.eu\/hr\/produkt\/tekuca-folija-za-zastitu-prozora-vi-pro-liquid-foil\/","og_locale":"hr_HR","og_type":"article","og_title":"Teku\u0107a folija za za\u0161titu prozora Vi-Pro\u00ae LIQUID FOIL - Proventuss","og_description":"Vi-Pro\u00ae TEKU\u0106A FOLIJA je bistri ili plavi emulzijski premaz na bazi vode koji se mo\u017ee nanositi na obojene ili neobojene okomite ili vodoravne povr\u0161ine radi privremene za\u0161tite. Vi-Pro\u00ae TEKU\u0106A FOLIJA mo\u017ee se koristiti za dugotrajnu za\u0161titu, na nekim neporoznim povr\u0161inama kao \u0161to su: aluminij, standardni bijeli PVC, staklene, mramorne ili granitne povr\u0161ine, keramika, laminirani parket, [&hellip;]","og_url":"https:\/\/proventuss.eu\/hr\/produkt\/tekuca-folija-za-zastitu-prozora-vi-pro-liquid-foil\/","og_site_name":"Proventuss","article_modified_time":"2022-11-02T11:41:41+00:00","og_image":[{"width":1058,"height":1200,"url":"https:\/\/proventuss.eu\/wp-content\/uploads\/2022\/04\/MG_5905a1M.png","type":"image\/png"}],"twitter_card":"summary_large_image","twitter_misc":{"Procijenjeno vrijeme \u010ditanja":"2 minute"},"schema":{"@context":"https:\/\/schema.org","@graph":[{"@type":"WebPage","@id":"https:\/\/proventuss.eu\/hr\/produkt\/tekuca-folija-za-zastitu-prozora-vi-pro-liquid-foil\/","url":"https:\/\/proventuss.eu\/hr\/produkt\/tekuca-folija-za-zastitu-prozora-vi-pro-liquid-foil\/","name":"Teku\u0107a folija za za\u0161titu prozora Vi-Pro\u00ae LIQUID FOIL - Proventuss","isPartOf":{"@id":"https:\/\/proventuss.eu\/#website"},"primaryImageOfPage":{"@id":"https:\/\/proventuss.eu\/hr\/produkt\/tekuca-folija-za-zastitu-prozora-vi-pro-liquid-foil\/#primaryimage"},"image":{"@id":"https:\/\/proventuss.eu\/hr\/produkt\/tekuca-folija-za-zastitu-prozora-vi-pro-liquid-foil\/#primaryimage"},"thumbnailUrl":"https:\/\/proventuss.eu\/wp-content\/uploads\/2022\/04\/MG_5905a1M.png","datePublished":"2022-04-26T11:49:27+00:00","dateModified":"2022-11-02T11:41:41+00:00","breadcrumb":{"@id":"https:\/\/proventuss.eu\/hr\/produkt\/tekuca-folija-za-zastitu-prozora-vi-pro-liquid-foil\/#breadcrumb"},"inLanguage":"hr","potentialAction":[{"@type":"ReadAction","target":["https:\/\/proventuss.eu\/hr\/produkt\/tekuca-folija-za-zastitu-prozora-vi-pro-liquid-foil\/"]}]},{"@type":"ImageObject","inLanguage":"hr","@id":"https:\/\/proventuss.eu\/hr\/produkt\/tekuca-folija-za-zastitu-prozora-vi-pro-liquid-foil\/#primaryimage","url":"https:\/\/proventuss.eu\/wp-content\/uploads\/2022\/04\/MG_5905a1M.png","contentUrl":"https:\/\/proventuss.eu\/wp-content\/uploads\/2022\/04\/MG_5905a1M.png","width":1058,"height":1200,"caption":"Na zdj\u0119ciu Folia w p\u0142ynie zabezpiecza przed zabrudzeniami, malowaniem, zarysowaniami, odpryskami spawalniczymi, wod\u0105, wilgoci\u0105 i korozj\u0105. Wydajna w u\u017cyciu. Czarne wiadro 20 L."},{"@type":"BreadcrumbList","@id":"https:\/\/proventuss.eu\/hr\/produkt\/tekuca-folija-za-zastitu-prozora-vi-pro-liquid-foil\/#breadcrumb","itemListElement":[{"@type":"ListItem","position":1,"name":"Home","item":"https:\/\/proventuss.eu\/"},{"@type":"ListItem","position":2,"name":"Shop","item":"https:\/\/proventuss.eu\/hr\/pohraniti\/"},{"@type":"ListItem","position":3,"name":"Teku\u0107a folija za za\u0161titu prozora Vi-Pro\u00ae LIQUID FOIL"}]},{"@type":"WebSite","@id":"https:\/\/proventuss.eu\/#website","url":"https:\/\/proventuss.eu\/","name":"Proventuss","description":"","potentialAction":[{"@type":"SearchAction","target":{"@type":"EntryPoint","urlTemplate":"https:\/\/proventuss.eu\/?s={search_term_string}"},"query-input":"required name=search_term_string"}],"inLanguage":"hr"}]}},"_links":{"self":[{"href":"https:\/\/proventuss.eu\/hr\/wp-json\/wp\/v2\/product\/3069"}],"collection":[{"href":"https:\/\/proventuss.eu\/hr\/wp-json\/wp\/v2\/product"}],"about":[{"href":"https:\/\/proventuss.eu\/hr\/wp-json\/wp\/v2\/types\/product"}],"replies":[{"embeddable":true,"href":"https:\/\/proventuss.eu\/hr\/wp-json\/wp\/v2\/comments?post=3069"}],"wp:featuredmedia":[{"embeddable":true,"href":"https:\/\/proventuss.eu\/hr\/wp-json\/wp\/v2\/media\/10714"}],"wp:attachment":[{"href":"https:\/\/proventuss.eu\/hr\/wp-json\/wp\/v2\/media?parent=3069"}],"wp:term":[{"taxonomy":"product_cat","embeddable":true,"href":"https:\/\/proventuss.eu\/hr\/wp-json\/wp\/v2\/product_cat?post=3069"},{"taxonomy":"product_tag","embeddable":true,"href":"https:\/\/proventuss.eu\/hr\/wp-json\/wp\/v2\/product_tag?post=3069"}],"curies":[{"name":"wp","href":"https:\/\/api.w.org\/{rel}","templated":true}]}}