{"id":3059,"date":"2022-04-26T11:29:00","date_gmt":"2022-04-26T11:29:00","guid":{"rendered":"https:\/\/proventuss.eu\/produkt\/kremlj-eos-20c50\/"},"modified":"2022-06-28T12:49:21","modified_gmt":"2022-06-28T12:49:21","slug":"kremlin-eos-20c50","status":"publish","type":"product","link":"https:\/\/proventuss.eu\/hr\/proizvod\/kremlin-eos-20c50\/","title":{"rendered":"KREMLIN EOS 20C50"},"content":{"rendered":"<p><strong>PUMPA ZA NANO\u0160ENJE TEKU\u0106EG FILMA<\/strong><\/p>\n<p><strong>Vi-Pro\u00ae PUMPA ZA PR\u0160ANJE TEKU\u0106IH FOLIJA<\/strong> za velike povr\u0161ine u proizvodnim halama i skladi\u0161tima.<\/p>\n<p>Pneumatsko napajanje: minimalno 6 bara od instalacije ili kompresor minimalnog kapaciteta 100 L.<\/p>\n<p><strong>PREDNOSTI:<\/strong><br \/>\n\u2022 visoka efikasnost<br \/>\n\u2022 brzina primjene<br \/>\n\u2022 jednostavan rad<br \/>\n\u2022 \u0161alica za 6 L<br \/>\n\u2022 opremljen stalkom s kota\u010dima<br \/>\n\u2022 crijeva duljine od 7,5 m<\/p>\n<p><strong>Pi\u0161tolj:<\/strong> Airmix. Senzacionalna Airmix tehnologija smanjuje rasipanje materijala, jer se osim materijala dovodi i zrak koji formira ovratnik i sprje\u010dava pretjerano raspr\u0161ivanje materijala, osiguravaju\u0107i jednoliku prevlaku.<\/p>\n<p><strong>Mlaznice:<\/strong> standardna mlaznica promjera 0,25 mm i kutom od 30\u00b0. Mogu\u0107e je naru\u010diti mlaznice s razli\u010ditim parametrima.<\/p>\n","protected":false},"excerpt":{"rendered":"<p>PUMPA ZA NANO\u0160ENJE TEKU\u0106EG FILMA Vi-Pro\u00ae PUMPA ZA PR\u0160ANJE TEKU\u0106IH FOLIJA za velike povr\u0161ine u proizvodnim halama i skladi\u0161tima. Pneumatsko napajanje: minimalno 6 bara od instalacije ili kompresor minimalnog kapaciteta 100 L. PREDNOSTI: \u2022 visoka efikasnost \u2022 brzina primjene \u2022 jednostavan rad \u2022 \u0161alica za 6 L \u2022 opremljen stalkom s kota\u010dima \u2022 crijeva duljine [&hellip;]<\/p>\n","protected":false},"featured_media":2145,"comment_status":"open","ping_status":"closed","template":"","meta":{"_acf_changed":false},"product_cat":[157,162],"product_tag":[],"acf":[],"yoast_head":"<!-- This site is optimized with the Yoast SEO plugin v22.9 - https:\/\/yoast.com\/wordpress\/plugins\/seo\/ -->\n<title>KREMLIN EOS 20C50 - Proventuss<\/title>\n<meta name=\"robots\" content=\"index, follow, max-snippet:-1, max-image-preview:large, max-video-preview:-1\" \/>\n<link rel=\"canonical\" href=\"https:\/\/proventuss.eu\/hr\/produkt\/kremlin-eos-20c50\/\" \/>\n<meta property=\"og:locale\" content=\"hr_HR\" \/>\n<meta property=\"og:type\" content=\"article\" \/>\n<meta property=\"og:title\" content=\"KREMLIN EOS 20C50 - Proventuss\" \/>\n<meta property=\"og:description\" content=\"PUMPA ZA NANO\u0160ENJE TEKU\u0106EG FILMA Vi-Pro\u00ae PUMPA ZA PR\u0160ANJE TEKU\u0106IH FOLIJA za velike povr\u0161ine u proizvodnim halama i skladi\u0161tima. Pneumatsko napajanje: minimalno 6 bara od instalacije ili kompresor minimalnog kapaciteta 100 L. PREDNOSTI: \u2022 visoka efikasnost \u2022 brzina primjene \u2022 jednostavan rad \u2022 \u0161alica za 6 L \u2022 opremljen stalkom s kota\u010dima \u2022 crijeva duljine [&hellip;]\" \/>\n<meta property=\"og:url\" content=\"https:\/\/proventuss.eu\/hr\/produkt\/kremlin-eos-20c50\/\" \/>\n<meta property=\"og:site_name\" content=\"Proventuss\" \/>\n<meta property=\"article:modified_time\" content=\"2022-06-28T12:49:21+00:00\" \/>\n<meta property=\"og:image\" content=\"https:\/\/proventuss.eu\/wp-content\/uploads\/2022\/04\/Pompa-pneumatyczna-KREMLIN-EOS-20C50.jpg\" \/>\n\t<meta property=\"og:image:width\" content=\"347\" \/>\n\t<meta property=\"og:image:height\" content=\"347\" \/>\n\t<meta property=\"og:image:type\" content=\"image\/jpeg\" \/>\n<meta name=\"twitter:card\" content=\"summary_large_image\" \/>\n<meta name=\"twitter:label1\" content=\"Procijenjeno vrijeme \u010ditanja\" \/>\n\t<meta name=\"twitter:data1\" content=\"1 minuta\" \/>\n<script type=\"application\/ld+json\" class=\"yoast-schema-graph\">{\"@context\":\"https:\/\/schema.org\",\"@graph\":[{\"@type\":\"WebPage\",\"@id\":\"https:\/\/proventuss.eu\/hr\/produkt\/kremlin-eos-20c50\/\",\"url\":\"https:\/\/proventuss.eu\/hr\/produkt\/kremlin-eos-20c50\/\",\"name\":\"KREMLIN EOS 20C50 - Proventuss\",\"isPartOf\":{\"@id\":\"https:\/\/proventuss.eu\/#website\"},\"primaryImageOfPage\":{\"@id\":\"https:\/\/proventuss.eu\/hr\/produkt\/kremlin-eos-20c50\/#primaryimage\"},\"image\":{\"@id\":\"https:\/\/proventuss.eu\/hr\/produkt\/kremlin-eos-20c50\/#primaryimage\"},\"thumbnailUrl\":\"https:\/\/proventuss.eu\/wp-content\/uploads\/2022\/04\/Pompa-pneumatyczna-KREMLIN-EOS-20C50.jpg\",\"datePublished\":\"2022-04-26T11:29:00+00:00\",\"dateModified\":\"2022-06-28T12:49:21+00:00\",\"breadcrumb\":{\"@id\":\"https:\/\/proventuss.eu\/hr\/produkt\/kremlin-eos-20c50\/#breadcrumb\"},\"inLanguage\":\"hr\",\"potentialAction\":[{\"@type\":\"ReadAction\",\"target\":[\"https:\/\/proventuss.eu\/hr\/produkt\/kremlin-eos-20c50\/\"]}]},{\"@type\":\"ImageObject\",\"inLanguage\":\"hr\",\"@id\":\"https:\/\/proventuss.eu\/hr\/produkt\/kremlin-eos-20c50\/#primaryimage\",\"url\":\"https:\/\/proventuss.eu\/wp-content\/uploads\/2022\/04\/Pompa-pneumatyczna-KREMLIN-EOS-20C50.jpg\",\"contentUrl\":\"https:\/\/proventuss.eu\/wp-content\/uploads\/2022\/04\/Pompa-pneumatyczna-KREMLIN-EOS-20C50.jpg\",\"width\":347,\"height\":347},{\"@type\":\"BreadcrumbList\",\"@id\":\"https:\/\/proventuss.eu\/hr\/produkt\/kremlin-eos-20c50\/#breadcrumb\",\"itemListElement\":[{\"@type\":\"ListItem\",\"position\":1,\"name\":\"Home\",\"item\":\"https:\/\/proventuss.eu\/\"},{\"@type\":\"ListItem\",\"position\":2,\"name\":\"Shop\",\"item\":\"https:\/\/proventuss.eu\/hr\/pohraniti\/\"},{\"@type\":\"ListItem\",\"position\":3,\"name\":\"KREMLIN EOS 20C50\"}]},{\"@type\":\"WebSite\",\"@id\":\"https:\/\/proventuss.eu\/#website\",\"url\":\"https:\/\/proventuss.eu\/\",\"name\":\"Proventuss\",\"description\":\"\",\"potentialAction\":[{\"@type\":\"SearchAction\",\"target\":{\"@type\":\"EntryPoint\",\"urlTemplate\":\"https:\/\/proventuss.eu\/?s={search_term_string}\"},\"query-input\":\"required name=search_term_string\"}],\"inLanguage\":\"hr\"}]}<\/script>\n<!-- \/ Yoast SEO plugin. -->","yoast_head_json":{"title":"KREMLIN EOS 20C50 - Proventuss","robots":{"index":"index","follow":"follow","max-snippet":"max-snippet:-1","max-image-preview":"max-image-preview:large","max-video-preview":"max-video-preview:-1"},"canonical":"https:\/\/proventuss.eu\/hr\/produkt\/kremlin-eos-20c50\/","og_locale":"hr_HR","og_type":"article","og_title":"KREMLIN EOS 20C50 - Proventuss","og_description":"PUMPA ZA NANO\u0160ENJE TEKU\u0106EG FILMA Vi-Pro\u00ae PUMPA ZA PR\u0160ANJE TEKU\u0106IH FOLIJA za velike povr\u0161ine u proizvodnim halama i skladi\u0161tima. Pneumatsko napajanje: minimalno 6 bara od instalacije ili kompresor minimalnog kapaciteta 100 L. PREDNOSTI: \u2022 visoka efikasnost \u2022 brzina primjene \u2022 jednostavan rad \u2022 \u0161alica za 6 L \u2022 opremljen stalkom s kota\u010dima \u2022 crijeva duljine [&hellip;]","og_url":"https:\/\/proventuss.eu\/hr\/produkt\/kremlin-eos-20c50\/","og_site_name":"Proventuss","article_modified_time":"2022-06-28T12:49:21+00:00","og_image":[{"width":347,"height":347,"url":"https:\/\/proventuss.eu\/wp-content\/uploads\/2022\/04\/Pompa-pneumatyczna-KREMLIN-EOS-20C50.jpg","type":"image\/jpeg"}],"twitter_card":"summary_large_image","twitter_misc":{"Procijenjeno vrijeme \u010ditanja":"1 minuta"},"schema":{"@context":"https:\/\/schema.org","@graph":[{"@type":"WebPage","@id":"https:\/\/proventuss.eu\/hr\/produkt\/kremlin-eos-20c50\/","url":"https:\/\/proventuss.eu\/hr\/produkt\/kremlin-eos-20c50\/","name":"KREMLIN EOS 20C50 - Proventuss","isPartOf":{"@id":"https:\/\/proventuss.eu\/#website"},"primaryImageOfPage":{"@id":"https:\/\/proventuss.eu\/hr\/produkt\/kremlin-eos-20c50\/#primaryimage"},"image":{"@id":"https:\/\/proventuss.eu\/hr\/produkt\/kremlin-eos-20c50\/#primaryimage"},"thumbnailUrl":"https:\/\/proventuss.eu\/wp-content\/uploads\/2022\/04\/Pompa-pneumatyczna-KREMLIN-EOS-20C50.jpg","datePublished":"2022-04-26T11:29:00+00:00","dateModified":"2022-06-28T12:49:21+00:00","breadcrumb":{"@id":"https:\/\/proventuss.eu\/hr\/produkt\/kremlin-eos-20c50\/#breadcrumb"},"inLanguage":"hr","potentialAction":[{"@type":"ReadAction","target":["https:\/\/proventuss.eu\/hr\/produkt\/kremlin-eos-20c50\/"]}]},{"@type":"ImageObject","inLanguage":"hr","@id":"https:\/\/proventuss.eu\/hr\/produkt\/kremlin-eos-20c50\/#primaryimage","url":"https:\/\/proventuss.eu\/wp-content\/uploads\/2022\/04\/Pompa-pneumatyczna-KREMLIN-EOS-20C50.jpg","contentUrl":"https:\/\/proventuss.eu\/wp-content\/uploads\/2022\/04\/Pompa-pneumatyczna-KREMLIN-EOS-20C50.jpg","width":347,"height":347},{"@type":"BreadcrumbList","@id":"https:\/\/proventuss.eu\/hr\/produkt\/kremlin-eos-20c50\/#breadcrumb","itemListElement":[{"@type":"ListItem","position":1,"name":"Home","item":"https:\/\/proventuss.eu\/"},{"@type":"ListItem","position":2,"name":"Shop","item":"https:\/\/proventuss.eu\/hr\/pohraniti\/"},{"@type":"ListItem","position":3,"name":"KREMLIN EOS 20C50"}]},{"@type":"WebSite","@id":"https:\/\/proventuss.eu\/#website","url":"https:\/\/proventuss.eu\/","name":"Proventuss","description":"","potentialAction":[{"@type":"SearchAction","target":{"@type":"EntryPoint","urlTemplate":"https:\/\/proventuss.eu\/?s={search_term_string}"},"query-input":"required name=search_term_string"}],"inLanguage":"hr"}]}},"_links":{"self":[{"href":"https:\/\/proventuss.eu\/hr\/wp-json\/wp\/v2\/product\/3059"}],"collection":[{"href":"https:\/\/proventuss.eu\/hr\/wp-json\/wp\/v2\/product"}],"about":[{"href":"https:\/\/proventuss.eu\/hr\/wp-json\/wp\/v2\/types\/product"}],"replies":[{"embeddable":true,"href":"https:\/\/proventuss.eu\/hr\/wp-json\/wp\/v2\/comments?post=3059"}],"wp:featuredmedia":[{"embeddable":true,"href":"https:\/\/proventuss.eu\/hr\/wp-json\/wp\/v2\/media\/2145"}],"wp:attachment":[{"href":"https:\/\/proventuss.eu\/hr\/wp-json\/wp\/v2\/media?parent=3059"}],"wp:term":[{"taxonomy":"product_cat","embeddable":true,"href":"https:\/\/proventuss.eu\/hr\/wp-json\/wp\/v2\/product_cat?post=3059"},{"taxonomy":"product_tag","embeddable":true,"href":"https:\/\/proventuss.eu\/hr\/wp-json\/wp\/v2\/product_tag?post=3059"}],"curies":[{"name":"wp","href":"https:\/\/api.w.org\/{rel}","templated":true}]}}