{"id":3056,"date":"2022-04-26T11:48:09","date_gmt":"2022-04-26T11:48:09","guid":{"rendered":"https:\/\/proventuss.eu\/produkt\/vi-pro-lagano-za-ciscenje\/"},"modified":"2022-07-15T07:06:07","modified_gmt":"2022-07-15T07:06:07","slug":"otapalo-za-ciscenje-vi-pro-easy-to-clean","status":"publish","type":"product","link":"https:\/\/proventuss.eu\/hr\/proizvod\/otapalo-za-ciscenje-vi-pro-easy-to-clean\/","title":{"rendered":"Otapalo za \u010di\u0161\u0107enje Vi-Pro\u00ae EASY-TO-CLEAN"},"content":{"rendered":"<p><strong>OTAPALO ZA \u010cI\u0160\u0106ENJE OP\u0106E NAMJENE<\/strong> za optimalno \u010di\u0161\u0107enje neporoznih povr\u0161ina od pra\u0161ine, masti, ulja, nestvrdnutih ostataka brtvila itd.<\/p>\n<p>Preporu\u010duje se za neporozne povr\u0161ine: staklo, metal, drvo, plastika<\/p>\n<p><strong>PREDNOSTI:<\/strong><br \/>\n\u2022 Jednostavno i sigurno za kori\u0161tenje<br \/>\n\u2022 Brzo isparavanje<br \/>\n\u2022 Kompatibilno sa svim Dowsil brtvilima<\/p>\n<p><strong>PAKIRANJE\/BOJE:<\/strong><br \/>\nPakiranje: limenka od 1L, 9 komada\/kutija<br \/>\nBoja: prozirna teku\u0107ina<\/p>\n","protected":false},"excerpt":{"rendered":"<p>OTAPALO ZA \u010cI\u0160\u0106ENJE OP\u0106E NAMJENE za optimalno \u010di\u0161\u0107enje neporoznih povr\u0161ina od pra\u0161ine, masti, ulja, nestvrdnutih ostataka brtvila itd. Preporu\u010duje se za neporozne povr\u0161ine: staklo, metal, drvo, plastika PREDNOSTI: \u2022 Jednostavno i sigurno za kori\u0161tenje \u2022 Brzo isparavanje \u2022 Kompatibilno sa svim Dowsil brtvilima PAKIRANJE\/BOJE: Pakiranje: limenka od 1L, 9 komada\/kutija Boja: prozirna teku\u0107ina<\/p>\n","protected":false},"featured_media":2153,"comment_status":"open","ping_status":"closed","template":"","meta":{"_acf_changed":false},"product_cat":[170],"product_tag":[],"acf":[],"yoast_head":"<!-- This site is optimized with the Yoast SEO plugin v22.9 - https:\/\/yoast.com\/wordpress\/plugins\/seo\/ -->\n<title>Otapalo za \u010di\u0161\u0107enje Vi-Pro\u00ae EASY-TO-CLEAN - Proventuss<\/title>\n<meta name=\"robots\" content=\"index, follow, max-snippet:-1, max-image-preview:large, max-video-preview:-1\" \/>\n<link rel=\"canonical\" href=\"https:\/\/proventuss.eu\/hr\/produkt\/otapalo-za-ciscenje-vi-pro-easy-to-clean\/\" \/>\n<meta property=\"og:locale\" content=\"hr_HR\" \/>\n<meta property=\"og:type\" content=\"article\" \/>\n<meta property=\"og:title\" content=\"Otapalo za \u010di\u0161\u0107enje Vi-Pro\u00ae EASY-TO-CLEAN - Proventuss\" \/>\n<meta property=\"og:description\" content=\"OTAPALO ZA \u010cI\u0160\u0106ENJE OP\u0106E NAMJENE za optimalno \u010di\u0161\u0107enje neporoznih povr\u0161ina od pra\u0161ine, masti, ulja, nestvrdnutih ostataka brtvila itd. Preporu\u010duje se za neporozne povr\u0161ine: staklo, metal, drvo, plastika PREDNOSTI: \u2022 Jednostavno i sigurno za kori\u0161tenje \u2022 Brzo isparavanje \u2022 Kompatibilno sa svim Dowsil brtvilima PAKIRANJE\/BOJE: Pakiranje: limenka od 1L, 9 komada\/kutija Boja: prozirna teku\u0107ina\" \/>\n<meta property=\"og:url\" content=\"https:\/\/proventuss.eu\/hr\/produkt\/otapalo-za-ciscenje-vi-pro-easy-to-clean\/\" \/>\n<meta property=\"og:site_name\" content=\"Proventuss\" \/>\n<meta property=\"article:modified_time\" content=\"2022-07-15T07:06:07+00:00\" \/>\n<meta property=\"og:image\" content=\"https:\/\/proventuss.eu\/wp-content\/uploads\/2022\/04\/Easy-To-Clean1.png\" \/>\n\t<meta property=\"og:image:width\" content=\"640\" \/>\n\t<meta property=\"og:image:height\" content=\"640\" \/>\n\t<meta property=\"og:image:type\" content=\"image\/png\" \/>\n<meta name=\"twitter:card\" content=\"summary_large_image\" \/>\n<script type=\"application\/ld+json\" class=\"yoast-schema-graph\">{\"@context\":\"https:\/\/schema.org\",\"@graph\":[{\"@type\":\"WebPage\",\"@id\":\"https:\/\/proventuss.eu\/hr\/produkt\/otapalo-za-ciscenje-vi-pro-easy-to-clean\/\",\"url\":\"https:\/\/proventuss.eu\/hr\/produkt\/otapalo-za-ciscenje-vi-pro-easy-to-clean\/\",\"name\":\"Otapalo za \u010di\u0161\u0107enje Vi-Pro\u00ae EASY-TO-CLEAN - Proventuss\",\"isPartOf\":{\"@id\":\"https:\/\/proventuss.eu\/#website\"},\"primaryImageOfPage\":{\"@id\":\"https:\/\/proventuss.eu\/hr\/produkt\/otapalo-za-ciscenje-vi-pro-easy-to-clean\/#primaryimage\"},\"image\":{\"@id\":\"https:\/\/proventuss.eu\/hr\/produkt\/otapalo-za-ciscenje-vi-pro-easy-to-clean\/#primaryimage\"},\"thumbnailUrl\":\"https:\/\/proventuss.eu\/wp-content\/uploads\/2022\/04\/Easy-To-Clean1.png\",\"datePublished\":\"2022-04-26T11:48:09+00:00\",\"dateModified\":\"2022-07-15T07:06:07+00:00\",\"breadcrumb\":{\"@id\":\"https:\/\/proventuss.eu\/hr\/produkt\/otapalo-za-ciscenje-vi-pro-easy-to-clean\/#breadcrumb\"},\"inLanguage\":\"hr\",\"potentialAction\":[{\"@type\":\"ReadAction\",\"target\":[\"https:\/\/proventuss.eu\/hr\/produkt\/otapalo-za-ciscenje-vi-pro-easy-to-clean\/\"]}]},{\"@type\":\"ImageObject\",\"inLanguage\":\"hr\",\"@id\":\"https:\/\/proventuss.eu\/hr\/produkt\/otapalo-za-ciscenje-vi-pro-easy-to-clean\/#primaryimage\",\"url\":\"https:\/\/proventuss.eu\/wp-content\/uploads\/2022\/04\/Easy-To-Clean1.png\",\"contentUrl\":\"https:\/\/proventuss.eu\/wp-content\/uploads\/2022\/04\/Easy-To-Clean1.png\",\"width\":640,\"height\":640,\"caption\":\"Na zdj\u0119ciu Rozpuszczalnik czyszcz\u0105cy do czyszczenia powierzchni nieporowatych z kurzu, t\u0142uszczu, oleju, pozosta\u0142o\u015bci nieutwardzonych szczeliw.\"},{\"@type\":\"BreadcrumbList\",\"@id\":\"https:\/\/proventuss.eu\/hr\/produkt\/otapalo-za-ciscenje-vi-pro-easy-to-clean\/#breadcrumb\",\"itemListElement\":[{\"@type\":\"ListItem\",\"position\":1,\"name\":\"Home\",\"item\":\"https:\/\/proventuss.eu\/\"},{\"@type\":\"ListItem\",\"position\":2,\"name\":\"Shop\",\"item\":\"https:\/\/proventuss.eu\/hr\/pohraniti\/\"},{\"@type\":\"ListItem\",\"position\":3,\"name\":\"Otapalo za \u010di\u0161\u0107enje Vi-Pro\u00ae EASY-TO-CLEAN\"}]},{\"@type\":\"WebSite\",\"@id\":\"https:\/\/proventuss.eu\/#website\",\"url\":\"https:\/\/proventuss.eu\/\",\"name\":\"Proventuss\",\"description\":\"\",\"potentialAction\":[{\"@type\":\"SearchAction\",\"target\":{\"@type\":\"EntryPoint\",\"urlTemplate\":\"https:\/\/proventuss.eu\/?s={search_term_string}\"},\"query-input\":\"required name=search_term_string\"}],\"inLanguage\":\"hr\"}]}<\/script>\n<!-- \/ Yoast SEO plugin. -->","yoast_head_json":{"title":"Otapalo za \u010di\u0161\u0107enje Vi-Pro\u00ae EASY-TO-CLEAN - Proventuss","robots":{"index":"index","follow":"follow","max-snippet":"max-snippet:-1","max-image-preview":"max-image-preview:large","max-video-preview":"max-video-preview:-1"},"canonical":"https:\/\/proventuss.eu\/hr\/produkt\/otapalo-za-ciscenje-vi-pro-easy-to-clean\/","og_locale":"hr_HR","og_type":"article","og_title":"Otapalo za \u010di\u0161\u0107enje Vi-Pro\u00ae EASY-TO-CLEAN - Proventuss","og_description":"OTAPALO ZA \u010cI\u0160\u0106ENJE OP\u0106E NAMJENE za optimalno \u010di\u0161\u0107enje neporoznih povr\u0161ina od pra\u0161ine, masti, ulja, nestvrdnutih ostataka brtvila itd. Preporu\u010duje se za neporozne povr\u0161ine: staklo, metal, drvo, plastika PREDNOSTI: \u2022 Jednostavno i sigurno za kori\u0161tenje \u2022 Brzo isparavanje \u2022 Kompatibilno sa svim Dowsil brtvilima PAKIRANJE\/BOJE: Pakiranje: limenka od 1L, 9 komada\/kutija Boja: prozirna teku\u0107ina","og_url":"https:\/\/proventuss.eu\/hr\/produkt\/otapalo-za-ciscenje-vi-pro-easy-to-clean\/","og_site_name":"Proventuss","article_modified_time":"2022-07-15T07:06:07+00:00","og_image":[{"width":640,"height":640,"url":"https:\/\/proventuss.eu\/wp-content\/uploads\/2022\/04\/Easy-To-Clean1.png","type":"image\/png"}],"twitter_card":"summary_large_image","schema":{"@context":"https:\/\/schema.org","@graph":[{"@type":"WebPage","@id":"https:\/\/proventuss.eu\/hr\/produkt\/otapalo-za-ciscenje-vi-pro-easy-to-clean\/","url":"https:\/\/proventuss.eu\/hr\/produkt\/otapalo-za-ciscenje-vi-pro-easy-to-clean\/","name":"Otapalo za \u010di\u0161\u0107enje Vi-Pro\u00ae EASY-TO-CLEAN - Proventuss","isPartOf":{"@id":"https:\/\/proventuss.eu\/#website"},"primaryImageOfPage":{"@id":"https:\/\/proventuss.eu\/hr\/produkt\/otapalo-za-ciscenje-vi-pro-easy-to-clean\/#primaryimage"},"image":{"@id":"https:\/\/proventuss.eu\/hr\/produkt\/otapalo-za-ciscenje-vi-pro-easy-to-clean\/#primaryimage"},"thumbnailUrl":"https:\/\/proventuss.eu\/wp-content\/uploads\/2022\/04\/Easy-To-Clean1.png","datePublished":"2022-04-26T11:48:09+00:00","dateModified":"2022-07-15T07:06:07+00:00","breadcrumb":{"@id":"https:\/\/proventuss.eu\/hr\/produkt\/otapalo-za-ciscenje-vi-pro-easy-to-clean\/#breadcrumb"},"inLanguage":"hr","potentialAction":[{"@type":"ReadAction","target":["https:\/\/proventuss.eu\/hr\/produkt\/otapalo-za-ciscenje-vi-pro-easy-to-clean\/"]}]},{"@type":"ImageObject","inLanguage":"hr","@id":"https:\/\/proventuss.eu\/hr\/produkt\/otapalo-za-ciscenje-vi-pro-easy-to-clean\/#primaryimage","url":"https:\/\/proventuss.eu\/wp-content\/uploads\/2022\/04\/Easy-To-Clean1.png","contentUrl":"https:\/\/proventuss.eu\/wp-content\/uploads\/2022\/04\/Easy-To-Clean1.png","width":640,"height":640,"caption":"Na zdj\u0119ciu Rozpuszczalnik czyszcz\u0105cy do czyszczenia powierzchni nieporowatych z kurzu, t\u0142uszczu, oleju, pozosta\u0142o\u015bci nieutwardzonych szczeliw."},{"@type":"BreadcrumbList","@id":"https:\/\/proventuss.eu\/hr\/produkt\/otapalo-za-ciscenje-vi-pro-easy-to-clean\/#breadcrumb","itemListElement":[{"@type":"ListItem","position":1,"name":"Home","item":"https:\/\/proventuss.eu\/"},{"@type":"ListItem","position":2,"name":"Shop","item":"https:\/\/proventuss.eu\/hr\/pohraniti\/"},{"@type":"ListItem","position":3,"name":"Otapalo za \u010di\u0161\u0107enje Vi-Pro\u00ae EASY-TO-CLEAN"}]},{"@type":"WebSite","@id":"https:\/\/proventuss.eu\/#website","url":"https:\/\/proventuss.eu\/","name":"Proventuss","description":"","potentialAction":[{"@type":"SearchAction","target":{"@type":"EntryPoint","urlTemplate":"https:\/\/proventuss.eu\/?s={search_term_string}"},"query-input":"required name=search_term_string"}],"inLanguage":"hr"}]}},"_links":{"self":[{"href":"https:\/\/proventuss.eu\/hr\/wp-json\/wp\/v2\/product\/3056"}],"collection":[{"href":"https:\/\/proventuss.eu\/hr\/wp-json\/wp\/v2\/product"}],"about":[{"href":"https:\/\/proventuss.eu\/hr\/wp-json\/wp\/v2\/types\/product"}],"replies":[{"embeddable":true,"href":"https:\/\/proventuss.eu\/hr\/wp-json\/wp\/v2\/comments?post=3056"}],"wp:featuredmedia":[{"embeddable":true,"href":"https:\/\/proventuss.eu\/hr\/wp-json\/wp\/v2\/media\/2153"}],"wp:attachment":[{"href":"https:\/\/proventuss.eu\/hr\/wp-json\/wp\/v2\/media?parent=3056"}],"wp:term":[{"taxonomy":"product_cat","embeddable":true,"href":"https:\/\/proventuss.eu\/hr\/wp-json\/wp\/v2\/product_cat?post=3056"},{"taxonomy":"product_tag","embeddable":true,"href":"https:\/\/proventuss.eu\/hr\/wp-json\/wp\/v2\/product_tag?post=3056"}],"curies":[{"name":"wp","href":"https:\/\/api.w.org\/{rel}","templated":true}]}}