{"id":3053,"date":"2022-04-26T11:59:24","date_gmt":"2022-04-26T11:59:24","guid":{"rendered":"https:\/\/proventuss.eu\/produkt\/dowsil-r41-cistac-plus\/"},"modified":"2023-02-15T10:43:47","modified_gmt":"2023-02-15T10:43:47","slug":"otapalo-za-ciscenje-s-katalizatorom-dowsil-r41-cistac-plus","status":"publish","type":"product","link":"https:\/\/proventuss.eu\/hr\/proizvod\/otapalo-za-ciscenje-s-katalizatorom-dowsil-r41-cistac-plus\/","title":{"rendered":"Otapalo za \u010di\u0161\u0107enje s katalizatorom DOWSIL R41 \u010cISTA\u010c PLUS"},"content":{"rendered":"<p><strong>OTAPALO ZA \u010cI\u0160\u0106ENJE<\/strong> koje sadr\u017ei katalizator za pobolj\u0161anje prianjanja na neporozne povr\u0161ine.<\/p>\n<p>Dizajniran za neporozne povr\u0161ine kao \u0161to su: staklo, metal, plastika, posebno se preporu\u010duje za sirovi aluminij.<\/p>\n<p>PREDNOSTI:<br \/>\n\u2022 sadr\u017ei poseban katalizator za pove\u0107anje prianjanja<br \/>\n\u2022 jednostavan i siguran za kori\u0161tenje<br \/>\n\u2022 istovremeno \u010disti i aktivira povr\u0161inu radi pobolj\u0161anja prianjanja<br \/>\n\u2022 kompatibilan s Dowsil brtvilima<\/p>\n<p><strong>PAKIRANJE:<\/strong> limenka od 5L<br \/>\n<strong>BOJA:<\/strong> bistra teku\u0107ina<\/p>\n<p>&nbsp;<\/p>\n","protected":false},"excerpt":{"rendered":"<p>OTAPALO ZA \u010cI\u0160\u0106ENJE koje sadr\u017ei katalizator za pobolj\u0161anje prianjanja na neporozne povr\u0161ine. Dizajniran za neporozne povr\u0161ine kao \u0161to su: staklo, metal, plastika, posebno se preporu\u010duje za sirovi aluminij. PREDNOSTI: \u2022 sadr\u017ei poseban katalizator za pove\u0107anje prianjanja \u2022 jednostavan i siguran za kori\u0161tenje \u2022 istovremeno \u010disti i aktivira povr\u0161inu radi pobolj\u0161anja prianjanja \u2022 kompatibilan s Dowsil [&hellip;]<\/p>\n","protected":false},"featured_media":2229,"comment_status":"open","ping_status":"closed","template":"","meta":{"_acf_changed":false},"product_cat":[176,170,123],"product_tag":[],"acf":[],"yoast_head":"<!-- This site is optimized with the Yoast SEO plugin v22.9 - https:\/\/yoast.com\/wordpress\/plugins\/seo\/ -->\n<title>Otapalo za \u010di\u0161\u0107enje s katalizatorom DOWSIL R41 \u010cISTA\u010c PLUS - Proventuss<\/title>\n<meta name=\"robots\" content=\"index, follow, max-snippet:-1, max-image-preview:large, max-video-preview:-1\" \/>\n<link rel=\"canonical\" href=\"https:\/\/proventuss.eu\/hr\/produkt\/otapalo-za-ciscenje-s-katalizatorom-dowsil-r41-cistac-plus\/\" \/>\n<meta property=\"og:locale\" content=\"hr_HR\" \/>\n<meta property=\"og:type\" content=\"article\" \/>\n<meta property=\"og:title\" content=\"Otapalo za \u010di\u0161\u0107enje s katalizatorom DOWSIL R41 \u010cISTA\u010c PLUS - Proventuss\" \/>\n<meta property=\"og:description\" content=\"OTAPALO ZA \u010cI\u0160\u0106ENJE koje sadr\u017ei katalizator za pobolj\u0161anje prianjanja na neporozne povr\u0161ine. Dizajniran za neporozne povr\u0161ine kao \u0161to su: staklo, metal, plastika, posebno se preporu\u010duje za sirovi aluminij. PREDNOSTI: \u2022 sadr\u017ei poseban katalizator za pove\u0107anje prianjanja \u2022 jednostavan i siguran za kori\u0161tenje \u2022 istovremeno \u010disti i aktivira povr\u0161inu radi pobolj\u0161anja prianjanja \u2022 kompatibilan s Dowsil [&hellip;]\" \/>\n<meta property=\"og:url\" content=\"https:\/\/proventuss.eu\/hr\/produkt\/otapalo-za-ciscenje-s-katalizatorom-dowsil-r41-cistac-plus\/\" \/>\n<meta property=\"og:site_name\" content=\"Proventuss\" \/>\n<meta property=\"article:modified_time\" content=\"2023-02-15T10:43:47+00:00\" \/>\n<meta property=\"og:image\" content=\"https:\/\/proventuss.eu\/wp-content\/uploads\/2022\/04\/Dowsil-R41-Cleaner-Plus.jpg\" \/>\n\t<meta property=\"og:image:width\" content=\"640\" \/>\n\t<meta property=\"og:image:height\" content=\"905\" \/>\n\t<meta property=\"og:image:type\" content=\"image\/jpeg\" \/>\n<meta name=\"twitter:card\" content=\"summary_large_image\" \/>\n<meta name=\"twitter:label1\" content=\"Procijenjeno vrijeme \u010ditanja\" \/>\n\t<meta name=\"twitter:data1\" content=\"1 minuta\" \/>\n<script type=\"application\/ld+json\" class=\"yoast-schema-graph\">{\"@context\":\"https:\/\/schema.org\",\"@graph\":[{\"@type\":\"WebPage\",\"@id\":\"https:\/\/proventuss.eu\/hr\/produkt\/otapalo-za-ciscenje-s-katalizatorom-dowsil-r41-cistac-plus\/\",\"url\":\"https:\/\/proventuss.eu\/hr\/produkt\/otapalo-za-ciscenje-s-katalizatorom-dowsil-r41-cistac-plus\/\",\"name\":\"Otapalo za \u010di\u0161\u0107enje s katalizatorom DOWSIL R41 \u010cISTA\u010c PLUS - Proventuss\",\"isPartOf\":{\"@id\":\"https:\/\/proventuss.eu\/#website\"},\"primaryImageOfPage\":{\"@id\":\"https:\/\/proventuss.eu\/hr\/produkt\/otapalo-za-ciscenje-s-katalizatorom-dowsil-r41-cistac-plus\/#primaryimage\"},\"image\":{\"@id\":\"https:\/\/proventuss.eu\/hr\/produkt\/otapalo-za-ciscenje-s-katalizatorom-dowsil-r41-cistac-plus\/#primaryimage\"},\"thumbnailUrl\":\"https:\/\/proventuss.eu\/wp-content\/uploads\/2022\/04\/Dowsil-R41-Cleaner-Plus.jpg\",\"datePublished\":\"2022-04-26T11:59:24+00:00\",\"dateModified\":\"2023-02-15T10:43:47+00:00\",\"breadcrumb\":{\"@id\":\"https:\/\/proventuss.eu\/hr\/produkt\/otapalo-za-ciscenje-s-katalizatorom-dowsil-r41-cistac-plus\/#breadcrumb\"},\"inLanguage\":\"hr\",\"potentialAction\":[{\"@type\":\"ReadAction\",\"target\":[\"https:\/\/proventuss.eu\/hr\/produkt\/otapalo-za-ciscenje-s-katalizatorom-dowsil-r41-cistac-plus\/\"]}]},{\"@type\":\"ImageObject\",\"inLanguage\":\"hr\",\"@id\":\"https:\/\/proventuss.eu\/hr\/produkt\/otapalo-za-ciscenje-s-katalizatorom-dowsil-r41-cistac-plus\/#primaryimage\",\"url\":\"https:\/\/proventuss.eu\/wp-content\/uploads\/2022\/04\/Dowsil-R41-Cleaner-Plus.jpg\",\"contentUrl\":\"https:\/\/proventuss.eu\/wp-content\/uploads\/2022\/04\/Dowsil-R41-Cleaner-Plus.jpg\",\"width\":640,\"height\":905},{\"@type\":\"BreadcrumbList\",\"@id\":\"https:\/\/proventuss.eu\/hr\/produkt\/otapalo-za-ciscenje-s-katalizatorom-dowsil-r41-cistac-plus\/#breadcrumb\",\"itemListElement\":[{\"@type\":\"ListItem\",\"position\":1,\"name\":\"Home\",\"item\":\"https:\/\/proventuss.eu\/\"},{\"@type\":\"ListItem\",\"position\":2,\"name\":\"Shop\",\"item\":\"https:\/\/proventuss.eu\/hr\/pohraniti\/\"},{\"@type\":\"ListItem\",\"position\":3,\"name\":\"Otapalo za \u010di\u0161\u0107enje s katalizatorom DOWSIL R41 \u010cISTA\u010c PLUS\"}]},{\"@type\":\"WebSite\",\"@id\":\"https:\/\/proventuss.eu\/#website\",\"url\":\"https:\/\/proventuss.eu\/\",\"name\":\"Proventuss\",\"description\":\"\",\"potentialAction\":[{\"@type\":\"SearchAction\",\"target\":{\"@type\":\"EntryPoint\",\"urlTemplate\":\"https:\/\/proventuss.eu\/?s={search_term_string}\"},\"query-input\":\"required name=search_term_string\"}],\"inLanguage\":\"hr\"}]}<\/script>\n<!-- \/ Yoast SEO plugin. -->","yoast_head_json":{"title":"Otapalo za \u010di\u0161\u0107enje s katalizatorom DOWSIL R41 \u010cISTA\u010c PLUS - Proventuss","robots":{"index":"index","follow":"follow","max-snippet":"max-snippet:-1","max-image-preview":"max-image-preview:large","max-video-preview":"max-video-preview:-1"},"canonical":"https:\/\/proventuss.eu\/hr\/produkt\/otapalo-za-ciscenje-s-katalizatorom-dowsil-r41-cistac-plus\/","og_locale":"hr_HR","og_type":"article","og_title":"Otapalo za \u010di\u0161\u0107enje s katalizatorom DOWSIL R41 \u010cISTA\u010c PLUS - Proventuss","og_description":"OTAPALO ZA \u010cI\u0160\u0106ENJE koje sadr\u017ei katalizator za pobolj\u0161anje prianjanja na neporozne povr\u0161ine. Dizajniran za neporozne povr\u0161ine kao \u0161to su: staklo, metal, plastika, posebno se preporu\u010duje za sirovi aluminij. PREDNOSTI: \u2022 sadr\u017ei poseban katalizator za pove\u0107anje prianjanja \u2022 jednostavan i siguran za kori\u0161tenje \u2022 istovremeno \u010disti i aktivira povr\u0161inu radi pobolj\u0161anja prianjanja \u2022 kompatibilan s Dowsil [&hellip;]","og_url":"https:\/\/proventuss.eu\/hr\/produkt\/otapalo-za-ciscenje-s-katalizatorom-dowsil-r41-cistac-plus\/","og_site_name":"Proventuss","article_modified_time":"2023-02-15T10:43:47+00:00","og_image":[{"width":640,"height":905,"url":"https:\/\/proventuss.eu\/wp-content\/uploads\/2022\/04\/Dowsil-R41-Cleaner-Plus.jpg","type":"image\/jpeg"}],"twitter_card":"summary_large_image","twitter_misc":{"Procijenjeno vrijeme \u010ditanja":"1 minuta"},"schema":{"@context":"https:\/\/schema.org","@graph":[{"@type":"WebPage","@id":"https:\/\/proventuss.eu\/hr\/produkt\/otapalo-za-ciscenje-s-katalizatorom-dowsil-r41-cistac-plus\/","url":"https:\/\/proventuss.eu\/hr\/produkt\/otapalo-za-ciscenje-s-katalizatorom-dowsil-r41-cistac-plus\/","name":"Otapalo za \u010di\u0161\u0107enje s katalizatorom DOWSIL R41 \u010cISTA\u010c PLUS - Proventuss","isPartOf":{"@id":"https:\/\/proventuss.eu\/#website"},"primaryImageOfPage":{"@id":"https:\/\/proventuss.eu\/hr\/produkt\/otapalo-za-ciscenje-s-katalizatorom-dowsil-r41-cistac-plus\/#primaryimage"},"image":{"@id":"https:\/\/proventuss.eu\/hr\/produkt\/otapalo-za-ciscenje-s-katalizatorom-dowsil-r41-cistac-plus\/#primaryimage"},"thumbnailUrl":"https:\/\/proventuss.eu\/wp-content\/uploads\/2022\/04\/Dowsil-R41-Cleaner-Plus.jpg","datePublished":"2022-04-26T11:59:24+00:00","dateModified":"2023-02-15T10:43:47+00:00","breadcrumb":{"@id":"https:\/\/proventuss.eu\/hr\/produkt\/otapalo-za-ciscenje-s-katalizatorom-dowsil-r41-cistac-plus\/#breadcrumb"},"inLanguage":"hr","potentialAction":[{"@type":"ReadAction","target":["https:\/\/proventuss.eu\/hr\/produkt\/otapalo-za-ciscenje-s-katalizatorom-dowsil-r41-cistac-plus\/"]}]},{"@type":"ImageObject","inLanguage":"hr","@id":"https:\/\/proventuss.eu\/hr\/produkt\/otapalo-za-ciscenje-s-katalizatorom-dowsil-r41-cistac-plus\/#primaryimage","url":"https:\/\/proventuss.eu\/wp-content\/uploads\/2022\/04\/Dowsil-R41-Cleaner-Plus.jpg","contentUrl":"https:\/\/proventuss.eu\/wp-content\/uploads\/2022\/04\/Dowsil-R41-Cleaner-Plus.jpg","width":640,"height":905},{"@type":"BreadcrumbList","@id":"https:\/\/proventuss.eu\/hr\/produkt\/otapalo-za-ciscenje-s-katalizatorom-dowsil-r41-cistac-plus\/#breadcrumb","itemListElement":[{"@type":"ListItem","position":1,"name":"Home","item":"https:\/\/proventuss.eu\/"},{"@type":"ListItem","position":2,"name":"Shop","item":"https:\/\/proventuss.eu\/hr\/pohraniti\/"},{"@type":"ListItem","position":3,"name":"Otapalo za \u010di\u0161\u0107enje s katalizatorom DOWSIL R41 \u010cISTA\u010c PLUS"}]},{"@type":"WebSite","@id":"https:\/\/proventuss.eu\/#website","url":"https:\/\/proventuss.eu\/","name":"Proventuss","description":"","potentialAction":[{"@type":"SearchAction","target":{"@type":"EntryPoint","urlTemplate":"https:\/\/proventuss.eu\/?s={search_term_string}"},"query-input":"required name=search_term_string"}],"inLanguage":"hr"}]}},"_links":{"self":[{"href":"https:\/\/proventuss.eu\/hr\/wp-json\/wp\/v2\/product\/3053"}],"collection":[{"href":"https:\/\/proventuss.eu\/hr\/wp-json\/wp\/v2\/product"}],"about":[{"href":"https:\/\/proventuss.eu\/hr\/wp-json\/wp\/v2\/types\/product"}],"replies":[{"embeddable":true,"href":"https:\/\/proventuss.eu\/hr\/wp-json\/wp\/v2\/comments?post=3053"}],"wp:featuredmedia":[{"embeddable":true,"href":"https:\/\/proventuss.eu\/hr\/wp-json\/wp\/v2\/media\/2229"}],"wp:attachment":[{"href":"https:\/\/proventuss.eu\/hr\/wp-json\/wp\/v2\/media?parent=3053"}],"wp:term":[{"taxonomy":"product_cat","embeddable":true,"href":"https:\/\/proventuss.eu\/hr\/wp-json\/wp\/v2\/product_cat?post=3053"},{"taxonomy":"product_tag","embeddable":true,"href":"https:\/\/proventuss.eu\/hr\/wp-json\/wp\/v2\/product_tag?post=3053"}],"curies":[{"name":"wp","href":"https:\/\/api.w.org\/{rel}","templated":true}]}}