{"id":3044,"date":"2022-04-26T11:46:34","date_gmt":"2022-04-26T11:46:34","guid":{"rendered":"https:\/\/proventuss.eu\/produkt\/vi-pro-marsice\/"},"modified":"2024-05-20T07:23:50","modified_gmt":"2024-05-20T07:23:50","slug":"maramice-za-ciscenje-vi-pro-wipes","status":"publish","type":"product","link":"https:\/\/proventuss.eu\/hr\/proizvod\/maramice-za-ciscenje-vi-pro-wipes\/","title":{"rendered":"Maramice za \u010di\u0161\u0107enje Vi-Pro\u00ae WIPES"},"content":{"rendered":"<p><strong>PERFORIRANE MARAMICE ZA \u010cI\u0160\u0106ENJE<\/strong> natopljene su specijaliziranim sredstvom koje omogu\u0107uje jednostavno uklanjanje nestvrdnutih brtvila i ljepila. Savr\u0161ene su i za \u010di\u0161\u0107enje svih drugih vrsta prljav\u0161tine, uklju\u010duju\u0107i masnu prljav\u0161tinu, kao i ostatke cementa. Nakon zavr\u0161enog rada savr\u0161ene su za \u010di\u0161\u0107enje ruku i alata. Za\u0161titne tvari koje sadr\u017ee ne iritiraju ko\u017eu i dodatno je hidratiziraju.<\/p>\n<p><strong>PREDNOSTI:<\/strong><br \/>\n\u2022 Tehnologija bez otapala<br \/>\n\u2022 Visoka u\u010dinkovitost<br \/>\n\u2022 Sigurne za ko\u017eu i osjetljive materijale<br \/>\n\u2022 Pogodne za kori\u0161tenje pri radu na terenu<br \/>\n\u2022 \u010cvrsto pakiranje \u0161titi od isu\u0161ivanja, pa ne gube svojstva dugo vremena<\/p>\n<p><strong>PAKIRANJE:<\/strong><br \/>\nMaramice za \u010di\u0161\u0107enje 300: 300 komada \/ kanta (4 komada \/ kutija)<br \/>\nMaramice za \u010di\u0161\u0107enje 100: 100 komada \/ kanta (8 komada \/ kutija)<\/p>\n","protected":false},"excerpt":{"rendered":"<p>PERFORIRANE MARAMICE ZA \u010cI\u0160\u0106ENJE natopljene su specijaliziranim sredstvom koje omogu\u0107uje jednostavno uklanjanje nestvrdnutih brtvila i ljepila. Savr\u0161ene su i za \u010di\u0161\u0107enje svih drugih vrsta prljav\u0161tine, uklju\u010duju\u0107i masnu prljav\u0161tinu, kao i ostatke cementa. Nakon zavr\u0161enog rada savr\u0161ene su za \u010di\u0161\u0107enje ruku i alata. Za\u0161titne tvari koje sadr\u017ee ne iritiraju ko\u017eu i dodatno je hidratiziraju. PREDNOSTI: \u2022 [&hellip;]<\/p>\n","protected":false},"featured_media":16768,"comment_status":"open","ping_status":"closed","template":"","meta":{"_acf_changed":false},"product_cat":[170],"product_tag":[],"acf":[],"yoast_head":"<!-- This site is optimized with the Yoast SEO plugin v22.9 - https:\/\/yoast.com\/wordpress\/plugins\/seo\/ -->\n<title>Maramice za \u010di\u0161\u0107enje Vi-Pro\u00ae WIPES - Proventuss<\/title>\n<meta name=\"robots\" content=\"index, follow, max-snippet:-1, max-image-preview:large, max-video-preview:-1\" \/>\n<link rel=\"canonical\" href=\"https:\/\/proventuss.eu\/hr\/produkt\/maramice-za-ciscenje-vi-pro-wipes\/\" \/>\n<meta property=\"og:locale\" content=\"hr_HR\" \/>\n<meta property=\"og:type\" content=\"article\" \/>\n<meta property=\"og:title\" content=\"Maramice za \u010di\u0161\u0107enje Vi-Pro\u00ae WIPES - Proventuss\" \/>\n<meta property=\"og:description\" content=\"PERFORIRANE MARAMICE ZA \u010cI\u0160\u0106ENJE natopljene su specijaliziranim sredstvom koje omogu\u0107uje jednostavno uklanjanje nestvrdnutih brtvila i ljepila. Savr\u0161ene su i za \u010di\u0161\u0107enje svih drugih vrsta prljav\u0161tine, uklju\u010duju\u0107i masnu prljav\u0161tinu, kao i ostatke cementa. Nakon zavr\u0161enog rada savr\u0161ene su za \u010di\u0161\u0107enje ruku i alata. Za\u0161titne tvari koje sadr\u017ee ne iritiraju ko\u017eu i dodatno je hidratiziraju. PREDNOSTI: \u2022 [&hellip;]\" \/>\n<meta property=\"og:url\" content=\"https:\/\/proventuss.eu\/hr\/produkt\/maramice-za-ciscenje-vi-pro-wipes\/\" \/>\n<meta property=\"og:site_name\" content=\"Proventuss\" \/>\n<meta property=\"article:modified_time\" content=\"2024-05-20T07:23:50+00:00\" \/>\n<meta name=\"twitter:card\" content=\"summary_large_image\" \/>\n<meta name=\"twitter:label1\" content=\"Procijenjeno vrijeme \u010ditanja\" \/>\n\t<meta name=\"twitter:data1\" content=\"1 minuta\" \/>\n<script type=\"application\/ld+json\" class=\"yoast-schema-graph\">{\"@context\":\"https:\/\/schema.org\",\"@graph\":[{\"@type\":\"WebPage\",\"@id\":\"https:\/\/proventuss.eu\/hr\/produkt\/maramice-za-ciscenje-vi-pro-wipes\/\",\"url\":\"https:\/\/proventuss.eu\/hr\/produkt\/maramice-za-ciscenje-vi-pro-wipes\/\",\"name\":\"Maramice za \u010di\u0161\u0107enje Vi-Pro\u00ae WIPES - Proventuss\",\"isPartOf\":{\"@id\":\"https:\/\/proventuss.eu\/#website\"},\"primaryImageOfPage\":{\"@id\":\"https:\/\/proventuss.eu\/hr\/produkt\/maramice-za-ciscenje-vi-pro-wipes\/#primaryimage\"},\"image\":{\"@id\":\"https:\/\/proventuss.eu\/hr\/produkt\/maramice-za-ciscenje-vi-pro-wipes\/#primaryimage\"},\"thumbnailUrl\":\"https:\/\/proventuss.eu\/wp-content\/uploads\/2022\/04\/MG_7423a1M.png\",\"datePublished\":\"2022-04-26T11:46:34+00:00\",\"dateModified\":\"2024-05-20T07:23:50+00:00\",\"breadcrumb\":{\"@id\":\"https:\/\/proventuss.eu\/hr\/produkt\/maramice-za-ciscenje-vi-pro-wipes\/#breadcrumb\"},\"inLanguage\":\"hr\",\"potentialAction\":[{\"@type\":\"ReadAction\",\"target\":[\"https:\/\/proventuss.eu\/hr\/produkt\/maramice-za-ciscenje-vi-pro-wipes\/\"]}]},{\"@type\":\"ImageObject\",\"inLanguage\":\"hr\",\"@id\":\"https:\/\/proventuss.eu\/hr\/produkt\/maramice-za-ciscenje-vi-pro-wipes\/#primaryimage\",\"url\":\"https:\/\/proventuss.eu\/wp-content\/uploads\/2022\/04\/MG_7423a1M.png\",\"contentUrl\":\"https:\/\/proventuss.eu\/wp-content\/uploads\/2022\/04\/MG_7423a1M.png\",\"width\":1500,\"height\":1268,\"caption\":\"Na zdj\u0119ciu \u015aciereczki nas\u0105czone - \u0142atwe zmywanie pozosta\u0142o\u015bci po nieutwardzonych szczeliwach i klejach oraz innych zabrudze\u0144, w tym t\u0142ustych i oleistych.\"},{\"@type\":\"BreadcrumbList\",\"@id\":\"https:\/\/proventuss.eu\/hr\/produkt\/maramice-za-ciscenje-vi-pro-wipes\/#breadcrumb\",\"itemListElement\":[{\"@type\":\"ListItem\",\"position\":1,\"name\":\"Home\",\"item\":\"https:\/\/proventuss.eu\/\"},{\"@type\":\"ListItem\",\"position\":2,\"name\":\"Shop\",\"item\":\"https:\/\/proventuss.eu\/hr\/pohraniti\/\"},{\"@type\":\"ListItem\",\"position\":3,\"name\":\"Maramice za \u010di\u0161\u0107enje Vi-Pro\u00ae WIPES\"}]},{\"@type\":\"WebSite\",\"@id\":\"https:\/\/proventuss.eu\/#website\",\"url\":\"https:\/\/proventuss.eu\/\",\"name\":\"Proventuss\",\"description\":\"\",\"potentialAction\":[{\"@type\":\"SearchAction\",\"target\":{\"@type\":\"EntryPoint\",\"urlTemplate\":\"https:\/\/proventuss.eu\/?s={search_term_string}\"},\"query-input\":\"required name=search_term_string\"}],\"inLanguage\":\"hr\"}]}<\/script>\n<!-- \/ Yoast SEO plugin. -->","yoast_head_json":{"title":"Maramice za \u010di\u0161\u0107enje Vi-Pro\u00ae WIPES - Proventuss","robots":{"index":"index","follow":"follow","max-snippet":"max-snippet:-1","max-image-preview":"max-image-preview:large","max-video-preview":"max-video-preview:-1"},"canonical":"https:\/\/proventuss.eu\/hr\/produkt\/maramice-za-ciscenje-vi-pro-wipes\/","og_locale":"hr_HR","og_type":"article","og_title":"Maramice za \u010di\u0161\u0107enje Vi-Pro\u00ae WIPES - Proventuss","og_description":"PERFORIRANE MARAMICE ZA \u010cI\u0160\u0106ENJE natopljene su specijaliziranim sredstvom koje omogu\u0107uje jednostavno uklanjanje nestvrdnutih brtvila i ljepila. Savr\u0161ene su i za \u010di\u0161\u0107enje svih drugih vrsta prljav\u0161tine, uklju\u010duju\u0107i masnu prljav\u0161tinu, kao i ostatke cementa. Nakon zavr\u0161enog rada savr\u0161ene su za \u010di\u0161\u0107enje ruku i alata. Za\u0161titne tvari koje sadr\u017ee ne iritiraju ko\u017eu i dodatno je hidratiziraju. PREDNOSTI: \u2022 [&hellip;]","og_url":"https:\/\/proventuss.eu\/hr\/produkt\/maramice-za-ciscenje-vi-pro-wipes\/","og_site_name":"Proventuss","article_modified_time":"2024-05-20T07:23:50+00:00","twitter_card":"summary_large_image","twitter_misc":{"Procijenjeno vrijeme \u010ditanja":"1 minuta"},"schema":{"@context":"https:\/\/schema.org","@graph":[{"@type":"WebPage","@id":"https:\/\/proventuss.eu\/hr\/produkt\/maramice-za-ciscenje-vi-pro-wipes\/","url":"https:\/\/proventuss.eu\/hr\/produkt\/maramice-za-ciscenje-vi-pro-wipes\/","name":"Maramice za \u010di\u0161\u0107enje Vi-Pro\u00ae WIPES - Proventuss","isPartOf":{"@id":"https:\/\/proventuss.eu\/#website"},"primaryImageOfPage":{"@id":"https:\/\/proventuss.eu\/hr\/produkt\/maramice-za-ciscenje-vi-pro-wipes\/#primaryimage"},"image":{"@id":"https:\/\/proventuss.eu\/hr\/produkt\/maramice-za-ciscenje-vi-pro-wipes\/#primaryimage"},"thumbnailUrl":"https:\/\/proventuss.eu\/wp-content\/uploads\/2022\/04\/MG_7423a1M.png","datePublished":"2022-04-26T11:46:34+00:00","dateModified":"2024-05-20T07:23:50+00:00","breadcrumb":{"@id":"https:\/\/proventuss.eu\/hr\/produkt\/maramice-za-ciscenje-vi-pro-wipes\/#breadcrumb"},"inLanguage":"hr","potentialAction":[{"@type":"ReadAction","target":["https:\/\/proventuss.eu\/hr\/produkt\/maramice-za-ciscenje-vi-pro-wipes\/"]}]},{"@type":"ImageObject","inLanguage":"hr","@id":"https:\/\/proventuss.eu\/hr\/produkt\/maramice-za-ciscenje-vi-pro-wipes\/#primaryimage","url":"https:\/\/proventuss.eu\/wp-content\/uploads\/2022\/04\/MG_7423a1M.png","contentUrl":"https:\/\/proventuss.eu\/wp-content\/uploads\/2022\/04\/MG_7423a1M.png","width":1500,"height":1268,"caption":"Na zdj\u0119ciu \u015aciereczki nas\u0105czone - \u0142atwe zmywanie pozosta\u0142o\u015bci po nieutwardzonych szczeliwach i klejach oraz innych zabrudze\u0144, w tym t\u0142ustych i oleistych."},{"@type":"BreadcrumbList","@id":"https:\/\/proventuss.eu\/hr\/produkt\/maramice-za-ciscenje-vi-pro-wipes\/#breadcrumb","itemListElement":[{"@type":"ListItem","position":1,"name":"Home","item":"https:\/\/proventuss.eu\/"},{"@type":"ListItem","position":2,"name":"Shop","item":"https:\/\/proventuss.eu\/hr\/pohraniti\/"},{"@type":"ListItem","position":3,"name":"Maramice za \u010di\u0161\u0107enje Vi-Pro\u00ae WIPES"}]},{"@type":"WebSite","@id":"https:\/\/proventuss.eu\/#website","url":"https:\/\/proventuss.eu\/","name":"Proventuss","description":"","potentialAction":[{"@type":"SearchAction","target":{"@type":"EntryPoint","urlTemplate":"https:\/\/proventuss.eu\/?s={search_term_string}"},"query-input":"required name=search_term_string"}],"inLanguage":"hr"}]}},"_links":{"self":[{"href":"https:\/\/proventuss.eu\/hr\/wp-json\/wp\/v2\/product\/3044"}],"collection":[{"href":"https:\/\/proventuss.eu\/hr\/wp-json\/wp\/v2\/product"}],"about":[{"href":"https:\/\/proventuss.eu\/hr\/wp-json\/wp\/v2\/types\/product"}],"replies":[{"embeddable":true,"href":"https:\/\/proventuss.eu\/hr\/wp-json\/wp\/v2\/comments?post=3044"}],"wp:featuredmedia":[{"embeddable":true,"href":"https:\/\/proventuss.eu\/hr\/wp-json\/wp\/v2\/media\/16768"}],"wp:attachment":[{"href":"https:\/\/proventuss.eu\/hr\/wp-json\/wp\/v2\/media?parent=3044"}],"wp:term":[{"taxonomy":"product_cat","embeddable":true,"href":"https:\/\/proventuss.eu\/hr\/wp-json\/wp\/v2\/product_cat?post=3044"},{"taxonomy":"product_tag","embeddable":true,"href":"https:\/\/proventuss.eu\/hr\/wp-json\/wp\/v2\/product_tag?post=3044"}],"curies":[{"name":"wp","href":"https:\/\/api.w.org\/{rel}","templated":true}]}}