{"id":3039,"date":"2022-04-26T10:47:47","date_gmt":"2022-04-26T10:47:47","guid":{"rendered":"https:\/\/proventuss.eu\/produkt\/vi-pro-pf-traka\/"},"modified":"2022-07-15T06:58:45","modified_gmt":"2022-07-15T06:58:45","slug":"dvostrana-polietilenska-pjenasta-traka-vi-pro-pf-tape","status":"publish","type":"product","link":"https:\/\/proventuss.eu\/hr\/proizvod\/dvostrana-polietilenska-pjenasta-traka-vi-pro-pf-tape\/","title":{"rendered":"Dvostrana polietilenska pjenasta traka Vi-Pro\u00ae PF TAPE"},"content":{"rendered":"<p><strong>DVOSTRANA TRAKA NA OSNOVI OD POLIETILENSKE PJENE S AKRILNIM LJEPILOM VISOKE OTPORNOSTI NA SMI\u010cNE SILE, POBOLJ\u0160ANA EVA-om<\/strong><\/p>\n<p>Savr\u0161eno prianja na \u0161irok raspon glatkih povr\u0161ina, uklju\u010duju\u0107i staklo, PVC-U, aluminij, obra\u0111eno drvo itd. Koristi se kao visokokvalitetna sigurnosna traka za ostakljenje za lijepljenje dvostrukih stakala u okvire prozora. Vi-Pro\u00ae PF traka je pogodna za ugradnju ventiliranih fasadnih sustava i pri\u010dvr\u0161\u0107ivanje panela vrata. Vi-Pro\u00ae PF traka tako\u0111er se mo\u017ee koristiti za \u0161irok raspon primjena u spajanju i monta\u017ei.<\/p>\n<p><strong>ZNA\u010cAJKE:<\/strong><br \/>\n\u2022 Dobro prianjanje na niz podloga<br \/>\n\u2022 Dobra otpornost na UV zra\u010denje<br \/>\n\u2022 Jednostavna za upotrebu<br \/>\n\u2022 Dolazi u obliku trake ili kabela, omogu\u0107uje jednostavnu i preciznu uporabu uz malu koli\u010dinu otpada<br \/>\n\u2022 Visoka viskoznost<br \/>\n\u2022 Ostaje fleksibilna tijekom cijelog razdoblja uporabe<br \/>\n\u2022 Stabilna u \u0161irokom temperaturnom rasponu: -40\u00b0C do +90\u00b0C<\/p>\n","protected":false},"excerpt":{"rendered":"<p>DVOSTRANA TRAKA NA OSNOVI OD POLIETILENSKE PJENE S AKRILNIM LJEPILOM VISOKE OTPORNOSTI NA SMI\u010cNE SILE, POBOLJ\u0160ANA EVA-om Savr\u0161eno prianja na \u0161irok raspon glatkih povr\u0161ina, uklju\u010duju\u0107i staklo, PVC-U, aluminij, obra\u0111eno drvo itd. Koristi se kao visokokvalitetna sigurnosna traka za ostakljenje za lijepljenje dvostrukih stakala u okvire prozora. Vi-Pro\u00ae PF traka je pogodna za ugradnju ventiliranih fasadnih [&hellip;]<\/p>\n","protected":false},"featured_media":2121,"comment_status":"open","ping_status":"closed","template":"","meta":{"_acf_changed":false},"product_cat":[156],"product_tag":[],"acf":[],"yoast_head":"<!-- This site is optimized with the Yoast SEO plugin v22.9 - https:\/\/yoast.com\/wordpress\/plugins\/seo\/ -->\n<title>Dvostrana polietilenska pjenasta traka Vi-Pro\u00ae PF TAPE - Proventuss<\/title>\n<meta name=\"robots\" content=\"index, follow, max-snippet:-1, max-image-preview:large, max-video-preview:-1\" \/>\n<link rel=\"canonical\" href=\"https:\/\/proventuss.eu\/hr\/produkt\/dvostrana-polietilenska-pjenasta-traka-vi-pro-pf-tape\/\" \/>\n<meta property=\"og:locale\" content=\"hr_HR\" \/>\n<meta property=\"og:type\" content=\"article\" \/>\n<meta property=\"og:title\" content=\"Dvostrana polietilenska pjenasta traka Vi-Pro\u00ae PF TAPE - Proventuss\" \/>\n<meta property=\"og:description\" content=\"DVOSTRANA TRAKA NA OSNOVI OD POLIETILENSKE PJENE S AKRILNIM LJEPILOM VISOKE OTPORNOSTI NA SMI\u010cNE SILE, POBOLJ\u0160ANA EVA-om Savr\u0161eno prianja na \u0161irok raspon glatkih povr\u0161ina, uklju\u010duju\u0107i staklo, PVC-U, aluminij, obra\u0111eno drvo itd. Koristi se kao visokokvalitetna sigurnosna traka za ostakljenje za lijepljenje dvostrukih stakala u okvire prozora. Vi-Pro\u00ae PF traka je pogodna za ugradnju ventiliranih fasadnih [&hellip;]\" \/>\n<meta property=\"og:url\" content=\"https:\/\/proventuss.eu\/hr\/produkt\/dvostrana-polietilenska-pjenasta-traka-vi-pro-pf-tape\/\" \/>\n<meta property=\"og:site_name\" content=\"Proventuss\" \/>\n<meta property=\"article:modified_time\" content=\"2022-07-15T06:58:45+00:00\" \/>\n<meta property=\"og:image\" content=\"https:\/\/proventuss.eu\/wp-content\/uploads\/2022\/04\/Vi-Pro-tasma-PF.png\" \/>\n\t<meta property=\"og:image:width\" content=\"1136\" \/>\n\t<meta property=\"og:image:height\" content=\"518\" \/>\n\t<meta property=\"og:image:type\" content=\"image\/png\" \/>\n<meta name=\"twitter:card\" content=\"summary_large_image\" \/>\n<meta name=\"twitter:label1\" content=\"Procijenjeno vrijeme \u010ditanja\" \/>\n\t<meta name=\"twitter:data1\" content=\"1 minuta\" \/>\n<script type=\"application\/ld+json\" class=\"yoast-schema-graph\">{\"@context\":\"https:\/\/schema.org\",\"@graph\":[{\"@type\":\"WebPage\",\"@id\":\"https:\/\/proventuss.eu\/hr\/produkt\/dvostrana-polietilenska-pjenasta-traka-vi-pro-pf-tape\/\",\"url\":\"https:\/\/proventuss.eu\/hr\/produkt\/dvostrana-polietilenska-pjenasta-traka-vi-pro-pf-tape\/\",\"name\":\"Dvostrana polietilenska pjenasta traka Vi-Pro\u00ae PF TAPE - Proventuss\",\"isPartOf\":{\"@id\":\"https:\/\/proventuss.eu\/#website\"},\"primaryImageOfPage\":{\"@id\":\"https:\/\/proventuss.eu\/hr\/produkt\/dvostrana-polietilenska-pjenasta-traka-vi-pro-pf-tape\/#primaryimage\"},\"image\":{\"@id\":\"https:\/\/proventuss.eu\/hr\/produkt\/dvostrana-polietilenska-pjenasta-traka-vi-pro-pf-tape\/#primaryimage\"},\"thumbnailUrl\":\"https:\/\/proventuss.eu\/wp-content\/uploads\/2022\/04\/Vi-Pro-tasma-PF.png\",\"datePublished\":\"2022-04-26T10:47:47+00:00\",\"dateModified\":\"2022-07-15T06:58:45+00:00\",\"breadcrumb\":{\"@id\":\"https:\/\/proventuss.eu\/hr\/produkt\/dvostrana-polietilenska-pjenasta-traka-vi-pro-pf-tape\/#breadcrumb\"},\"inLanguage\":\"hr\",\"potentialAction\":[{\"@type\":\"ReadAction\",\"target\":[\"https:\/\/proventuss.eu\/hr\/produkt\/dvostrana-polietilenska-pjenasta-traka-vi-pro-pf-tape\/\"]}]},{\"@type\":\"ImageObject\",\"inLanguage\":\"hr\",\"@id\":\"https:\/\/proventuss.eu\/hr\/produkt\/dvostrana-polietilenska-pjenasta-traka-vi-pro-pf-tape\/#primaryimage\",\"url\":\"https:\/\/proventuss.eu\/wp-content\/uploads\/2022\/04\/Vi-Pro-tasma-PF.png\",\"contentUrl\":\"https:\/\/proventuss.eu\/wp-content\/uploads\/2022\/04\/Vi-Pro-tasma-PF.png\",\"width\":1136,\"height\":518,\"caption\":\"Na zdj\u0119ciu dwustronna ta\u015bma z pianki polietylenowej do wklejania szyb zespolonych w ramy okienne. Doskonale przylega do szerokiej gamy g\u0142adkich powierzchni.\"},{\"@type\":\"BreadcrumbList\",\"@id\":\"https:\/\/proventuss.eu\/hr\/produkt\/dvostrana-polietilenska-pjenasta-traka-vi-pro-pf-tape\/#breadcrumb\",\"itemListElement\":[{\"@type\":\"ListItem\",\"position\":1,\"name\":\"Home\",\"item\":\"https:\/\/proventuss.eu\/\"},{\"@type\":\"ListItem\",\"position\":2,\"name\":\"Shop\",\"item\":\"https:\/\/proventuss.eu\/hr\/pohraniti\/\"},{\"@type\":\"ListItem\",\"position\":3,\"name\":\"Dvostrana polietilenska pjenasta traka Vi-Pro\u00ae PF TAPE\"}]},{\"@type\":\"WebSite\",\"@id\":\"https:\/\/proventuss.eu\/#website\",\"url\":\"https:\/\/proventuss.eu\/\",\"name\":\"Proventuss\",\"description\":\"\",\"potentialAction\":[{\"@type\":\"SearchAction\",\"target\":{\"@type\":\"EntryPoint\",\"urlTemplate\":\"https:\/\/proventuss.eu\/?s={search_term_string}\"},\"query-input\":\"required name=search_term_string\"}],\"inLanguage\":\"hr\"}]}<\/script>\n<!-- \/ Yoast SEO plugin. -->","yoast_head_json":{"title":"Dvostrana polietilenska pjenasta traka Vi-Pro\u00ae PF TAPE - Proventuss","robots":{"index":"index","follow":"follow","max-snippet":"max-snippet:-1","max-image-preview":"max-image-preview:large","max-video-preview":"max-video-preview:-1"},"canonical":"https:\/\/proventuss.eu\/hr\/produkt\/dvostrana-polietilenska-pjenasta-traka-vi-pro-pf-tape\/","og_locale":"hr_HR","og_type":"article","og_title":"Dvostrana polietilenska pjenasta traka Vi-Pro\u00ae PF TAPE - Proventuss","og_description":"DVOSTRANA TRAKA NA OSNOVI OD POLIETILENSKE PJENE S AKRILNIM LJEPILOM VISOKE OTPORNOSTI NA SMI\u010cNE SILE, POBOLJ\u0160ANA EVA-om Savr\u0161eno prianja na \u0161irok raspon glatkih povr\u0161ina, uklju\u010duju\u0107i staklo, PVC-U, aluminij, obra\u0111eno drvo itd. Koristi se kao visokokvalitetna sigurnosna traka za ostakljenje za lijepljenje dvostrukih stakala u okvire prozora. Vi-Pro\u00ae PF traka je pogodna za ugradnju ventiliranih fasadnih [&hellip;]","og_url":"https:\/\/proventuss.eu\/hr\/produkt\/dvostrana-polietilenska-pjenasta-traka-vi-pro-pf-tape\/","og_site_name":"Proventuss","article_modified_time":"2022-07-15T06:58:45+00:00","og_image":[{"width":1136,"height":518,"url":"https:\/\/proventuss.eu\/wp-content\/uploads\/2022\/04\/Vi-Pro-tasma-PF.png","type":"image\/png"}],"twitter_card":"summary_large_image","twitter_misc":{"Procijenjeno vrijeme \u010ditanja":"1 minuta"},"schema":{"@context":"https:\/\/schema.org","@graph":[{"@type":"WebPage","@id":"https:\/\/proventuss.eu\/hr\/produkt\/dvostrana-polietilenska-pjenasta-traka-vi-pro-pf-tape\/","url":"https:\/\/proventuss.eu\/hr\/produkt\/dvostrana-polietilenska-pjenasta-traka-vi-pro-pf-tape\/","name":"Dvostrana polietilenska pjenasta traka Vi-Pro\u00ae PF TAPE - Proventuss","isPartOf":{"@id":"https:\/\/proventuss.eu\/#website"},"primaryImageOfPage":{"@id":"https:\/\/proventuss.eu\/hr\/produkt\/dvostrana-polietilenska-pjenasta-traka-vi-pro-pf-tape\/#primaryimage"},"image":{"@id":"https:\/\/proventuss.eu\/hr\/produkt\/dvostrana-polietilenska-pjenasta-traka-vi-pro-pf-tape\/#primaryimage"},"thumbnailUrl":"https:\/\/proventuss.eu\/wp-content\/uploads\/2022\/04\/Vi-Pro-tasma-PF.png","datePublished":"2022-04-26T10:47:47+00:00","dateModified":"2022-07-15T06:58:45+00:00","breadcrumb":{"@id":"https:\/\/proventuss.eu\/hr\/produkt\/dvostrana-polietilenska-pjenasta-traka-vi-pro-pf-tape\/#breadcrumb"},"inLanguage":"hr","potentialAction":[{"@type":"ReadAction","target":["https:\/\/proventuss.eu\/hr\/produkt\/dvostrana-polietilenska-pjenasta-traka-vi-pro-pf-tape\/"]}]},{"@type":"ImageObject","inLanguage":"hr","@id":"https:\/\/proventuss.eu\/hr\/produkt\/dvostrana-polietilenska-pjenasta-traka-vi-pro-pf-tape\/#primaryimage","url":"https:\/\/proventuss.eu\/wp-content\/uploads\/2022\/04\/Vi-Pro-tasma-PF.png","contentUrl":"https:\/\/proventuss.eu\/wp-content\/uploads\/2022\/04\/Vi-Pro-tasma-PF.png","width":1136,"height":518,"caption":"Na zdj\u0119ciu dwustronna ta\u015bma z pianki polietylenowej do wklejania szyb zespolonych w ramy okienne. Doskonale przylega do szerokiej gamy g\u0142adkich powierzchni."},{"@type":"BreadcrumbList","@id":"https:\/\/proventuss.eu\/hr\/produkt\/dvostrana-polietilenska-pjenasta-traka-vi-pro-pf-tape\/#breadcrumb","itemListElement":[{"@type":"ListItem","position":1,"name":"Home","item":"https:\/\/proventuss.eu\/"},{"@type":"ListItem","position":2,"name":"Shop","item":"https:\/\/proventuss.eu\/hr\/pohraniti\/"},{"@type":"ListItem","position":3,"name":"Dvostrana polietilenska pjenasta traka Vi-Pro\u00ae PF TAPE"}]},{"@type":"WebSite","@id":"https:\/\/proventuss.eu\/#website","url":"https:\/\/proventuss.eu\/","name":"Proventuss","description":"","potentialAction":[{"@type":"SearchAction","target":{"@type":"EntryPoint","urlTemplate":"https:\/\/proventuss.eu\/?s={search_term_string}"},"query-input":"required name=search_term_string"}],"inLanguage":"hr"}]}},"_links":{"self":[{"href":"https:\/\/proventuss.eu\/hr\/wp-json\/wp\/v2\/product\/3039"}],"collection":[{"href":"https:\/\/proventuss.eu\/hr\/wp-json\/wp\/v2\/product"}],"about":[{"href":"https:\/\/proventuss.eu\/hr\/wp-json\/wp\/v2\/types\/product"}],"replies":[{"embeddable":true,"href":"https:\/\/proventuss.eu\/hr\/wp-json\/wp\/v2\/comments?post=3039"}],"wp:featuredmedia":[{"embeddable":true,"href":"https:\/\/proventuss.eu\/hr\/wp-json\/wp\/v2\/media\/2121"}],"wp:attachment":[{"href":"https:\/\/proventuss.eu\/hr\/wp-json\/wp\/v2\/media?parent=3039"}],"wp:term":[{"taxonomy":"product_cat","embeddable":true,"href":"https:\/\/proventuss.eu\/hr\/wp-json\/wp\/v2\/product_cat?post=3039"},{"taxonomy":"product_tag","embeddable":true,"href":"https:\/\/proventuss.eu\/hr\/wp-json\/wp\/v2\/product_tag?post=3039"}],"curies":[{"name":"wp","href":"https:\/\/api.w.org\/{rel}","templated":true}]}}