{"id":3029,"date":"2022-04-26T10:50:14","date_gmt":"2022-04-26T10:50:14","guid":{"rendered":"https:\/\/proventuss.eu\/produkt\/norbond-a7500\/"},"modified":"2022-06-28T12:25:27","modified_gmt":"2022-06-28T12:25:27","slug":"saint-gobain-norbond-a7500","status":"publish","type":"product","link":"https:\/\/proventuss.eu\/hr\/proizvod\/saint-gobain-norbond-a7500\/","title":{"rendered":"Saint-Gobain Norbond A7500"},"content":{"rendered":"<p>Dvostrana akrilna traka. Dizajniran za savr\u0161eno lijepljenje mnogih unutarnjih i vanjskih podloga koristi se u industriji. Osigurava trajno prianjanje na o visoka povr\u0161inska energija. Apsorbira udarce i naprezanja.<\/p>\n<p><strong>DIMENZIJA (mm):<\/strong><br \/>\nDu\u017eina role 33m: 1&#215;9; 1&#215;12; 1&#215;15; 1&#215;19<br \/>\nDu\u017eina role 15 m: 2&#215;9; 2&#215;15; 2&#215;19<\/p>\n","protected":false},"excerpt":{"rendered":"<p>Dvostrana akrilna traka. Dizajniran za savr\u0161eno lijepljenje mnogih unutarnjih i vanjskih podloga koristi se u industriji. Osigurava trajno prianjanje na o visoka povr\u0161inska energija. Apsorbira udarce i naprezanja. DIMENZIJA (mm): Du\u017eina role 33m: 1&#215;9; 1&#215;12; 1&#215;15; 1&#215;19 Du\u017eina role 15 m: 2&#215;9; 2&#215;15; 2&#215;19<\/p>\n","protected":false},"featured_media":2249,"comment_status":"open","ping_status":"closed","template":"","meta":{"_acf_changed":false},"product_cat":[156],"product_tag":[],"acf":[],"yoast_head":"<!-- This site is optimized with the Yoast SEO plugin v22.9 - https:\/\/yoast.com\/wordpress\/plugins\/seo\/ -->\n<title>Saint-Gobain Norbond A7500 - Proventuss<\/title>\n<meta name=\"robots\" content=\"index, follow, max-snippet:-1, max-image-preview:large, max-video-preview:-1\" \/>\n<link rel=\"canonical\" href=\"https:\/\/proventuss.eu\/hr\/produkt\/saint-gobain-norbond-a7500\/\" \/>\n<meta property=\"og:locale\" content=\"hr_HR\" \/>\n<meta property=\"og:type\" content=\"article\" \/>\n<meta property=\"og:title\" content=\"Saint-Gobain Norbond A7500 - Proventuss\" \/>\n<meta property=\"og:description\" content=\"Dvostrana akrilna traka. Dizajniran za savr\u0161eno lijepljenje mnogih unutarnjih i vanjskih podloga koristi se u industriji. Osigurava trajno prianjanje na o visoka povr\u0161inska energija. Apsorbira udarce i naprezanja. DIMENZIJA (mm): Du\u017eina role 33m: 1&#215;9; 1&#215;12; 1&#215;15; 1&#215;19 Du\u017eina role 15 m: 2&#215;9; 2&#215;15; 2&#215;19\" \/>\n<meta property=\"og:url\" content=\"https:\/\/proventuss.eu\/hr\/produkt\/saint-gobain-norbond-a7500\/\" \/>\n<meta property=\"og:site_name\" content=\"Proventuss\" \/>\n<meta property=\"article:modified_time\" content=\"2022-06-28T12:25:27+00:00\" \/>\n<meta property=\"og:image\" content=\"https:\/\/proventuss.eu\/wp-content\/uploads\/2022\/04\/Norbond-Acrylic-A7500.jpg\" \/>\n\t<meta property=\"og:image:width\" content=\"640\" \/>\n\t<meta property=\"og:image:height\" content=\"640\" \/>\n\t<meta property=\"og:image:type\" content=\"image\/jpeg\" \/>\n<meta name=\"twitter:card\" content=\"summary_large_image\" \/>\n<script type=\"application\/ld+json\" class=\"yoast-schema-graph\">{\"@context\":\"https:\/\/schema.org\",\"@graph\":[{\"@type\":\"WebPage\",\"@id\":\"https:\/\/proventuss.eu\/hr\/produkt\/saint-gobain-norbond-a7500\/\",\"url\":\"https:\/\/proventuss.eu\/hr\/produkt\/saint-gobain-norbond-a7500\/\",\"name\":\"Saint-Gobain Norbond A7500 - Proventuss\",\"isPartOf\":{\"@id\":\"https:\/\/proventuss.eu\/#website\"},\"primaryImageOfPage\":{\"@id\":\"https:\/\/proventuss.eu\/hr\/produkt\/saint-gobain-norbond-a7500\/#primaryimage\"},\"image\":{\"@id\":\"https:\/\/proventuss.eu\/hr\/produkt\/saint-gobain-norbond-a7500\/#primaryimage\"},\"thumbnailUrl\":\"https:\/\/proventuss.eu\/wp-content\/uploads\/2022\/04\/Norbond-Acrylic-A7500.jpg\",\"datePublished\":\"2022-04-26T10:50:14+00:00\",\"dateModified\":\"2022-06-28T12:25:27+00:00\",\"breadcrumb\":{\"@id\":\"https:\/\/proventuss.eu\/hr\/produkt\/saint-gobain-norbond-a7500\/#breadcrumb\"},\"inLanguage\":\"hr\",\"potentialAction\":[{\"@type\":\"ReadAction\",\"target\":[\"https:\/\/proventuss.eu\/hr\/produkt\/saint-gobain-norbond-a7500\/\"]}]},{\"@type\":\"ImageObject\",\"inLanguage\":\"hr\",\"@id\":\"https:\/\/proventuss.eu\/hr\/produkt\/saint-gobain-norbond-a7500\/#primaryimage\",\"url\":\"https:\/\/proventuss.eu\/wp-content\/uploads\/2022\/04\/Norbond-Acrylic-A7500.jpg\",\"contentUrl\":\"https:\/\/proventuss.eu\/wp-content\/uploads\/2022\/04\/Norbond-Acrylic-A7500.jpg\",\"width\":640,\"height\":640},{\"@type\":\"BreadcrumbList\",\"@id\":\"https:\/\/proventuss.eu\/hr\/produkt\/saint-gobain-norbond-a7500\/#breadcrumb\",\"itemListElement\":[{\"@type\":\"ListItem\",\"position\":1,\"name\":\"Home\",\"item\":\"https:\/\/proventuss.eu\/\"},{\"@type\":\"ListItem\",\"position\":2,\"name\":\"Shop\",\"item\":\"https:\/\/proventuss.eu\/hr\/pohraniti\/\"},{\"@type\":\"ListItem\",\"position\":3,\"name\":\"Saint-Gobain Norbond A7500\"}]},{\"@type\":\"WebSite\",\"@id\":\"https:\/\/proventuss.eu\/#website\",\"url\":\"https:\/\/proventuss.eu\/\",\"name\":\"Proventuss\",\"description\":\"\",\"potentialAction\":[{\"@type\":\"SearchAction\",\"target\":{\"@type\":\"EntryPoint\",\"urlTemplate\":\"https:\/\/proventuss.eu\/?s={search_term_string}\"},\"query-input\":\"required name=search_term_string\"}],\"inLanguage\":\"hr\"}]}<\/script>\n<!-- \/ Yoast SEO plugin. -->","yoast_head_json":{"title":"Saint-Gobain Norbond A7500 - Proventuss","robots":{"index":"index","follow":"follow","max-snippet":"max-snippet:-1","max-image-preview":"max-image-preview:large","max-video-preview":"max-video-preview:-1"},"canonical":"https:\/\/proventuss.eu\/hr\/produkt\/saint-gobain-norbond-a7500\/","og_locale":"hr_HR","og_type":"article","og_title":"Saint-Gobain Norbond A7500 - Proventuss","og_description":"Dvostrana akrilna traka. Dizajniran za savr\u0161eno lijepljenje mnogih unutarnjih i vanjskih podloga koristi se u industriji. Osigurava trajno prianjanje na o visoka povr\u0161inska energija. Apsorbira udarce i naprezanja. DIMENZIJA (mm): Du\u017eina role 33m: 1&#215;9; 1&#215;12; 1&#215;15; 1&#215;19 Du\u017eina role 15 m: 2&#215;9; 2&#215;15; 2&#215;19","og_url":"https:\/\/proventuss.eu\/hr\/produkt\/saint-gobain-norbond-a7500\/","og_site_name":"Proventuss","article_modified_time":"2022-06-28T12:25:27+00:00","og_image":[{"width":640,"height":640,"url":"https:\/\/proventuss.eu\/wp-content\/uploads\/2022\/04\/Norbond-Acrylic-A7500.jpg","type":"image\/jpeg"}],"twitter_card":"summary_large_image","schema":{"@context":"https:\/\/schema.org","@graph":[{"@type":"WebPage","@id":"https:\/\/proventuss.eu\/hr\/produkt\/saint-gobain-norbond-a7500\/","url":"https:\/\/proventuss.eu\/hr\/produkt\/saint-gobain-norbond-a7500\/","name":"Saint-Gobain Norbond A7500 - Proventuss","isPartOf":{"@id":"https:\/\/proventuss.eu\/#website"},"primaryImageOfPage":{"@id":"https:\/\/proventuss.eu\/hr\/produkt\/saint-gobain-norbond-a7500\/#primaryimage"},"image":{"@id":"https:\/\/proventuss.eu\/hr\/produkt\/saint-gobain-norbond-a7500\/#primaryimage"},"thumbnailUrl":"https:\/\/proventuss.eu\/wp-content\/uploads\/2022\/04\/Norbond-Acrylic-A7500.jpg","datePublished":"2022-04-26T10:50:14+00:00","dateModified":"2022-06-28T12:25:27+00:00","breadcrumb":{"@id":"https:\/\/proventuss.eu\/hr\/produkt\/saint-gobain-norbond-a7500\/#breadcrumb"},"inLanguage":"hr","potentialAction":[{"@type":"ReadAction","target":["https:\/\/proventuss.eu\/hr\/produkt\/saint-gobain-norbond-a7500\/"]}]},{"@type":"ImageObject","inLanguage":"hr","@id":"https:\/\/proventuss.eu\/hr\/produkt\/saint-gobain-norbond-a7500\/#primaryimage","url":"https:\/\/proventuss.eu\/wp-content\/uploads\/2022\/04\/Norbond-Acrylic-A7500.jpg","contentUrl":"https:\/\/proventuss.eu\/wp-content\/uploads\/2022\/04\/Norbond-Acrylic-A7500.jpg","width":640,"height":640},{"@type":"BreadcrumbList","@id":"https:\/\/proventuss.eu\/hr\/produkt\/saint-gobain-norbond-a7500\/#breadcrumb","itemListElement":[{"@type":"ListItem","position":1,"name":"Home","item":"https:\/\/proventuss.eu\/"},{"@type":"ListItem","position":2,"name":"Shop","item":"https:\/\/proventuss.eu\/hr\/pohraniti\/"},{"@type":"ListItem","position":3,"name":"Saint-Gobain Norbond A7500"}]},{"@type":"WebSite","@id":"https:\/\/proventuss.eu\/#website","url":"https:\/\/proventuss.eu\/","name":"Proventuss","description":"","potentialAction":[{"@type":"SearchAction","target":{"@type":"EntryPoint","urlTemplate":"https:\/\/proventuss.eu\/?s={search_term_string}"},"query-input":"required name=search_term_string"}],"inLanguage":"hr"}]}},"_links":{"self":[{"href":"https:\/\/proventuss.eu\/hr\/wp-json\/wp\/v2\/product\/3029"}],"collection":[{"href":"https:\/\/proventuss.eu\/hr\/wp-json\/wp\/v2\/product"}],"about":[{"href":"https:\/\/proventuss.eu\/hr\/wp-json\/wp\/v2\/types\/product"}],"replies":[{"embeddable":true,"href":"https:\/\/proventuss.eu\/hr\/wp-json\/wp\/v2\/comments?post=3029"}],"wp:featuredmedia":[{"embeddable":true,"href":"https:\/\/proventuss.eu\/hr\/wp-json\/wp\/v2\/media\/2249"}],"wp:attachment":[{"href":"https:\/\/proventuss.eu\/hr\/wp-json\/wp\/v2\/media?parent=3029"}],"wp:term":[{"taxonomy":"product_cat","embeddable":true,"href":"https:\/\/proventuss.eu\/hr\/wp-json\/wp\/v2\/product_cat?post=3029"},{"taxonomy":"product_tag","embeddable":true,"href":"https:\/\/proventuss.eu\/hr\/wp-json\/wp\/v2\/product_tag?post=3029"}],"curies":[{"name":"wp","href":"https:\/\/api.w.org\/{rel}","templated":true}]}}