{"id":3024,"date":"2022-04-26T10:32:32","date_gmt":"2022-04-26T10:32:32","guid":{"rendered":"https:\/\/proventuss.eu\/produkt\/vi-pro-strongbond-sb25-ms\/"},"modified":"2022-07-15T06:57:05","modified_gmt":"2022-07-15T06:57:05","slug":"jednokomponentno-gradevinsko-brtvilo-vi-pro-strongbond-sb25-ms","status":"publish","type":"product","link":"https:\/\/proventuss.eu\/hr\/proizvod\/jednokomponentno-gradevinsko-brtvilo-vi-pro-strongbond-sb25-ms\/","title":{"rendered":"Jednokomponentno gra\u0111evinsko brtvilo Vi-Pro\u00ae Strongbond SB25 MS"},"content":{"rendered":"<p><strong>\u00a0Jednokomponentno gra\u0111evinsko brtvilo visokog modula<\/strong><\/p>\n<p><strong>Vi-Pro\u00ae Strongbond SB25 MS<\/strong> je jednokomponentno gra\u0111evinsko brtvilo visokog modula, trajno elasti\u010dno, na bazi silil-terminiranog polimera. Stvrdnjava se pod utjecajem atmosferske vlage i formira elasti\u010dno brtvilo s izvrsnim svojstvima lijepljenja i otporno\u0161\u0107u na starenje i vremenske uvjete. Bez otapala i izocijanata, bez hlapljivih organskih spojeva. Izvrsna tiksotropna konzistencija.<\/p>\n<p><strong>TIPI\u010cNE PRIMJENE:<br \/>\n<\/strong>\u2022 Brtvljenje spojeva u vertikalnim i horizontalnim primjenama<br \/>\n\u2022 Spojevi vanjskih zidova i obloga<br \/>\n\u2022 Osigurava otpornost na vremenske uvjete spojeva izme\u0111u cigle, blokova, zidova, drva, betona, metalnih okvira<br \/>\n\u2022 Spojevi u zidovima, podovima, balkonima, oko okvira prozora ili vrata<br \/>\n\u2022 Brtvljenje metalnog krova i oluka<br \/>\n\u2022 Brtvljenje i spajanje razli\u010ditih materijala<br \/>\n\u2022 Elasti\u010dno spajanje izme\u0111u metala, plastike, stakla i drugih materijala<\/p>\n<p><strong>ZNA\u010cAJKE:<\/strong><br \/>\n\u2022 Ekolo\u0161ki prihvatljivo \u2013 bez izocijanata i otapala<br \/>\n\u2022 Nije potreban simbol opasnosti<br \/>\n\u2022 Bez stvaranja mjehuri\u0107a &#8211; bez mirisa<br \/>\n\u2022 Trajno elasti\u010dno pod \u0161irokim rasponom temperatura<br \/>\n\u2022 Podnosi pomicanje spojeva od \u00b125%<br \/>\n\u2022 Izvrsna otpornost na starenje, vremenske uvjete; postojana boja i ne \u017euti; bez silikona i mo\u017ee se prebojati<br \/>\n\u2022 Izvrsno prianjanje bez temeljnog premaza na svim tipi\u010dnim gra\u0111evinskim materijalima i podlogama<\/p>\n","protected":false},"excerpt":{"rendered":"<p>\u00a0Jednokomponentno gra\u0111evinsko brtvilo visokog modula Vi-Pro\u00ae Strongbond SB25 MS je jednokomponentno gra\u0111evinsko brtvilo visokog modula, trajno elasti\u010dno, na bazi silil-terminiranog polimera. Stvrdnjava se pod utjecajem atmosferske vlage i formira elasti\u010dno brtvilo s izvrsnim svojstvima lijepljenja i otporno\u0161\u0107u na starenje i vremenske uvjete. Bez otapala i izocijanata, bez hlapljivih organskih spojeva. Izvrsna tiksotropna konzistencija. TIPI\u010cNE PRIMJENE: [&hellip;]<\/p>\n","protected":false},"featured_media":4169,"comment_status":"open","ping_status":"closed","template":"","meta":{"_acf_changed":false},"product_cat":[151,121],"product_tag":[],"acf":[],"yoast_head":"<!-- This site is optimized with the Yoast SEO plugin v22.9 - https:\/\/yoast.com\/wordpress\/plugins\/seo\/ -->\n<title>Jednokomponentno gra\u0111evinsko brtvilo Vi-Pro\u00ae Strongbond SB25 MS - Proventuss<\/title>\n<meta name=\"robots\" content=\"index, follow, max-snippet:-1, max-image-preview:large, max-video-preview:-1\" \/>\n<link rel=\"canonical\" href=\"https:\/\/proventuss.eu\/hr\/produkt\/jednokomponentno-gradevinsko-brtvilo-vi-pro-strongbond-sb25-ms\/\" \/>\n<meta property=\"og:locale\" content=\"hr_HR\" \/>\n<meta property=\"og:type\" content=\"article\" \/>\n<meta property=\"og:title\" content=\"Jednokomponentno gra\u0111evinsko brtvilo Vi-Pro\u00ae Strongbond SB25 MS - Proventuss\" \/>\n<meta property=\"og:description\" content=\"\u00a0Jednokomponentno gra\u0111evinsko brtvilo visokog modula Vi-Pro\u00ae Strongbond SB25 MS je jednokomponentno gra\u0111evinsko brtvilo visokog modula, trajno elasti\u010dno, na bazi silil-terminiranog polimera. Stvrdnjava se pod utjecajem atmosferske vlage i formira elasti\u010dno brtvilo s izvrsnim svojstvima lijepljenja i otporno\u0161\u0107u na starenje i vremenske uvjete. Bez otapala i izocijanata, bez hlapljivih organskih spojeva. Izvrsna tiksotropna konzistencija. TIPI\u010cNE PRIMJENE: [&hellip;]\" \/>\n<meta property=\"og:url\" content=\"https:\/\/proventuss.eu\/hr\/produkt\/jednokomponentno-gradevinsko-brtvilo-vi-pro-strongbond-sb25-ms\/\" \/>\n<meta property=\"og:site_name\" content=\"Proventuss\" \/>\n<meta property=\"article:modified_time\" content=\"2022-07-15T06:57:05+00:00\" \/>\n<meta property=\"og:image\" content=\"https:\/\/proventuss.eu\/wp-content\/uploads\/2022\/04\/Vi-Pro-Strongbond-SB25-MS.png\" \/>\n\t<meta property=\"og:image:width\" content=\"330\" \/>\n\t<meta property=\"og:image:height\" content=\"1920\" \/>\n\t<meta property=\"og:image:type\" content=\"image\/png\" \/>\n<meta name=\"twitter:card\" content=\"summary_large_image\" \/>\n<meta name=\"twitter:label1\" content=\"Procijenjeno vrijeme \u010ditanja\" \/>\n\t<meta name=\"twitter:data1\" content=\"1 minuta\" \/>\n<script type=\"application\/ld+json\" class=\"yoast-schema-graph\">{\"@context\":\"https:\/\/schema.org\",\"@graph\":[{\"@type\":\"WebPage\",\"@id\":\"https:\/\/proventuss.eu\/hr\/produkt\/jednokomponentno-gradevinsko-brtvilo-vi-pro-strongbond-sb25-ms\/\",\"url\":\"https:\/\/proventuss.eu\/hr\/produkt\/jednokomponentno-gradevinsko-brtvilo-vi-pro-strongbond-sb25-ms\/\",\"name\":\"Jednokomponentno gra\u0111evinsko brtvilo Vi-Pro\u00ae Strongbond SB25 MS - Proventuss\",\"isPartOf\":{\"@id\":\"https:\/\/proventuss.eu\/#website\"},\"primaryImageOfPage\":{\"@id\":\"https:\/\/proventuss.eu\/hr\/produkt\/jednokomponentno-gradevinsko-brtvilo-vi-pro-strongbond-sb25-ms\/#primaryimage\"},\"image\":{\"@id\":\"https:\/\/proventuss.eu\/hr\/produkt\/jednokomponentno-gradevinsko-brtvilo-vi-pro-strongbond-sb25-ms\/#primaryimage\"},\"thumbnailUrl\":\"https:\/\/proventuss.eu\/wp-content\/uploads\/2022\/04\/Vi-Pro-Strongbond-SB25-MS.png\",\"datePublished\":\"2022-04-26T10:32:32+00:00\",\"dateModified\":\"2022-07-15T06:57:05+00:00\",\"breadcrumb\":{\"@id\":\"https:\/\/proventuss.eu\/hr\/produkt\/jednokomponentno-gradevinsko-brtvilo-vi-pro-strongbond-sb25-ms\/#breadcrumb\"},\"inLanguage\":\"hr\",\"potentialAction\":[{\"@type\":\"ReadAction\",\"target\":[\"https:\/\/proventuss.eu\/hr\/produkt\/jednokomponentno-gradevinsko-brtvilo-vi-pro-strongbond-sb25-ms\/\"]}]},{\"@type\":\"ImageObject\",\"inLanguage\":\"hr\",\"@id\":\"https:\/\/proventuss.eu\/hr\/produkt\/jednokomponentno-gradevinsko-brtvilo-vi-pro-strongbond-sb25-ms\/#primaryimage\",\"url\":\"https:\/\/proventuss.eu\/wp-content\/uploads\/2022\/04\/Vi-Pro-Strongbond-SB25-MS.png\",\"contentUrl\":\"https:\/\/proventuss.eu\/wp-content\/uploads\/2022\/04\/Vi-Pro-Strongbond-SB25-MS.png\",\"width\":330,\"height\":1920,\"caption\":\"Na zdj\u0119ciu jednosk\u0142adnikowy uszczelniacz budowlany - doskona\u0142a przyczepno\u015b\u0107 bez podk\u0142adu do wszystkich typowych materia\u0142\u00f3w budowlanych i pod\u0142o\u017cy. Kie\u0142baska 600 ml.\"},{\"@type\":\"BreadcrumbList\",\"@id\":\"https:\/\/proventuss.eu\/hr\/produkt\/jednokomponentno-gradevinsko-brtvilo-vi-pro-strongbond-sb25-ms\/#breadcrumb\",\"itemListElement\":[{\"@type\":\"ListItem\",\"position\":1,\"name\":\"Home\",\"item\":\"https:\/\/proventuss.eu\/\"},{\"@type\":\"ListItem\",\"position\":2,\"name\":\"Shop\",\"item\":\"https:\/\/proventuss.eu\/hr\/pohraniti\/\"},{\"@type\":\"ListItem\",\"position\":3,\"name\":\"Jednokomponentno gra\u0111evinsko brtvilo Vi-Pro\u00ae Strongbond SB25 MS\"}]},{\"@type\":\"WebSite\",\"@id\":\"https:\/\/proventuss.eu\/#website\",\"url\":\"https:\/\/proventuss.eu\/\",\"name\":\"Proventuss\",\"description\":\"\",\"potentialAction\":[{\"@type\":\"SearchAction\",\"target\":{\"@type\":\"EntryPoint\",\"urlTemplate\":\"https:\/\/proventuss.eu\/?s={search_term_string}\"},\"query-input\":\"required name=search_term_string\"}],\"inLanguage\":\"hr\"}]}<\/script>\n<!-- \/ Yoast SEO plugin. -->","yoast_head_json":{"title":"Jednokomponentno gra\u0111evinsko brtvilo Vi-Pro\u00ae Strongbond SB25 MS - Proventuss","robots":{"index":"index","follow":"follow","max-snippet":"max-snippet:-1","max-image-preview":"max-image-preview:large","max-video-preview":"max-video-preview:-1"},"canonical":"https:\/\/proventuss.eu\/hr\/produkt\/jednokomponentno-gradevinsko-brtvilo-vi-pro-strongbond-sb25-ms\/","og_locale":"hr_HR","og_type":"article","og_title":"Jednokomponentno gra\u0111evinsko brtvilo Vi-Pro\u00ae Strongbond SB25 MS - Proventuss","og_description":"\u00a0Jednokomponentno gra\u0111evinsko brtvilo visokog modula Vi-Pro\u00ae Strongbond SB25 MS je jednokomponentno gra\u0111evinsko brtvilo visokog modula, trajno elasti\u010dno, na bazi silil-terminiranog polimera. Stvrdnjava se pod utjecajem atmosferske vlage i formira elasti\u010dno brtvilo s izvrsnim svojstvima lijepljenja i otporno\u0161\u0107u na starenje i vremenske uvjete. Bez otapala i izocijanata, bez hlapljivih organskih spojeva. Izvrsna tiksotropna konzistencija. TIPI\u010cNE PRIMJENE: [&hellip;]","og_url":"https:\/\/proventuss.eu\/hr\/produkt\/jednokomponentno-gradevinsko-brtvilo-vi-pro-strongbond-sb25-ms\/","og_site_name":"Proventuss","article_modified_time":"2022-07-15T06:57:05+00:00","og_image":[{"width":330,"height":1920,"url":"https:\/\/proventuss.eu\/wp-content\/uploads\/2022\/04\/Vi-Pro-Strongbond-SB25-MS.png","type":"image\/png"}],"twitter_card":"summary_large_image","twitter_misc":{"Procijenjeno vrijeme \u010ditanja":"1 minuta"},"schema":{"@context":"https:\/\/schema.org","@graph":[{"@type":"WebPage","@id":"https:\/\/proventuss.eu\/hr\/produkt\/jednokomponentno-gradevinsko-brtvilo-vi-pro-strongbond-sb25-ms\/","url":"https:\/\/proventuss.eu\/hr\/produkt\/jednokomponentno-gradevinsko-brtvilo-vi-pro-strongbond-sb25-ms\/","name":"Jednokomponentno gra\u0111evinsko brtvilo Vi-Pro\u00ae Strongbond SB25 MS - Proventuss","isPartOf":{"@id":"https:\/\/proventuss.eu\/#website"},"primaryImageOfPage":{"@id":"https:\/\/proventuss.eu\/hr\/produkt\/jednokomponentno-gradevinsko-brtvilo-vi-pro-strongbond-sb25-ms\/#primaryimage"},"image":{"@id":"https:\/\/proventuss.eu\/hr\/produkt\/jednokomponentno-gradevinsko-brtvilo-vi-pro-strongbond-sb25-ms\/#primaryimage"},"thumbnailUrl":"https:\/\/proventuss.eu\/wp-content\/uploads\/2022\/04\/Vi-Pro-Strongbond-SB25-MS.png","datePublished":"2022-04-26T10:32:32+00:00","dateModified":"2022-07-15T06:57:05+00:00","breadcrumb":{"@id":"https:\/\/proventuss.eu\/hr\/produkt\/jednokomponentno-gradevinsko-brtvilo-vi-pro-strongbond-sb25-ms\/#breadcrumb"},"inLanguage":"hr","potentialAction":[{"@type":"ReadAction","target":["https:\/\/proventuss.eu\/hr\/produkt\/jednokomponentno-gradevinsko-brtvilo-vi-pro-strongbond-sb25-ms\/"]}]},{"@type":"ImageObject","inLanguage":"hr","@id":"https:\/\/proventuss.eu\/hr\/produkt\/jednokomponentno-gradevinsko-brtvilo-vi-pro-strongbond-sb25-ms\/#primaryimage","url":"https:\/\/proventuss.eu\/wp-content\/uploads\/2022\/04\/Vi-Pro-Strongbond-SB25-MS.png","contentUrl":"https:\/\/proventuss.eu\/wp-content\/uploads\/2022\/04\/Vi-Pro-Strongbond-SB25-MS.png","width":330,"height":1920,"caption":"Na zdj\u0119ciu jednosk\u0142adnikowy uszczelniacz budowlany - doskona\u0142a przyczepno\u015b\u0107 bez podk\u0142adu do wszystkich typowych materia\u0142\u00f3w budowlanych i pod\u0142o\u017cy. Kie\u0142baska 600 ml."},{"@type":"BreadcrumbList","@id":"https:\/\/proventuss.eu\/hr\/produkt\/jednokomponentno-gradevinsko-brtvilo-vi-pro-strongbond-sb25-ms\/#breadcrumb","itemListElement":[{"@type":"ListItem","position":1,"name":"Home","item":"https:\/\/proventuss.eu\/"},{"@type":"ListItem","position":2,"name":"Shop","item":"https:\/\/proventuss.eu\/hr\/pohraniti\/"},{"@type":"ListItem","position":3,"name":"Jednokomponentno gra\u0111evinsko brtvilo Vi-Pro\u00ae Strongbond SB25 MS"}]},{"@type":"WebSite","@id":"https:\/\/proventuss.eu\/#website","url":"https:\/\/proventuss.eu\/","name":"Proventuss","description":"","potentialAction":[{"@type":"SearchAction","target":{"@type":"EntryPoint","urlTemplate":"https:\/\/proventuss.eu\/?s={search_term_string}"},"query-input":"required name=search_term_string"}],"inLanguage":"hr"}]}},"_links":{"self":[{"href":"https:\/\/proventuss.eu\/hr\/wp-json\/wp\/v2\/product\/3024"}],"collection":[{"href":"https:\/\/proventuss.eu\/hr\/wp-json\/wp\/v2\/product"}],"about":[{"href":"https:\/\/proventuss.eu\/hr\/wp-json\/wp\/v2\/types\/product"}],"replies":[{"embeddable":true,"href":"https:\/\/proventuss.eu\/hr\/wp-json\/wp\/v2\/comments?post=3024"}],"wp:featuredmedia":[{"embeddable":true,"href":"https:\/\/proventuss.eu\/hr\/wp-json\/wp\/v2\/media\/4169"}],"wp:attachment":[{"href":"https:\/\/proventuss.eu\/hr\/wp-json\/wp\/v2\/media?parent=3024"}],"wp:term":[{"taxonomy":"product_cat","embeddable":true,"href":"https:\/\/proventuss.eu\/hr\/wp-json\/wp\/v2\/product_cat?post=3024"},{"taxonomy":"product_tag","embeddable":true,"href":"https:\/\/proventuss.eu\/hr\/wp-json\/wp\/v2\/product_tag?post=3024"}],"curies":[{"name":"wp","href":"https:\/\/api.w.org\/{rel}","templated":true}]}}