{"id":3022,"date":"2022-04-26T11:08:39","date_gmt":"2022-04-26T11:08:39","guid":{"rendered":"https:\/\/proventuss.eu\/produkt\/vi-pro-pneumatski-pistolj-600-ml\/"},"modified":"2024-10-22T10:31:14","modified_gmt":"2024-10-22T10:31:14","slug":"pistolj-za-kobasice-vi-pro-pneumatic-gun-600-ml","status":"publish","type":"product","link":"https:\/\/proventuss.eu\/hr\/proizvod\/pistolj-za-kobasice-vi-pro-pneumatic-gun-600-ml\/","title":{"rendered":"Pi\u0161tolj za kobasice Vi-Pro\u00ae Pneumatic Gun 600 ml"},"content":{"rendered":"<p>Tijekom renovacije i na gradili\u0161tu vrijeme i preciznost su bitni. Profesionalni Vi-Pro\u00ae pneumatski pi\u0161tolj 600 ML s regulacijom tlaka osigurava ispravno nano\u0161enje raznih vrsta ljepila, silikona i brtvila.<\/p>\n<p>Pomo\u0107u stiskalice mo\u017eemo nanijeti Vi-Pro\u00ae EPDM ljepilo u obliku paste 903, kao i druge mase pakirane u kobasice od 600 ml. Lagana i prakti\u010dna oprema mo\u017ee se prilagoditi va\u0161im \u017eeljama zahvaljuju\u0107i mogu\u0107nosti pode\u0161avanja i postavljanja odgovaraju\u0107e ravnote\u017ee.<\/p>\n<p><strong>PREDNOSTI:<\/strong><br \/>\n\u2022 Za kobasice od 600 ml<br \/>\n\u2022 Precizna primjena i visoka osjetljivost<br \/>\n\u2022 Ergonomska ru\u010dka, udoban hvat<\/p>\n","protected":false},"excerpt":{"rendered":"<p>Tijekom renovacije i na gradili\u0161tu vrijeme i preciznost su bitni. Profesionalni Vi-Pro\u00ae pneumatski pi\u0161tolj 600 ML s regulacijom tlaka osigurava ispravno nano\u0161enje raznih vrsta ljepila, silikona i brtvila. Pomo\u0107u stiskalice mo\u017eemo nanijeti Vi-Pro\u00ae EPDM ljepilo u obliku paste 903, kao i druge mase pakirane u kobasice od 600 ml. Lagana i prakti\u010dna oprema mo\u017ee se [&hellip;]<\/p>\n","protected":false},"featured_media":4354,"comment_status":"open","ping_status":"closed","template":"","meta":{"_acf_changed":false},"product_cat":[157,159],"product_tag":[],"acf":[],"yoast_head":"<!-- This site is optimized with the Yoast SEO plugin v22.9 - https:\/\/yoast.com\/wordpress\/plugins\/seo\/ -->\n<title>Pi\u0161tolj za kobasice Vi-Pro\u00ae Pneumatic Gun 600 ml - Proventuss<\/title>\n<meta name=\"robots\" content=\"index, follow, max-snippet:-1, max-image-preview:large, max-video-preview:-1\" \/>\n<link rel=\"canonical\" href=\"https:\/\/proventuss.eu\/hr\/produkt\/pistolj-za-kobasice-vi-pro-pneumatic-gun-600-ml\/\" \/>\n<meta property=\"og:locale\" content=\"hr_HR\" \/>\n<meta property=\"og:type\" content=\"article\" \/>\n<meta property=\"og:title\" content=\"Pi\u0161tolj za kobasice Vi-Pro\u00ae Pneumatic Gun 600 ml - Proventuss\" \/>\n<meta property=\"og:description\" content=\"Tijekom renovacije i na gradili\u0161tu vrijeme i preciznost su bitni. Profesionalni Vi-Pro\u00ae pneumatski pi\u0161tolj 600 ML s regulacijom tlaka osigurava ispravno nano\u0161enje raznih vrsta ljepila, silikona i brtvila. Pomo\u0107u stiskalice mo\u017eemo nanijeti Vi-Pro\u00ae EPDM ljepilo u obliku paste 903, kao i druge mase pakirane u kobasice od 600 ml. Lagana i prakti\u010dna oprema mo\u017ee se [&hellip;]\" \/>\n<meta property=\"og:url\" content=\"https:\/\/proventuss.eu\/hr\/produkt\/pistolj-za-kobasice-vi-pro-pneumatic-gun-600-ml\/\" \/>\n<meta property=\"og:site_name\" content=\"Proventuss\" \/>\n<meta property=\"article:modified_time\" content=\"2024-10-22T10:31:14+00:00\" \/>\n<meta property=\"og:image\" content=\"https:\/\/proventuss.eu\/wp-content\/uploads\/2022\/04\/Vi-Pro-Pneumatic-Gun-600-ml.png\" \/>\n\t<meta property=\"og:image:width\" content=\"1080\" \/>\n\t<meta property=\"og:image:height\" content=\"1080\" \/>\n\t<meta property=\"og:image:type\" content=\"image\/png\" \/>\n<meta name=\"twitter:card\" content=\"summary_large_image\" \/>\n<meta name=\"twitter:label1\" content=\"Procijenjeno vrijeme \u010ditanja\" \/>\n\t<meta name=\"twitter:data1\" content=\"1 minuta\" \/>\n<script type=\"application\/ld+json\" class=\"yoast-schema-graph\">{\"@context\":\"https:\/\/schema.org\",\"@graph\":[{\"@type\":\"WebPage\",\"@id\":\"https:\/\/proventuss.eu\/hr\/produkt\/pistolj-za-kobasice-vi-pro-pneumatic-gun-600-ml\/\",\"url\":\"https:\/\/proventuss.eu\/hr\/produkt\/pistolj-za-kobasice-vi-pro-pneumatic-gun-600-ml\/\",\"name\":\"Pi\u0161tolj za kobasice Vi-Pro\u00ae Pneumatic Gun 600 ml - Proventuss\",\"isPartOf\":{\"@id\":\"https:\/\/proventuss.eu\/#website\"},\"primaryImageOfPage\":{\"@id\":\"https:\/\/proventuss.eu\/hr\/produkt\/pistolj-za-kobasice-vi-pro-pneumatic-gun-600-ml\/#primaryimage\"},\"image\":{\"@id\":\"https:\/\/proventuss.eu\/hr\/produkt\/pistolj-za-kobasice-vi-pro-pneumatic-gun-600-ml\/#primaryimage\"},\"thumbnailUrl\":\"https:\/\/proventuss.eu\/wp-content\/uploads\/2022\/04\/Vi-Pro-Pneumatic-Gun-600-ml.png\",\"datePublished\":\"2022-04-26T11:08:39+00:00\",\"dateModified\":\"2024-10-22T10:31:14+00:00\",\"breadcrumb\":{\"@id\":\"https:\/\/proventuss.eu\/hr\/produkt\/pistolj-za-kobasice-vi-pro-pneumatic-gun-600-ml\/#breadcrumb\"},\"inLanguage\":\"hr\",\"potentialAction\":[{\"@type\":\"ReadAction\",\"target\":[\"https:\/\/proventuss.eu\/hr\/produkt\/pistolj-za-kobasice-vi-pro-pneumatic-gun-600-ml\/\"]}]},{\"@type\":\"ImageObject\",\"inLanguage\":\"hr\",\"@id\":\"https:\/\/proventuss.eu\/hr\/produkt\/pistolj-za-kobasice-vi-pro-pneumatic-gun-600-ml\/#primaryimage\",\"url\":\"https:\/\/proventuss.eu\/wp-content\/uploads\/2022\/04\/Vi-Pro-Pneumatic-Gun-600-ml.png\",\"contentUrl\":\"https:\/\/proventuss.eu\/wp-content\/uploads\/2022\/04\/Vi-Pro-Pneumatic-Gun-600-ml.png\",\"width\":1080,\"height\":1080,\"caption\":\"Na zdj\u0119ciu Pistolet pneumatyczny do kie\u0142basek o obj\u0119to\u015bci 600 ml. Precyzyjna aplikacja, wysoka czu\u0142o\u015b\u0107, ergonomiczna r\u0119koje\u015b\u0107, wygodny chwyt. Kolor czarny.\"},{\"@type\":\"BreadcrumbList\",\"@id\":\"https:\/\/proventuss.eu\/hr\/produkt\/pistolj-za-kobasice-vi-pro-pneumatic-gun-600-ml\/#breadcrumb\",\"itemListElement\":[{\"@type\":\"ListItem\",\"position\":1,\"name\":\"Home\",\"item\":\"https:\/\/proventuss.eu\/\"},{\"@type\":\"ListItem\",\"position\":2,\"name\":\"Shop\",\"item\":\"https:\/\/proventuss.eu\/hr\/pohraniti\/\"},{\"@type\":\"ListItem\",\"position\":3,\"name\":\"Pi\u0161tolj za kobasice Vi-Pro\u00ae Pneumatic Gun 600 ml\"}]},{\"@type\":\"WebSite\",\"@id\":\"https:\/\/proventuss.eu\/#website\",\"url\":\"https:\/\/proventuss.eu\/\",\"name\":\"Proventuss\",\"description\":\"\",\"potentialAction\":[{\"@type\":\"SearchAction\",\"target\":{\"@type\":\"EntryPoint\",\"urlTemplate\":\"https:\/\/proventuss.eu\/?s={search_term_string}\"},\"query-input\":\"required name=search_term_string\"}],\"inLanguage\":\"hr\"}]}<\/script>\n<!-- \/ Yoast SEO plugin. -->","yoast_head_json":{"title":"Pi\u0161tolj za kobasice Vi-Pro\u00ae Pneumatic Gun 600 ml - Proventuss","robots":{"index":"index","follow":"follow","max-snippet":"max-snippet:-1","max-image-preview":"max-image-preview:large","max-video-preview":"max-video-preview:-1"},"canonical":"https:\/\/proventuss.eu\/hr\/produkt\/pistolj-za-kobasice-vi-pro-pneumatic-gun-600-ml\/","og_locale":"hr_HR","og_type":"article","og_title":"Pi\u0161tolj za kobasice Vi-Pro\u00ae Pneumatic Gun 600 ml - Proventuss","og_description":"Tijekom renovacije i na gradili\u0161tu vrijeme i preciznost su bitni. Profesionalni Vi-Pro\u00ae pneumatski pi\u0161tolj 600 ML s regulacijom tlaka osigurava ispravno nano\u0161enje raznih vrsta ljepila, silikona i brtvila. Pomo\u0107u stiskalice mo\u017eemo nanijeti Vi-Pro\u00ae EPDM ljepilo u obliku paste 903, kao i druge mase pakirane u kobasice od 600 ml. Lagana i prakti\u010dna oprema mo\u017ee se [&hellip;]","og_url":"https:\/\/proventuss.eu\/hr\/produkt\/pistolj-za-kobasice-vi-pro-pneumatic-gun-600-ml\/","og_site_name":"Proventuss","article_modified_time":"2024-10-22T10:31:14+00:00","og_image":[{"width":1080,"height":1080,"url":"https:\/\/proventuss.eu\/wp-content\/uploads\/2022\/04\/Vi-Pro-Pneumatic-Gun-600-ml.png","type":"image\/png"}],"twitter_card":"summary_large_image","twitter_misc":{"Procijenjeno vrijeme \u010ditanja":"1 minuta"},"schema":{"@context":"https:\/\/schema.org","@graph":[{"@type":"WebPage","@id":"https:\/\/proventuss.eu\/hr\/produkt\/pistolj-za-kobasice-vi-pro-pneumatic-gun-600-ml\/","url":"https:\/\/proventuss.eu\/hr\/produkt\/pistolj-za-kobasice-vi-pro-pneumatic-gun-600-ml\/","name":"Pi\u0161tolj za kobasice Vi-Pro\u00ae Pneumatic Gun 600 ml - Proventuss","isPartOf":{"@id":"https:\/\/proventuss.eu\/#website"},"primaryImageOfPage":{"@id":"https:\/\/proventuss.eu\/hr\/produkt\/pistolj-za-kobasice-vi-pro-pneumatic-gun-600-ml\/#primaryimage"},"image":{"@id":"https:\/\/proventuss.eu\/hr\/produkt\/pistolj-za-kobasice-vi-pro-pneumatic-gun-600-ml\/#primaryimage"},"thumbnailUrl":"https:\/\/proventuss.eu\/wp-content\/uploads\/2022\/04\/Vi-Pro-Pneumatic-Gun-600-ml.png","datePublished":"2022-04-26T11:08:39+00:00","dateModified":"2024-10-22T10:31:14+00:00","breadcrumb":{"@id":"https:\/\/proventuss.eu\/hr\/produkt\/pistolj-za-kobasice-vi-pro-pneumatic-gun-600-ml\/#breadcrumb"},"inLanguage":"hr","potentialAction":[{"@type":"ReadAction","target":["https:\/\/proventuss.eu\/hr\/produkt\/pistolj-za-kobasice-vi-pro-pneumatic-gun-600-ml\/"]}]},{"@type":"ImageObject","inLanguage":"hr","@id":"https:\/\/proventuss.eu\/hr\/produkt\/pistolj-za-kobasice-vi-pro-pneumatic-gun-600-ml\/#primaryimage","url":"https:\/\/proventuss.eu\/wp-content\/uploads\/2022\/04\/Vi-Pro-Pneumatic-Gun-600-ml.png","contentUrl":"https:\/\/proventuss.eu\/wp-content\/uploads\/2022\/04\/Vi-Pro-Pneumatic-Gun-600-ml.png","width":1080,"height":1080,"caption":"Na zdj\u0119ciu Pistolet pneumatyczny do kie\u0142basek o obj\u0119to\u015bci 600 ml. Precyzyjna aplikacja, wysoka czu\u0142o\u015b\u0107, ergonomiczna r\u0119koje\u015b\u0107, wygodny chwyt. Kolor czarny."},{"@type":"BreadcrumbList","@id":"https:\/\/proventuss.eu\/hr\/produkt\/pistolj-za-kobasice-vi-pro-pneumatic-gun-600-ml\/#breadcrumb","itemListElement":[{"@type":"ListItem","position":1,"name":"Home","item":"https:\/\/proventuss.eu\/"},{"@type":"ListItem","position":2,"name":"Shop","item":"https:\/\/proventuss.eu\/hr\/pohraniti\/"},{"@type":"ListItem","position":3,"name":"Pi\u0161tolj za kobasice Vi-Pro\u00ae Pneumatic Gun 600 ml"}]},{"@type":"WebSite","@id":"https:\/\/proventuss.eu\/#website","url":"https:\/\/proventuss.eu\/","name":"Proventuss","description":"","potentialAction":[{"@type":"SearchAction","target":{"@type":"EntryPoint","urlTemplate":"https:\/\/proventuss.eu\/?s={search_term_string}"},"query-input":"required name=search_term_string"}],"inLanguage":"hr"}]}},"_links":{"self":[{"href":"https:\/\/proventuss.eu\/hr\/wp-json\/wp\/v2\/product\/3022"}],"collection":[{"href":"https:\/\/proventuss.eu\/hr\/wp-json\/wp\/v2\/product"}],"about":[{"href":"https:\/\/proventuss.eu\/hr\/wp-json\/wp\/v2\/types\/product"}],"replies":[{"embeddable":true,"href":"https:\/\/proventuss.eu\/hr\/wp-json\/wp\/v2\/comments?post=3022"}],"wp:featuredmedia":[{"embeddable":true,"href":"https:\/\/proventuss.eu\/hr\/wp-json\/wp\/v2\/media\/4354"}],"wp:attachment":[{"href":"https:\/\/proventuss.eu\/hr\/wp-json\/wp\/v2\/media?parent=3022"}],"wp:term":[{"taxonomy":"product_cat","embeddable":true,"href":"https:\/\/proventuss.eu\/hr\/wp-json\/wp\/v2\/product_cat?post=3022"},{"taxonomy":"product_tag","embeddable":true,"href":"https:\/\/proventuss.eu\/hr\/wp-json\/wp\/v2\/product_tag?post=3022"}],"curies":[{"name":"wp","href":"https:\/\/api.w.org\/{rel}","templated":true}]}}