{"id":3018,"date":"2022-04-26T11:04:31","date_gmt":"2022-04-26T11:04:31","guid":{"rendered":"https:\/\/proventuss.eu\/produkt\/milwaukee-c18-pcg-600\/"},"modified":"2022-06-28T12:45:16","modified_gmt":"2022-06-28T12:45:16","slug":"milwaukee-c18-pcg-600-2","status":"publish","type":"product","link":"https:\/\/proventuss.eu\/hr\/proizvod\/milwaukee-c18-pcg-600-2\/","title":{"rendered":"MILWAUKEE C18 PCG \/ 600"},"content":{"rendered":"<p>Profesionalni <strong>PI\u0160TOLJ ZA PRIMJENU NA BATERIJE<\/strong> za primjenu s kobasicama (400-600 ml), a mo\u017ee se koristiti i s kartu\u0161ama (310 ml).<\/p>\n<p>Napaja ga baterija od 12 V u tehnologiji REDLITHIUM-ION\u2122.<\/p>\n<p>Profesionalni pi\u0161tolj za primjenu na baterije za primjenu s kobasicama (400-600 ml), a mo\u017ee se koristiti i s kartu\u0161ama (310 ml). Napaja ga baterija od 12 V u tehnologiji REDLITHIUM-ION\u2122.<\/p>\n<p>Izvrsno za industrijske, kao i za ekstremne primjene na terenu. Vrlo kompaktna konstrukcija omogu\u0107uje jednostavno rukovanje i upotrebu.<\/p>\n<p><strong>PREDNOSTI:<\/strong><br \/>\n\u2022 Optimalna u\u010dinkovitost i rad na visokim i niskim temperaturama<br \/>\n\u2022 Podesiv za kartu\u0161e 310 ml<br \/>\n\u2022 6 brzina<br \/>\n\u2022 Funkcija protiv kapanja<br \/>\n\u2022 Tihi rad<br \/>\n\u2022 Za\u0161tita od prenaprezanja<br \/>\n\u2022 Najve\u0107a izdr\u017eljivost i dugovje\u010dnost u svojoj klasi<br \/>\n\u2022 Fleksibilni baterijski sustav za elektri\u010dne alate marke Milwaukee\u00ae M12\u2122<\/p>\n<p>&nbsp;<\/p>\n","protected":false},"excerpt":{"rendered":"<p>Profesionalni PI\u0160TOLJ ZA PRIMJENU NA BATERIJE za primjenu s kobasicama (400-600 ml), a mo\u017ee se koristiti i s kartu\u0161ama (310 ml). Napaja ga baterija od 12 V u tehnologiji REDLITHIUM-ION\u2122. Profesionalni pi\u0161tolj za primjenu na baterije za primjenu s kobasicama (400-600 ml), a mo\u017ee se koristiti i s kartu\u0161ama (310 ml). Napaja ga baterija od [&hellip;]<\/p>\n","protected":false},"featured_media":2129,"comment_status":"open","ping_status":"closed","template":"","meta":{"_acf_changed":false},"product_cat":[157,159],"product_tag":[],"acf":[],"yoast_head":"<!-- This site is optimized with the Yoast SEO plugin v22.9 - https:\/\/yoast.com\/wordpress\/plugins\/seo\/ -->\n<title>MILWAUKEE C18 PCG \/ 600 - Proventuss<\/title>\n<meta name=\"robots\" content=\"index, follow, max-snippet:-1, max-image-preview:large, max-video-preview:-1\" \/>\n<link rel=\"canonical\" href=\"https:\/\/proventuss.eu\/hr\/produkt\/milwaukee-c18-pcg-600-2\/\" \/>\n<meta property=\"og:locale\" content=\"hr_HR\" \/>\n<meta property=\"og:type\" content=\"article\" \/>\n<meta property=\"og:title\" content=\"MILWAUKEE C18 PCG \/ 600 - Proventuss\" \/>\n<meta property=\"og:description\" content=\"Profesionalni PI\u0160TOLJ ZA PRIMJENU NA BATERIJE za primjenu s kobasicama (400-600 ml), a mo\u017ee se koristiti i s kartu\u0161ama (310 ml). Napaja ga baterija od 12 V u tehnologiji REDLITHIUM-ION\u2122. Profesionalni pi\u0161tolj za primjenu na baterije za primjenu s kobasicama (400-600 ml), a mo\u017ee se koristiti i s kartu\u0161ama (310 ml). Napaja ga baterija od [&hellip;]\" \/>\n<meta property=\"og:url\" content=\"https:\/\/proventuss.eu\/hr\/produkt\/milwaukee-c18-pcg-600-2\/\" \/>\n<meta property=\"og:site_name\" content=\"Proventuss\" \/>\n<meta property=\"article:modified_time\" content=\"2022-06-28T12:45:16+00:00\" \/>\n<meta property=\"og:image\" content=\"https:\/\/proventuss.eu\/wp-content\/uploads\/2022\/04\/C18_PCG-600A_200.jpg\" \/>\n\t<meta property=\"og:image:width\" content=\"200\" \/>\n\t<meta property=\"og:image:height\" content=\"99\" \/>\n\t<meta property=\"og:image:type\" content=\"image\/jpeg\" \/>\n<meta name=\"twitter:card\" content=\"summary_large_image\" \/>\n<meta name=\"twitter:label1\" content=\"Procijenjeno vrijeme \u010ditanja\" \/>\n\t<meta name=\"twitter:data1\" content=\"1 minuta\" \/>\n<script type=\"application\/ld+json\" class=\"yoast-schema-graph\">{\"@context\":\"https:\/\/schema.org\",\"@graph\":[{\"@type\":\"WebPage\",\"@id\":\"https:\/\/proventuss.eu\/hr\/produkt\/milwaukee-c18-pcg-600-2\/\",\"url\":\"https:\/\/proventuss.eu\/hr\/produkt\/milwaukee-c18-pcg-600-2\/\",\"name\":\"MILWAUKEE C18 PCG \/ 600 - Proventuss\",\"isPartOf\":{\"@id\":\"https:\/\/proventuss.eu\/#website\"},\"primaryImageOfPage\":{\"@id\":\"https:\/\/proventuss.eu\/hr\/produkt\/milwaukee-c18-pcg-600-2\/#primaryimage\"},\"image\":{\"@id\":\"https:\/\/proventuss.eu\/hr\/produkt\/milwaukee-c18-pcg-600-2\/#primaryimage\"},\"thumbnailUrl\":\"https:\/\/proventuss.eu\/wp-content\/uploads\/2022\/04\/C18_PCG-600A_200.jpg\",\"datePublished\":\"2022-04-26T11:04:31+00:00\",\"dateModified\":\"2022-06-28T12:45:16+00:00\",\"breadcrumb\":{\"@id\":\"https:\/\/proventuss.eu\/hr\/produkt\/milwaukee-c18-pcg-600-2\/#breadcrumb\"},\"inLanguage\":\"hr\",\"potentialAction\":[{\"@type\":\"ReadAction\",\"target\":[\"https:\/\/proventuss.eu\/hr\/produkt\/milwaukee-c18-pcg-600-2\/\"]}]},{\"@type\":\"ImageObject\",\"inLanguage\":\"hr\",\"@id\":\"https:\/\/proventuss.eu\/hr\/produkt\/milwaukee-c18-pcg-600-2\/#primaryimage\",\"url\":\"https:\/\/proventuss.eu\/wp-content\/uploads\/2022\/04\/C18_PCG-600A_200.jpg\",\"contentUrl\":\"https:\/\/proventuss.eu\/wp-content\/uploads\/2022\/04\/C18_PCG-600A_200.jpg\",\"width\":200,\"height\":99},{\"@type\":\"BreadcrumbList\",\"@id\":\"https:\/\/proventuss.eu\/hr\/produkt\/milwaukee-c18-pcg-600-2\/#breadcrumb\",\"itemListElement\":[{\"@type\":\"ListItem\",\"position\":1,\"name\":\"Home\",\"item\":\"https:\/\/proventuss.eu\/\"},{\"@type\":\"ListItem\",\"position\":2,\"name\":\"Shop\",\"item\":\"https:\/\/proventuss.eu\/hr\/pohraniti\/\"},{\"@type\":\"ListItem\",\"position\":3,\"name\":\"MILWAUKEE C18 PCG \/ 600\"}]},{\"@type\":\"WebSite\",\"@id\":\"https:\/\/proventuss.eu\/#website\",\"url\":\"https:\/\/proventuss.eu\/\",\"name\":\"Proventuss\",\"description\":\"\",\"potentialAction\":[{\"@type\":\"SearchAction\",\"target\":{\"@type\":\"EntryPoint\",\"urlTemplate\":\"https:\/\/proventuss.eu\/?s={search_term_string}\"},\"query-input\":\"required name=search_term_string\"}],\"inLanguage\":\"hr\"}]}<\/script>\n<!-- \/ Yoast SEO plugin. -->","yoast_head_json":{"title":"MILWAUKEE C18 PCG \/ 600 - Proventuss","robots":{"index":"index","follow":"follow","max-snippet":"max-snippet:-1","max-image-preview":"max-image-preview:large","max-video-preview":"max-video-preview:-1"},"canonical":"https:\/\/proventuss.eu\/hr\/produkt\/milwaukee-c18-pcg-600-2\/","og_locale":"hr_HR","og_type":"article","og_title":"MILWAUKEE C18 PCG \/ 600 - Proventuss","og_description":"Profesionalni PI\u0160TOLJ ZA PRIMJENU NA BATERIJE za primjenu s kobasicama (400-600 ml), a mo\u017ee se koristiti i s kartu\u0161ama (310 ml). Napaja ga baterija od 12 V u tehnologiji REDLITHIUM-ION\u2122. Profesionalni pi\u0161tolj za primjenu na baterije za primjenu s kobasicama (400-600 ml), a mo\u017ee se koristiti i s kartu\u0161ama (310 ml). Napaja ga baterija od [&hellip;]","og_url":"https:\/\/proventuss.eu\/hr\/produkt\/milwaukee-c18-pcg-600-2\/","og_site_name":"Proventuss","article_modified_time":"2022-06-28T12:45:16+00:00","og_image":[{"width":200,"height":99,"url":"https:\/\/proventuss.eu\/wp-content\/uploads\/2022\/04\/C18_PCG-600A_200.jpg","type":"image\/jpeg"}],"twitter_card":"summary_large_image","twitter_misc":{"Procijenjeno vrijeme \u010ditanja":"1 minuta"},"schema":{"@context":"https:\/\/schema.org","@graph":[{"@type":"WebPage","@id":"https:\/\/proventuss.eu\/hr\/produkt\/milwaukee-c18-pcg-600-2\/","url":"https:\/\/proventuss.eu\/hr\/produkt\/milwaukee-c18-pcg-600-2\/","name":"MILWAUKEE C18 PCG \/ 600 - Proventuss","isPartOf":{"@id":"https:\/\/proventuss.eu\/#website"},"primaryImageOfPage":{"@id":"https:\/\/proventuss.eu\/hr\/produkt\/milwaukee-c18-pcg-600-2\/#primaryimage"},"image":{"@id":"https:\/\/proventuss.eu\/hr\/produkt\/milwaukee-c18-pcg-600-2\/#primaryimage"},"thumbnailUrl":"https:\/\/proventuss.eu\/wp-content\/uploads\/2022\/04\/C18_PCG-600A_200.jpg","datePublished":"2022-04-26T11:04:31+00:00","dateModified":"2022-06-28T12:45:16+00:00","breadcrumb":{"@id":"https:\/\/proventuss.eu\/hr\/produkt\/milwaukee-c18-pcg-600-2\/#breadcrumb"},"inLanguage":"hr","potentialAction":[{"@type":"ReadAction","target":["https:\/\/proventuss.eu\/hr\/produkt\/milwaukee-c18-pcg-600-2\/"]}]},{"@type":"ImageObject","inLanguage":"hr","@id":"https:\/\/proventuss.eu\/hr\/produkt\/milwaukee-c18-pcg-600-2\/#primaryimage","url":"https:\/\/proventuss.eu\/wp-content\/uploads\/2022\/04\/C18_PCG-600A_200.jpg","contentUrl":"https:\/\/proventuss.eu\/wp-content\/uploads\/2022\/04\/C18_PCG-600A_200.jpg","width":200,"height":99},{"@type":"BreadcrumbList","@id":"https:\/\/proventuss.eu\/hr\/produkt\/milwaukee-c18-pcg-600-2\/#breadcrumb","itemListElement":[{"@type":"ListItem","position":1,"name":"Home","item":"https:\/\/proventuss.eu\/"},{"@type":"ListItem","position":2,"name":"Shop","item":"https:\/\/proventuss.eu\/hr\/pohraniti\/"},{"@type":"ListItem","position":3,"name":"MILWAUKEE C18 PCG \/ 600"}]},{"@type":"WebSite","@id":"https:\/\/proventuss.eu\/#website","url":"https:\/\/proventuss.eu\/","name":"Proventuss","description":"","potentialAction":[{"@type":"SearchAction","target":{"@type":"EntryPoint","urlTemplate":"https:\/\/proventuss.eu\/?s={search_term_string}"},"query-input":"required name=search_term_string"}],"inLanguage":"hr"}]}},"_links":{"self":[{"href":"https:\/\/proventuss.eu\/hr\/wp-json\/wp\/v2\/product\/3018"}],"collection":[{"href":"https:\/\/proventuss.eu\/hr\/wp-json\/wp\/v2\/product"}],"about":[{"href":"https:\/\/proventuss.eu\/hr\/wp-json\/wp\/v2\/types\/product"}],"replies":[{"embeddable":true,"href":"https:\/\/proventuss.eu\/hr\/wp-json\/wp\/v2\/comments?post=3018"}],"wp:featuredmedia":[{"embeddable":true,"href":"https:\/\/proventuss.eu\/hr\/wp-json\/wp\/v2\/media\/2129"}],"wp:attachment":[{"href":"https:\/\/proventuss.eu\/hr\/wp-json\/wp\/v2\/media?parent=3018"}],"wp:term":[{"taxonomy":"product_cat","embeddable":true,"href":"https:\/\/proventuss.eu\/hr\/wp-json\/wp\/v2\/product_cat?post=3018"},{"taxonomy":"product_tag","embeddable":true,"href":"https:\/\/proventuss.eu\/hr\/wp-json\/wp\/v2\/product_tag?post=3018"}],"curies":[{"name":"wp","href":"https:\/\/api.w.org\/{rel}","templated":true}]}}