{"id":3017,"date":"2022-04-26T11:13:20","date_gmt":"2022-04-26T11:13:20","guid":{"rendered":"https:\/\/proventuss.eu\/produkt\/rotul-kljuc\/"},"modified":"2022-06-28T12:39:19","modified_gmt":"2022-06-28T12:39:19","slug":"rotul-kljuc","status":"publish","type":"product","link":"https:\/\/proventuss.eu\/hr\/proizvod\/rotul-kljuc\/","title":{"rendered":"Rotul klju\u010d"},"content":{"rendered":"<p>Glatko podesiv razmak omogu\u0107uje prilagodbu svim vrstama cilindri\u010dnih i konusnih rotula, kao i dr\u017ea\u010dima \u0161iljastih balustrada. \u0160iroko se koristi za elemente raznih proizvo\u0111a<\/p>\n","protected":false},"excerpt":{"rendered":"<p>Glatko podesiv razmak omogu\u0107uje prilagodbu svim vrstama cilindri\u010dnih i konusnih rotula, kao i dr\u017ea\u010dima \u0161iljastih balustrada. \u0160iroko se koristi za elemente raznih proizvo\u0111a<\/p>\n","protected":false},"featured_media":2233,"comment_status":"open","ping_status":"closed","template":"","meta":{"_acf_changed":false},"product_cat":[157],"product_tag":[],"acf":[],"yoast_head":"<!-- This site is optimized with the Yoast SEO plugin v22.9 - https:\/\/yoast.com\/wordpress\/plugins\/seo\/ -->\n<title>Rotul klju\u010d - Proventuss<\/title>\n<meta name=\"robots\" content=\"index, follow, max-snippet:-1, max-image-preview:large, max-video-preview:-1\" \/>\n<link rel=\"canonical\" href=\"https:\/\/proventuss.eu\/hr\/produkt\/rotul-kljuc\/\" \/>\n<meta property=\"og:locale\" content=\"hr_HR\" \/>\n<meta property=\"og:type\" content=\"article\" \/>\n<meta property=\"og:title\" content=\"Rotul klju\u010d - Proventuss\" \/>\n<meta property=\"og:description\" content=\"Glatko podesiv razmak omogu\u0107uje prilagodbu svim vrstama cilindri\u010dnih i konusnih rotula, kao i dr\u017ea\u010dima \u0161iljastih balustrada. \u0160iroko se koristi za elemente raznih proizvo\u0111a\" \/>\n<meta property=\"og:url\" content=\"https:\/\/proventuss.eu\/hr\/produkt\/rotul-kljuc\/\" \/>\n<meta property=\"og:site_name\" content=\"Proventuss\" \/>\n<meta property=\"article:modified_time\" content=\"2022-06-28T12:39:19+00:00\" \/>\n<meta property=\"og:image\" content=\"https:\/\/proventuss.eu\/wp-content\/uploads\/2022\/04\/Klucz-do-rotul-rotated.jpg\" \/>\n\t<meta property=\"og:image:width\" content=\"177\" \/>\n\t<meta property=\"og:image:height\" content=\"582\" \/>\n\t<meta property=\"og:image:type\" content=\"image\/jpeg\" \/>\n<meta name=\"twitter:card\" content=\"summary_large_image\" \/>\n<script type=\"application\/ld+json\" class=\"yoast-schema-graph\">{\"@context\":\"https:\/\/schema.org\",\"@graph\":[{\"@type\":\"WebPage\",\"@id\":\"https:\/\/proventuss.eu\/hr\/produkt\/rotul-kljuc\/\",\"url\":\"https:\/\/proventuss.eu\/hr\/produkt\/rotul-kljuc\/\",\"name\":\"Rotul klju\u010d - Proventuss\",\"isPartOf\":{\"@id\":\"https:\/\/proventuss.eu\/#website\"},\"primaryImageOfPage\":{\"@id\":\"https:\/\/proventuss.eu\/hr\/produkt\/rotul-kljuc\/#primaryimage\"},\"image\":{\"@id\":\"https:\/\/proventuss.eu\/hr\/produkt\/rotul-kljuc\/#primaryimage\"},\"thumbnailUrl\":\"https:\/\/proventuss.eu\/wp-content\/uploads\/2022\/04\/Klucz-do-rotul-rotated.jpg\",\"datePublished\":\"2022-04-26T11:13:20+00:00\",\"dateModified\":\"2022-06-28T12:39:19+00:00\",\"breadcrumb\":{\"@id\":\"https:\/\/proventuss.eu\/hr\/produkt\/rotul-kljuc\/#breadcrumb\"},\"inLanguage\":\"hr\",\"potentialAction\":[{\"@type\":\"ReadAction\",\"target\":[\"https:\/\/proventuss.eu\/hr\/produkt\/rotul-kljuc\/\"]}]},{\"@type\":\"ImageObject\",\"inLanguage\":\"hr\",\"@id\":\"https:\/\/proventuss.eu\/hr\/produkt\/rotul-kljuc\/#primaryimage\",\"url\":\"https:\/\/proventuss.eu\/wp-content\/uploads\/2022\/04\/Klucz-do-rotul-rotated.jpg\",\"contentUrl\":\"https:\/\/proventuss.eu\/wp-content\/uploads\/2022\/04\/Klucz-do-rotul-rotated.jpg\",\"width\":177,\"height\":582},{\"@type\":\"BreadcrumbList\",\"@id\":\"https:\/\/proventuss.eu\/hr\/produkt\/rotul-kljuc\/#breadcrumb\",\"itemListElement\":[{\"@type\":\"ListItem\",\"position\":1,\"name\":\"Home\",\"item\":\"https:\/\/proventuss.eu\/\"},{\"@type\":\"ListItem\",\"position\":2,\"name\":\"Shop\",\"item\":\"https:\/\/proventuss.eu\/hr\/pohraniti\/\"},{\"@type\":\"ListItem\",\"position\":3,\"name\":\"Rotul klju\u010d\"}]},{\"@type\":\"WebSite\",\"@id\":\"https:\/\/proventuss.eu\/#website\",\"url\":\"https:\/\/proventuss.eu\/\",\"name\":\"Proventuss\",\"description\":\"\",\"potentialAction\":[{\"@type\":\"SearchAction\",\"target\":{\"@type\":\"EntryPoint\",\"urlTemplate\":\"https:\/\/proventuss.eu\/?s={search_term_string}\"},\"query-input\":\"required name=search_term_string\"}],\"inLanguage\":\"hr\"}]}<\/script>\n<!-- \/ Yoast SEO plugin. -->","yoast_head_json":{"title":"Rotul klju\u010d - Proventuss","robots":{"index":"index","follow":"follow","max-snippet":"max-snippet:-1","max-image-preview":"max-image-preview:large","max-video-preview":"max-video-preview:-1"},"canonical":"https:\/\/proventuss.eu\/hr\/produkt\/rotul-kljuc\/","og_locale":"hr_HR","og_type":"article","og_title":"Rotul klju\u010d - Proventuss","og_description":"Glatko podesiv razmak omogu\u0107uje prilagodbu svim vrstama cilindri\u010dnih i konusnih rotula, kao i dr\u017ea\u010dima \u0161iljastih balustrada. \u0160iroko se koristi za elemente raznih proizvo\u0111a","og_url":"https:\/\/proventuss.eu\/hr\/produkt\/rotul-kljuc\/","og_site_name":"Proventuss","article_modified_time":"2022-06-28T12:39:19+00:00","og_image":[{"width":177,"height":582,"url":"https:\/\/proventuss.eu\/wp-content\/uploads\/2022\/04\/Klucz-do-rotul-rotated.jpg","type":"image\/jpeg"}],"twitter_card":"summary_large_image","schema":{"@context":"https:\/\/schema.org","@graph":[{"@type":"WebPage","@id":"https:\/\/proventuss.eu\/hr\/produkt\/rotul-kljuc\/","url":"https:\/\/proventuss.eu\/hr\/produkt\/rotul-kljuc\/","name":"Rotul klju\u010d - Proventuss","isPartOf":{"@id":"https:\/\/proventuss.eu\/#website"},"primaryImageOfPage":{"@id":"https:\/\/proventuss.eu\/hr\/produkt\/rotul-kljuc\/#primaryimage"},"image":{"@id":"https:\/\/proventuss.eu\/hr\/produkt\/rotul-kljuc\/#primaryimage"},"thumbnailUrl":"https:\/\/proventuss.eu\/wp-content\/uploads\/2022\/04\/Klucz-do-rotul-rotated.jpg","datePublished":"2022-04-26T11:13:20+00:00","dateModified":"2022-06-28T12:39:19+00:00","breadcrumb":{"@id":"https:\/\/proventuss.eu\/hr\/produkt\/rotul-kljuc\/#breadcrumb"},"inLanguage":"hr","potentialAction":[{"@type":"ReadAction","target":["https:\/\/proventuss.eu\/hr\/produkt\/rotul-kljuc\/"]}]},{"@type":"ImageObject","inLanguage":"hr","@id":"https:\/\/proventuss.eu\/hr\/produkt\/rotul-kljuc\/#primaryimage","url":"https:\/\/proventuss.eu\/wp-content\/uploads\/2022\/04\/Klucz-do-rotul-rotated.jpg","contentUrl":"https:\/\/proventuss.eu\/wp-content\/uploads\/2022\/04\/Klucz-do-rotul-rotated.jpg","width":177,"height":582},{"@type":"BreadcrumbList","@id":"https:\/\/proventuss.eu\/hr\/produkt\/rotul-kljuc\/#breadcrumb","itemListElement":[{"@type":"ListItem","position":1,"name":"Home","item":"https:\/\/proventuss.eu\/"},{"@type":"ListItem","position":2,"name":"Shop","item":"https:\/\/proventuss.eu\/hr\/pohraniti\/"},{"@type":"ListItem","position":3,"name":"Rotul klju\u010d"}]},{"@type":"WebSite","@id":"https:\/\/proventuss.eu\/#website","url":"https:\/\/proventuss.eu\/","name":"Proventuss","description":"","potentialAction":[{"@type":"SearchAction","target":{"@type":"EntryPoint","urlTemplate":"https:\/\/proventuss.eu\/?s={search_term_string}"},"query-input":"required name=search_term_string"}],"inLanguage":"hr"}]}},"_links":{"self":[{"href":"https:\/\/proventuss.eu\/hr\/wp-json\/wp\/v2\/product\/3017"}],"collection":[{"href":"https:\/\/proventuss.eu\/hr\/wp-json\/wp\/v2\/product"}],"about":[{"href":"https:\/\/proventuss.eu\/hr\/wp-json\/wp\/v2\/types\/product"}],"replies":[{"embeddable":true,"href":"https:\/\/proventuss.eu\/hr\/wp-json\/wp\/v2\/comments?post=3017"}],"wp:featuredmedia":[{"embeddable":true,"href":"https:\/\/proventuss.eu\/hr\/wp-json\/wp\/v2\/media\/2233"}],"wp:attachment":[{"href":"https:\/\/proventuss.eu\/hr\/wp-json\/wp\/v2\/media?parent=3017"}],"wp:term":[{"taxonomy":"product_cat","embeddable":true,"href":"https:\/\/proventuss.eu\/hr\/wp-json\/wp\/v2\/product_cat?post=3017"},{"taxonomy":"product_tag","embeddable":true,"href":"https:\/\/proventuss.eu\/hr\/wp-json\/wp\/v2\/product_tag?post=3017"}],"curies":[{"name":"wp","href":"https:\/\/api.w.org\/{rel}","templated":true}]}}