{"id":3003,"date":"2022-04-26T10:30:27","date_gmt":"2022-04-26T10:30:27","guid":{"rendered":"https:\/\/proventuss.eu\/produkt\/vi-pro-strongbond-sb20-ms\/"},"modified":"2022-07-15T06:56:08","modified_gmt":"2022-07-15T06:56:08","slug":"jednokomponentno-gradevinsko-brtvilo-vi-pro-strongbond-sb20-ms","status":"publish","type":"product","link":"https:\/\/proventuss.eu\/hr\/proizvod\/jednokomponentno-gradevinsko-brtvilo-vi-pro-strongbond-sb20-ms\/","title":{"rendered":"Jednokomponentno gra\u0111evinsko brtvilo Vi-Pro\u00ae Strongbond SB20 MS"},"content":{"rendered":"<p><strong>\u00a0Jednokomponentno gra\u0111evinsko brtvilo niskog modula<\/strong><\/p>\n<p><strong>Vi-Pro\u00ae Strongbond SB20 MS<\/strong> je jednokomponentno gra\u0111evinsko brtvilo visokog modula, na bazi silil-modificiranog polimera, koje se mo\u017ee nanijeti pi\u0161toljem i ne opu\u0161ta se. Stvrdnjava se pod utjecajem atmosferske vlage i formira smjesu visokih performansi s trajnom elasti\u010dno\u0161\u0107u i visokom otporno\u0161\u0107u na starenje i vremenske utjecaje. Bez otapala i izocijanata. Vi-Pro\u00ae Strongbond SB20 MS je svestrano i u\u010dinkovito gra\u0111evinsko brtvilo za dilatacijske i gra\u0111evinske spojeve u vertikalnoj i horizontalnoj primjeni, spojeve u monta\u017enim elementima, spojeve vanjskih zidova i obloga. Prikladno je za brtvljenje metalnih krovova i oluka, parapeta mostova i balkona, kao i osiguranje otpornosti na vremenske uvjete spojeva izme\u0111u cigle, blokova, zidova, drva, betona, metala, okvira prozora ili vrata.<\/p>\n<p>ZNA\u010cAJKE:<\/p>\n<p>Ekolo\u0161ki prihvatljivo \u2013 bez izocijanata i otapala<br \/>\n\u2022 Nije potreban simbol opasnosti<br \/>\n\u2022 Bez stvaranja mjehuri\u0107a &#8211; bez mirisa<br \/>\n\u2022 Spaja i brtvi u isto vrijeme<br \/>\n\u2022 Trajno elasti\u010dno; podnosi pomicanje spoja od \u00b125%<br \/>\n\u2022 Jednostavno za nano\u0161enje s izvrsnom konzistencijom alata<br \/>\n\u2022 U\u010dinkovito prianjanje na sve gra\u0111evinske materijale<br \/>\n\u2022 Izuzetna tiksotropija, bez opu\u0161tanja, kratka odrezana traka<br \/>\n\u2022 Izvrsno prianjanje bez temeljnog premaza na svim tipi\u010dnim gra\u0111evinskim i industrijskim materijalima<br \/>\n\u2022 Bez ostavljanja mrlja na betonu i poroznim materijalima<br \/>\n\u2022 Izvrsna otpornost na starenje, vremenske uvjete; postojana boja i ne \u017euti<br \/>\n\u2022 Mo\u017ee se prebojati s mnogo boja na bazi vode i otapala (preporu\u010duju se preliminarni testovi).<\/p>\n","protected":false},"excerpt":{"rendered":"<p>\u00a0Jednokomponentno gra\u0111evinsko brtvilo niskog modula Vi-Pro\u00ae Strongbond SB20 MS je jednokomponentno gra\u0111evinsko brtvilo visokog modula, na bazi silil-modificiranog polimera, koje se mo\u017ee nanijeti pi\u0161toljem i ne opu\u0161ta se. Stvrdnjava se pod utjecajem atmosferske vlage i formira smjesu visokih performansi s trajnom elasti\u010dno\u0161\u0107u i visokom otporno\u0161\u0107u na starenje i vremenske utjecaje. Bez otapala i izocijanata. Vi-Pro\u00ae [&hellip;]<\/p>\n","protected":false},"featured_media":4165,"comment_status":"open","ping_status":"closed","template":"","meta":{"_acf_changed":false},"product_cat":[151],"product_tag":[],"acf":[],"yoast_head":"<!-- This site is optimized with the Yoast SEO plugin v22.9 - https:\/\/yoast.com\/wordpress\/plugins\/seo\/ -->\n<title>Jednokomponentno gra\u0111evinsko brtvilo Vi-Pro\u00ae Strongbond SB20 MS - Proventuss<\/title>\n<meta name=\"robots\" content=\"index, follow, max-snippet:-1, max-image-preview:large, max-video-preview:-1\" \/>\n<link rel=\"canonical\" href=\"https:\/\/proventuss.eu\/hr\/produkt\/jednokomponentno-gradevinsko-brtvilo-vi-pro-strongbond-sb20-ms\/\" \/>\n<meta property=\"og:locale\" content=\"hr_HR\" \/>\n<meta property=\"og:type\" content=\"article\" \/>\n<meta property=\"og:title\" content=\"Jednokomponentno gra\u0111evinsko brtvilo Vi-Pro\u00ae Strongbond SB20 MS - Proventuss\" \/>\n<meta property=\"og:description\" content=\"\u00a0Jednokomponentno gra\u0111evinsko brtvilo niskog modula Vi-Pro\u00ae Strongbond SB20 MS je jednokomponentno gra\u0111evinsko brtvilo visokog modula, na bazi silil-modificiranog polimera, koje se mo\u017ee nanijeti pi\u0161toljem i ne opu\u0161ta se. Stvrdnjava se pod utjecajem atmosferske vlage i formira smjesu visokih performansi s trajnom elasti\u010dno\u0161\u0107u i visokom otporno\u0161\u0107u na starenje i vremenske utjecaje. Bez otapala i izocijanata. Vi-Pro\u00ae [&hellip;]\" \/>\n<meta property=\"og:url\" content=\"https:\/\/proventuss.eu\/hr\/produkt\/jednokomponentno-gradevinsko-brtvilo-vi-pro-strongbond-sb20-ms\/\" \/>\n<meta property=\"og:site_name\" content=\"Proventuss\" \/>\n<meta property=\"article:modified_time\" content=\"2022-07-15T06:56:08+00:00\" \/>\n<meta property=\"og:image\" content=\"https:\/\/proventuss.eu\/wp-content\/uploads\/2022\/04\/Vi-Pro-Strongbond-SB20-MS.png\" \/>\n\t<meta property=\"og:image:width\" content=\"317\" \/>\n\t<meta property=\"og:image:height\" content=\"1920\" \/>\n\t<meta property=\"og:image:type\" content=\"image\/png\" \/>\n<meta name=\"twitter:card\" content=\"summary_large_image\" \/>\n<meta name=\"twitter:label1\" content=\"Procijenjeno vrijeme \u010ditanja\" \/>\n\t<meta name=\"twitter:data1\" content=\"1 minuta\" \/>\n<script type=\"application\/ld+json\" class=\"yoast-schema-graph\">{\"@context\":\"https:\/\/schema.org\",\"@graph\":[{\"@type\":\"WebPage\",\"@id\":\"https:\/\/proventuss.eu\/hr\/produkt\/jednokomponentno-gradevinsko-brtvilo-vi-pro-strongbond-sb20-ms\/\",\"url\":\"https:\/\/proventuss.eu\/hr\/produkt\/jednokomponentno-gradevinsko-brtvilo-vi-pro-strongbond-sb20-ms\/\",\"name\":\"Jednokomponentno gra\u0111evinsko brtvilo Vi-Pro\u00ae Strongbond SB20 MS - Proventuss\",\"isPartOf\":{\"@id\":\"https:\/\/proventuss.eu\/#website\"},\"primaryImageOfPage\":{\"@id\":\"https:\/\/proventuss.eu\/hr\/produkt\/jednokomponentno-gradevinsko-brtvilo-vi-pro-strongbond-sb20-ms\/#primaryimage\"},\"image\":{\"@id\":\"https:\/\/proventuss.eu\/hr\/produkt\/jednokomponentno-gradevinsko-brtvilo-vi-pro-strongbond-sb20-ms\/#primaryimage\"},\"thumbnailUrl\":\"https:\/\/proventuss.eu\/wp-content\/uploads\/2022\/04\/Vi-Pro-Strongbond-SB20-MS.png\",\"datePublished\":\"2022-04-26T10:30:27+00:00\",\"dateModified\":\"2022-07-15T06:56:08+00:00\",\"breadcrumb\":{\"@id\":\"https:\/\/proventuss.eu\/hr\/produkt\/jednokomponentno-gradevinsko-brtvilo-vi-pro-strongbond-sb20-ms\/#breadcrumb\"},\"inLanguage\":\"hr\",\"potentialAction\":[{\"@type\":\"ReadAction\",\"target\":[\"https:\/\/proventuss.eu\/hr\/produkt\/jednokomponentno-gradevinsko-brtvilo-vi-pro-strongbond-sb20-ms\/\"]}]},{\"@type\":\"ImageObject\",\"inLanguage\":\"hr\",\"@id\":\"https:\/\/proventuss.eu\/hr\/produkt\/jednokomponentno-gradevinsko-brtvilo-vi-pro-strongbond-sb20-ms\/#primaryimage\",\"url\":\"https:\/\/proventuss.eu\/wp-content\/uploads\/2022\/04\/Vi-Pro-Strongbond-SB20-MS.png\",\"contentUrl\":\"https:\/\/proventuss.eu\/wp-content\/uploads\/2022\/04\/Vi-Pro-Strongbond-SB20-MS.png\",\"width\":317,\"height\":1920,\"caption\":\"Na zdj\u0119ciu wydajny, jednosk\u0142adnikowy uszczelniacz budowlany do uszczelniania metalowych dach\u00f3w i rynien, most\u00f3w i parapet\u00f3w balkonowych. Kie\u0142baska.\"},{\"@type\":\"BreadcrumbList\",\"@id\":\"https:\/\/proventuss.eu\/hr\/produkt\/jednokomponentno-gradevinsko-brtvilo-vi-pro-strongbond-sb20-ms\/#breadcrumb\",\"itemListElement\":[{\"@type\":\"ListItem\",\"position\":1,\"name\":\"Home\",\"item\":\"https:\/\/proventuss.eu\/\"},{\"@type\":\"ListItem\",\"position\":2,\"name\":\"Shop\",\"item\":\"https:\/\/proventuss.eu\/hr\/pohraniti\/\"},{\"@type\":\"ListItem\",\"position\":3,\"name\":\"Jednokomponentno gra\u0111evinsko brtvilo Vi-Pro\u00ae Strongbond SB20 MS\"}]},{\"@type\":\"WebSite\",\"@id\":\"https:\/\/proventuss.eu\/#website\",\"url\":\"https:\/\/proventuss.eu\/\",\"name\":\"Proventuss\",\"description\":\"\",\"potentialAction\":[{\"@type\":\"SearchAction\",\"target\":{\"@type\":\"EntryPoint\",\"urlTemplate\":\"https:\/\/proventuss.eu\/?s={search_term_string}\"},\"query-input\":\"required name=search_term_string\"}],\"inLanguage\":\"hr\"}]}<\/script>\n<!-- \/ Yoast SEO plugin. -->","yoast_head_json":{"title":"Jednokomponentno gra\u0111evinsko brtvilo Vi-Pro\u00ae Strongbond SB20 MS - Proventuss","robots":{"index":"index","follow":"follow","max-snippet":"max-snippet:-1","max-image-preview":"max-image-preview:large","max-video-preview":"max-video-preview:-1"},"canonical":"https:\/\/proventuss.eu\/hr\/produkt\/jednokomponentno-gradevinsko-brtvilo-vi-pro-strongbond-sb20-ms\/","og_locale":"hr_HR","og_type":"article","og_title":"Jednokomponentno gra\u0111evinsko brtvilo Vi-Pro\u00ae Strongbond SB20 MS - Proventuss","og_description":"\u00a0Jednokomponentno gra\u0111evinsko brtvilo niskog modula Vi-Pro\u00ae Strongbond SB20 MS je jednokomponentno gra\u0111evinsko brtvilo visokog modula, na bazi silil-modificiranog polimera, koje se mo\u017ee nanijeti pi\u0161toljem i ne opu\u0161ta se. Stvrdnjava se pod utjecajem atmosferske vlage i formira smjesu visokih performansi s trajnom elasti\u010dno\u0161\u0107u i visokom otporno\u0161\u0107u na starenje i vremenske utjecaje. Bez otapala i izocijanata. Vi-Pro\u00ae [&hellip;]","og_url":"https:\/\/proventuss.eu\/hr\/produkt\/jednokomponentno-gradevinsko-brtvilo-vi-pro-strongbond-sb20-ms\/","og_site_name":"Proventuss","article_modified_time":"2022-07-15T06:56:08+00:00","og_image":[{"width":317,"height":1920,"url":"https:\/\/proventuss.eu\/wp-content\/uploads\/2022\/04\/Vi-Pro-Strongbond-SB20-MS.png","type":"image\/png"}],"twitter_card":"summary_large_image","twitter_misc":{"Procijenjeno vrijeme \u010ditanja":"1 minuta"},"schema":{"@context":"https:\/\/schema.org","@graph":[{"@type":"WebPage","@id":"https:\/\/proventuss.eu\/hr\/produkt\/jednokomponentno-gradevinsko-brtvilo-vi-pro-strongbond-sb20-ms\/","url":"https:\/\/proventuss.eu\/hr\/produkt\/jednokomponentno-gradevinsko-brtvilo-vi-pro-strongbond-sb20-ms\/","name":"Jednokomponentno gra\u0111evinsko brtvilo Vi-Pro\u00ae Strongbond SB20 MS - Proventuss","isPartOf":{"@id":"https:\/\/proventuss.eu\/#website"},"primaryImageOfPage":{"@id":"https:\/\/proventuss.eu\/hr\/produkt\/jednokomponentno-gradevinsko-brtvilo-vi-pro-strongbond-sb20-ms\/#primaryimage"},"image":{"@id":"https:\/\/proventuss.eu\/hr\/produkt\/jednokomponentno-gradevinsko-brtvilo-vi-pro-strongbond-sb20-ms\/#primaryimage"},"thumbnailUrl":"https:\/\/proventuss.eu\/wp-content\/uploads\/2022\/04\/Vi-Pro-Strongbond-SB20-MS.png","datePublished":"2022-04-26T10:30:27+00:00","dateModified":"2022-07-15T06:56:08+00:00","breadcrumb":{"@id":"https:\/\/proventuss.eu\/hr\/produkt\/jednokomponentno-gradevinsko-brtvilo-vi-pro-strongbond-sb20-ms\/#breadcrumb"},"inLanguage":"hr","potentialAction":[{"@type":"ReadAction","target":["https:\/\/proventuss.eu\/hr\/produkt\/jednokomponentno-gradevinsko-brtvilo-vi-pro-strongbond-sb20-ms\/"]}]},{"@type":"ImageObject","inLanguage":"hr","@id":"https:\/\/proventuss.eu\/hr\/produkt\/jednokomponentno-gradevinsko-brtvilo-vi-pro-strongbond-sb20-ms\/#primaryimage","url":"https:\/\/proventuss.eu\/wp-content\/uploads\/2022\/04\/Vi-Pro-Strongbond-SB20-MS.png","contentUrl":"https:\/\/proventuss.eu\/wp-content\/uploads\/2022\/04\/Vi-Pro-Strongbond-SB20-MS.png","width":317,"height":1920,"caption":"Na zdj\u0119ciu wydajny, jednosk\u0142adnikowy uszczelniacz budowlany do uszczelniania metalowych dach\u00f3w i rynien, most\u00f3w i parapet\u00f3w balkonowych. Kie\u0142baska."},{"@type":"BreadcrumbList","@id":"https:\/\/proventuss.eu\/hr\/produkt\/jednokomponentno-gradevinsko-brtvilo-vi-pro-strongbond-sb20-ms\/#breadcrumb","itemListElement":[{"@type":"ListItem","position":1,"name":"Home","item":"https:\/\/proventuss.eu\/"},{"@type":"ListItem","position":2,"name":"Shop","item":"https:\/\/proventuss.eu\/hr\/pohraniti\/"},{"@type":"ListItem","position":3,"name":"Jednokomponentno gra\u0111evinsko brtvilo Vi-Pro\u00ae Strongbond SB20 MS"}]},{"@type":"WebSite","@id":"https:\/\/proventuss.eu\/#website","url":"https:\/\/proventuss.eu\/","name":"Proventuss","description":"","potentialAction":[{"@type":"SearchAction","target":{"@type":"EntryPoint","urlTemplate":"https:\/\/proventuss.eu\/?s={search_term_string}"},"query-input":"required name=search_term_string"}],"inLanguage":"hr"}]}},"_links":{"self":[{"href":"https:\/\/proventuss.eu\/hr\/wp-json\/wp\/v2\/product\/3003"}],"collection":[{"href":"https:\/\/proventuss.eu\/hr\/wp-json\/wp\/v2\/product"}],"about":[{"href":"https:\/\/proventuss.eu\/hr\/wp-json\/wp\/v2\/types\/product"}],"replies":[{"embeddable":true,"href":"https:\/\/proventuss.eu\/hr\/wp-json\/wp\/v2\/comments?post=3003"}],"wp:featuredmedia":[{"embeddable":true,"href":"https:\/\/proventuss.eu\/hr\/wp-json\/wp\/v2\/media\/4165"}],"wp:attachment":[{"href":"https:\/\/proventuss.eu\/hr\/wp-json\/wp\/v2\/media?parent=3003"}],"wp:term":[{"taxonomy":"product_cat","embeddable":true,"href":"https:\/\/proventuss.eu\/hr\/wp-json\/wp\/v2\/product_cat?post=3003"},{"taxonomy":"product_tag","embeddable":true,"href":"https:\/\/proventuss.eu\/hr\/wp-json\/wp\/v2\/product_tag?post=3003"}],"curies":[{"name":"wp","href":"https:\/\/api.w.org\/{rel}","templated":true}]}}