{"id":2993,"date":"2022-04-26T10:45:35","date_gmt":"2022-04-26T10:45:35","guid":{"rendered":"https:\/\/proventuss.eu\/produkt\/vi-pro-backer-stip\/"},"modified":"2022-07-15T06:58:04","modified_gmt":"2022-07-15T06:58:04","slug":"kabel-za-punjenje-pjenastim-polietilenom-vi-pro-backer-rod","status":"publish","type":"product","link":"https:\/\/proventuss.eu\/hr\/proizvod\/kabel-za-punjenje-pjenastim-polietilenom-vi-pro-backer-rod\/","title":{"rendered":"Kabel za punjenje pjenastim polietilenom Vi-Pro\u00ae BACKER ROD"},"content":{"rendered":"<p><strong>KABEL ZA PUNJENJE OD POLIURETANSKE PJENE.<\/strong> Fleksibilno \u0161irenje i brtvljenje za ugradnju prozora i fasada, izolaciju zgrada i druge radove na renoviranju i gra\u0111enju osigurava kabel za punjenje od poliuretanske pjene Vi-Pro\u00ae Backer Rod.<\/p>\n<p>Univerzalan i jednostavan za ugradnju, kabel se mo\u017ee koristiti unutar i izvan zgrade, na okomitim i vodoravnim povr\u0161inama. Kabel stvara po\u010detno popunjavanje praznina, omogu\u0107uje njihov ispravan popre\u010dni presjek i smanjuje potro\u0161nju materijala za punjenje (npr. silikona).<\/p>\n<p><strong>PREDNOSTI:<\/strong><br \/>\n\u2022 Univerzalna &#8211; za brtvljenje i dilataciju u raznim primjenama<br \/>\n\u2022 Jednostavna za uporabu, za rezanje na \u017eeljenu du\u017einu<\/p>\n<p><strong>DOSTUPNE DIMENZIJE:<\/strong><br \/>\n6 mm, 8 mm, 10 mm<br \/>\nRola od 25 m<\/p>\n","protected":false},"excerpt":{"rendered":"<p>KABEL ZA PUNJENJE OD POLIURETANSKE PJENE. Fleksibilno \u0161irenje i brtvljenje za ugradnju prozora i fasada, izolaciju zgrada i druge radove na renoviranju i gra\u0111enju osigurava kabel za punjenje od poliuretanske pjene Vi-Pro\u00ae Backer Rod. Univerzalan i jednostavan za ugradnju, kabel se mo\u017ee koristiti unutar i izvan zgrade, na okomitim i vodoravnim povr\u0161inama. Kabel stvara po\u010detno [&hellip;]<\/p>\n","protected":false},"featured_media":2117,"comment_status":"open","ping_status":"closed","template":"","meta":{"_acf_changed":false},"product_cat":[156],"product_tag":[],"acf":[],"yoast_head":"<!-- This site is optimized with the Yoast SEO plugin v22.9 - https:\/\/yoast.com\/wordpress\/plugins\/seo\/ -->\n<title>Kabel za punjenje pjenastim polietilenom Vi-Pro\u00ae BACKER ROD - Proventuss<\/title>\n<meta name=\"robots\" content=\"index, follow, max-snippet:-1, max-image-preview:large, max-video-preview:-1\" \/>\n<link rel=\"canonical\" href=\"https:\/\/proventuss.eu\/hr\/produkt\/kabel-za-punjenje-pjenastim-polietilenom-vi-pro-backer-rod\/\" \/>\n<meta property=\"og:locale\" content=\"hr_HR\" \/>\n<meta property=\"og:type\" content=\"article\" \/>\n<meta property=\"og:title\" content=\"Kabel za punjenje pjenastim polietilenom Vi-Pro\u00ae BACKER ROD - Proventuss\" \/>\n<meta property=\"og:description\" content=\"KABEL ZA PUNJENJE OD POLIURETANSKE PJENE. Fleksibilno \u0161irenje i brtvljenje za ugradnju prozora i fasada, izolaciju zgrada i druge radove na renoviranju i gra\u0111enju osigurava kabel za punjenje od poliuretanske pjene Vi-Pro\u00ae Backer Rod. Univerzalan i jednostavan za ugradnju, kabel se mo\u017ee koristiti unutar i izvan zgrade, na okomitim i vodoravnim povr\u0161inama. Kabel stvara po\u010detno [&hellip;]\" \/>\n<meta property=\"og:url\" content=\"https:\/\/proventuss.eu\/hr\/produkt\/kabel-za-punjenje-pjenastim-polietilenom-vi-pro-backer-rod\/\" \/>\n<meta property=\"og:site_name\" content=\"Proventuss\" \/>\n<meta property=\"article:modified_time\" content=\"2022-07-15T06:58:04+00:00\" \/>\n<meta property=\"og:image\" content=\"https:\/\/proventuss.eu\/wp-content\/uploads\/2022\/04\/Vi-Pro-Backer-Rod-8-mm-na-25-m.png\" \/>\n\t<meta property=\"og:image:width\" content=\"640\" \/>\n\t<meta property=\"og:image:height\" content=\"640\" \/>\n\t<meta property=\"og:image:type\" content=\"image\/png\" \/>\n<meta name=\"twitter:card\" content=\"summary_large_image\" \/>\n<meta name=\"twitter:label1\" content=\"Procijenjeno vrijeme \u010ditanja\" \/>\n\t<meta name=\"twitter:data1\" content=\"1 minuta\" \/>\n<script type=\"application\/ld+json\" class=\"yoast-schema-graph\">{\"@context\":\"https:\/\/schema.org\",\"@graph\":[{\"@type\":\"WebPage\",\"@id\":\"https:\/\/proventuss.eu\/hr\/produkt\/kabel-za-punjenje-pjenastim-polietilenom-vi-pro-backer-rod\/\",\"url\":\"https:\/\/proventuss.eu\/hr\/produkt\/kabel-za-punjenje-pjenastim-polietilenom-vi-pro-backer-rod\/\",\"name\":\"Kabel za punjenje pjenastim polietilenom Vi-Pro\u00ae BACKER ROD - Proventuss\",\"isPartOf\":{\"@id\":\"https:\/\/proventuss.eu\/#website\"},\"primaryImageOfPage\":{\"@id\":\"https:\/\/proventuss.eu\/hr\/produkt\/kabel-za-punjenje-pjenastim-polietilenom-vi-pro-backer-rod\/#primaryimage\"},\"image\":{\"@id\":\"https:\/\/proventuss.eu\/hr\/produkt\/kabel-za-punjenje-pjenastim-polietilenom-vi-pro-backer-rod\/#primaryimage\"},\"thumbnailUrl\":\"https:\/\/proventuss.eu\/wp-content\/uploads\/2022\/04\/Vi-Pro-Backer-Rod-8-mm-na-25-m.png\",\"datePublished\":\"2022-04-26T10:45:35+00:00\",\"dateModified\":\"2022-07-15T06:58:04+00:00\",\"breadcrumb\":{\"@id\":\"https:\/\/proventuss.eu\/hr\/produkt\/kabel-za-punjenje-pjenastim-polietilenom-vi-pro-backer-rod\/#breadcrumb\"},\"inLanguage\":\"hr\",\"potentialAction\":[{\"@type\":\"ReadAction\",\"target\":[\"https:\/\/proventuss.eu\/hr\/produkt\/kabel-za-punjenje-pjenastim-polietilenom-vi-pro-backer-rod\/\"]}]},{\"@type\":\"ImageObject\",\"inLanguage\":\"hr\",\"@id\":\"https:\/\/proventuss.eu\/hr\/produkt\/kabel-za-punjenje-pjenastim-polietilenom-vi-pro-backer-rod\/#primaryimage\",\"url\":\"https:\/\/proventuss.eu\/wp-content\/uploads\/2022\/04\/Vi-Pro-Backer-Rod-8-mm-na-25-m.png\",\"contentUrl\":\"https:\/\/proventuss.eu\/wp-content\/uploads\/2022\/04\/Vi-Pro-Backer-Rod-8-mm-na-25-m.png\",\"width\":640,\"height\":640,\"caption\":\"Na zdj\u0119ciu sznur wype\u0142niaj\u0105cy z pianki polietylenowej - elastyczne wype\u0142nienie dylatacyjne i uszczelnienie przy monta\u017cu okien i fasad.\"},{\"@type\":\"BreadcrumbList\",\"@id\":\"https:\/\/proventuss.eu\/hr\/produkt\/kabel-za-punjenje-pjenastim-polietilenom-vi-pro-backer-rod\/#breadcrumb\",\"itemListElement\":[{\"@type\":\"ListItem\",\"position\":1,\"name\":\"Home\",\"item\":\"https:\/\/proventuss.eu\/\"},{\"@type\":\"ListItem\",\"position\":2,\"name\":\"Shop\",\"item\":\"https:\/\/proventuss.eu\/hr\/pohraniti\/\"},{\"@type\":\"ListItem\",\"position\":3,\"name\":\"Kabel za punjenje pjenastim polietilenom Vi-Pro\u00ae BACKER ROD\"}]},{\"@type\":\"WebSite\",\"@id\":\"https:\/\/proventuss.eu\/#website\",\"url\":\"https:\/\/proventuss.eu\/\",\"name\":\"Proventuss\",\"description\":\"\",\"potentialAction\":[{\"@type\":\"SearchAction\",\"target\":{\"@type\":\"EntryPoint\",\"urlTemplate\":\"https:\/\/proventuss.eu\/?s={search_term_string}\"},\"query-input\":\"required name=search_term_string\"}],\"inLanguage\":\"hr\"}]}<\/script>\n<!-- \/ Yoast SEO plugin. -->","yoast_head_json":{"title":"Kabel za punjenje pjenastim polietilenom Vi-Pro\u00ae BACKER ROD - Proventuss","robots":{"index":"index","follow":"follow","max-snippet":"max-snippet:-1","max-image-preview":"max-image-preview:large","max-video-preview":"max-video-preview:-1"},"canonical":"https:\/\/proventuss.eu\/hr\/produkt\/kabel-za-punjenje-pjenastim-polietilenom-vi-pro-backer-rod\/","og_locale":"hr_HR","og_type":"article","og_title":"Kabel za punjenje pjenastim polietilenom Vi-Pro\u00ae BACKER ROD - Proventuss","og_description":"KABEL ZA PUNJENJE OD POLIURETANSKE PJENE. Fleksibilno \u0161irenje i brtvljenje za ugradnju prozora i fasada, izolaciju zgrada i druge radove na renoviranju i gra\u0111enju osigurava kabel za punjenje od poliuretanske pjene Vi-Pro\u00ae Backer Rod. Univerzalan i jednostavan za ugradnju, kabel se mo\u017ee koristiti unutar i izvan zgrade, na okomitim i vodoravnim povr\u0161inama. Kabel stvara po\u010detno [&hellip;]","og_url":"https:\/\/proventuss.eu\/hr\/produkt\/kabel-za-punjenje-pjenastim-polietilenom-vi-pro-backer-rod\/","og_site_name":"Proventuss","article_modified_time":"2022-07-15T06:58:04+00:00","og_image":[{"width":640,"height":640,"url":"https:\/\/proventuss.eu\/wp-content\/uploads\/2022\/04\/Vi-Pro-Backer-Rod-8-mm-na-25-m.png","type":"image\/png"}],"twitter_card":"summary_large_image","twitter_misc":{"Procijenjeno vrijeme \u010ditanja":"1 minuta"},"schema":{"@context":"https:\/\/schema.org","@graph":[{"@type":"WebPage","@id":"https:\/\/proventuss.eu\/hr\/produkt\/kabel-za-punjenje-pjenastim-polietilenom-vi-pro-backer-rod\/","url":"https:\/\/proventuss.eu\/hr\/produkt\/kabel-za-punjenje-pjenastim-polietilenom-vi-pro-backer-rod\/","name":"Kabel za punjenje pjenastim polietilenom Vi-Pro\u00ae BACKER ROD - Proventuss","isPartOf":{"@id":"https:\/\/proventuss.eu\/#website"},"primaryImageOfPage":{"@id":"https:\/\/proventuss.eu\/hr\/produkt\/kabel-za-punjenje-pjenastim-polietilenom-vi-pro-backer-rod\/#primaryimage"},"image":{"@id":"https:\/\/proventuss.eu\/hr\/produkt\/kabel-za-punjenje-pjenastim-polietilenom-vi-pro-backer-rod\/#primaryimage"},"thumbnailUrl":"https:\/\/proventuss.eu\/wp-content\/uploads\/2022\/04\/Vi-Pro-Backer-Rod-8-mm-na-25-m.png","datePublished":"2022-04-26T10:45:35+00:00","dateModified":"2022-07-15T06:58:04+00:00","breadcrumb":{"@id":"https:\/\/proventuss.eu\/hr\/produkt\/kabel-za-punjenje-pjenastim-polietilenom-vi-pro-backer-rod\/#breadcrumb"},"inLanguage":"hr","potentialAction":[{"@type":"ReadAction","target":["https:\/\/proventuss.eu\/hr\/produkt\/kabel-za-punjenje-pjenastim-polietilenom-vi-pro-backer-rod\/"]}]},{"@type":"ImageObject","inLanguage":"hr","@id":"https:\/\/proventuss.eu\/hr\/produkt\/kabel-za-punjenje-pjenastim-polietilenom-vi-pro-backer-rod\/#primaryimage","url":"https:\/\/proventuss.eu\/wp-content\/uploads\/2022\/04\/Vi-Pro-Backer-Rod-8-mm-na-25-m.png","contentUrl":"https:\/\/proventuss.eu\/wp-content\/uploads\/2022\/04\/Vi-Pro-Backer-Rod-8-mm-na-25-m.png","width":640,"height":640,"caption":"Na zdj\u0119ciu sznur wype\u0142niaj\u0105cy z pianki polietylenowej - elastyczne wype\u0142nienie dylatacyjne i uszczelnienie przy monta\u017cu okien i fasad."},{"@type":"BreadcrumbList","@id":"https:\/\/proventuss.eu\/hr\/produkt\/kabel-za-punjenje-pjenastim-polietilenom-vi-pro-backer-rod\/#breadcrumb","itemListElement":[{"@type":"ListItem","position":1,"name":"Home","item":"https:\/\/proventuss.eu\/"},{"@type":"ListItem","position":2,"name":"Shop","item":"https:\/\/proventuss.eu\/hr\/pohraniti\/"},{"@type":"ListItem","position":3,"name":"Kabel za punjenje pjenastim polietilenom Vi-Pro\u00ae BACKER ROD"}]},{"@type":"WebSite","@id":"https:\/\/proventuss.eu\/#website","url":"https:\/\/proventuss.eu\/","name":"Proventuss","description":"","potentialAction":[{"@type":"SearchAction","target":{"@type":"EntryPoint","urlTemplate":"https:\/\/proventuss.eu\/?s={search_term_string}"},"query-input":"required name=search_term_string"}],"inLanguage":"hr"}]}},"_links":{"self":[{"href":"https:\/\/proventuss.eu\/hr\/wp-json\/wp\/v2\/product\/2993"}],"collection":[{"href":"https:\/\/proventuss.eu\/hr\/wp-json\/wp\/v2\/product"}],"about":[{"href":"https:\/\/proventuss.eu\/hr\/wp-json\/wp\/v2\/types\/product"}],"replies":[{"embeddable":true,"href":"https:\/\/proventuss.eu\/hr\/wp-json\/wp\/v2\/comments?post=2993"}],"wp:featuredmedia":[{"embeddable":true,"href":"https:\/\/proventuss.eu\/hr\/wp-json\/wp\/v2\/media\/2117"}],"wp:attachment":[{"href":"https:\/\/proventuss.eu\/hr\/wp-json\/wp\/v2\/media?parent=2993"}],"wp:term":[{"taxonomy":"product_cat","embeddable":true,"href":"https:\/\/proventuss.eu\/hr\/wp-json\/wp\/v2\/product_cat?post=2993"},{"taxonomy":"product_tag","embeddable":true,"href":"https:\/\/proventuss.eu\/hr\/wp-json\/wp\/v2\/product_tag?post=2993"}],"curies":[{"name":"wp","href":"https:\/\/api.w.org\/{rel}","templated":true}]}}