{"id":2991,"date":"2022-04-26T10:34:58","date_gmt":"2022-04-26T10:34:58","guid":{"rendered":"https:\/\/proventuss.eu\/produkt\/vi-pro-strongbond-sb55-ms\/"},"modified":"2024-11-28T10:24:35","modified_gmt":"2024-11-28T10:24:35","slug":"jednokomponentno-elasticno-ljepilo-vi-pro-strongbond-sb55-ms","status":"publish","type":"product","link":"https:\/\/proventuss.eu\/hr\/proizvod\/jednokomponentno-elasticno-ljepilo-vi-pro-strongbond-sb55-ms\/","title":{"rendered":"Jednokomponentno elasti\u010dno ljepilo Vi-Pro\u00ae Strongbond SB55 MS"},"content":{"rendered":"<p><strong> Jednokomponentno gra\u0111evinsko brtvilo visokog modula<\/strong><\/p>\n<p><strong>Vi-Pro\u00ae Strongbond SB55 MS<\/strong> je vi\u0161enamjensko jednokomponentno ljepilo i brtvilo visokog modula, na bazi silil-modificiranog polimera, koje se mo\u017ee nanijeti pi\u0161toljem i ne opu\u0161ta se. Stvrdnjava pod utjecajem atmosferske vlage i stvara visokou\u010dinkovito, trajno fleksibilno elasti\u010dno ljepilo. Bez otapala i izocijanata.<\/p>\n<p><strong>TIPI\u010cNE PRIMJENE:<\/strong><\/p>\n<p>Vi-Pro\u00ae Strongbond SB55 MS je svestrano i u\u010dinkovito elasti\u010dno ljepilo i brtvilo za primjenu za elasti\u010dno lijepljenje i brtvljenje u gra\u0111evinarstvu i industrijskoj monta\u017ei, automobilskoj industriji, transportu (autobusi, kamp prikolice, vozila hladnja\u010de, kontejneri), pomorstvu, klimatizaciji i ventilaciji, gdje je potreban \u010dvrsti fleksibilni gumeni spoj ili sna\u017eno elasti\u010dno ljepilo.<\/p>\n<p><strong>ZNA\u010cAJKE:<\/strong><\/p>\n<p>\u2022 Silil-modificirani polimer<br \/>\n\u2022 Bez otapala i izocijanata<br \/>\n\u2022 Dobra otpornost na starenje i vremenske uvjete<br \/>\n\u2022 Izvanredna tiksotropija, bez opu\u0161tanja, kratka odrezana traka<br \/>\n\u2022 Trajno fleksibilno na \u0161irokom rasponu temperatura<br \/>\n\u2022 Bez stvaranja mjehuri\u0107a<br \/>\n\u2022 Jednostavno za nano\u0161enje pi\u0161toljem uz izvrsnu konzistenciju pri upotrebi s alatima<br \/>\n\u2022 Izvrsno prianjanje bez temeljnog premaza na svim tipi\u010dnim gra\u0111evinskim i industrijskim materijalima i<br \/>\npodlogama<br \/>\n\u2022 Neutralno pona\u0161anje, ne napada potpornu povr\u0161inu<br \/>\n\u2022 Nije potreban simbol opasnosti<br \/>\n\u2022 Mo\u017ee se prebojati s mnogo boja na bazi vode i otapala (preporu\u010duju se preliminarni testovi).<\/p>\n","protected":false},"excerpt":{"rendered":"<p>Jednokomponentno gra\u0111evinsko brtvilo visokog modula Vi-Pro\u00ae Strongbond SB55 MS je vi\u0161enamjensko jednokomponentno ljepilo i brtvilo visokog modula, na bazi silil-modificiranog polimera, koje se mo\u017ee nanijeti pi\u0161toljem i ne opu\u0161ta se. Stvrdnjava pod utjecajem atmosferske vlage i stvara visokou\u010dinkovito, trajno fleksibilno elasti\u010dno ljepilo. Bez otapala i izocijanata. TIPI\u010cNE PRIMJENE: Vi-Pro\u00ae Strongbond SB55 MS je svestrano i [&hellip;]<\/p>\n","protected":false},"featured_media":4172,"comment_status":"open","ping_status":"closed","template":"","meta":{"_acf_changed":false},"product_cat":[151,121],"product_tag":[],"acf":[],"yoast_head":"<!-- This site is optimized with the Yoast SEO plugin v22.9 - https:\/\/yoast.com\/wordpress\/plugins\/seo\/ -->\n<title>Jednokomponentno elasti\u010dno ljepilo Vi-Pro\u00ae Strongbond SB55 MS - Proventuss<\/title>\n<meta name=\"robots\" content=\"index, follow, max-snippet:-1, max-image-preview:large, max-video-preview:-1\" \/>\n<link rel=\"canonical\" href=\"https:\/\/proventuss.eu\/hr\/produkt\/jednokomponentno-elasticno-ljepilo-vi-pro-strongbond-sb55-ms\/\" \/>\n<meta property=\"og:locale\" content=\"hr_HR\" \/>\n<meta property=\"og:type\" content=\"article\" \/>\n<meta property=\"og:title\" content=\"Jednokomponentno elasti\u010dno ljepilo Vi-Pro\u00ae Strongbond SB55 MS - Proventuss\" \/>\n<meta property=\"og:description\" content=\"Jednokomponentno gra\u0111evinsko brtvilo visokog modula Vi-Pro\u00ae Strongbond SB55 MS je vi\u0161enamjensko jednokomponentno ljepilo i brtvilo visokog modula, na bazi silil-modificiranog polimera, koje se mo\u017ee nanijeti pi\u0161toljem i ne opu\u0161ta se. Stvrdnjava pod utjecajem atmosferske vlage i stvara visokou\u010dinkovito, trajno fleksibilno elasti\u010dno ljepilo. Bez otapala i izocijanata. TIPI\u010cNE PRIMJENE: Vi-Pro\u00ae Strongbond SB55 MS je svestrano i [&hellip;]\" \/>\n<meta property=\"og:url\" content=\"https:\/\/proventuss.eu\/hr\/produkt\/jednokomponentno-elasticno-ljepilo-vi-pro-strongbond-sb55-ms\/\" \/>\n<meta property=\"og:site_name\" content=\"Proventuss\" \/>\n<meta property=\"article:modified_time\" content=\"2024-11-28T10:24:35+00:00\" \/>\n<meta property=\"og:image\" content=\"https:\/\/proventuss.eu\/wp-content\/uploads\/2022\/04\/Vi-Pro-Strongbond-SB55-MS.png\" \/>\n\t<meta property=\"og:image:width\" content=\"357\" \/>\n\t<meta property=\"og:image:height\" content=\"1920\" \/>\n\t<meta property=\"og:image:type\" content=\"image\/png\" \/>\n<meta name=\"twitter:card\" content=\"summary_large_image\" \/>\n<meta name=\"twitter:label1\" content=\"Procijenjeno vrijeme \u010ditanja\" \/>\n\t<meta name=\"twitter:data1\" content=\"2 minute\" \/>\n<script type=\"application\/ld+json\" class=\"yoast-schema-graph\">{\"@context\":\"https:\/\/schema.org\",\"@graph\":[{\"@type\":\"WebPage\",\"@id\":\"https:\/\/proventuss.eu\/hr\/produkt\/jednokomponentno-elasticno-ljepilo-vi-pro-strongbond-sb55-ms\/\",\"url\":\"https:\/\/proventuss.eu\/hr\/produkt\/jednokomponentno-elasticno-ljepilo-vi-pro-strongbond-sb55-ms\/\",\"name\":\"Jednokomponentno elasti\u010dno ljepilo Vi-Pro\u00ae Strongbond SB55 MS - Proventuss\",\"isPartOf\":{\"@id\":\"https:\/\/proventuss.eu\/#website\"},\"primaryImageOfPage\":{\"@id\":\"https:\/\/proventuss.eu\/hr\/produkt\/jednokomponentno-elasticno-ljepilo-vi-pro-strongbond-sb55-ms\/#primaryimage\"},\"image\":{\"@id\":\"https:\/\/proventuss.eu\/hr\/produkt\/jednokomponentno-elasticno-ljepilo-vi-pro-strongbond-sb55-ms\/#primaryimage\"},\"thumbnailUrl\":\"https:\/\/proventuss.eu\/wp-content\/uploads\/2022\/04\/Vi-Pro-Strongbond-SB55-MS.png\",\"datePublished\":\"2022-04-26T10:34:58+00:00\",\"dateModified\":\"2024-11-28T10:24:35+00:00\",\"breadcrumb\":{\"@id\":\"https:\/\/proventuss.eu\/hr\/produkt\/jednokomponentno-elasticno-ljepilo-vi-pro-strongbond-sb55-ms\/#breadcrumb\"},\"inLanguage\":\"hr\",\"potentialAction\":[{\"@type\":\"ReadAction\",\"target\":[\"https:\/\/proventuss.eu\/hr\/produkt\/jednokomponentno-elasticno-ljepilo-vi-pro-strongbond-sb55-ms\/\"]}]},{\"@type\":\"ImageObject\",\"inLanguage\":\"hr\",\"@id\":\"https:\/\/proventuss.eu\/hr\/produkt\/jednokomponentno-elasticno-ljepilo-vi-pro-strongbond-sb55-ms\/#primaryimage\",\"url\":\"https:\/\/proventuss.eu\/wp-content\/uploads\/2022\/04\/Vi-Pro-Strongbond-SB55-MS.png\",\"contentUrl\":\"https:\/\/proventuss.eu\/wp-content\/uploads\/2022\/04\/Vi-Pro-Strongbond-SB55-MS.png\",\"width\":357,\"height\":1920,\"caption\":\"Na zdj\u0119ciu Jednosk\u0142adnikowy elastyczny klej - doskona\u0142a przyczepno\u015b\u0107 bez podk\u0142adu do wszystkich typowych materia\u0142\u00f3w budowlanych i przemys\u0142owych oraz pod\u0142o\u017cy. Kie\u0142baska 600 ml.\"},{\"@type\":\"BreadcrumbList\",\"@id\":\"https:\/\/proventuss.eu\/hr\/produkt\/jednokomponentno-elasticno-ljepilo-vi-pro-strongbond-sb55-ms\/#breadcrumb\",\"itemListElement\":[{\"@type\":\"ListItem\",\"position\":1,\"name\":\"Home\",\"item\":\"https:\/\/proventuss.eu\/\"},{\"@type\":\"ListItem\",\"position\":2,\"name\":\"Shop\",\"item\":\"https:\/\/proventuss.eu\/hr\/pohraniti\/\"},{\"@type\":\"ListItem\",\"position\":3,\"name\":\"Jednokomponentno elasti\u010dno ljepilo Vi-Pro\u00ae Strongbond SB55 MS\"}]},{\"@type\":\"WebSite\",\"@id\":\"https:\/\/proventuss.eu\/#website\",\"url\":\"https:\/\/proventuss.eu\/\",\"name\":\"Proventuss\",\"description\":\"\",\"potentialAction\":[{\"@type\":\"SearchAction\",\"target\":{\"@type\":\"EntryPoint\",\"urlTemplate\":\"https:\/\/proventuss.eu\/?s={search_term_string}\"},\"query-input\":\"required name=search_term_string\"}],\"inLanguage\":\"hr\"}]}<\/script>\n<!-- \/ Yoast SEO plugin. -->","yoast_head_json":{"title":"Jednokomponentno elasti\u010dno ljepilo Vi-Pro\u00ae Strongbond SB55 MS - Proventuss","robots":{"index":"index","follow":"follow","max-snippet":"max-snippet:-1","max-image-preview":"max-image-preview:large","max-video-preview":"max-video-preview:-1"},"canonical":"https:\/\/proventuss.eu\/hr\/produkt\/jednokomponentno-elasticno-ljepilo-vi-pro-strongbond-sb55-ms\/","og_locale":"hr_HR","og_type":"article","og_title":"Jednokomponentno elasti\u010dno ljepilo Vi-Pro\u00ae Strongbond SB55 MS - Proventuss","og_description":"Jednokomponentno gra\u0111evinsko brtvilo visokog modula Vi-Pro\u00ae Strongbond SB55 MS je vi\u0161enamjensko jednokomponentno ljepilo i brtvilo visokog modula, na bazi silil-modificiranog polimera, koje se mo\u017ee nanijeti pi\u0161toljem i ne opu\u0161ta se. Stvrdnjava pod utjecajem atmosferske vlage i stvara visokou\u010dinkovito, trajno fleksibilno elasti\u010dno ljepilo. Bez otapala i izocijanata. TIPI\u010cNE PRIMJENE: Vi-Pro\u00ae Strongbond SB55 MS je svestrano i [&hellip;]","og_url":"https:\/\/proventuss.eu\/hr\/produkt\/jednokomponentno-elasticno-ljepilo-vi-pro-strongbond-sb55-ms\/","og_site_name":"Proventuss","article_modified_time":"2024-11-28T10:24:35+00:00","og_image":[{"width":357,"height":1920,"url":"https:\/\/proventuss.eu\/wp-content\/uploads\/2022\/04\/Vi-Pro-Strongbond-SB55-MS.png","type":"image\/png"}],"twitter_card":"summary_large_image","twitter_misc":{"Procijenjeno vrijeme \u010ditanja":"2 minute"},"schema":{"@context":"https:\/\/schema.org","@graph":[{"@type":"WebPage","@id":"https:\/\/proventuss.eu\/hr\/produkt\/jednokomponentno-elasticno-ljepilo-vi-pro-strongbond-sb55-ms\/","url":"https:\/\/proventuss.eu\/hr\/produkt\/jednokomponentno-elasticno-ljepilo-vi-pro-strongbond-sb55-ms\/","name":"Jednokomponentno elasti\u010dno ljepilo Vi-Pro\u00ae Strongbond SB55 MS - Proventuss","isPartOf":{"@id":"https:\/\/proventuss.eu\/#website"},"primaryImageOfPage":{"@id":"https:\/\/proventuss.eu\/hr\/produkt\/jednokomponentno-elasticno-ljepilo-vi-pro-strongbond-sb55-ms\/#primaryimage"},"image":{"@id":"https:\/\/proventuss.eu\/hr\/produkt\/jednokomponentno-elasticno-ljepilo-vi-pro-strongbond-sb55-ms\/#primaryimage"},"thumbnailUrl":"https:\/\/proventuss.eu\/wp-content\/uploads\/2022\/04\/Vi-Pro-Strongbond-SB55-MS.png","datePublished":"2022-04-26T10:34:58+00:00","dateModified":"2024-11-28T10:24:35+00:00","breadcrumb":{"@id":"https:\/\/proventuss.eu\/hr\/produkt\/jednokomponentno-elasticno-ljepilo-vi-pro-strongbond-sb55-ms\/#breadcrumb"},"inLanguage":"hr","potentialAction":[{"@type":"ReadAction","target":["https:\/\/proventuss.eu\/hr\/produkt\/jednokomponentno-elasticno-ljepilo-vi-pro-strongbond-sb55-ms\/"]}]},{"@type":"ImageObject","inLanguage":"hr","@id":"https:\/\/proventuss.eu\/hr\/produkt\/jednokomponentno-elasticno-ljepilo-vi-pro-strongbond-sb55-ms\/#primaryimage","url":"https:\/\/proventuss.eu\/wp-content\/uploads\/2022\/04\/Vi-Pro-Strongbond-SB55-MS.png","contentUrl":"https:\/\/proventuss.eu\/wp-content\/uploads\/2022\/04\/Vi-Pro-Strongbond-SB55-MS.png","width":357,"height":1920,"caption":"Na zdj\u0119ciu Jednosk\u0142adnikowy elastyczny klej - doskona\u0142a przyczepno\u015b\u0107 bez podk\u0142adu do wszystkich typowych materia\u0142\u00f3w budowlanych i przemys\u0142owych oraz pod\u0142o\u017cy. Kie\u0142baska 600 ml."},{"@type":"BreadcrumbList","@id":"https:\/\/proventuss.eu\/hr\/produkt\/jednokomponentno-elasticno-ljepilo-vi-pro-strongbond-sb55-ms\/#breadcrumb","itemListElement":[{"@type":"ListItem","position":1,"name":"Home","item":"https:\/\/proventuss.eu\/"},{"@type":"ListItem","position":2,"name":"Shop","item":"https:\/\/proventuss.eu\/hr\/pohraniti\/"},{"@type":"ListItem","position":3,"name":"Jednokomponentno elasti\u010dno ljepilo Vi-Pro\u00ae Strongbond SB55 MS"}]},{"@type":"WebSite","@id":"https:\/\/proventuss.eu\/#website","url":"https:\/\/proventuss.eu\/","name":"Proventuss","description":"","potentialAction":[{"@type":"SearchAction","target":{"@type":"EntryPoint","urlTemplate":"https:\/\/proventuss.eu\/?s={search_term_string}"},"query-input":"required name=search_term_string"}],"inLanguage":"hr"}]}},"_links":{"self":[{"href":"https:\/\/proventuss.eu\/hr\/wp-json\/wp\/v2\/product\/2991"}],"collection":[{"href":"https:\/\/proventuss.eu\/hr\/wp-json\/wp\/v2\/product"}],"about":[{"href":"https:\/\/proventuss.eu\/hr\/wp-json\/wp\/v2\/types\/product"}],"replies":[{"embeddable":true,"href":"https:\/\/proventuss.eu\/hr\/wp-json\/wp\/v2\/comments?post=2991"}],"wp:featuredmedia":[{"embeddable":true,"href":"https:\/\/proventuss.eu\/hr\/wp-json\/wp\/v2\/media\/4172"}],"wp:attachment":[{"href":"https:\/\/proventuss.eu\/hr\/wp-json\/wp\/v2\/media?parent=2991"}],"wp:term":[{"taxonomy":"product_cat","embeddable":true,"href":"https:\/\/proventuss.eu\/hr\/wp-json\/wp\/v2\/product_cat?post=2991"},{"taxonomy":"product_tag","embeddable":true,"href":"https:\/\/proventuss.eu\/hr\/wp-json\/wp\/v2\/product_tag?post=2991"}],"curies":[{"name":"wp","href":"https:\/\/api.w.org\/{rel}","templated":true}]}}