{"id":2983,"date":"2022-04-26T09:54:26","date_gmt":"2022-04-26T09:54:26","guid":{"rendered":"https:\/\/proventuss.eu\/produkt\/siderise-rh\/"},"modified":"2022-06-28T11:58:39","modified_gmt":"2022-06-28T11:58:39","slug":"siderise-rh","status":"publish","type":"product","link":"https:\/\/proventuss.eu\/hr\/proizvod\/siderise-rh\/","title":{"rendered":"SIDERISE RH"},"content":{"rendered":"<p>SIDERISE RH\/RV sustav barijera za otvore predstavlja najbolji izbor za vode\u0107e na tr\u017ei\u0161tu barijere za otvore za obloge za za\u0161titu od ki\u0161e visokih performansi. Omogu\u0107uju kontinuiranu ventilaciju i odvodnju iza obloge.<\/p>\n<p><strong>PREDNOSTI:<\/strong><br \/>\n\u2022 Do 120 minuta vatrootpornosti<br \/>\n\u2022 Testirano prema ASFP-u \u201eIspitivanje otpornosti na vatru barijera otvorenih \u0161upljina\u201c koriste\u0107i BS EN 1363-1 i na\u010dela BS EN 1366-4<br \/>\n\u2022 Prikladno za okomite (otvorene praznine) primjene<br \/>\n\u2022 Odobrenje tre\u0107e strane<br \/>\n\u2022 Sve barijere za okomite otvore ozna\u010dene su bojama radi lak\u0161e identifikacije.<\/p>\n<p>Uklju\u010duje zalijepljenu intumescentnu traku na prednjem rubu, kapsuliranu polimernom folijom otpornom na vremenske uvjete. U slu\u010daju izlo\u017eenosti vatri, ona se \u0161iri i potpuno zatvara dizajnirani ventilacijski razmak koji je nastao u trenutku ugradnje izme\u0111u barijere i stra\u017enje strane obloge, u skladu sa smjernicama CWCT-a i NHBC-a za zra\u010dne razmake do 50 mm. Barijere za otvore ozna\u010dene su bojama radi lak\u0161e identifikacije. SIDERISE\u00ae RH su prve ewcl5 certificirane barijere za otvore za otvorene fasade \u201eza za\u0161titu od ki\u0161e\u201d.<\/p>\n","protected":false},"excerpt":{"rendered":"<p>SIDERISE RH\/RV sustav barijera za otvore predstavlja najbolji izbor za vode\u0107e na tr\u017ei\u0161tu barijere za otvore za obloge za za\u0161titu od ki\u0161e visokih performansi. Omogu\u0107uju kontinuiranu ventilaciju i odvodnju iza obloge. PREDNOSTI: \u2022 Do 120 minuta vatrootpornosti \u2022 Testirano prema ASFP-u \u201eIspitivanje otpornosti na vatru barijera otvorenih \u0161upljina\u201c koriste\u0107i BS EN 1363-1 i na\u010dela BS [&hellip;]<\/p>\n","protected":false},"featured_media":4102,"comment_status":"open","ping_status":"closed","template":"","meta":{"_acf_changed":false},"product_cat":[130],"product_tag":[],"acf":[],"yoast_head":"<!-- This site is optimized with the Yoast SEO plugin v22.9 - https:\/\/yoast.com\/wordpress\/plugins\/seo\/ -->\n<title>SIDERISE RH - Proventuss<\/title>\n<meta name=\"robots\" content=\"index, follow, max-snippet:-1, max-image-preview:large, max-video-preview:-1\" \/>\n<link rel=\"canonical\" href=\"https:\/\/proventuss.eu\/hr\/produkt\/siderise-rh\/\" \/>\n<meta property=\"og:locale\" content=\"hr_HR\" \/>\n<meta property=\"og:type\" content=\"article\" \/>\n<meta property=\"og:title\" content=\"SIDERISE RH - Proventuss\" \/>\n<meta property=\"og:description\" content=\"SIDERISE RH\/RV sustav barijera za otvore predstavlja najbolji izbor za vode\u0107e na tr\u017ei\u0161tu barijere za otvore za obloge za za\u0161titu od ki\u0161e visokih performansi. Omogu\u0107uju kontinuiranu ventilaciju i odvodnju iza obloge. PREDNOSTI: \u2022 Do 120 minuta vatrootpornosti \u2022 Testirano prema ASFP-u \u201eIspitivanje otpornosti na vatru barijera otvorenih \u0161upljina\u201c koriste\u0107i BS EN 1363-1 i na\u010dela BS [&hellip;]\" \/>\n<meta property=\"og:url\" content=\"https:\/\/proventuss.eu\/hr\/produkt\/siderise-rh\/\" \/>\n<meta property=\"og:site_name\" content=\"Proventuss\" \/>\n<meta property=\"article:modified_time\" content=\"2022-06-28T11:58:39+00:00\" \/>\n<meta property=\"og:image\" content=\"https:\/\/proventuss.eu\/wp-content\/uploads\/2022\/04\/RH.jpg\" \/>\n\t<meta property=\"og:image:width\" content=\"756\" \/>\n\t<meta property=\"og:image:height\" content=\"756\" \/>\n\t<meta property=\"og:image:type\" content=\"image\/jpeg\" \/>\n<meta name=\"twitter:card\" content=\"summary_large_image\" \/>\n<meta name=\"twitter:label1\" content=\"Procijenjeno vrijeme \u010ditanja\" \/>\n\t<meta name=\"twitter:data1\" content=\"1 minuta\" \/>\n<script type=\"application\/ld+json\" class=\"yoast-schema-graph\">{\"@context\":\"https:\/\/schema.org\",\"@graph\":[{\"@type\":\"WebPage\",\"@id\":\"https:\/\/proventuss.eu\/hr\/produkt\/siderise-rh\/\",\"url\":\"https:\/\/proventuss.eu\/hr\/produkt\/siderise-rh\/\",\"name\":\"SIDERISE RH - Proventuss\",\"isPartOf\":{\"@id\":\"https:\/\/proventuss.eu\/#website\"},\"primaryImageOfPage\":{\"@id\":\"https:\/\/proventuss.eu\/hr\/produkt\/siderise-rh\/#primaryimage\"},\"image\":{\"@id\":\"https:\/\/proventuss.eu\/hr\/produkt\/siderise-rh\/#primaryimage\"},\"thumbnailUrl\":\"https:\/\/proventuss.eu\/wp-content\/uploads\/2022\/04\/RH.jpg\",\"datePublished\":\"2022-04-26T09:54:26+00:00\",\"dateModified\":\"2022-06-28T11:58:39+00:00\",\"breadcrumb\":{\"@id\":\"https:\/\/proventuss.eu\/hr\/produkt\/siderise-rh\/#breadcrumb\"},\"inLanguage\":\"hr\",\"potentialAction\":[{\"@type\":\"ReadAction\",\"target\":[\"https:\/\/proventuss.eu\/hr\/produkt\/siderise-rh\/\"]}]},{\"@type\":\"ImageObject\",\"inLanguage\":\"hr\",\"@id\":\"https:\/\/proventuss.eu\/hr\/produkt\/siderise-rh\/#primaryimage\",\"url\":\"https:\/\/proventuss.eu\/wp-content\/uploads\/2022\/04\/RH.jpg\",\"contentUrl\":\"https:\/\/proventuss.eu\/wp-content\/uploads\/2022\/04\/RH.jpg\",\"width\":756,\"height\":756},{\"@type\":\"BreadcrumbList\",\"@id\":\"https:\/\/proventuss.eu\/hr\/produkt\/siderise-rh\/#breadcrumb\",\"itemListElement\":[{\"@type\":\"ListItem\",\"position\":1,\"name\":\"Home\",\"item\":\"https:\/\/proventuss.eu\/\"},{\"@type\":\"ListItem\",\"position\":2,\"name\":\"Shop\",\"item\":\"https:\/\/proventuss.eu\/hr\/pohraniti\/\"},{\"@type\":\"ListItem\",\"position\":3,\"name\":\"SIDERISE RH\"}]},{\"@type\":\"WebSite\",\"@id\":\"https:\/\/proventuss.eu\/#website\",\"url\":\"https:\/\/proventuss.eu\/\",\"name\":\"Proventuss\",\"description\":\"\",\"potentialAction\":[{\"@type\":\"SearchAction\",\"target\":{\"@type\":\"EntryPoint\",\"urlTemplate\":\"https:\/\/proventuss.eu\/?s={search_term_string}\"},\"query-input\":\"required name=search_term_string\"}],\"inLanguage\":\"hr\"}]}<\/script>\n<!-- \/ Yoast SEO plugin. -->","yoast_head_json":{"title":"SIDERISE RH - Proventuss","robots":{"index":"index","follow":"follow","max-snippet":"max-snippet:-1","max-image-preview":"max-image-preview:large","max-video-preview":"max-video-preview:-1"},"canonical":"https:\/\/proventuss.eu\/hr\/produkt\/siderise-rh\/","og_locale":"hr_HR","og_type":"article","og_title":"SIDERISE RH - Proventuss","og_description":"SIDERISE RH\/RV sustav barijera za otvore predstavlja najbolji izbor za vode\u0107e na tr\u017ei\u0161tu barijere za otvore za obloge za za\u0161titu od ki\u0161e visokih performansi. Omogu\u0107uju kontinuiranu ventilaciju i odvodnju iza obloge. PREDNOSTI: \u2022 Do 120 minuta vatrootpornosti \u2022 Testirano prema ASFP-u \u201eIspitivanje otpornosti na vatru barijera otvorenih \u0161upljina\u201c koriste\u0107i BS EN 1363-1 i na\u010dela BS [&hellip;]","og_url":"https:\/\/proventuss.eu\/hr\/produkt\/siderise-rh\/","og_site_name":"Proventuss","article_modified_time":"2022-06-28T11:58:39+00:00","og_image":[{"width":756,"height":756,"url":"https:\/\/proventuss.eu\/wp-content\/uploads\/2022\/04\/RH.jpg","type":"image\/jpeg"}],"twitter_card":"summary_large_image","twitter_misc":{"Procijenjeno vrijeme \u010ditanja":"1 minuta"},"schema":{"@context":"https:\/\/schema.org","@graph":[{"@type":"WebPage","@id":"https:\/\/proventuss.eu\/hr\/produkt\/siderise-rh\/","url":"https:\/\/proventuss.eu\/hr\/produkt\/siderise-rh\/","name":"SIDERISE RH - Proventuss","isPartOf":{"@id":"https:\/\/proventuss.eu\/#website"},"primaryImageOfPage":{"@id":"https:\/\/proventuss.eu\/hr\/produkt\/siderise-rh\/#primaryimage"},"image":{"@id":"https:\/\/proventuss.eu\/hr\/produkt\/siderise-rh\/#primaryimage"},"thumbnailUrl":"https:\/\/proventuss.eu\/wp-content\/uploads\/2022\/04\/RH.jpg","datePublished":"2022-04-26T09:54:26+00:00","dateModified":"2022-06-28T11:58:39+00:00","breadcrumb":{"@id":"https:\/\/proventuss.eu\/hr\/produkt\/siderise-rh\/#breadcrumb"},"inLanguage":"hr","potentialAction":[{"@type":"ReadAction","target":["https:\/\/proventuss.eu\/hr\/produkt\/siderise-rh\/"]}]},{"@type":"ImageObject","inLanguage":"hr","@id":"https:\/\/proventuss.eu\/hr\/produkt\/siderise-rh\/#primaryimage","url":"https:\/\/proventuss.eu\/wp-content\/uploads\/2022\/04\/RH.jpg","contentUrl":"https:\/\/proventuss.eu\/wp-content\/uploads\/2022\/04\/RH.jpg","width":756,"height":756},{"@type":"BreadcrumbList","@id":"https:\/\/proventuss.eu\/hr\/produkt\/siderise-rh\/#breadcrumb","itemListElement":[{"@type":"ListItem","position":1,"name":"Home","item":"https:\/\/proventuss.eu\/"},{"@type":"ListItem","position":2,"name":"Shop","item":"https:\/\/proventuss.eu\/hr\/pohraniti\/"},{"@type":"ListItem","position":3,"name":"SIDERISE RH"}]},{"@type":"WebSite","@id":"https:\/\/proventuss.eu\/#website","url":"https:\/\/proventuss.eu\/","name":"Proventuss","description":"","potentialAction":[{"@type":"SearchAction","target":{"@type":"EntryPoint","urlTemplate":"https:\/\/proventuss.eu\/?s={search_term_string}"},"query-input":"required name=search_term_string"}],"inLanguage":"hr"}]}},"_links":{"self":[{"href":"https:\/\/proventuss.eu\/hr\/wp-json\/wp\/v2\/product\/2983"}],"collection":[{"href":"https:\/\/proventuss.eu\/hr\/wp-json\/wp\/v2\/product"}],"about":[{"href":"https:\/\/proventuss.eu\/hr\/wp-json\/wp\/v2\/types\/product"}],"replies":[{"embeddable":true,"href":"https:\/\/proventuss.eu\/hr\/wp-json\/wp\/v2\/comments?post=2983"}],"wp:featuredmedia":[{"embeddable":true,"href":"https:\/\/proventuss.eu\/hr\/wp-json\/wp\/v2\/media\/4102"}],"wp:attachment":[{"href":"https:\/\/proventuss.eu\/hr\/wp-json\/wp\/v2\/media?parent=2983"}],"wp:term":[{"taxonomy":"product_cat","embeddable":true,"href":"https:\/\/proventuss.eu\/hr\/wp-json\/wp\/v2\/product_cat?post=2983"},{"taxonomy":"product_tag","embeddable":true,"href":"https:\/\/proventuss.eu\/hr\/wp-json\/wp\/v2\/product_tag?post=2983"}],"curies":[{"name":"wp","href":"https:\/\/api.w.org\/{rel}","templated":true}]}}