{"id":2980,"date":"2022-04-26T10:04:59","date_gmt":"2022-04-26T10:04:59","guid":{"rendered":"https:\/\/proventuss.eu\/produkt\/siderise-mi\/"},"modified":"2022-06-28T12:06:47","modified_gmt":"2022-06-28T12:06:47","slug":"siderise-mi","status":"publish","type":"product","link":"https:\/\/proventuss.eu\/hr\/proizvod\/siderise-mi\/","title":{"rendered":"SIDERISE MI"},"content":{"rendered":"<p>SIDERISE umetci za me\u0111uokvirnice\/grede sadr\u017eavaju niz komponenti specijalisti\u010dkih materijala namijenjenih pobolj\u0161anju performansi zvu\u010dne izolacije laganih \u0161upljih uokvirenih fasada ili ostakljenih povr\u0161ina.<\/p>\n<p><strong>PREDNOSTI:<\/strong><br \/>\n\u2022 Do 41dB Rw \u201e\u201dkroz\u201d\u201d okvir na me\u0111uokvirnici debljine 50mm<br \/>\n\u2022 Jednostavno postavljanje<br \/>\n\u2022 \u0160irok raspon osnovnih materijala<br \/>\n\u2022 Prilago\u0111ene dimenzije i oblici<\/p>\n<p>Iako se umetci mogu koristiti u svrhu pobolj\u0161anja karakteristika prijenosa zvuka ovojnice zgrade, na primjer izvana prema unutra, oni se \u010de\u0161\u0107e koriste da pomognu u smanjenju bo\u010dnog prijenosa izme\u0111u susjednih unutarnjih podru\u010dja. To uklju\u010duje bo\u010dni prijenos zvuka \u201eod sobe do sobe\u201c i \u201eod kata do kata\u201c. Razvijena su specifi\u010dna optimalna rje\u0161enja za svaki od uobi\u010dajenih uvjeta koji se susre\u0107u u konstrukcijama ovje\u0161enih fasada. Dizajn odgovaraju\u0107eg umetka uzima u obzir ne samo akusti\u010dne performanse, ve\u0107 i jednostavnost i prakti\u010dnost ugradnje. Tehnike ku\u0107ne proizvodnje kao \u0161to su CNC\/matri\u010dno rezanje ili glodanje omogu\u0107uju to\u010dno prilago\u0111eno uklapanje unutar odre\u0111enog \u0161upljeg elementa okvira.<\/p>\n<p>Napomena: ovaj proizvod je ranije bio poznat kao Lamaphon umeci za me\u0111uokvirnice\/grede<\/p>\n","protected":false},"excerpt":{"rendered":"<p>SIDERISE umetci za me\u0111uokvirnice\/grede sadr\u017eavaju niz komponenti specijalisti\u010dkih materijala namijenjenih pobolj\u0161anju performansi zvu\u010dne izolacije laganih \u0161upljih uokvirenih fasada ili ostakljenih povr\u0161ina. PREDNOSTI: \u2022 Do 41dB Rw \u201e\u201dkroz\u201d\u201d okvir na me\u0111uokvirnici debljine 50mm \u2022 Jednostavno postavljanje \u2022 \u0160irok raspon osnovnih materijala \u2022 Prilago\u0111ene dimenzije i oblici Iako se umetci mogu koristiti u svrhu pobolj\u0161anja karakteristika prijenosa [&hellip;]<\/p>\n","protected":false},"featured_media":2263,"comment_status":"open","ping_status":"closed","template":"","meta":{"_acf_changed":false},"product_cat":[152],"product_tag":[],"acf":[],"yoast_head":"<!-- This site is optimized with the Yoast SEO plugin v22.9 - https:\/\/yoast.com\/wordpress\/plugins\/seo\/ -->\n<title>SIDERISE MI - Proventuss<\/title>\n<meta name=\"robots\" content=\"index, follow, max-snippet:-1, max-image-preview:large, max-video-preview:-1\" \/>\n<link rel=\"canonical\" href=\"https:\/\/proventuss.eu\/hr\/produkt\/siderise-mi\/\" \/>\n<meta property=\"og:locale\" content=\"hr_HR\" \/>\n<meta property=\"og:type\" content=\"article\" \/>\n<meta property=\"og:title\" content=\"SIDERISE MI - Proventuss\" \/>\n<meta property=\"og:description\" content=\"SIDERISE umetci za me\u0111uokvirnice\/grede sadr\u017eavaju niz komponenti specijalisti\u010dkih materijala namijenjenih pobolj\u0161anju performansi zvu\u010dne izolacije laganih \u0161upljih uokvirenih fasada ili ostakljenih povr\u0161ina. PREDNOSTI: \u2022 Do 41dB Rw \u201e\u201dkroz\u201d\u201d okvir na me\u0111uokvirnici debljine 50mm \u2022 Jednostavno postavljanje \u2022 \u0160irok raspon osnovnih materijala \u2022 Prilago\u0111ene dimenzije i oblici Iako se umetci mogu koristiti u svrhu pobolj\u0161anja karakteristika prijenosa [&hellip;]\" \/>\n<meta property=\"og:url\" content=\"https:\/\/proventuss.eu\/hr\/produkt\/siderise-mi\/\" \/>\n<meta property=\"og:site_name\" content=\"Proventuss\" \/>\n<meta property=\"article:modified_time\" content=\"2022-06-28T12:06:47+00:00\" \/>\n<meta property=\"og:image\" content=\"https:\/\/proventuss.eu\/wp-content\/uploads\/2022\/04\/Siderise-Mi-akustyczne.jpg\" \/>\n\t<meta property=\"og:image:width\" content=\"224\" \/>\n\t<meta property=\"og:image:height\" content=\"224\" \/>\n\t<meta property=\"og:image:type\" content=\"image\/jpeg\" \/>\n<meta name=\"twitter:card\" content=\"summary_large_image\" \/>\n<meta name=\"twitter:label1\" content=\"Procijenjeno vrijeme \u010ditanja\" \/>\n\t<meta name=\"twitter:data1\" content=\"1 minuta\" \/>\n<script type=\"application\/ld+json\" class=\"yoast-schema-graph\">{\"@context\":\"https:\/\/schema.org\",\"@graph\":[{\"@type\":\"WebPage\",\"@id\":\"https:\/\/proventuss.eu\/hr\/produkt\/siderise-mi\/\",\"url\":\"https:\/\/proventuss.eu\/hr\/produkt\/siderise-mi\/\",\"name\":\"SIDERISE MI - Proventuss\",\"isPartOf\":{\"@id\":\"https:\/\/proventuss.eu\/#website\"},\"primaryImageOfPage\":{\"@id\":\"https:\/\/proventuss.eu\/hr\/produkt\/siderise-mi\/#primaryimage\"},\"image\":{\"@id\":\"https:\/\/proventuss.eu\/hr\/produkt\/siderise-mi\/#primaryimage\"},\"thumbnailUrl\":\"https:\/\/proventuss.eu\/wp-content\/uploads\/2022\/04\/Siderise-Mi-akustyczne.jpg\",\"datePublished\":\"2022-04-26T10:04:59+00:00\",\"dateModified\":\"2022-06-28T12:06:47+00:00\",\"breadcrumb\":{\"@id\":\"https:\/\/proventuss.eu\/hr\/produkt\/siderise-mi\/#breadcrumb\"},\"inLanguage\":\"hr\",\"potentialAction\":[{\"@type\":\"ReadAction\",\"target\":[\"https:\/\/proventuss.eu\/hr\/produkt\/siderise-mi\/\"]}]},{\"@type\":\"ImageObject\",\"inLanguage\":\"hr\",\"@id\":\"https:\/\/proventuss.eu\/hr\/produkt\/siderise-mi\/#primaryimage\",\"url\":\"https:\/\/proventuss.eu\/wp-content\/uploads\/2022\/04\/Siderise-Mi-akustyczne.jpg\",\"contentUrl\":\"https:\/\/proventuss.eu\/wp-content\/uploads\/2022\/04\/Siderise-Mi-akustyczne.jpg\",\"width\":224,\"height\":224},{\"@type\":\"BreadcrumbList\",\"@id\":\"https:\/\/proventuss.eu\/hr\/produkt\/siderise-mi\/#breadcrumb\",\"itemListElement\":[{\"@type\":\"ListItem\",\"position\":1,\"name\":\"Home\",\"item\":\"https:\/\/proventuss.eu\/\"},{\"@type\":\"ListItem\",\"position\":2,\"name\":\"Shop\",\"item\":\"https:\/\/proventuss.eu\/hr\/pohraniti\/\"},{\"@type\":\"ListItem\",\"position\":3,\"name\":\"SIDERISE MI\"}]},{\"@type\":\"WebSite\",\"@id\":\"https:\/\/proventuss.eu\/#website\",\"url\":\"https:\/\/proventuss.eu\/\",\"name\":\"Proventuss\",\"description\":\"\",\"potentialAction\":[{\"@type\":\"SearchAction\",\"target\":{\"@type\":\"EntryPoint\",\"urlTemplate\":\"https:\/\/proventuss.eu\/?s={search_term_string}\"},\"query-input\":\"required name=search_term_string\"}],\"inLanguage\":\"hr\"}]}<\/script>\n<!-- \/ Yoast SEO plugin. -->","yoast_head_json":{"title":"SIDERISE MI - Proventuss","robots":{"index":"index","follow":"follow","max-snippet":"max-snippet:-1","max-image-preview":"max-image-preview:large","max-video-preview":"max-video-preview:-1"},"canonical":"https:\/\/proventuss.eu\/hr\/produkt\/siderise-mi\/","og_locale":"hr_HR","og_type":"article","og_title":"SIDERISE MI - Proventuss","og_description":"SIDERISE umetci za me\u0111uokvirnice\/grede sadr\u017eavaju niz komponenti specijalisti\u010dkih materijala namijenjenih pobolj\u0161anju performansi zvu\u010dne izolacije laganih \u0161upljih uokvirenih fasada ili ostakljenih povr\u0161ina. PREDNOSTI: \u2022 Do 41dB Rw \u201e\u201dkroz\u201d\u201d okvir na me\u0111uokvirnici debljine 50mm \u2022 Jednostavno postavljanje \u2022 \u0160irok raspon osnovnih materijala \u2022 Prilago\u0111ene dimenzije i oblici Iako se umetci mogu koristiti u svrhu pobolj\u0161anja karakteristika prijenosa [&hellip;]","og_url":"https:\/\/proventuss.eu\/hr\/produkt\/siderise-mi\/","og_site_name":"Proventuss","article_modified_time":"2022-06-28T12:06:47+00:00","og_image":[{"width":224,"height":224,"url":"https:\/\/proventuss.eu\/wp-content\/uploads\/2022\/04\/Siderise-Mi-akustyczne.jpg","type":"image\/jpeg"}],"twitter_card":"summary_large_image","twitter_misc":{"Procijenjeno vrijeme \u010ditanja":"1 minuta"},"schema":{"@context":"https:\/\/schema.org","@graph":[{"@type":"WebPage","@id":"https:\/\/proventuss.eu\/hr\/produkt\/siderise-mi\/","url":"https:\/\/proventuss.eu\/hr\/produkt\/siderise-mi\/","name":"SIDERISE MI - Proventuss","isPartOf":{"@id":"https:\/\/proventuss.eu\/#website"},"primaryImageOfPage":{"@id":"https:\/\/proventuss.eu\/hr\/produkt\/siderise-mi\/#primaryimage"},"image":{"@id":"https:\/\/proventuss.eu\/hr\/produkt\/siderise-mi\/#primaryimage"},"thumbnailUrl":"https:\/\/proventuss.eu\/wp-content\/uploads\/2022\/04\/Siderise-Mi-akustyczne.jpg","datePublished":"2022-04-26T10:04:59+00:00","dateModified":"2022-06-28T12:06:47+00:00","breadcrumb":{"@id":"https:\/\/proventuss.eu\/hr\/produkt\/siderise-mi\/#breadcrumb"},"inLanguage":"hr","potentialAction":[{"@type":"ReadAction","target":["https:\/\/proventuss.eu\/hr\/produkt\/siderise-mi\/"]}]},{"@type":"ImageObject","inLanguage":"hr","@id":"https:\/\/proventuss.eu\/hr\/produkt\/siderise-mi\/#primaryimage","url":"https:\/\/proventuss.eu\/wp-content\/uploads\/2022\/04\/Siderise-Mi-akustyczne.jpg","contentUrl":"https:\/\/proventuss.eu\/wp-content\/uploads\/2022\/04\/Siderise-Mi-akustyczne.jpg","width":224,"height":224},{"@type":"BreadcrumbList","@id":"https:\/\/proventuss.eu\/hr\/produkt\/siderise-mi\/#breadcrumb","itemListElement":[{"@type":"ListItem","position":1,"name":"Home","item":"https:\/\/proventuss.eu\/"},{"@type":"ListItem","position":2,"name":"Shop","item":"https:\/\/proventuss.eu\/hr\/pohraniti\/"},{"@type":"ListItem","position":3,"name":"SIDERISE MI"}]},{"@type":"WebSite","@id":"https:\/\/proventuss.eu\/#website","url":"https:\/\/proventuss.eu\/","name":"Proventuss","description":"","potentialAction":[{"@type":"SearchAction","target":{"@type":"EntryPoint","urlTemplate":"https:\/\/proventuss.eu\/?s={search_term_string}"},"query-input":"required name=search_term_string"}],"inLanguage":"hr"}]}},"_links":{"self":[{"href":"https:\/\/proventuss.eu\/hr\/wp-json\/wp\/v2\/product\/2980"}],"collection":[{"href":"https:\/\/proventuss.eu\/hr\/wp-json\/wp\/v2\/product"}],"about":[{"href":"https:\/\/proventuss.eu\/hr\/wp-json\/wp\/v2\/types\/product"}],"replies":[{"embeddable":true,"href":"https:\/\/proventuss.eu\/hr\/wp-json\/wp\/v2\/comments?post=2980"}],"wp:featuredmedia":[{"embeddable":true,"href":"https:\/\/proventuss.eu\/hr\/wp-json\/wp\/v2\/media\/2263"}],"wp:attachment":[{"href":"https:\/\/proventuss.eu\/hr\/wp-json\/wp\/v2\/media?parent=2980"}],"wp:term":[{"taxonomy":"product_cat","embeddable":true,"href":"https:\/\/proventuss.eu\/hr\/wp-json\/wp\/v2\/product_cat?post=2980"},{"taxonomy":"product_tag","embeddable":true,"href":"https:\/\/proventuss.eu\/hr\/wp-json\/wp\/v2\/product_tag?post=2980"}],"curies":[{"name":"wp","href":"https:\/\/api.w.org\/{rel}","templated":true}]}}