{"id":2975,"date":"2022-04-26T09:52:19","date_gmt":"2022-04-26T09:52:19","guid":{"rendered":"https:\/\/proventuss.eu\/produkt\/siderise-rv\/"},"modified":"2022-06-28T11:59:43","modified_gmt":"2022-06-28T11:59:43","slug":"siderise-rv-2","status":"publish","type":"product","link":"https:\/\/proventuss.eu\/hr\/proizvod\/siderise-rv-2\/","title":{"rendered":"SIDERISE RV"},"content":{"rendered":"<p>Koriste se u vanjskoj ovojnici ili gra\u0111i zgrada, osiguravaju da \u0107e sustav nesmetano drenirati dok odr\u017eava protok zraka i osigurava u\u010dinkovito brtvljenje protiv vru\u0107eg dima i po\u017eara.<\/p>\n<p>PREDNOSTI:<br \/>\n\u2022 Omogu\u0107uju kontinuiranu ventilaciju i drena\u017eu iza obloge<br \/>\n\u2022 Do 120 minuta vatrootpornosti<br \/>\n\u2022 Testirani prema ASFP-u \u201eIspitivanje otpornosti na vatru barijera otvorenih \u0161upljina\u201c koriste\u0107i BS EN 1363-1 i na\u010dela BS EN 1366-4<br \/>\n\u2022 Prikladni za okomite (potpuno brtvljenje) primjene<br \/>\n\u2022 Odobrenje tre\u0107e strane<\/p>\n<p>SIDERISE RV okomite pregrade za \u0161upljine koriste se za potpuno popunjavanje otvora izme\u0111u vanjske ovojnice i unutarnje strukture. Konstrukcija pru\u017ea izvrsnu otpornost na prolazak i dima i vatre. Osim toga, zahvaljuju\u0107i potpunom zatvaranju otvora, ovaj sustav podr\u017eava funkcioniranje ventiliranih fasada o\u010duvanjem zra\u010dnog prostora. Va\u017eno je napomenuti da njihova jedinstvena jezgra izra\u0111ena od lamela od kamene vune omogu\u0107uje okomitim barijerama da se prilagode pomacima koji se obi\u010dno povezuju s fasadama za za\u0161titu od ki\u0161e. SIDERISE\u00ae RV su prve ewcl5 certificirane barijere za otvore za otvorene fasade \u201eza za\u0161titu od ki\u0161e\u201d.<\/p>\n","protected":false},"excerpt":{"rendered":"<p>Koriste se u vanjskoj ovojnici ili gra\u0111i zgrada, osiguravaju da \u0107e sustav nesmetano drenirati dok odr\u017eava protok zraka i osigurava u\u010dinkovito brtvljenje protiv vru\u0107eg dima i po\u017eara. PREDNOSTI: \u2022 Omogu\u0107uju kontinuiranu ventilaciju i drena\u017eu iza obloge \u2022 Do 120 minuta vatrootpornosti \u2022 Testirani prema ASFP-u \u201eIspitivanje otpornosti na vatru barijera otvorenih \u0161upljina\u201c koriste\u0107i BS EN [&hellip;]<\/p>\n","protected":false},"featured_media":4105,"comment_status":"open","ping_status":"closed","template":"","meta":{"_acf_changed":false},"product_cat":[130],"product_tag":[],"acf":[],"yoast_head":"<!-- This site is optimized with the Yoast SEO plugin v22.9 - https:\/\/yoast.com\/wordpress\/plugins\/seo\/ -->\n<title>SIDERISE RV - Proventuss<\/title>\n<meta name=\"robots\" content=\"index, follow, max-snippet:-1, max-image-preview:large, max-video-preview:-1\" \/>\n<link rel=\"canonical\" href=\"https:\/\/proventuss.eu\/hr\/produkt\/siderise-rv-2\/\" \/>\n<meta property=\"og:locale\" content=\"hr_HR\" \/>\n<meta property=\"og:type\" content=\"article\" \/>\n<meta property=\"og:title\" content=\"SIDERISE RV - Proventuss\" \/>\n<meta property=\"og:description\" content=\"Koriste se u vanjskoj ovojnici ili gra\u0111i zgrada, osiguravaju da \u0107e sustav nesmetano drenirati dok odr\u017eava protok zraka i osigurava u\u010dinkovito brtvljenje protiv vru\u0107eg dima i po\u017eara. PREDNOSTI: \u2022 Omogu\u0107uju kontinuiranu ventilaciju i drena\u017eu iza obloge \u2022 Do 120 minuta vatrootpornosti \u2022 Testirani prema ASFP-u \u201eIspitivanje otpornosti na vatru barijera otvorenih \u0161upljina\u201c koriste\u0107i BS EN [&hellip;]\" \/>\n<meta property=\"og:url\" content=\"https:\/\/proventuss.eu\/hr\/produkt\/siderise-rv-2\/\" \/>\n<meta property=\"og:site_name\" content=\"Proventuss\" \/>\n<meta property=\"article:modified_time\" content=\"2022-06-28T11:59:43+00:00\" \/>\n<meta property=\"og:image\" content=\"https:\/\/proventuss.eu\/wp-content\/uploads\/2022\/04\/RV.jpg\" \/>\n\t<meta property=\"og:image:width\" content=\"756\" \/>\n\t<meta property=\"og:image:height\" content=\"756\" \/>\n\t<meta property=\"og:image:type\" content=\"image\/jpeg\" \/>\n<meta name=\"twitter:card\" content=\"summary_large_image\" \/>\n<meta name=\"twitter:label1\" content=\"Procijenjeno vrijeme \u010ditanja\" \/>\n\t<meta name=\"twitter:data1\" content=\"1 minuta\" \/>\n<script type=\"application\/ld+json\" class=\"yoast-schema-graph\">{\"@context\":\"https:\/\/schema.org\",\"@graph\":[{\"@type\":\"WebPage\",\"@id\":\"https:\/\/proventuss.eu\/hr\/produkt\/siderise-rv-2\/\",\"url\":\"https:\/\/proventuss.eu\/hr\/produkt\/siderise-rv-2\/\",\"name\":\"SIDERISE RV - Proventuss\",\"isPartOf\":{\"@id\":\"https:\/\/proventuss.eu\/#website\"},\"primaryImageOfPage\":{\"@id\":\"https:\/\/proventuss.eu\/hr\/produkt\/siderise-rv-2\/#primaryimage\"},\"image\":{\"@id\":\"https:\/\/proventuss.eu\/hr\/produkt\/siderise-rv-2\/#primaryimage\"},\"thumbnailUrl\":\"https:\/\/proventuss.eu\/wp-content\/uploads\/2022\/04\/RV.jpg\",\"datePublished\":\"2022-04-26T09:52:19+00:00\",\"dateModified\":\"2022-06-28T11:59:43+00:00\",\"breadcrumb\":{\"@id\":\"https:\/\/proventuss.eu\/hr\/produkt\/siderise-rv-2\/#breadcrumb\"},\"inLanguage\":\"hr\",\"potentialAction\":[{\"@type\":\"ReadAction\",\"target\":[\"https:\/\/proventuss.eu\/hr\/produkt\/siderise-rv-2\/\"]}]},{\"@type\":\"ImageObject\",\"inLanguage\":\"hr\",\"@id\":\"https:\/\/proventuss.eu\/hr\/produkt\/siderise-rv-2\/#primaryimage\",\"url\":\"https:\/\/proventuss.eu\/wp-content\/uploads\/2022\/04\/RV.jpg\",\"contentUrl\":\"https:\/\/proventuss.eu\/wp-content\/uploads\/2022\/04\/RV.jpg\",\"width\":756,\"height\":756},{\"@type\":\"BreadcrumbList\",\"@id\":\"https:\/\/proventuss.eu\/hr\/produkt\/siderise-rv-2\/#breadcrumb\",\"itemListElement\":[{\"@type\":\"ListItem\",\"position\":1,\"name\":\"Home\",\"item\":\"https:\/\/proventuss.eu\/\"},{\"@type\":\"ListItem\",\"position\":2,\"name\":\"Shop\",\"item\":\"https:\/\/proventuss.eu\/hr\/pohraniti\/\"},{\"@type\":\"ListItem\",\"position\":3,\"name\":\"SIDERISE RV\"}]},{\"@type\":\"WebSite\",\"@id\":\"https:\/\/proventuss.eu\/#website\",\"url\":\"https:\/\/proventuss.eu\/\",\"name\":\"Proventuss\",\"description\":\"\",\"potentialAction\":[{\"@type\":\"SearchAction\",\"target\":{\"@type\":\"EntryPoint\",\"urlTemplate\":\"https:\/\/proventuss.eu\/?s={search_term_string}\"},\"query-input\":\"required name=search_term_string\"}],\"inLanguage\":\"hr\"}]}<\/script>\n<!-- \/ Yoast SEO plugin. -->","yoast_head_json":{"title":"SIDERISE RV - Proventuss","robots":{"index":"index","follow":"follow","max-snippet":"max-snippet:-1","max-image-preview":"max-image-preview:large","max-video-preview":"max-video-preview:-1"},"canonical":"https:\/\/proventuss.eu\/hr\/produkt\/siderise-rv-2\/","og_locale":"hr_HR","og_type":"article","og_title":"SIDERISE RV - Proventuss","og_description":"Koriste se u vanjskoj ovojnici ili gra\u0111i zgrada, osiguravaju da \u0107e sustav nesmetano drenirati dok odr\u017eava protok zraka i osigurava u\u010dinkovito brtvljenje protiv vru\u0107eg dima i po\u017eara. PREDNOSTI: \u2022 Omogu\u0107uju kontinuiranu ventilaciju i drena\u017eu iza obloge \u2022 Do 120 minuta vatrootpornosti \u2022 Testirani prema ASFP-u \u201eIspitivanje otpornosti na vatru barijera otvorenih \u0161upljina\u201c koriste\u0107i BS EN [&hellip;]","og_url":"https:\/\/proventuss.eu\/hr\/produkt\/siderise-rv-2\/","og_site_name":"Proventuss","article_modified_time":"2022-06-28T11:59:43+00:00","og_image":[{"width":756,"height":756,"url":"https:\/\/proventuss.eu\/wp-content\/uploads\/2022\/04\/RV.jpg","type":"image\/jpeg"}],"twitter_card":"summary_large_image","twitter_misc":{"Procijenjeno vrijeme \u010ditanja":"1 minuta"},"schema":{"@context":"https:\/\/schema.org","@graph":[{"@type":"WebPage","@id":"https:\/\/proventuss.eu\/hr\/produkt\/siderise-rv-2\/","url":"https:\/\/proventuss.eu\/hr\/produkt\/siderise-rv-2\/","name":"SIDERISE RV - Proventuss","isPartOf":{"@id":"https:\/\/proventuss.eu\/#website"},"primaryImageOfPage":{"@id":"https:\/\/proventuss.eu\/hr\/produkt\/siderise-rv-2\/#primaryimage"},"image":{"@id":"https:\/\/proventuss.eu\/hr\/produkt\/siderise-rv-2\/#primaryimage"},"thumbnailUrl":"https:\/\/proventuss.eu\/wp-content\/uploads\/2022\/04\/RV.jpg","datePublished":"2022-04-26T09:52:19+00:00","dateModified":"2022-06-28T11:59:43+00:00","breadcrumb":{"@id":"https:\/\/proventuss.eu\/hr\/produkt\/siderise-rv-2\/#breadcrumb"},"inLanguage":"hr","potentialAction":[{"@type":"ReadAction","target":["https:\/\/proventuss.eu\/hr\/produkt\/siderise-rv-2\/"]}]},{"@type":"ImageObject","inLanguage":"hr","@id":"https:\/\/proventuss.eu\/hr\/produkt\/siderise-rv-2\/#primaryimage","url":"https:\/\/proventuss.eu\/wp-content\/uploads\/2022\/04\/RV.jpg","contentUrl":"https:\/\/proventuss.eu\/wp-content\/uploads\/2022\/04\/RV.jpg","width":756,"height":756},{"@type":"BreadcrumbList","@id":"https:\/\/proventuss.eu\/hr\/produkt\/siderise-rv-2\/#breadcrumb","itemListElement":[{"@type":"ListItem","position":1,"name":"Home","item":"https:\/\/proventuss.eu\/"},{"@type":"ListItem","position":2,"name":"Shop","item":"https:\/\/proventuss.eu\/hr\/pohraniti\/"},{"@type":"ListItem","position":3,"name":"SIDERISE RV"}]},{"@type":"WebSite","@id":"https:\/\/proventuss.eu\/#website","url":"https:\/\/proventuss.eu\/","name":"Proventuss","description":"","potentialAction":[{"@type":"SearchAction","target":{"@type":"EntryPoint","urlTemplate":"https:\/\/proventuss.eu\/?s={search_term_string}"},"query-input":"required name=search_term_string"}],"inLanguage":"hr"}]}},"_links":{"self":[{"href":"https:\/\/proventuss.eu\/hr\/wp-json\/wp\/v2\/product\/2975"}],"collection":[{"href":"https:\/\/proventuss.eu\/hr\/wp-json\/wp\/v2\/product"}],"about":[{"href":"https:\/\/proventuss.eu\/hr\/wp-json\/wp\/v2\/types\/product"}],"replies":[{"embeddable":true,"href":"https:\/\/proventuss.eu\/hr\/wp-json\/wp\/v2\/comments?post=2975"}],"wp:featuredmedia":[{"embeddable":true,"href":"https:\/\/proventuss.eu\/hr\/wp-json\/wp\/v2\/media\/4105"}],"wp:attachment":[{"href":"https:\/\/proventuss.eu\/hr\/wp-json\/wp\/v2\/media?parent=2975"}],"wp:term":[{"taxonomy":"product_cat","embeddable":true,"href":"https:\/\/proventuss.eu\/hr\/wp-json\/wp\/v2\/product_cat?post=2975"},{"taxonomy":"product_tag","embeddable":true,"href":"https:\/\/proventuss.eu\/hr\/wp-json\/wp\/v2\/product_tag?post=2975"}],"curies":[{"name":"wp","href":"https:\/\/api.w.org\/{rel}","templated":true}]}}