{"id":2972,"date":"2022-04-26T10:17:26","date_gmt":"2022-04-26T10:17:26","guid":{"rendered":"https:\/\/proventuss.eu\/produkt\/dowsil-881\/"},"modified":"2022-07-26T06:57:31","modified_gmt":"2022-07-26T06:57:31","slug":"jednokomponentni-acetatno-otvrdnjavajuci-silikon-dowsil-881","status":"publish","type":"product","link":"https:\/\/proventuss.eu\/hr\/proizvod\/jednokomponentni-acetatno-otvrdnjavajuci-silikon-dowsil-881\/","title":{"rendered":"Jednokomponentni acetatno otvrdnjavaju\u0107i silikon DOWSIL 881"},"content":{"rendered":"<p>SILIKONSKO LJEPILO VISOKE \u010cVRSTO\u0106E, jednokomponentno acetoksi silikonsko ljepilo visokog modula, posebno prikladno za lijepljenje stakla gdje je potrebna \u010dvrsta veza visoke \u010dvrsto\u0107e, uz brzo stvrdnjavanje i visoku otpornost na UV zrake i kontakt s vodom. Mo\u017ee se koristiti za lijepljenje malih akvarija prema normi DIN 32622 te za lijepljenje i brtvljenje stijenki od staklenih blokova. Nije prikladno za primjene za strukturno ostakljenje.<\/p>\n<p><strong>PREDNOSTI:<\/strong><br \/>\n\u2022 Jednokomponentno acetoksi brtvilo s brzim stvrdnjavanjem<br \/>\n\u2022 Otporno na UV zra\u010denje<br \/>\n\u2022 Otporno na povremeno uranjanje u vodu<br \/>\n\u2022 Visoko i izdr\u017eljivo prianjanje na staklo<\/p>\n<p><strong>PAKIRANJE\/BOJE:<\/strong><br \/>\nkartu\u0161a: 310 ml<br \/>\nBoja: prozirna, crna<\/p>\n","protected":false},"excerpt":{"rendered":"<p>SILIKONSKO LJEPILO VISOKE \u010cVRSTO\u0106E, jednokomponentno acetoksi silikonsko ljepilo visokog modula, posebno prikladno za lijepljenje stakla gdje je potrebna \u010dvrsta veza visoke \u010dvrsto\u0107e, uz brzo stvrdnjavanje i visoku otpornost na UV zrake i kontakt s vodom. Mo\u017ee se koristiti za lijepljenje malih akvarija prema normi DIN 32622 te za lijepljenje i brtvljenje stijenki od staklenih blokova. [&hellip;]<\/p>\n","protected":false},"featured_media":2107,"comment_status":"open","ping_status":"closed","template":"","meta":{"_acf_changed":false},"product_cat":[151],"product_tag":[],"acf":[],"yoast_head":"<!-- This site is optimized with the Yoast SEO plugin v22.9 - https:\/\/yoast.com\/wordpress\/plugins\/seo\/ -->\n<title>Jednokomponentni acetatno otvrdnjavaju\u0107i silikon DOWSIL 881 - Proventuss<\/title>\n<meta name=\"robots\" content=\"index, follow, max-snippet:-1, max-image-preview:large, max-video-preview:-1\" \/>\n<link rel=\"canonical\" href=\"https:\/\/proventuss.eu\/hr\/produkt\/jednokomponentni-acetatno-otvrdnjavajuci-silikon-dowsil-881\/\" \/>\n<meta property=\"og:locale\" content=\"hr_HR\" \/>\n<meta property=\"og:type\" content=\"article\" \/>\n<meta property=\"og:title\" content=\"Jednokomponentni acetatno otvrdnjavaju\u0107i silikon DOWSIL 881 - Proventuss\" \/>\n<meta property=\"og:description\" content=\"SILIKONSKO LJEPILO VISOKE \u010cVRSTO\u0106E, jednokomponentno acetoksi silikonsko ljepilo visokog modula, posebno prikladno za lijepljenje stakla gdje je potrebna \u010dvrsta veza visoke \u010dvrsto\u0107e, uz brzo stvrdnjavanje i visoku otpornost na UV zrake i kontakt s vodom. Mo\u017ee se koristiti za lijepljenje malih akvarija prema normi DIN 32622 te za lijepljenje i brtvljenje stijenki od staklenih blokova. [&hellip;]\" \/>\n<meta property=\"og:url\" content=\"https:\/\/proventuss.eu\/hr\/produkt\/jednokomponentni-acetatno-otvrdnjavajuci-silikon-dowsil-881\/\" \/>\n<meta property=\"og:site_name\" content=\"Proventuss\" \/>\n<meta property=\"article:modified_time\" content=\"2022-07-26T06:57:31+00:00\" \/>\n<meta property=\"og:image\" content=\"https:\/\/proventuss.eu\/wp-content\/uploads\/2022\/04\/881.png\" \/>\n\t<meta property=\"og:image:width\" content=\"232\" \/>\n\t<meta property=\"og:image:height\" content=\"640\" \/>\n\t<meta property=\"og:image:type\" content=\"image\/png\" \/>\n<meta name=\"twitter:card\" content=\"summary_large_image\" \/>\n<script type=\"application\/ld+json\" class=\"yoast-schema-graph\">{\"@context\":\"https:\/\/schema.org\",\"@graph\":[{\"@type\":\"WebPage\",\"@id\":\"https:\/\/proventuss.eu\/hr\/produkt\/jednokomponentni-acetatno-otvrdnjavajuci-silikon-dowsil-881\/\",\"url\":\"https:\/\/proventuss.eu\/hr\/produkt\/jednokomponentni-acetatno-otvrdnjavajuci-silikon-dowsil-881\/\",\"name\":\"Jednokomponentni acetatno otvrdnjavaju\u0107i silikon DOWSIL 881 - Proventuss\",\"isPartOf\":{\"@id\":\"https:\/\/proventuss.eu\/#website\"},\"primaryImageOfPage\":{\"@id\":\"https:\/\/proventuss.eu\/hr\/produkt\/jednokomponentni-acetatno-otvrdnjavajuci-silikon-dowsil-881\/#primaryimage\"},\"image\":{\"@id\":\"https:\/\/proventuss.eu\/hr\/produkt\/jednokomponentni-acetatno-otvrdnjavajuci-silikon-dowsil-881\/#primaryimage\"},\"thumbnailUrl\":\"https:\/\/proventuss.eu\/wp-content\/uploads\/2022\/04\/881.png\",\"datePublished\":\"2022-04-26T10:17:26+00:00\",\"dateModified\":\"2022-07-26T06:57:31+00:00\",\"breadcrumb\":{\"@id\":\"https:\/\/proventuss.eu\/hr\/produkt\/jednokomponentni-acetatno-otvrdnjavajuci-silikon-dowsil-881\/#breadcrumb\"},\"inLanguage\":\"hr\",\"potentialAction\":[{\"@type\":\"ReadAction\",\"target\":[\"https:\/\/proventuss.eu\/hr\/produkt\/jednokomponentni-acetatno-otvrdnjavajuci-silikon-dowsil-881\/\"]}]},{\"@type\":\"ImageObject\",\"inLanguage\":\"hr\",\"@id\":\"https:\/\/proventuss.eu\/hr\/produkt\/jednokomponentni-acetatno-otvrdnjavajuci-silikon-dowsil-881\/#primaryimage\",\"url\":\"https:\/\/proventuss.eu\/wp-content\/uploads\/2022\/04\/881.png\",\"contentUrl\":\"https:\/\/proventuss.eu\/wp-content\/uploads\/2022\/04\/881.png\",\"width\":232,\"height\":640},{\"@type\":\"BreadcrumbList\",\"@id\":\"https:\/\/proventuss.eu\/hr\/produkt\/jednokomponentni-acetatno-otvrdnjavajuci-silikon-dowsil-881\/#breadcrumb\",\"itemListElement\":[{\"@type\":\"ListItem\",\"position\":1,\"name\":\"Home\",\"item\":\"https:\/\/proventuss.eu\/\"},{\"@type\":\"ListItem\",\"position\":2,\"name\":\"Shop\",\"item\":\"https:\/\/proventuss.eu\/hr\/pohraniti\/\"},{\"@type\":\"ListItem\",\"position\":3,\"name\":\"Jednokomponentni acetatno otvrdnjavaju\u0107i silikon DOWSIL 881\"}]},{\"@type\":\"WebSite\",\"@id\":\"https:\/\/proventuss.eu\/#website\",\"url\":\"https:\/\/proventuss.eu\/\",\"name\":\"Proventuss\",\"description\":\"\",\"potentialAction\":[{\"@type\":\"SearchAction\",\"target\":{\"@type\":\"EntryPoint\",\"urlTemplate\":\"https:\/\/proventuss.eu\/?s={search_term_string}\"},\"query-input\":\"required name=search_term_string\"}],\"inLanguage\":\"hr\"}]}<\/script>\n<!-- \/ Yoast SEO plugin. -->","yoast_head_json":{"title":"Jednokomponentni acetatno otvrdnjavaju\u0107i silikon DOWSIL 881 - Proventuss","robots":{"index":"index","follow":"follow","max-snippet":"max-snippet:-1","max-image-preview":"max-image-preview:large","max-video-preview":"max-video-preview:-1"},"canonical":"https:\/\/proventuss.eu\/hr\/produkt\/jednokomponentni-acetatno-otvrdnjavajuci-silikon-dowsil-881\/","og_locale":"hr_HR","og_type":"article","og_title":"Jednokomponentni acetatno otvrdnjavaju\u0107i silikon DOWSIL 881 - Proventuss","og_description":"SILIKONSKO LJEPILO VISOKE \u010cVRSTO\u0106E, jednokomponentno acetoksi silikonsko ljepilo visokog modula, posebno prikladno za lijepljenje stakla gdje je potrebna \u010dvrsta veza visoke \u010dvrsto\u0107e, uz brzo stvrdnjavanje i visoku otpornost na UV zrake i kontakt s vodom. Mo\u017ee se koristiti za lijepljenje malih akvarija prema normi DIN 32622 te za lijepljenje i brtvljenje stijenki od staklenih blokova. [&hellip;]","og_url":"https:\/\/proventuss.eu\/hr\/produkt\/jednokomponentni-acetatno-otvrdnjavajuci-silikon-dowsil-881\/","og_site_name":"Proventuss","article_modified_time":"2022-07-26T06:57:31+00:00","og_image":[{"width":232,"height":640,"url":"https:\/\/proventuss.eu\/wp-content\/uploads\/2022\/04\/881.png","type":"image\/png"}],"twitter_card":"summary_large_image","schema":{"@context":"https:\/\/schema.org","@graph":[{"@type":"WebPage","@id":"https:\/\/proventuss.eu\/hr\/produkt\/jednokomponentni-acetatno-otvrdnjavajuci-silikon-dowsil-881\/","url":"https:\/\/proventuss.eu\/hr\/produkt\/jednokomponentni-acetatno-otvrdnjavajuci-silikon-dowsil-881\/","name":"Jednokomponentni acetatno otvrdnjavaju\u0107i silikon DOWSIL 881 - Proventuss","isPartOf":{"@id":"https:\/\/proventuss.eu\/#website"},"primaryImageOfPage":{"@id":"https:\/\/proventuss.eu\/hr\/produkt\/jednokomponentni-acetatno-otvrdnjavajuci-silikon-dowsil-881\/#primaryimage"},"image":{"@id":"https:\/\/proventuss.eu\/hr\/produkt\/jednokomponentni-acetatno-otvrdnjavajuci-silikon-dowsil-881\/#primaryimage"},"thumbnailUrl":"https:\/\/proventuss.eu\/wp-content\/uploads\/2022\/04\/881.png","datePublished":"2022-04-26T10:17:26+00:00","dateModified":"2022-07-26T06:57:31+00:00","breadcrumb":{"@id":"https:\/\/proventuss.eu\/hr\/produkt\/jednokomponentni-acetatno-otvrdnjavajuci-silikon-dowsil-881\/#breadcrumb"},"inLanguage":"hr","potentialAction":[{"@type":"ReadAction","target":["https:\/\/proventuss.eu\/hr\/produkt\/jednokomponentni-acetatno-otvrdnjavajuci-silikon-dowsil-881\/"]}]},{"@type":"ImageObject","inLanguage":"hr","@id":"https:\/\/proventuss.eu\/hr\/produkt\/jednokomponentni-acetatno-otvrdnjavajuci-silikon-dowsil-881\/#primaryimage","url":"https:\/\/proventuss.eu\/wp-content\/uploads\/2022\/04\/881.png","contentUrl":"https:\/\/proventuss.eu\/wp-content\/uploads\/2022\/04\/881.png","width":232,"height":640},{"@type":"BreadcrumbList","@id":"https:\/\/proventuss.eu\/hr\/produkt\/jednokomponentni-acetatno-otvrdnjavajuci-silikon-dowsil-881\/#breadcrumb","itemListElement":[{"@type":"ListItem","position":1,"name":"Home","item":"https:\/\/proventuss.eu\/"},{"@type":"ListItem","position":2,"name":"Shop","item":"https:\/\/proventuss.eu\/hr\/pohraniti\/"},{"@type":"ListItem","position":3,"name":"Jednokomponentni acetatno otvrdnjavaju\u0107i silikon DOWSIL 881"}]},{"@type":"WebSite","@id":"https:\/\/proventuss.eu\/#website","url":"https:\/\/proventuss.eu\/","name":"Proventuss","description":"","potentialAction":[{"@type":"SearchAction","target":{"@type":"EntryPoint","urlTemplate":"https:\/\/proventuss.eu\/?s={search_term_string}"},"query-input":"required name=search_term_string"}],"inLanguage":"hr"}]}},"_links":{"self":[{"href":"https:\/\/proventuss.eu\/hr\/wp-json\/wp\/v2\/product\/2972"}],"collection":[{"href":"https:\/\/proventuss.eu\/hr\/wp-json\/wp\/v2\/product"}],"about":[{"href":"https:\/\/proventuss.eu\/hr\/wp-json\/wp\/v2\/types\/product"}],"replies":[{"embeddable":true,"href":"https:\/\/proventuss.eu\/hr\/wp-json\/wp\/v2\/comments?post=2972"}],"wp:featuredmedia":[{"embeddable":true,"href":"https:\/\/proventuss.eu\/hr\/wp-json\/wp\/v2\/media\/2107"}],"wp:attachment":[{"href":"https:\/\/proventuss.eu\/hr\/wp-json\/wp\/v2\/media?parent=2972"}],"wp:term":[{"taxonomy":"product_cat","embeddable":true,"href":"https:\/\/proventuss.eu\/hr\/wp-json\/wp\/v2\/product_cat?post=2972"},{"taxonomy":"product_tag","embeddable":true,"href":"https:\/\/proventuss.eu\/hr\/wp-json\/wp\/v2\/product_tag?post=2972"}],"curies":[{"name":"wp","href":"https:\/\/api.w.org\/{rel}","templated":true}]}}