{"id":2971,"date":"2022-04-26T09:55:42","date_gmt":"2022-04-26T09:55:42","guid":{"rendered":"https:\/\/proventuss.eu\/produkt\/siderise-osci\/"},"modified":"2022-06-28T11:57:28","modified_gmt":"2022-06-28T11:57:28","slug":"siderise-osci","status":"publish","type":"product","link":"https:\/\/proventuss.eu\/hr\/proizvod\/siderise-osci\/","title":{"rendered":"SIDERISE OSCI"},"content":{"rendered":"<p>OSCI se mo\u017ee koristiti vodoravno ili okomito kao dio sustava oblaganja, a nanosi se izravno na unutarnju povr\u0161inu kasetne plo\u010de radi pojednostavljenja detalja i ugradnje barijera susjednih otvora i\/ili kako bi se osiguralo da su dimenzije ventilacijskog zra\u010dnog zazora unutar dopu\u0161tenih granica.<\/p>\n<p>PREDNOSTI:<br \/>\n\u2022 Testirano u nizu testova sustava BS 8414 i NFPA 285<br \/>\n\u2022 Mo\u017ee se korisiti u kombinaciji s barijerama za otvore RH25 ili RH50 (vodoravno), ili RV (okomito)<br \/>\n\u2022 Raspon debljina i \u0161irina za \u0161iroku lepezu sustava oblaganja kasetnim plo\u010dama<br \/>\n\u2022 Klasifikacija A2-s1, d0 prema EN 13501-1.<\/p>\n<p>OSCI se postavlja paralelno i centralno poravnat u odnosu na SIDERISE \u2018RH\u2019 ili \u2018RV\u2019 barijere za otvore, uzimaju\u0107i u obzir specifikacija sustava obloga. To obi\u010dno zahtijeva razmatranje specifikacija i konfiguracija plo\u010da za oblaganje, pozicioniranje potpornih vodilica ili sli\u010dnih \u010deli\u010dnih konstrukcija, i\/ili raspored kukica ili nosa\u010da za potporu plo\u010da.<\/p>\n","protected":false},"excerpt":{"rendered":"<p>OSCI se mo\u017ee koristiti vodoravno ili okomito kao dio sustava oblaganja, a nanosi se izravno na unutarnju povr\u0161inu kasetne plo\u010de radi pojednostavljenja detalja i ugradnje barijera susjednih otvora i\/ili kako bi se osiguralo da su dimenzije ventilacijskog zra\u010dnog zazora unutar dopu\u0161tenih granica. PREDNOSTI: \u2022 Testirano u nizu testova sustava BS 8414 i NFPA 285 \u2022 [&hellip;]<\/p>\n","protected":false},"featured_media":4098,"comment_status":"open","ping_status":"closed","template":"","meta":{"_acf_changed":false},"product_cat":[130],"product_tag":[],"acf":[],"yoast_head":"<!-- This site is optimized with the Yoast SEO plugin v22.9 - https:\/\/yoast.com\/wordpress\/plugins\/seo\/ -->\n<title>SIDERISE OSCI - Proventuss<\/title>\n<meta name=\"robots\" content=\"index, follow, max-snippet:-1, max-image-preview:large, max-video-preview:-1\" \/>\n<link rel=\"canonical\" href=\"https:\/\/proventuss.eu\/hr\/produkt\/siderise-osci\/\" \/>\n<meta property=\"og:locale\" content=\"hr_HR\" \/>\n<meta property=\"og:type\" content=\"article\" \/>\n<meta property=\"og:title\" content=\"SIDERISE OSCI - Proventuss\" \/>\n<meta property=\"og:description\" content=\"OSCI se mo\u017ee koristiti vodoravno ili okomito kao dio sustava oblaganja, a nanosi se izravno na unutarnju povr\u0161inu kasetne plo\u010de radi pojednostavljenja detalja i ugradnje barijera susjednih otvora i\/ili kako bi se osiguralo da su dimenzije ventilacijskog zra\u010dnog zazora unutar dopu\u0161tenih granica. PREDNOSTI: \u2022 Testirano u nizu testova sustava BS 8414 i NFPA 285 \u2022 [&hellip;]\" \/>\n<meta property=\"og:url\" content=\"https:\/\/proventuss.eu\/hr\/produkt\/siderise-osci\/\" \/>\n<meta property=\"og:site_name\" content=\"Proventuss\" \/>\n<meta property=\"article:modified_time\" content=\"2022-06-28T11:57:28+00:00\" \/>\n<meta property=\"og:image\" content=\"https:\/\/proventuss.eu\/wp-content\/uploads\/2022\/04\/OSCI.jpg\" \/>\n\t<meta property=\"og:image:width\" content=\"756\" \/>\n\t<meta property=\"og:image:height\" content=\"756\" \/>\n\t<meta property=\"og:image:type\" content=\"image\/jpeg\" \/>\n<meta name=\"twitter:card\" content=\"summary_large_image\" \/>\n<meta name=\"twitter:label1\" content=\"Procijenjeno vrijeme \u010ditanja\" \/>\n\t<meta name=\"twitter:data1\" content=\"1 minuta\" \/>\n<script type=\"application\/ld+json\" class=\"yoast-schema-graph\">{\"@context\":\"https:\/\/schema.org\",\"@graph\":[{\"@type\":\"WebPage\",\"@id\":\"https:\/\/proventuss.eu\/hr\/produkt\/siderise-osci\/\",\"url\":\"https:\/\/proventuss.eu\/hr\/produkt\/siderise-osci\/\",\"name\":\"SIDERISE OSCI - Proventuss\",\"isPartOf\":{\"@id\":\"https:\/\/proventuss.eu\/#website\"},\"primaryImageOfPage\":{\"@id\":\"https:\/\/proventuss.eu\/hr\/produkt\/siderise-osci\/#primaryimage\"},\"image\":{\"@id\":\"https:\/\/proventuss.eu\/hr\/produkt\/siderise-osci\/#primaryimage\"},\"thumbnailUrl\":\"https:\/\/proventuss.eu\/wp-content\/uploads\/2022\/04\/OSCI.jpg\",\"datePublished\":\"2022-04-26T09:55:42+00:00\",\"dateModified\":\"2022-06-28T11:57:28+00:00\",\"breadcrumb\":{\"@id\":\"https:\/\/proventuss.eu\/hr\/produkt\/siderise-osci\/#breadcrumb\"},\"inLanguage\":\"hr\",\"potentialAction\":[{\"@type\":\"ReadAction\",\"target\":[\"https:\/\/proventuss.eu\/hr\/produkt\/siderise-osci\/\"]}]},{\"@type\":\"ImageObject\",\"inLanguage\":\"hr\",\"@id\":\"https:\/\/proventuss.eu\/hr\/produkt\/siderise-osci\/#primaryimage\",\"url\":\"https:\/\/proventuss.eu\/wp-content\/uploads\/2022\/04\/OSCI.jpg\",\"contentUrl\":\"https:\/\/proventuss.eu\/wp-content\/uploads\/2022\/04\/OSCI.jpg\",\"width\":756,\"height\":756},{\"@type\":\"BreadcrumbList\",\"@id\":\"https:\/\/proventuss.eu\/hr\/produkt\/siderise-osci\/#breadcrumb\",\"itemListElement\":[{\"@type\":\"ListItem\",\"position\":1,\"name\":\"Home\",\"item\":\"https:\/\/proventuss.eu\/\"},{\"@type\":\"ListItem\",\"position\":2,\"name\":\"Shop\",\"item\":\"https:\/\/proventuss.eu\/hr\/pohraniti\/\"},{\"@type\":\"ListItem\",\"position\":3,\"name\":\"SIDERISE OSCI\"}]},{\"@type\":\"WebSite\",\"@id\":\"https:\/\/proventuss.eu\/#website\",\"url\":\"https:\/\/proventuss.eu\/\",\"name\":\"Proventuss\",\"description\":\"\",\"potentialAction\":[{\"@type\":\"SearchAction\",\"target\":{\"@type\":\"EntryPoint\",\"urlTemplate\":\"https:\/\/proventuss.eu\/?s={search_term_string}\"},\"query-input\":\"required name=search_term_string\"}],\"inLanguage\":\"hr\"}]}<\/script>\n<!-- \/ Yoast SEO plugin. -->","yoast_head_json":{"title":"SIDERISE OSCI - Proventuss","robots":{"index":"index","follow":"follow","max-snippet":"max-snippet:-1","max-image-preview":"max-image-preview:large","max-video-preview":"max-video-preview:-1"},"canonical":"https:\/\/proventuss.eu\/hr\/produkt\/siderise-osci\/","og_locale":"hr_HR","og_type":"article","og_title":"SIDERISE OSCI - Proventuss","og_description":"OSCI se mo\u017ee koristiti vodoravno ili okomito kao dio sustava oblaganja, a nanosi se izravno na unutarnju povr\u0161inu kasetne plo\u010de radi pojednostavljenja detalja i ugradnje barijera susjednih otvora i\/ili kako bi se osiguralo da su dimenzije ventilacijskog zra\u010dnog zazora unutar dopu\u0161tenih granica. PREDNOSTI: \u2022 Testirano u nizu testova sustava BS 8414 i NFPA 285 \u2022 [&hellip;]","og_url":"https:\/\/proventuss.eu\/hr\/produkt\/siderise-osci\/","og_site_name":"Proventuss","article_modified_time":"2022-06-28T11:57:28+00:00","og_image":[{"width":756,"height":756,"url":"https:\/\/proventuss.eu\/wp-content\/uploads\/2022\/04\/OSCI.jpg","type":"image\/jpeg"}],"twitter_card":"summary_large_image","twitter_misc":{"Procijenjeno vrijeme \u010ditanja":"1 minuta"},"schema":{"@context":"https:\/\/schema.org","@graph":[{"@type":"WebPage","@id":"https:\/\/proventuss.eu\/hr\/produkt\/siderise-osci\/","url":"https:\/\/proventuss.eu\/hr\/produkt\/siderise-osci\/","name":"SIDERISE OSCI - Proventuss","isPartOf":{"@id":"https:\/\/proventuss.eu\/#website"},"primaryImageOfPage":{"@id":"https:\/\/proventuss.eu\/hr\/produkt\/siderise-osci\/#primaryimage"},"image":{"@id":"https:\/\/proventuss.eu\/hr\/produkt\/siderise-osci\/#primaryimage"},"thumbnailUrl":"https:\/\/proventuss.eu\/wp-content\/uploads\/2022\/04\/OSCI.jpg","datePublished":"2022-04-26T09:55:42+00:00","dateModified":"2022-06-28T11:57:28+00:00","breadcrumb":{"@id":"https:\/\/proventuss.eu\/hr\/produkt\/siderise-osci\/#breadcrumb"},"inLanguage":"hr","potentialAction":[{"@type":"ReadAction","target":["https:\/\/proventuss.eu\/hr\/produkt\/siderise-osci\/"]}]},{"@type":"ImageObject","inLanguage":"hr","@id":"https:\/\/proventuss.eu\/hr\/produkt\/siderise-osci\/#primaryimage","url":"https:\/\/proventuss.eu\/wp-content\/uploads\/2022\/04\/OSCI.jpg","contentUrl":"https:\/\/proventuss.eu\/wp-content\/uploads\/2022\/04\/OSCI.jpg","width":756,"height":756},{"@type":"BreadcrumbList","@id":"https:\/\/proventuss.eu\/hr\/produkt\/siderise-osci\/#breadcrumb","itemListElement":[{"@type":"ListItem","position":1,"name":"Home","item":"https:\/\/proventuss.eu\/"},{"@type":"ListItem","position":2,"name":"Shop","item":"https:\/\/proventuss.eu\/hr\/pohraniti\/"},{"@type":"ListItem","position":3,"name":"SIDERISE OSCI"}]},{"@type":"WebSite","@id":"https:\/\/proventuss.eu\/#website","url":"https:\/\/proventuss.eu\/","name":"Proventuss","description":"","potentialAction":[{"@type":"SearchAction","target":{"@type":"EntryPoint","urlTemplate":"https:\/\/proventuss.eu\/?s={search_term_string}"},"query-input":"required name=search_term_string"}],"inLanguage":"hr"}]}},"_links":{"self":[{"href":"https:\/\/proventuss.eu\/hr\/wp-json\/wp\/v2\/product\/2971"}],"collection":[{"href":"https:\/\/proventuss.eu\/hr\/wp-json\/wp\/v2\/product"}],"about":[{"href":"https:\/\/proventuss.eu\/hr\/wp-json\/wp\/v2\/types\/product"}],"replies":[{"embeddable":true,"href":"https:\/\/proventuss.eu\/hr\/wp-json\/wp\/v2\/comments?post=2971"}],"wp:featuredmedia":[{"embeddable":true,"href":"https:\/\/proventuss.eu\/hr\/wp-json\/wp\/v2\/media\/4098"}],"wp:attachment":[{"href":"https:\/\/proventuss.eu\/hr\/wp-json\/wp\/v2\/media?parent=2971"}],"wp:term":[{"taxonomy":"product_cat","embeddable":true,"href":"https:\/\/proventuss.eu\/hr\/wp-json\/wp\/v2\/product_cat?post=2971"},{"taxonomy":"product_tag","embeddable":true,"href":"https:\/\/proventuss.eu\/hr\/wp-json\/wp\/v2\/product_tag?post=2971"}],"curies":[{"name":"wp","href":"https:\/\/api.w.org\/{rel}","templated":true}]}}