{"id":2958,"date":"2022-04-26T09:30:23","date_gmt":"2022-04-26T09:30:23","guid":{"rendered":"https:\/\/proventuss.eu\/produkt\/servidek-servipak\/"},"modified":"2022-06-20T11:24:29","modified_gmt":"2022-06-20T11:24:29","slug":"servisek-servipak","status":"publish","type":"product","link":"https:\/\/proventuss.eu\/hr\/proizvod\/servisek-servipak\/","title":{"rendered":"Servidek\u00ae \/ Servipak\u00ae"},"content":{"rendered":"<p><strong>IZOLACIJSKI SUSTAV TEKU\u0106OM VODOM<\/strong> . Dvokomponentni, hladno aplicirani hidroizolacijski materijal od sinteti\u010dke gume i bitumena namijenjen je betonskim i \u010deli\u010dnim palubama cestovnih i \u017eeljezni\u010dkih mostova. Sustav Servidek \/ Servipak\u00ae koristi se za izolaciju u novogradnji, kao i za zamjenu izolacije na obnovljenim mostovima, \u010dime se zaustavljanje prometa u tim objektima svede na minimum.<\/p>\n<p><strong>PREDNOSTI:<\/strong><br \/>\n\u2022 podnosi mokre povr\u0161ine &#8211; mo\u017ee se koristiti u raznim vremenskim uvjetima<br \/>\n\u2022 fleksibilnost &#8211; kompenzira pukotine na podlozi uzrokovane deformacijom i skupljanjem podloge<br \/>\n\u2022 rad na niskim temperaturama &#8211; ugra\u0111eni sustav zadr\u017eava svoja svojstva \u010dak i pri -40 \u00b0C<br \/>\n\u2022 brzo postavljanje &#8211; zavr\u0161ni radovi mogu se zapo\u010deti ve\u0107 4 sata nakon ugradnje sustava.<br \/>\n\u2022 ne zahtijeva temeljni premaz &#8211; sustav se montira izravno na o\u010di\u0161\u0107enu povr\u0161inu<br \/>\n\u2022 jednostavna monta\u017ea lopaticom &#8211; nije potreban poseban alat, za\u0161titne Servipak\u00ae za\u0161titne plo\u010de &#8211; \u0161tite hidroizolaciju od o\u0161te\u0107enja uzrokovanih zavr\u0161nim radovima i ure\u0111ajima za izlijevanje asfalta<br \/>\n\u2022 mogu\u0107nost polaganja na &#8220;svje\u017ei&#8221; beton &#8211; po potrebi se sustav mo\u017ee postaviti na &#8220;svje\u017ei&#8221; beton, obi\u010dno nakon 24 sata, tako\u0111er kao betonska za\u0161tita<\/p>\n<p><strong>PAKET:<\/strong><br \/>\n<strong>SERVIDEK\u00ae:<\/strong><br \/>\nSpremnik: 20,47 kg + 4,5 kg<\/p>\n<p><strong>SERVIPAK\u00ae:<\/strong><br \/>\nKontejner &#8211; plo\u010da<br \/>\ngr. 3 mm, 3 mm x 1 m x 1,5 m<br \/>\ngr. 6 mm, 6 mm x 1 m x 1,5 m<br \/>\ngr. 12 mm, 12 mm x 1m x 1m<\/p>\n","protected":false},"excerpt":{"rendered":"<p>IZOLACIJSKI SUSTAV TEKU\u0106OM VODOM . Dvokomponentni, hladno aplicirani hidroizolacijski materijal od sinteti\u010dke gume i bitumena namijenjen je betonskim i \u010deli\u010dnim palubama cestovnih i \u017eeljezni\u010dkih mostova. Sustav Servidek \/ Servipak\u00ae koristi se za izolaciju u novogradnji, kao i za zamjenu izolacije na obnovljenim mostovima, \u010dime se zaustavljanje prometa u tim objektima svede na minimum. PREDNOSTI: \u2022 [&hellip;]<\/p>\n","protected":false},"featured_media":2347,"comment_status":"open","ping_status":"closed","template":"","meta":{"_acf_changed":false},"product_cat":[15],"product_tag":[],"acf":[],"yoast_head":"<!-- This site is optimized with the Yoast SEO plugin v22.9 - https:\/\/yoast.com\/wordpress\/plugins\/seo\/ -->\n<title>Servidek\u00ae \/ Servipak\u00ae - Proventuss<\/title>\n<meta name=\"robots\" content=\"index, follow, max-snippet:-1, max-image-preview:large, max-video-preview:-1\" \/>\n<link rel=\"canonical\" href=\"https:\/\/proventuss.eu\/hr\/produkt\/servisek-servipak\/\" \/>\n<meta property=\"og:locale\" content=\"hr_HR\" \/>\n<meta property=\"og:type\" content=\"article\" \/>\n<meta property=\"og:title\" content=\"Servidek\u00ae \/ Servipak\u00ae - Proventuss\" \/>\n<meta property=\"og:description\" content=\"IZOLACIJSKI SUSTAV TEKU\u0106OM VODOM . Dvokomponentni, hladno aplicirani hidroizolacijski materijal od sinteti\u010dke gume i bitumena namijenjen je betonskim i \u010deli\u010dnim palubama cestovnih i \u017eeljezni\u010dkih mostova. Sustav Servidek \/ Servipak\u00ae koristi se za izolaciju u novogradnji, kao i za zamjenu izolacije na obnovljenim mostovima, \u010dime se zaustavljanje prometa u tim objektima svede na minimum. PREDNOSTI: \u2022 [&hellip;]\" \/>\n<meta property=\"og:url\" content=\"https:\/\/proventuss.eu\/hr\/produkt\/servisek-servipak\/\" \/>\n<meta property=\"og:site_name\" content=\"Proventuss\" \/>\n<meta property=\"article:modified_time\" content=\"2022-06-20T11:24:29+00:00\" \/>\n<meta property=\"og:image\" content=\"https:\/\/proventuss.eu\/wp-content\/uploads\/2022\/04\/hydro-servepak-servidek.jpg\" \/>\n\t<meta property=\"og:image:width\" content=\"1024\" \/>\n\t<meta property=\"og:image:height\" content=\"683\" \/>\n\t<meta property=\"og:image:type\" content=\"image\/jpeg\" \/>\n<meta name=\"twitter:card\" content=\"summary_large_image\" \/>\n<meta name=\"twitter:label1\" content=\"Procijenjeno vrijeme \u010ditanja\" \/>\n\t<meta name=\"twitter:data1\" content=\"1 minuta\" \/>\n<script type=\"application\/ld+json\" class=\"yoast-schema-graph\">{\"@context\":\"https:\/\/schema.org\",\"@graph\":[{\"@type\":\"WebPage\",\"@id\":\"https:\/\/proventuss.eu\/hr\/produkt\/servisek-servipak\/\",\"url\":\"https:\/\/proventuss.eu\/hr\/produkt\/servisek-servipak\/\",\"name\":\"Servidek\u00ae \/ Servipak\u00ae - Proventuss\",\"isPartOf\":{\"@id\":\"https:\/\/proventuss.eu\/#website\"},\"primaryImageOfPage\":{\"@id\":\"https:\/\/proventuss.eu\/hr\/produkt\/servisek-servipak\/#primaryimage\"},\"image\":{\"@id\":\"https:\/\/proventuss.eu\/hr\/produkt\/servisek-servipak\/#primaryimage\"},\"thumbnailUrl\":\"https:\/\/proventuss.eu\/wp-content\/uploads\/2022\/04\/hydro-servepak-servidek.jpg\",\"datePublished\":\"2022-04-26T09:30:23+00:00\",\"dateModified\":\"2022-06-20T11:24:29+00:00\",\"breadcrumb\":{\"@id\":\"https:\/\/proventuss.eu\/hr\/produkt\/servisek-servipak\/#breadcrumb\"},\"inLanguage\":\"hr\",\"potentialAction\":[{\"@type\":\"ReadAction\",\"target\":[\"https:\/\/proventuss.eu\/hr\/produkt\/servisek-servipak\/\"]}]},{\"@type\":\"ImageObject\",\"inLanguage\":\"hr\",\"@id\":\"https:\/\/proventuss.eu\/hr\/produkt\/servisek-servipak\/#primaryimage\",\"url\":\"https:\/\/proventuss.eu\/wp-content\/uploads\/2022\/04\/hydro-servepak-servidek.jpg\",\"contentUrl\":\"https:\/\/proventuss.eu\/wp-content\/uploads\/2022\/04\/hydro-servepak-servidek.jpg\",\"width\":1024,\"height\":683},{\"@type\":\"BreadcrumbList\",\"@id\":\"https:\/\/proventuss.eu\/hr\/produkt\/servisek-servipak\/#breadcrumb\",\"itemListElement\":[{\"@type\":\"ListItem\",\"position\":1,\"name\":\"Home\",\"item\":\"https:\/\/proventuss.eu\/\"},{\"@type\":\"ListItem\",\"position\":2,\"name\":\"Shop\",\"item\":\"https:\/\/proventuss.eu\/hr\/pohraniti\/\"},{\"@type\":\"ListItem\",\"position\":3,\"name\":\"Servidek\u00ae \/ Servipak\u00ae\"}]},{\"@type\":\"WebSite\",\"@id\":\"https:\/\/proventuss.eu\/#website\",\"url\":\"https:\/\/proventuss.eu\/\",\"name\":\"Proventuss\",\"description\":\"\",\"potentialAction\":[{\"@type\":\"SearchAction\",\"target\":{\"@type\":\"EntryPoint\",\"urlTemplate\":\"https:\/\/proventuss.eu\/?s={search_term_string}\"},\"query-input\":\"required name=search_term_string\"}],\"inLanguage\":\"hr\"}]}<\/script>\n<!-- \/ Yoast SEO plugin. -->","yoast_head_json":{"title":"Servidek\u00ae \/ Servipak\u00ae - Proventuss","robots":{"index":"index","follow":"follow","max-snippet":"max-snippet:-1","max-image-preview":"max-image-preview:large","max-video-preview":"max-video-preview:-1"},"canonical":"https:\/\/proventuss.eu\/hr\/produkt\/servisek-servipak\/","og_locale":"hr_HR","og_type":"article","og_title":"Servidek\u00ae \/ Servipak\u00ae - Proventuss","og_description":"IZOLACIJSKI SUSTAV TEKU\u0106OM VODOM . Dvokomponentni, hladno aplicirani hidroizolacijski materijal od sinteti\u010dke gume i bitumena namijenjen je betonskim i \u010deli\u010dnim palubama cestovnih i \u017eeljezni\u010dkih mostova. Sustav Servidek \/ Servipak\u00ae koristi se za izolaciju u novogradnji, kao i za zamjenu izolacije na obnovljenim mostovima, \u010dime se zaustavljanje prometa u tim objektima svede na minimum. PREDNOSTI: \u2022 [&hellip;]","og_url":"https:\/\/proventuss.eu\/hr\/produkt\/servisek-servipak\/","og_site_name":"Proventuss","article_modified_time":"2022-06-20T11:24:29+00:00","og_image":[{"width":1024,"height":683,"url":"https:\/\/proventuss.eu\/wp-content\/uploads\/2022\/04\/hydro-servepak-servidek.jpg","type":"image\/jpeg"}],"twitter_card":"summary_large_image","twitter_misc":{"Procijenjeno vrijeme \u010ditanja":"1 minuta"},"schema":{"@context":"https:\/\/schema.org","@graph":[{"@type":"WebPage","@id":"https:\/\/proventuss.eu\/hr\/produkt\/servisek-servipak\/","url":"https:\/\/proventuss.eu\/hr\/produkt\/servisek-servipak\/","name":"Servidek\u00ae \/ Servipak\u00ae - Proventuss","isPartOf":{"@id":"https:\/\/proventuss.eu\/#website"},"primaryImageOfPage":{"@id":"https:\/\/proventuss.eu\/hr\/produkt\/servisek-servipak\/#primaryimage"},"image":{"@id":"https:\/\/proventuss.eu\/hr\/produkt\/servisek-servipak\/#primaryimage"},"thumbnailUrl":"https:\/\/proventuss.eu\/wp-content\/uploads\/2022\/04\/hydro-servepak-servidek.jpg","datePublished":"2022-04-26T09:30:23+00:00","dateModified":"2022-06-20T11:24:29+00:00","breadcrumb":{"@id":"https:\/\/proventuss.eu\/hr\/produkt\/servisek-servipak\/#breadcrumb"},"inLanguage":"hr","potentialAction":[{"@type":"ReadAction","target":["https:\/\/proventuss.eu\/hr\/produkt\/servisek-servipak\/"]}]},{"@type":"ImageObject","inLanguage":"hr","@id":"https:\/\/proventuss.eu\/hr\/produkt\/servisek-servipak\/#primaryimage","url":"https:\/\/proventuss.eu\/wp-content\/uploads\/2022\/04\/hydro-servepak-servidek.jpg","contentUrl":"https:\/\/proventuss.eu\/wp-content\/uploads\/2022\/04\/hydro-servepak-servidek.jpg","width":1024,"height":683},{"@type":"BreadcrumbList","@id":"https:\/\/proventuss.eu\/hr\/produkt\/servisek-servipak\/#breadcrumb","itemListElement":[{"@type":"ListItem","position":1,"name":"Home","item":"https:\/\/proventuss.eu\/"},{"@type":"ListItem","position":2,"name":"Shop","item":"https:\/\/proventuss.eu\/hr\/pohraniti\/"},{"@type":"ListItem","position":3,"name":"Servidek\u00ae \/ Servipak\u00ae"}]},{"@type":"WebSite","@id":"https:\/\/proventuss.eu\/#website","url":"https:\/\/proventuss.eu\/","name":"Proventuss","description":"","potentialAction":[{"@type":"SearchAction","target":{"@type":"EntryPoint","urlTemplate":"https:\/\/proventuss.eu\/?s={search_term_string}"},"query-input":"required name=search_term_string"}],"inLanguage":"hr"}]}},"_links":{"self":[{"href":"https:\/\/proventuss.eu\/hr\/wp-json\/wp\/v2\/product\/2958"}],"collection":[{"href":"https:\/\/proventuss.eu\/hr\/wp-json\/wp\/v2\/product"}],"about":[{"href":"https:\/\/proventuss.eu\/hr\/wp-json\/wp\/v2\/types\/product"}],"replies":[{"embeddable":true,"href":"https:\/\/proventuss.eu\/hr\/wp-json\/wp\/v2\/comments?post=2958"}],"wp:featuredmedia":[{"embeddable":true,"href":"https:\/\/proventuss.eu\/hr\/wp-json\/wp\/v2\/media\/2347"}],"wp:attachment":[{"href":"https:\/\/proventuss.eu\/hr\/wp-json\/wp\/v2\/media?parent=2958"}],"wp:term":[{"taxonomy":"product_cat","embeddable":true,"href":"https:\/\/proventuss.eu\/hr\/wp-json\/wp\/v2\/product_cat?post=2958"},{"taxonomy":"product_tag","embeddable":true,"href":"https:\/\/proventuss.eu\/hr\/wp-json\/wp\/v2\/product_tag?post=2958"}],"curies":[{"name":"wp","href":"https:\/\/api.w.org\/{rel}","templated":true}]}}