{"id":2956,"date":"2022-04-26T09:14:22","date_gmt":"2022-04-26T09:14:22","guid":{"rendered":"https:\/\/proventuss.eu\/produkt\/vi-pro-epdm-kontaktno-ljepilo-904\/"},"modified":"2024-09-04T06:59:17","modified_gmt":"2024-09-04T06:59:17","slug":"kontaktno-ljepilo-vi-pro-epdm-contact-adhesive-904","status":"publish","type":"product","link":"https:\/\/proventuss.eu\/hr\/proizvod\/kontaktno-ljepilo-vi-pro-epdm-contact-adhesive-904\/","title":{"rendered":"Kontaktno ljepilo Vi-Pro\u00ae EPDM CONTACT ADHESIVE 904"},"content":{"rendered":"<p>U\u010dinkovito i brzo spajanje EPDM membrane s podlogom osigurava kontaktno ljepilo za EPDM \u2013 <strong>Vi-Pro\u00ae EPDM kontaktno ljepilo 904. To je VISOKOKVALITETNO, JEDNOKOMPONENTNO LJEPILO NA BAZI SINTETI\u010cKE GUME I SINTETI\u010cKE SMOLE<\/strong>, dizajnirano za nano\u0161enje na obje povr\u0161ine koje se lijepe (EPDM traka i podloga). Zahvaljuju\u0107i izvrsnom prianjanju, mo\u017ee se koristiti i na materijalima kao \u0161to su: bitumen, butil, aluminij, drvo, \u010delik, beton i lagani beton.<\/p>\n<p><strong>PREDNOSTI:<\/strong><br \/>\n\u2022 Ve\u017ee se na prvi dodir<br \/>\n\u2022 Lako se nanosi valjkom ili \u010detkom<br \/>\n\u2022 Mo\u017ee se koristiti kao temeljni premaz<\/p>\n","protected":false},"excerpt":{"rendered":"<p>U\u010dinkovito i brzo spajanje EPDM membrane s podlogom osigurava kontaktno ljepilo za EPDM \u2013 Vi-Pro\u00ae EPDM kontaktno ljepilo 904. To je VISOKOKVALITETNO, JEDNOKOMPONENTNO LJEPILO NA BAZI SINTETI\u010cKE GUME I SINTETI\u010cKE SMOLE, dizajnirano za nano\u0161enje na obje povr\u0161ine koje se lijepe (EPDM traka i podloga). Zahvaljuju\u0107i izvrsnom prianjanju, mo\u017ee se koristiti i na materijalima kao \u0161to [&hellip;]<\/p>\n","protected":false},"featured_media":2265,"comment_status":"open","ping_status":"closed","template":"","meta":{"_acf_changed":false},"product_cat":[116],"product_tag":[],"acf":[],"yoast_head":"<!-- This site is optimized with the Yoast SEO plugin v22.9 - https:\/\/yoast.com\/wordpress\/plugins\/seo\/ -->\n<title>Kontaktno ljepilo Vi-Pro\u00ae EPDM CONTACT ADHESIVE 904 - Proventuss<\/title>\n<meta name=\"robots\" content=\"index, follow, max-snippet:-1, max-image-preview:large, max-video-preview:-1\" \/>\n<link rel=\"canonical\" href=\"https:\/\/proventuss.eu\/hr\/produkt\/kontaktno-ljepilo-vi-pro-epdm-contact-adhesive-904\/\" \/>\n<meta property=\"og:locale\" content=\"hr_HR\" \/>\n<meta property=\"og:type\" content=\"article\" \/>\n<meta property=\"og:title\" content=\"Kontaktno ljepilo Vi-Pro\u00ae EPDM CONTACT ADHESIVE 904 - Proventuss\" \/>\n<meta property=\"og:description\" content=\"U\u010dinkovito i brzo spajanje EPDM membrane s podlogom osigurava kontaktno ljepilo za EPDM \u2013 Vi-Pro\u00ae EPDM kontaktno ljepilo 904. To je VISOKOKVALITETNO, JEDNOKOMPONENTNO LJEPILO NA BAZI SINTETI\u010cKE GUME I SINTETI\u010cKE SMOLE, dizajnirano za nano\u0161enje na obje povr\u0161ine koje se lijepe (EPDM traka i podloga). Zahvaljuju\u0107i izvrsnom prianjanju, mo\u017ee se koristiti i na materijalima kao \u0161to [&hellip;]\" \/>\n<meta property=\"og:url\" content=\"https:\/\/proventuss.eu\/hr\/produkt\/kontaktno-ljepilo-vi-pro-epdm-contact-adhesive-904\/\" \/>\n<meta property=\"og:site_name\" content=\"Proventuss\" \/>\n<meta property=\"article:modified_time\" content=\"2024-09-04T06:59:17+00:00\" \/>\n<meta property=\"og:image\" content=\"https:\/\/proventuss.eu\/wp-content\/uploads\/2022\/04\/Vi-Pro-EPDM-Contact-Adhesive-904.png\" \/>\n\t<meta property=\"og:image:width\" content=\"640\" \/>\n\t<meta property=\"og:image:height\" content=\"640\" \/>\n\t<meta property=\"og:image:type\" content=\"image\/png\" \/>\n<meta name=\"twitter:card\" content=\"summary_large_image\" \/>\n<meta name=\"twitter:label1\" content=\"Procijenjeno vrijeme \u010ditanja\" \/>\n\t<meta name=\"twitter:data1\" content=\"1 minuta\" \/>\n<script type=\"application\/ld+json\" class=\"yoast-schema-graph\">{\"@context\":\"https:\/\/schema.org\",\"@graph\":[{\"@type\":\"WebPage\",\"@id\":\"https:\/\/proventuss.eu\/hr\/produkt\/kontaktno-ljepilo-vi-pro-epdm-contact-adhesive-904\/\",\"url\":\"https:\/\/proventuss.eu\/hr\/produkt\/kontaktno-ljepilo-vi-pro-epdm-contact-adhesive-904\/\",\"name\":\"Kontaktno ljepilo Vi-Pro\u00ae EPDM CONTACT ADHESIVE 904 - Proventuss\",\"isPartOf\":{\"@id\":\"https:\/\/proventuss.eu\/#website\"},\"primaryImageOfPage\":{\"@id\":\"https:\/\/proventuss.eu\/hr\/produkt\/kontaktno-ljepilo-vi-pro-epdm-contact-adhesive-904\/#primaryimage\"},\"image\":{\"@id\":\"https:\/\/proventuss.eu\/hr\/produkt\/kontaktno-ljepilo-vi-pro-epdm-contact-adhesive-904\/#primaryimage\"},\"thumbnailUrl\":\"https:\/\/proventuss.eu\/wp-content\/uploads\/2022\/04\/Vi-Pro-EPDM-Contact-Adhesive-904.png\",\"datePublished\":\"2022-04-26T09:14:22+00:00\",\"dateModified\":\"2024-09-04T06:59:17+00:00\",\"breadcrumb\":{\"@id\":\"https:\/\/proventuss.eu\/hr\/produkt\/kontaktno-ljepilo-vi-pro-epdm-contact-adhesive-904\/#breadcrumb\"},\"inLanguage\":\"hr\",\"potentialAction\":[{\"@type\":\"ReadAction\",\"target\":[\"https:\/\/proventuss.eu\/hr\/produkt\/kontaktno-ljepilo-vi-pro-epdm-contact-adhesive-904\/\"]}]},{\"@type\":\"ImageObject\",\"inLanguage\":\"hr\",\"@id\":\"https:\/\/proventuss.eu\/hr\/produkt\/kontaktno-ljepilo-vi-pro-epdm-contact-adhesive-904\/#primaryimage\",\"url\":\"https:\/\/proventuss.eu\/wp-content\/uploads\/2022\/04\/Vi-Pro-EPDM-Contact-Adhesive-904.png\",\"contentUrl\":\"https:\/\/proventuss.eu\/wp-content\/uploads\/2022\/04\/Vi-Pro-EPDM-Contact-Adhesive-904.png\",\"width\":640,\"height\":640,\"caption\":\"Na zdj\u0119ciu jednosk\u0142adnikowy klej kontaktowy na bazie syntetycznego kauczuku i syntetycznych \u017cywic, przeznaczony do aplikacji na obie klejone powierzchnie.\"},{\"@type\":\"BreadcrumbList\",\"@id\":\"https:\/\/proventuss.eu\/hr\/produkt\/kontaktno-ljepilo-vi-pro-epdm-contact-adhesive-904\/#breadcrumb\",\"itemListElement\":[{\"@type\":\"ListItem\",\"position\":1,\"name\":\"Home\",\"item\":\"https:\/\/proventuss.eu\/\"},{\"@type\":\"ListItem\",\"position\":2,\"name\":\"Shop\",\"item\":\"https:\/\/proventuss.eu\/hr\/pohraniti\/\"},{\"@type\":\"ListItem\",\"position\":3,\"name\":\"Kontaktno ljepilo Vi-Pro\u00ae EPDM CONTACT ADHESIVE 904\"}]},{\"@type\":\"WebSite\",\"@id\":\"https:\/\/proventuss.eu\/#website\",\"url\":\"https:\/\/proventuss.eu\/\",\"name\":\"Proventuss\",\"description\":\"\",\"potentialAction\":[{\"@type\":\"SearchAction\",\"target\":{\"@type\":\"EntryPoint\",\"urlTemplate\":\"https:\/\/proventuss.eu\/?s={search_term_string}\"},\"query-input\":\"required name=search_term_string\"}],\"inLanguage\":\"hr\"}]}<\/script>\n<!-- \/ Yoast SEO plugin. -->","yoast_head_json":{"title":"Kontaktno ljepilo Vi-Pro\u00ae EPDM CONTACT ADHESIVE 904 - Proventuss","robots":{"index":"index","follow":"follow","max-snippet":"max-snippet:-1","max-image-preview":"max-image-preview:large","max-video-preview":"max-video-preview:-1"},"canonical":"https:\/\/proventuss.eu\/hr\/produkt\/kontaktno-ljepilo-vi-pro-epdm-contact-adhesive-904\/","og_locale":"hr_HR","og_type":"article","og_title":"Kontaktno ljepilo Vi-Pro\u00ae EPDM CONTACT ADHESIVE 904 - Proventuss","og_description":"U\u010dinkovito i brzo spajanje EPDM membrane s podlogom osigurava kontaktno ljepilo za EPDM \u2013 Vi-Pro\u00ae EPDM kontaktno ljepilo 904. To je VISOKOKVALITETNO, JEDNOKOMPONENTNO LJEPILO NA BAZI SINTETI\u010cKE GUME I SINTETI\u010cKE SMOLE, dizajnirano za nano\u0161enje na obje povr\u0161ine koje se lijepe (EPDM traka i podloga). Zahvaljuju\u0107i izvrsnom prianjanju, mo\u017ee se koristiti i na materijalima kao \u0161to [&hellip;]","og_url":"https:\/\/proventuss.eu\/hr\/produkt\/kontaktno-ljepilo-vi-pro-epdm-contact-adhesive-904\/","og_site_name":"Proventuss","article_modified_time":"2024-09-04T06:59:17+00:00","og_image":[{"width":640,"height":640,"url":"https:\/\/proventuss.eu\/wp-content\/uploads\/2022\/04\/Vi-Pro-EPDM-Contact-Adhesive-904.png","type":"image\/png"}],"twitter_card":"summary_large_image","twitter_misc":{"Procijenjeno vrijeme \u010ditanja":"1 minuta"},"schema":{"@context":"https:\/\/schema.org","@graph":[{"@type":"WebPage","@id":"https:\/\/proventuss.eu\/hr\/produkt\/kontaktno-ljepilo-vi-pro-epdm-contact-adhesive-904\/","url":"https:\/\/proventuss.eu\/hr\/produkt\/kontaktno-ljepilo-vi-pro-epdm-contact-adhesive-904\/","name":"Kontaktno ljepilo Vi-Pro\u00ae EPDM CONTACT ADHESIVE 904 - Proventuss","isPartOf":{"@id":"https:\/\/proventuss.eu\/#website"},"primaryImageOfPage":{"@id":"https:\/\/proventuss.eu\/hr\/produkt\/kontaktno-ljepilo-vi-pro-epdm-contact-adhesive-904\/#primaryimage"},"image":{"@id":"https:\/\/proventuss.eu\/hr\/produkt\/kontaktno-ljepilo-vi-pro-epdm-contact-adhesive-904\/#primaryimage"},"thumbnailUrl":"https:\/\/proventuss.eu\/wp-content\/uploads\/2022\/04\/Vi-Pro-EPDM-Contact-Adhesive-904.png","datePublished":"2022-04-26T09:14:22+00:00","dateModified":"2024-09-04T06:59:17+00:00","breadcrumb":{"@id":"https:\/\/proventuss.eu\/hr\/produkt\/kontaktno-ljepilo-vi-pro-epdm-contact-adhesive-904\/#breadcrumb"},"inLanguage":"hr","potentialAction":[{"@type":"ReadAction","target":["https:\/\/proventuss.eu\/hr\/produkt\/kontaktno-ljepilo-vi-pro-epdm-contact-adhesive-904\/"]}]},{"@type":"ImageObject","inLanguage":"hr","@id":"https:\/\/proventuss.eu\/hr\/produkt\/kontaktno-ljepilo-vi-pro-epdm-contact-adhesive-904\/#primaryimage","url":"https:\/\/proventuss.eu\/wp-content\/uploads\/2022\/04\/Vi-Pro-EPDM-Contact-Adhesive-904.png","contentUrl":"https:\/\/proventuss.eu\/wp-content\/uploads\/2022\/04\/Vi-Pro-EPDM-Contact-Adhesive-904.png","width":640,"height":640,"caption":"Na zdj\u0119ciu jednosk\u0142adnikowy klej kontaktowy na bazie syntetycznego kauczuku i syntetycznych \u017cywic, przeznaczony do aplikacji na obie klejone powierzchnie."},{"@type":"BreadcrumbList","@id":"https:\/\/proventuss.eu\/hr\/produkt\/kontaktno-ljepilo-vi-pro-epdm-contact-adhesive-904\/#breadcrumb","itemListElement":[{"@type":"ListItem","position":1,"name":"Home","item":"https:\/\/proventuss.eu\/"},{"@type":"ListItem","position":2,"name":"Shop","item":"https:\/\/proventuss.eu\/hr\/pohraniti\/"},{"@type":"ListItem","position":3,"name":"Kontaktno ljepilo Vi-Pro\u00ae EPDM CONTACT ADHESIVE 904"}]},{"@type":"WebSite","@id":"https:\/\/proventuss.eu\/#website","url":"https:\/\/proventuss.eu\/","name":"Proventuss","description":"","potentialAction":[{"@type":"SearchAction","target":{"@type":"EntryPoint","urlTemplate":"https:\/\/proventuss.eu\/?s={search_term_string}"},"query-input":"required name=search_term_string"}],"inLanguage":"hr"}]}},"_links":{"self":[{"href":"https:\/\/proventuss.eu\/hr\/wp-json\/wp\/v2\/product\/2956"}],"collection":[{"href":"https:\/\/proventuss.eu\/hr\/wp-json\/wp\/v2\/product"}],"about":[{"href":"https:\/\/proventuss.eu\/hr\/wp-json\/wp\/v2\/types\/product"}],"replies":[{"embeddable":true,"href":"https:\/\/proventuss.eu\/hr\/wp-json\/wp\/v2\/comments?post=2956"}],"wp:featuredmedia":[{"embeddable":true,"href":"https:\/\/proventuss.eu\/hr\/wp-json\/wp\/v2\/media\/2265"}],"wp:attachment":[{"href":"https:\/\/proventuss.eu\/hr\/wp-json\/wp\/v2\/media?parent=2956"}],"wp:term":[{"taxonomy":"product_cat","embeddable":true,"href":"https:\/\/proventuss.eu\/hr\/wp-json\/wp\/v2\/product_cat?post=2956"},{"taxonomy":"product_tag","embeddable":true,"href":"https:\/\/proventuss.eu\/hr\/wp-json\/wp\/v2\/product_tag?post=2956"}],"curies":[{"name":"wp","href":"https:\/\/api.w.org\/{rel}","templated":true}]}}