{"id":2951,"date":"2022-04-26T09:17:16","date_gmt":"2022-04-26T09:17:16","guid":{"rendered":"https:\/\/proventuss.eu\/produkt\/vi-pro-epdm-primer-908\/"},"modified":"2022-07-15T06:55:43","modified_gmt":"2022-07-15T06:55:43","slug":"primer-vi-pro-epdm-primer-908","status":"publish","type":"product","link":"https:\/\/proventuss.eu\/hr\/proizvod\/primer-vi-pro-epdm-primer-908\/","title":{"rendered":"Primer Vi-Pro\u00ae EPDM PRIMER 908"},"content":{"rendered":"<p><strong>S TEMELJNIM PREMAZOM Vi-Pro\u00ae EPDM<\/strong> temeljni premaz 908 mo\u017eete pravilno pripremiti podlogu prije postavljanja EPDM membrane. Temeljni premaz je visokokvalitetan proizvod na bazi silikona s niskim udjelom otapala. Mo\u017ee se koristiti na betonu, porastom betonu, kamenu, perlitu kao i na plo\u010dama i mineralnim povr\u0161inama. U\u010dinkovito ja\u010da i izravnava upijanje podloge.<\/p>\n<p><strong>PREDNOSTI:<\/strong><br \/>\n\u2022 Ujedna\u010dava i pobolj\u0161ava prianjanje podloge<br \/>\n\u2022 Na raznim vrstama poroznih podloga<br \/>\n\u2022 Dostupan u crvenoj boji<\/p>\n","protected":false},"excerpt":{"rendered":"<p>S TEMELJNIM PREMAZOM Vi-Pro\u00ae EPDM temeljni premaz 908 mo\u017eete pravilno pripremiti podlogu prije postavljanja EPDM membrane. Temeljni premaz je visokokvalitetan proizvod na bazi silikona s niskim udjelom otapala. Mo\u017ee se koristiti na betonu, porastom betonu, kamenu, perlitu kao i na plo\u010dama i mineralnim povr\u0161inama. U\u010dinkovito ja\u010da i izravnava upijanje podloge. PREDNOSTI: \u2022 Ujedna\u010dava i pobolj\u0161ava [&hellip;]<\/p>\n","protected":false},"featured_media":2075,"comment_status":"open","ping_status":"closed","template":"","meta":{"_acf_changed":false},"product_cat":[116],"product_tag":[],"acf":[],"yoast_head":"<!-- This site is optimized with the Yoast SEO plugin v22.9 - https:\/\/yoast.com\/wordpress\/plugins\/seo\/ -->\n<title>Primer Vi-Pro\u00ae EPDM PRIMER 908 - Proventuss<\/title>\n<meta name=\"robots\" content=\"index, follow, max-snippet:-1, max-image-preview:large, max-video-preview:-1\" \/>\n<link rel=\"canonical\" href=\"https:\/\/proventuss.eu\/hr\/produkt\/primer-vi-pro-epdm-primer-908\/\" \/>\n<meta property=\"og:locale\" content=\"hr_HR\" \/>\n<meta property=\"og:type\" content=\"article\" \/>\n<meta property=\"og:title\" content=\"Primer Vi-Pro\u00ae EPDM PRIMER 908 - Proventuss\" \/>\n<meta property=\"og:description\" content=\"S TEMELJNIM PREMAZOM Vi-Pro\u00ae EPDM temeljni premaz 908 mo\u017eete pravilno pripremiti podlogu prije postavljanja EPDM membrane. Temeljni premaz je visokokvalitetan proizvod na bazi silikona s niskim udjelom otapala. Mo\u017ee se koristiti na betonu, porastom betonu, kamenu, perlitu kao i na plo\u010dama i mineralnim povr\u0161inama. U\u010dinkovito ja\u010da i izravnava upijanje podloge. PREDNOSTI: \u2022 Ujedna\u010dava i pobolj\u0161ava [&hellip;]\" \/>\n<meta property=\"og:url\" content=\"https:\/\/proventuss.eu\/hr\/produkt\/primer-vi-pro-epdm-primer-908\/\" \/>\n<meta property=\"og:site_name\" content=\"Proventuss\" \/>\n<meta property=\"article:modified_time\" content=\"2022-07-15T06:55:43+00:00\" \/>\n<meta property=\"og:image\" content=\"https:\/\/proventuss.eu\/wp-content\/uploads\/2022\/04\/Vi-Pro-EPDM-Primer-908_2.png\" \/>\n\t<meta property=\"og:image:width\" content=\"640\" \/>\n\t<meta property=\"og:image:height\" content=\"640\" \/>\n\t<meta property=\"og:image:type\" content=\"image\/png\" \/>\n<meta name=\"twitter:card\" content=\"summary_large_image\" \/>\n<script type=\"application\/ld+json\" class=\"yoast-schema-graph\">{\"@context\":\"https:\/\/schema.org\",\"@graph\":[{\"@type\":\"WebPage\",\"@id\":\"https:\/\/proventuss.eu\/hr\/produkt\/primer-vi-pro-epdm-primer-908\/\",\"url\":\"https:\/\/proventuss.eu\/hr\/produkt\/primer-vi-pro-epdm-primer-908\/\",\"name\":\"Primer Vi-Pro\u00ae EPDM PRIMER 908 - Proventuss\",\"isPartOf\":{\"@id\":\"https:\/\/proventuss.eu\/#website\"},\"primaryImageOfPage\":{\"@id\":\"https:\/\/proventuss.eu\/hr\/produkt\/primer-vi-pro-epdm-primer-908\/#primaryimage\"},\"image\":{\"@id\":\"https:\/\/proventuss.eu\/hr\/produkt\/primer-vi-pro-epdm-primer-908\/#primaryimage\"},\"thumbnailUrl\":\"https:\/\/proventuss.eu\/wp-content\/uploads\/2022\/04\/Vi-Pro-EPDM-Primer-908_2.png\",\"datePublished\":\"2022-04-26T09:17:16+00:00\",\"dateModified\":\"2022-07-15T06:55:43+00:00\",\"breadcrumb\":{\"@id\":\"https:\/\/proventuss.eu\/hr\/produkt\/primer-vi-pro-epdm-primer-908\/#breadcrumb\"},\"inLanguage\":\"hr\",\"potentialAction\":[{\"@type\":\"ReadAction\",\"target\":[\"https:\/\/proventuss.eu\/hr\/produkt\/primer-vi-pro-epdm-primer-908\/\"]}]},{\"@type\":\"ImageObject\",\"inLanguage\":\"hr\",\"@id\":\"https:\/\/proventuss.eu\/hr\/produkt\/primer-vi-pro-epdm-primer-908\/#primaryimage\",\"url\":\"https:\/\/proventuss.eu\/wp-content\/uploads\/2022\/04\/Vi-Pro-EPDM-Primer-908_2.png\",\"contentUrl\":\"https:\/\/proventuss.eu\/wp-content\/uploads\/2022\/04\/Vi-Pro-EPDM-Primer-908_2.png\",\"width\":640,\"height\":640,\"caption\":\"Na zdj\u0119ciu podk\u0142ad na bazie silikonu o niskiej zawarto\u015bci rozpuszczalnik\u00f3w stosowany na r\u00f3\u017cnego rodzaju pod\u0142o\u017ca porowate. Ujednolica i poprawia przyczepno\u015b\u0107 pod\u0142o\u017ca.\"},{\"@type\":\"BreadcrumbList\",\"@id\":\"https:\/\/proventuss.eu\/hr\/produkt\/primer-vi-pro-epdm-primer-908\/#breadcrumb\",\"itemListElement\":[{\"@type\":\"ListItem\",\"position\":1,\"name\":\"Home\",\"item\":\"https:\/\/proventuss.eu\/\"},{\"@type\":\"ListItem\",\"position\":2,\"name\":\"Shop\",\"item\":\"https:\/\/proventuss.eu\/hr\/pohraniti\/\"},{\"@type\":\"ListItem\",\"position\":3,\"name\":\"Primer Vi-Pro\u00ae EPDM PRIMER 908\"}]},{\"@type\":\"WebSite\",\"@id\":\"https:\/\/proventuss.eu\/#website\",\"url\":\"https:\/\/proventuss.eu\/\",\"name\":\"Proventuss\",\"description\":\"\",\"potentialAction\":[{\"@type\":\"SearchAction\",\"target\":{\"@type\":\"EntryPoint\",\"urlTemplate\":\"https:\/\/proventuss.eu\/?s={search_term_string}\"},\"query-input\":\"required name=search_term_string\"}],\"inLanguage\":\"hr\"}]}<\/script>\n<!-- \/ Yoast SEO plugin. -->","yoast_head_json":{"title":"Primer Vi-Pro\u00ae EPDM PRIMER 908 - Proventuss","robots":{"index":"index","follow":"follow","max-snippet":"max-snippet:-1","max-image-preview":"max-image-preview:large","max-video-preview":"max-video-preview:-1"},"canonical":"https:\/\/proventuss.eu\/hr\/produkt\/primer-vi-pro-epdm-primer-908\/","og_locale":"hr_HR","og_type":"article","og_title":"Primer Vi-Pro\u00ae EPDM PRIMER 908 - Proventuss","og_description":"S TEMELJNIM PREMAZOM Vi-Pro\u00ae EPDM temeljni premaz 908 mo\u017eete pravilno pripremiti podlogu prije postavljanja EPDM membrane. Temeljni premaz je visokokvalitetan proizvod na bazi silikona s niskim udjelom otapala. Mo\u017ee se koristiti na betonu, porastom betonu, kamenu, perlitu kao i na plo\u010dama i mineralnim povr\u0161inama. U\u010dinkovito ja\u010da i izravnava upijanje podloge. PREDNOSTI: \u2022 Ujedna\u010dava i pobolj\u0161ava [&hellip;]","og_url":"https:\/\/proventuss.eu\/hr\/produkt\/primer-vi-pro-epdm-primer-908\/","og_site_name":"Proventuss","article_modified_time":"2022-07-15T06:55:43+00:00","og_image":[{"width":640,"height":640,"url":"https:\/\/proventuss.eu\/wp-content\/uploads\/2022\/04\/Vi-Pro-EPDM-Primer-908_2.png","type":"image\/png"}],"twitter_card":"summary_large_image","schema":{"@context":"https:\/\/schema.org","@graph":[{"@type":"WebPage","@id":"https:\/\/proventuss.eu\/hr\/produkt\/primer-vi-pro-epdm-primer-908\/","url":"https:\/\/proventuss.eu\/hr\/produkt\/primer-vi-pro-epdm-primer-908\/","name":"Primer Vi-Pro\u00ae EPDM PRIMER 908 - Proventuss","isPartOf":{"@id":"https:\/\/proventuss.eu\/#website"},"primaryImageOfPage":{"@id":"https:\/\/proventuss.eu\/hr\/produkt\/primer-vi-pro-epdm-primer-908\/#primaryimage"},"image":{"@id":"https:\/\/proventuss.eu\/hr\/produkt\/primer-vi-pro-epdm-primer-908\/#primaryimage"},"thumbnailUrl":"https:\/\/proventuss.eu\/wp-content\/uploads\/2022\/04\/Vi-Pro-EPDM-Primer-908_2.png","datePublished":"2022-04-26T09:17:16+00:00","dateModified":"2022-07-15T06:55:43+00:00","breadcrumb":{"@id":"https:\/\/proventuss.eu\/hr\/produkt\/primer-vi-pro-epdm-primer-908\/#breadcrumb"},"inLanguage":"hr","potentialAction":[{"@type":"ReadAction","target":["https:\/\/proventuss.eu\/hr\/produkt\/primer-vi-pro-epdm-primer-908\/"]}]},{"@type":"ImageObject","inLanguage":"hr","@id":"https:\/\/proventuss.eu\/hr\/produkt\/primer-vi-pro-epdm-primer-908\/#primaryimage","url":"https:\/\/proventuss.eu\/wp-content\/uploads\/2022\/04\/Vi-Pro-EPDM-Primer-908_2.png","contentUrl":"https:\/\/proventuss.eu\/wp-content\/uploads\/2022\/04\/Vi-Pro-EPDM-Primer-908_2.png","width":640,"height":640,"caption":"Na zdj\u0119ciu podk\u0142ad na bazie silikonu o niskiej zawarto\u015bci rozpuszczalnik\u00f3w stosowany na r\u00f3\u017cnego rodzaju pod\u0142o\u017ca porowate. Ujednolica i poprawia przyczepno\u015b\u0107 pod\u0142o\u017ca."},{"@type":"BreadcrumbList","@id":"https:\/\/proventuss.eu\/hr\/produkt\/primer-vi-pro-epdm-primer-908\/#breadcrumb","itemListElement":[{"@type":"ListItem","position":1,"name":"Home","item":"https:\/\/proventuss.eu\/"},{"@type":"ListItem","position":2,"name":"Shop","item":"https:\/\/proventuss.eu\/hr\/pohraniti\/"},{"@type":"ListItem","position":3,"name":"Primer Vi-Pro\u00ae EPDM PRIMER 908"}]},{"@type":"WebSite","@id":"https:\/\/proventuss.eu\/#website","url":"https:\/\/proventuss.eu\/","name":"Proventuss","description":"","potentialAction":[{"@type":"SearchAction","target":{"@type":"EntryPoint","urlTemplate":"https:\/\/proventuss.eu\/?s={search_term_string}"},"query-input":"required name=search_term_string"}],"inLanguage":"hr"}]}},"_links":{"self":[{"href":"https:\/\/proventuss.eu\/hr\/wp-json\/wp\/v2\/product\/2951"}],"collection":[{"href":"https:\/\/proventuss.eu\/hr\/wp-json\/wp\/v2\/product"}],"about":[{"href":"https:\/\/proventuss.eu\/hr\/wp-json\/wp\/v2\/types\/product"}],"replies":[{"embeddable":true,"href":"https:\/\/proventuss.eu\/hr\/wp-json\/wp\/v2\/comments?post=2951"}],"wp:featuredmedia":[{"embeddable":true,"href":"https:\/\/proventuss.eu\/hr\/wp-json\/wp\/v2\/media\/2075"}],"wp:attachment":[{"href":"https:\/\/proventuss.eu\/hr\/wp-json\/wp\/v2\/media?parent=2951"}],"wp:term":[{"taxonomy":"product_cat","embeddable":true,"href":"https:\/\/proventuss.eu\/hr\/wp-json\/wp\/v2\/product_cat?post=2951"},{"taxonomy":"product_tag","embeddable":true,"href":"https:\/\/proventuss.eu\/hr\/wp-json\/wp\/v2\/product_tag?post=2951"}],"curies":[{"name":"wp","href":"https:\/\/api.w.org\/{rel}","templated":true}]}}