{"id":2950,"date":"2022-04-26T09:37:29","date_gmt":"2022-04-26T09:37:29","guid":{"rendered":"https:\/\/proventuss.eu\/produkt\/dupont-insta-stik-mp-fc\/"},"modified":"2024-11-27T08:23:38","modified_gmt":"2024-11-27T08:23:38","slug":"dupont-insta-stik-mp-fc","status":"publish","type":"product","link":"https:\/\/proventuss.eu\/hr\/proizvod\/dupont-insta-stik-mp-fc\/","title":{"rendered":"DuPont Insta-Stik MP FC"},"content":{"rendered":"<p>Univerzalno, brzovezuju\u0107e poliuretansko ljepilo s malom ekspanzijom, posebno razvijeno za vertikalno i horizontalno lijepljenje plo\u010da ili obloga od XPS, EPS, PIR, PUR, mineralne vune i gipsanih plo\u010da na beton, ciglu, \u017ebuku, kamen, drvo, metal i bitumen membrane ili na netkanoj podlozi. Mogu\u0107nost postavljanja prozorskih klupica i lijepljenja temelja.<\/p>\n<p>PREDNOSTI:<br \/>\n&#8211; Visoka u\u010dinkovitost: doza od 750 ml dovoljna je za pokrivanje pribli\u017eno 15 m2 povr\u0161ine.<br \/>\n&#8211; Pobolj\u0161ava koeficijent toplinske izolacije fasadnog sustava.<br \/>\n&#8211; \u0160irok raspon toplinske otpornosti: od -40\u00b0C do +100\u00b0C.<br \/>\n&#8211; \u010cist za kori\u0161tenje &#8211; ne ostavlja pra\u0161inu niti ostatke tijekom postavljanja.<br \/>\n&#8211; Formula koja se brzo stvrdnjava pobolj\u0161ava u\u010dinak na licu mjesta.<br \/>\n&#8211; Brza priprema i jednostavna monta\u017ea smanjuju tro\u0161kove rada i materijala.<br \/>\n&#8211; Pru\u017ea \u010dvrstu i izdr\u017eljivu vezu.<\/p>\n<p>PAKIRANJE:<br \/>\nLimenka: 750 ml<br \/>\nKarton: 12 kom.<\/p>\n","protected":false},"excerpt":{"rendered":"<p>Univerzalno, brzovezuju\u0107e poliuretansko ljepilo s malom ekspanzijom, posebno razvijeno za vertikalno i horizontalno lijepljenje plo\u010da ili obloga od XPS, EPS, PIR, PUR, mineralne vune i gipsanih plo\u010da na beton, ciglu, \u017ebuku, kamen, drvo, metal i bitumen membrane ili na netkanoj podlozi. Mogu\u0107nost postavljanja prozorskih klupica i lijepljenja temelja. PREDNOSTI: &#8211; Visoka u\u010dinkovitost: doza od 750 [&hellip;]<\/p>\n","protected":false},"featured_media":4322,"comment_status":"open","ping_status":"closed","template":"","meta":{"_acf_changed":false},"product_cat":[138],"product_tag":[],"acf":[],"yoast_head":"<!-- This site is optimized with the Yoast SEO plugin v22.9 - https:\/\/yoast.com\/wordpress\/plugins\/seo\/ -->\n<title>DuPont Insta-Stik MP FC - Proventuss<\/title>\n<meta name=\"robots\" content=\"index, follow, max-snippet:-1, max-image-preview:large, max-video-preview:-1\" \/>\n<link rel=\"canonical\" href=\"https:\/\/proventuss.eu\/hr\/produkt\/dupont-insta-stik-mp-fc\/\" \/>\n<meta property=\"og:locale\" content=\"hr_HR\" \/>\n<meta property=\"og:type\" content=\"article\" \/>\n<meta property=\"og:title\" content=\"DuPont Insta-Stik MP FC - Proventuss\" \/>\n<meta property=\"og:description\" content=\"Univerzalno, brzovezuju\u0107e poliuretansko ljepilo s malom ekspanzijom, posebno razvijeno za vertikalno i horizontalno lijepljenje plo\u010da ili obloga od XPS, EPS, PIR, PUR, mineralne vune i gipsanih plo\u010da na beton, ciglu, \u017ebuku, kamen, drvo, metal i bitumen membrane ili na netkanoj podlozi. Mogu\u0107nost postavljanja prozorskih klupica i lijepljenja temelja. PREDNOSTI: &#8211; Visoka u\u010dinkovitost: doza od 750 [&hellip;]\" \/>\n<meta property=\"og:url\" content=\"https:\/\/proventuss.eu\/hr\/produkt\/dupont-insta-stik-mp-fc\/\" \/>\n<meta property=\"og:site_name\" content=\"Proventuss\" \/>\n<meta property=\"article:modified_time\" content=\"2024-11-27T08:23:38+00:00\" \/>\n<meta property=\"og:image\" content=\"https:\/\/proventuss.eu\/wp-content\/uploads\/2022\/04\/DuPont-InstStik-Fast-Cure.jpg\" \/>\n\t<meta property=\"og:image:width\" content=\"600\" \/>\n\t<meta property=\"og:image:height\" content=\"600\" \/>\n\t<meta property=\"og:image:type\" content=\"image\/jpeg\" \/>\n<meta name=\"twitter:card\" content=\"summary_large_image\" \/>\n<meta name=\"twitter:label1\" content=\"Procijenjeno vrijeme \u010ditanja\" \/>\n\t<meta name=\"twitter:data1\" content=\"1 minuta\" \/>\n<script type=\"application\/ld+json\" class=\"yoast-schema-graph\">{\"@context\":\"https:\/\/schema.org\",\"@graph\":[{\"@type\":\"WebPage\",\"@id\":\"https:\/\/proventuss.eu\/hr\/produkt\/dupont-insta-stik-mp-fc\/\",\"url\":\"https:\/\/proventuss.eu\/hr\/produkt\/dupont-insta-stik-mp-fc\/\",\"name\":\"DuPont Insta-Stik MP FC - Proventuss\",\"isPartOf\":{\"@id\":\"https:\/\/proventuss.eu\/#website\"},\"primaryImageOfPage\":{\"@id\":\"https:\/\/proventuss.eu\/hr\/produkt\/dupont-insta-stik-mp-fc\/#primaryimage\"},\"image\":{\"@id\":\"https:\/\/proventuss.eu\/hr\/produkt\/dupont-insta-stik-mp-fc\/#primaryimage\"},\"thumbnailUrl\":\"https:\/\/proventuss.eu\/wp-content\/uploads\/2022\/04\/DuPont-InstStik-Fast-Cure.jpg\",\"datePublished\":\"2022-04-26T09:37:29+00:00\",\"dateModified\":\"2024-11-27T08:23:38+00:00\",\"breadcrumb\":{\"@id\":\"https:\/\/proventuss.eu\/hr\/produkt\/dupont-insta-stik-mp-fc\/#breadcrumb\"},\"inLanguage\":\"hr\",\"potentialAction\":[{\"@type\":\"ReadAction\",\"target\":[\"https:\/\/proventuss.eu\/hr\/produkt\/dupont-insta-stik-mp-fc\/\"]}]},{\"@type\":\"ImageObject\",\"inLanguage\":\"hr\",\"@id\":\"https:\/\/proventuss.eu\/hr\/produkt\/dupont-insta-stik-mp-fc\/#primaryimage\",\"url\":\"https:\/\/proventuss.eu\/wp-content\/uploads\/2022\/04\/DuPont-InstStik-Fast-Cure.jpg\",\"contentUrl\":\"https:\/\/proventuss.eu\/wp-content\/uploads\/2022\/04\/DuPont-InstStik-Fast-Cure.jpg\",\"width\":600,\"height\":600,\"caption\":\"Na zdj\u0119ciu szybkowi\u0105\u017c\u0105cy klej DuPont\u2122 Insta-Stik MP FC o dobrej przyczepno\u015bci do wielu materia\u0142\u00f3w budowlanych, ogranicza ha\u0142as i wibracje.\"},{\"@type\":\"BreadcrumbList\",\"@id\":\"https:\/\/proventuss.eu\/hr\/produkt\/dupont-insta-stik-mp-fc\/#breadcrumb\",\"itemListElement\":[{\"@type\":\"ListItem\",\"position\":1,\"name\":\"Home\",\"item\":\"https:\/\/proventuss.eu\/\"},{\"@type\":\"ListItem\",\"position\":2,\"name\":\"Shop\",\"item\":\"https:\/\/proventuss.eu\/hr\/pohraniti\/\"},{\"@type\":\"ListItem\",\"position\":3,\"name\":\"DuPont Insta-Stik MP FC\"}]},{\"@type\":\"WebSite\",\"@id\":\"https:\/\/proventuss.eu\/#website\",\"url\":\"https:\/\/proventuss.eu\/\",\"name\":\"Proventuss\",\"description\":\"\",\"potentialAction\":[{\"@type\":\"SearchAction\",\"target\":{\"@type\":\"EntryPoint\",\"urlTemplate\":\"https:\/\/proventuss.eu\/?s={search_term_string}\"},\"query-input\":\"required name=search_term_string\"}],\"inLanguage\":\"hr\"}]}<\/script>\n<!-- \/ Yoast SEO plugin. -->","yoast_head_json":{"title":"DuPont Insta-Stik MP FC - Proventuss","robots":{"index":"index","follow":"follow","max-snippet":"max-snippet:-1","max-image-preview":"max-image-preview:large","max-video-preview":"max-video-preview:-1"},"canonical":"https:\/\/proventuss.eu\/hr\/produkt\/dupont-insta-stik-mp-fc\/","og_locale":"hr_HR","og_type":"article","og_title":"DuPont Insta-Stik MP FC - Proventuss","og_description":"Univerzalno, brzovezuju\u0107e poliuretansko ljepilo s malom ekspanzijom, posebno razvijeno za vertikalno i horizontalno lijepljenje plo\u010da ili obloga od XPS, EPS, PIR, PUR, mineralne vune i gipsanih plo\u010da na beton, ciglu, \u017ebuku, kamen, drvo, metal i bitumen membrane ili na netkanoj podlozi. Mogu\u0107nost postavljanja prozorskih klupica i lijepljenja temelja. PREDNOSTI: &#8211; Visoka u\u010dinkovitost: doza od 750 [&hellip;]","og_url":"https:\/\/proventuss.eu\/hr\/produkt\/dupont-insta-stik-mp-fc\/","og_site_name":"Proventuss","article_modified_time":"2024-11-27T08:23:38+00:00","og_image":[{"width":600,"height":600,"url":"https:\/\/proventuss.eu\/wp-content\/uploads\/2022\/04\/DuPont-InstStik-Fast-Cure.jpg","type":"image\/jpeg"}],"twitter_card":"summary_large_image","twitter_misc":{"Procijenjeno vrijeme \u010ditanja":"1 minuta"},"schema":{"@context":"https:\/\/schema.org","@graph":[{"@type":"WebPage","@id":"https:\/\/proventuss.eu\/hr\/produkt\/dupont-insta-stik-mp-fc\/","url":"https:\/\/proventuss.eu\/hr\/produkt\/dupont-insta-stik-mp-fc\/","name":"DuPont Insta-Stik MP FC - Proventuss","isPartOf":{"@id":"https:\/\/proventuss.eu\/#website"},"primaryImageOfPage":{"@id":"https:\/\/proventuss.eu\/hr\/produkt\/dupont-insta-stik-mp-fc\/#primaryimage"},"image":{"@id":"https:\/\/proventuss.eu\/hr\/produkt\/dupont-insta-stik-mp-fc\/#primaryimage"},"thumbnailUrl":"https:\/\/proventuss.eu\/wp-content\/uploads\/2022\/04\/DuPont-InstStik-Fast-Cure.jpg","datePublished":"2022-04-26T09:37:29+00:00","dateModified":"2024-11-27T08:23:38+00:00","breadcrumb":{"@id":"https:\/\/proventuss.eu\/hr\/produkt\/dupont-insta-stik-mp-fc\/#breadcrumb"},"inLanguage":"hr","potentialAction":[{"@type":"ReadAction","target":["https:\/\/proventuss.eu\/hr\/produkt\/dupont-insta-stik-mp-fc\/"]}]},{"@type":"ImageObject","inLanguage":"hr","@id":"https:\/\/proventuss.eu\/hr\/produkt\/dupont-insta-stik-mp-fc\/#primaryimage","url":"https:\/\/proventuss.eu\/wp-content\/uploads\/2022\/04\/DuPont-InstStik-Fast-Cure.jpg","contentUrl":"https:\/\/proventuss.eu\/wp-content\/uploads\/2022\/04\/DuPont-InstStik-Fast-Cure.jpg","width":600,"height":600,"caption":"Na zdj\u0119ciu szybkowi\u0105\u017c\u0105cy klej DuPont\u2122 Insta-Stik MP FC o dobrej przyczepno\u015bci do wielu materia\u0142\u00f3w budowlanych, ogranicza ha\u0142as i wibracje."},{"@type":"BreadcrumbList","@id":"https:\/\/proventuss.eu\/hr\/produkt\/dupont-insta-stik-mp-fc\/#breadcrumb","itemListElement":[{"@type":"ListItem","position":1,"name":"Home","item":"https:\/\/proventuss.eu\/"},{"@type":"ListItem","position":2,"name":"Shop","item":"https:\/\/proventuss.eu\/hr\/pohraniti\/"},{"@type":"ListItem","position":3,"name":"DuPont Insta-Stik MP FC"}]},{"@type":"WebSite","@id":"https:\/\/proventuss.eu\/#website","url":"https:\/\/proventuss.eu\/","name":"Proventuss","description":"","potentialAction":[{"@type":"SearchAction","target":{"@type":"EntryPoint","urlTemplate":"https:\/\/proventuss.eu\/?s={search_term_string}"},"query-input":"required name=search_term_string"}],"inLanguage":"hr"}]}},"_links":{"self":[{"href":"https:\/\/proventuss.eu\/hr\/wp-json\/wp\/v2\/product\/2950"}],"collection":[{"href":"https:\/\/proventuss.eu\/hr\/wp-json\/wp\/v2\/product"}],"about":[{"href":"https:\/\/proventuss.eu\/hr\/wp-json\/wp\/v2\/types\/product"}],"replies":[{"embeddable":true,"href":"https:\/\/proventuss.eu\/hr\/wp-json\/wp\/v2\/comments?post=2950"}],"wp:featuredmedia":[{"embeddable":true,"href":"https:\/\/proventuss.eu\/hr\/wp-json\/wp\/v2\/media\/4322"}],"wp:attachment":[{"href":"https:\/\/proventuss.eu\/hr\/wp-json\/wp\/v2\/media?parent=2950"}],"wp:term":[{"taxonomy":"product_cat","embeddable":true,"href":"https:\/\/proventuss.eu\/hr\/wp-json\/wp\/v2\/product_cat?post=2950"},{"taxonomy":"product_tag","embeddable":true,"href":"https:\/\/proventuss.eu\/hr\/wp-json\/wp\/v2\/product_tag?post=2950"}],"curies":[{"name":"wp","href":"https:\/\/api.w.org\/{rel}","templated":true}]}}