{"id":2944,"date":"2022-04-26T09:49:31","date_gmt":"2022-04-26T09:49:31","guid":{"rendered":"https:\/\/proventuss.eu\/produkt\/siderise-lgs\/"},"modified":"2022-07-14T10:46:21","modified_gmt":"2022-07-14T10:46:21","slug":"siderise-lgs","status":"publish","type":"product","link":"https:\/\/proventuss.eu\/hr\/proizvod\/siderise-lgs\/","title":{"rendered":"SIDERISE LGS"},"content":{"rendered":"<p>SIDERISE LGS brtve za linearne otvore su fleksibilne, vodootporne, intumescentne brtve za linearne otvore koje se \u0161ire kada su izlo\u017eene toplini. Pru\u017eaju svestrano sredstvo za brtvljenje spojeva izme\u0111u gra\u0111evinskih elemenata protiv prodora po\u017eara.<\/p>\n<p><strong>PREDNOSTI:<\/strong><br \/>\n\u2022 Do 2 sata vatrootpornosti<br \/>\n\u2022 Odobrenje tre\u0107e strane: CF 5386<br \/>\n\u2022 Brzo i jednostavno za postavljanje<br \/>\n\u2022 Podnosi strukturno pomicanje +\/- 25%.<\/p>\n<p>Kompresibilna pjenasta jezgra odgovara razli\u010ditim \u0161irinama spojeva kako bi omogu\u0107ila strukturno pomicanje, dok dodatno ispunjava zahtjeve za brtvu hladnog dima, toplinska i akusti\u010dka svojstva. Dostupne su standardne veli\u010dine koje odgovaraju \u0161upljinama do 150<br \/>\nmm i pru\u017eaju otpornost na po\u017ear od 2 sata. Materijal se tako\u0111er mo\u017ee koristiti kao u\u010dinkovita, prilagodljiva protupo\u017earna za\u0161tita unutar kabelskih kanala \u2013 omogu\u0107uju\u0107i ugradnju dodatnih kabela.<\/p>\n","protected":false},"excerpt":{"rendered":"<p>SIDERISE LGS brtve za linearne otvore su fleksibilne, vodootporne, intumescentne brtve za linearne otvore koje se \u0161ire kada su izlo\u017eene toplini. Pru\u017eaju svestrano sredstvo za brtvljenje spojeva izme\u0111u gra\u0111evinskih elemenata protiv prodora po\u017eara. PREDNOSTI: \u2022 Do 2 sata vatrootpornosti \u2022 Odobrenje tre\u0107e strane: CF 5386 \u2022 Brzo i jednostavno za postavljanje \u2022 Podnosi strukturno pomicanje [&hellip;]<\/p>\n","protected":false},"featured_media":4095,"comment_status":"open","ping_status":"closed","template":"","meta":{"_acf_changed":false},"product_cat":[130],"product_tag":[],"acf":[],"yoast_head":"<!-- This site is optimized with the Yoast SEO plugin v22.9 - https:\/\/yoast.com\/wordpress\/plugins\/seo\/ -->\n<title>SIDERISE LGS - Proventuss<\/title>\n<meta name=\"robots\" content=\"index, follow, max-snippet:-1, max-image-preview:large, max-video-preview:-1\" \/>\n<link rel=\"canonical\" href=\"https:\/\/proventuss.eu\/hr\/produkt\/siderise-lgs\/\" \/>\n<meta property=\"og:locale\" content=\"hr_HR\" \/>\n<meta property=\"og:type\" content=\"article\" \/>\n<meta property=\"og:title\" content=\"SIDERISE LGS - Proventuss\" \/>\n<meta property=\"og:description\" content=\"SIDERISE LGS brtve za linearne otvore su fleksibilne, vodootporne, intumescentne brtve za linearne otvore koje se \u0161ire kada su izlo\u017eene toplini. Pru\u017eaju svestrano sredstvo za brtvljenje spojeva izme\u0111u gra\u0111evinskih elemenata protiv prodora po\u017eara. PREDNOSTI: \u2022 Do 2 sata vatrootpornosti \u2022 Odobrenje tre\u0107e strane: CF 5386 \u2022 Brzo i jednostavno za postavljanje \u2022 Podnosi strukturno pomicanje [&hellip;]\" \/>\n<meta property=\"og:url\" content=\"https:\/\/proventuss.eu\/hr\/produkt\/siderise-lgs\/\" \/>\n<meta property=\"og:site_name\" content=\"Proventuss\" \/>\n<meta property=\"article:modified_time\" content=\"2022-07-14T10:46:21+00:00\" \/>\n<meta property=\"og:image\" content=\"https:\/\/proventuss.eu\/wp-content\/uploads\/2022\/04\/LGS.jpg\" \/>\n\t<meta property=\"og:image:width\" content=\"756\" \/>\n\t<meta property=\"og:image:height\" content=\"756\" \/>\n\t<meta property=\"og:image:type\" content=\"image\/jpeg\" \/>\n<meta name=\"twitter:card\" content=\"summary_large_image\" \/>\n<meta name=\"twitter:label1\" content=\"Procijenjeno vrijeme \u010ditanja\" \/>\n\t<meta name=\"twitter:data1\" content=\"1 minuta\" \/>\n<script type=\"application\/ld+json\" class=\"yoast-schema-graph\">{\"@context\":\"https:\/\/schema.org\",\"@graph\":[{\"@type\":\"WebPage\",\"@id\":\"https:\/\/proventuss.eu\/hr\/produkt\/siderise-lgs\/\",\"url\":\"https:\/\/proventuss.eu\/hr\/produkt\/siderise-lgs\/\",\"name\":\"SIDERISE LGS - Proventuss\",\"isPartOf\":{\"@id\":\"https:\/\/proventuss.eu\/#website\"},\"primaryImageOfPage\":{\"@id\":\"https:\/\/proventuss.eu\/hr\/produkt\/siderise-lgs\/#primaryimage\"},\"image\":{\"@id\":\"https:\/\/proventuss.eu\/hr\/produkt\/siderise-lgs\/#primaryimage\"},\"thumbnailUrl\":\"https:\/\/proventuss.eu\/wp-content\/uploads\/2022\/04\/LGS.jpg\",\"datePublished\":\"2022-04-26T09:49:31+00:00\",\"dateModified\":\"2022-07-14T10:46:21+00:00\",\"breadcrumb\":{\"@id\":\"https:\/\/proventuss.eu\/hr\/produkt\/siderise-lgs\/#breadcrumb\"},\"inLanguage\":\"hr\",\"potentialAction\":[{\"@type\":\"ReadAction\",\"target\":[\"https:\/\/proventuss.eu\/hr\/produkt\/siderise-lgs\/\"]}]},{\"@type\":\"ImageObject\",\"inLanguage\":\"hr\",\"@id\":\"https:\/\/proventuss.eu\/hr\/produkt\/siderise-lgs\/#primaryimage\",\"url\":\"https:\/\/proventuss.eu\/wp-content\/uploads\/2022\/04\/LGS.jpg\",\"contentUrl\":\"https:\/\/proventuss.eu\/wp-content\/uploads\/2022\/04\/LGS.jpg\",\"width\":756,\"height\":756},{\"@type\":\"BreadcrumbList\",\"@id\":\"https:\/\/proventuss.eu\/hr\/produkt\/siderise-lgs\/#breadcrumb\",\"itemListElement\":[{\"@type\":\"ListItem\",\"position\":1,\"name\":\"Home\",\"item\":\"https:\/\/proventuss.eu\/\"},{\"@type\":\"ListItem\",\"position\":2,\"name\":\"Shop\",\"item\":\"https:\/\/proventuss.eu\/hr\/pohraniti\/\"},{\"@type\":\"ListItem\",\"position\":3,\"name\":\"SIDERISE LGS\"}]},{\"@type\":\"WebSite\",\"@id\":\"https:\/\/proventuss.eu\/#website\",\"url\":\"https:\/\/proventuss.eu\/\",\"name\":\"Proventuss\",\"description\":\"\",\"potentialAction\":[{\"@type\":\"SearchAction\",\"target\":{\"@type\":\"EntryPoint\",\"urlTemplate\":\"https:\/\/proventuss.eu\/?s={search_term_string}\"},\"query-input\":\"required name=search_term_string\"}],\"inLanguage\":\"hr\"}]}<\/script>\n<!-- \/ Yoast SEO plugin. -->","yoast_head_json":{"title":"SIDERISE LGS - Proventuss","robots":{"index":"index","follow":"follow","max-snippet":"max-snippet:-1","max-image-preview":"max-image-preview:large","max-video-preview":"max-video-preview:-1"},"canonical":"https:\/\/proventuss.eu\/hr\/produkt\/siderise-lgs\/","og_locale":"hr_HR","og_type":"article","og_title":"SIDERISE LGS - Proventuss","og_description":"SIDERISE LGS brtve za linearne otvore su fleksibilne, vodootporne, intumescentne brtve za linearne otvore koje se \u0161ire kada su izlo\u017eene toplini. Pru\u017eaju svestrano sredstvo za brtvljenje spojeva izme\u0111u gra\u0111evinskih elemenata protiv prodora po\u017eara. PREDNOSTI: \u2022 Do 2 sata vatrootpornosti \u2022 Odobrenje tre\u0107e strane: CF 5386 \u2022 Brzo i jednostavno za postavljanje \u2022 Podnosi strukturno pomicanje [&hellip;]","og_url":"https:\/\/proventuss.eu\/hr\/produkt\/siderise-lgs\/","og_site_name":"Proventuss","article_modified_time":"2022-07-14T10:46:21+00:00","og_image":[{"width":756,"height":756,"url":"https:\/\/proventuss.eu\/wp-content\/uploads\/2022\/04\/LGS.jpg","type":"image\/jpeg"}],"twitter_card":"summary_large_image","twitter_misc":{"Procijenjeno vrijeme \u010ditanja":"1 minuta"},"schema":{"@context":"https:\/\/schema.org","@graph":[{"@type":"WebPage","@id":"https:\/\/proventuss.eu\/hr\/produkt\/siderise-lgs\/","url":"https:\/\/proventuss.eu\/hr\/produkt\/siderise-lgs\/","name":"SIDERISE LGS - Proventuss","isPartOf":{"@id":"https:\/\/proventuss.eu\/#website"},"primaryImageOfPage":{"@id":"https:\/\/proventuss.eu\/hr\/produkt\/siderise-lgs\/#primaryimage"},"image":{"@id":"https:\/\/proventuss.eu\/hr\/produkt\/siderise-lgs\/#primaryimage"},"thumbnailUrl":"https:\/\/proventuss.eu\/wp-content\/uploads\/2022\/04\/LGS.jpg","datePublished":"2022-04-26T09:49:31+00:00","dateModified":"2022-07-14T10:46:21+00:00","breadcrumb":{"@id":"https:\/\/proventuss.eu\/hr\/produkt\/siderise-lgs\/#breadcrumb"},"inLanguage":"hr","potentialAction":[{"@type":"ReadAction","target":["https:\/\/proventuss.eu\/hr\/produkt\/siderise-lgs\/"]}]},{"@type":"ImageObject","inLanguage":"hr","@id":"https:\/\/proventuss.eu\/hr\/produkt\/siderise-lgs\/#primaryimage","url":"https:\/\/proventuss.eu\/wp-content\/uploads\/2022\/04\/LGS.jpg","contentUrl":"https:\/\/proventuss.eu\/wp-content\/uploads\/2022\/04\/LGS.jpg","width":756,"height":756},{"@type":"BreadcrumbList","@id":"https:\/\/proventuss.eu\/hr\/produkt\/siderise-lgs\/#breadcrumb","itemListElement":[{"@type":"ListItem","position":1,"name":"Home","item":"https:\/\/proventuss.eu\/"},{"@type":"ListItem","position":2,"name":"Shop","item":"https:\/\/proventuss.eu\/hr\/pohraniti\/"},{"@type":"ListItem","position":3,"name":"SIDERISE LGS"}]},{"@type":"WebSite","@id":"https:\/\/proventuss.eu\/#website","url":"https:\/\/proventuss.eu\/","name":"Proventuss","description":"","potentialAction":[{"@type":"SearchAction","target":{"@type":"EntryPoint","urlTemplate":"https:\/\/proventuss.eu\/?s={search_term_string}"},"query-input":"required name=search_term_string"}],"inLanguage":"hr"}]}},"_links":{"self":[{"href":"https:\/\/proventuss.eu\/hr\/wp-json\/wp\/v2\/product\/2944"}],"collection":[{"href":"https:\/\/proventuss.eu\/hr\/wp-json\/wp\/v2\/product"}],"about":[{"href":"https:\/\/proventuss.eu\/hr\/wp-json\/wp\/v2\/types\/product"}],"replies":[{"embeddable":true,"href":"https:\/\/proventuss.eu\/hr\/wp-json\/wp\/v2\/comments?post=2944"}],"wp:featuredmedia":[{"embeddable":true,"href":"https:\/\/proventuss.eu\/hr\/wp-json\/wp\/v2\/media\/4095"}],"wp:attachment":[{"href":"https:\/\/proventuss.eu\/hr\/wp-json\/wp\/v2\/media?parent=2944"}],"wp:term":[{"taxonomy":"product_cat","embeddable":true,"href":"https:\/\/proventuss.eu\/hr\/wp-json\/wp\/v2\/product_cat?post=2944"},{"taxonomy":"product_tag","embeddable":true,"href":"https:\/\/proventuss.eu\/hr\/wp-json\/wp\/v2\/product_tag?post=2944"}],"curies":[{"name":"wp","href":"https:\/\/api.w.org\/{rel}","templated":true}]}}