{"id":2943,"date":"2022-04-26T09:44:57","date_gmt":"2022-04-26T09:44:57","guid":{"rendered":"https:\/\/proventuss.eu\/produkt\/dowsil-firestop-700\/"},"modified":"2022-07-26T06:51:56","modified_gmt":"2022-07-26T06:51:56","slug":"silikon-za-vatrostalne-brtve-dowsil-firestop-700","status":"publish","type":"product","link":"https:\/\/proventuss.eu\/hr\/proizvod\/silikon-za-vatrostalne-brtve-dowsil-firestop-700\/","title":{"rendered":"Silikon za vatrostalne brtve DOWSIL FIRESTOP 700"},"content":{"rendered":"<p><strong>PROTUPO\u017dARNO NEUTRALNO SILIKONSKO BRTVILO<\/strong>, jednokomponentno silikonsko brtvilo za unutarnje i vanjske linearne spojeve i penetracijske brtve. Idealno je za brtvljenje radi za\u0161titite od vremenskih uvjeta fasada zgrada i dilatacijskih spojeva gdje je potrebna vatrootpornost. Tako\u0111er je prikladno za kori\u0161tenje u sustavima za brtvljenje malih prodora gdje cijevi i kabeli prolaze kroz vatrootporne zidne strukture.<\/p>\n<p><strong>PREDNOSTI:<\/strong><br \/>\n\u2022 U skladu s BS 476, 22. dio<br \/>\n\u2022 Otpornost na vatru do 4 sata<br \/>\n\u2022 Izvrsno prianjanje bez temeljnog premaza na ve\u0107inu gra\u0111evinskih materijala<br \/>\n\u2022 Sposobnost pomicanja spojeva \u00b150 %<br \/>\n\u2022 Izvrsna otpornost na klimatsko optere\u0107enje, vremenske uvjete, ozon, UV zra\u010denje<br \/>\n\u2022 Sustav neutralnog stvrdnjavanja<br \/>\n\u2022 Potpuna kompatibilnost s drugim DOWSIL\u2122 brtvilima za strukturno i izolacijsko ostakljenje<br \/>\n\u2022 U skladu s normom ISO 11600-F&amp;G-25LM<\/p>\n<p><strong>PAKIRANJE\/BOJE:<\/strong><br \/>\nKobasica: 600 ml, kartu\u0161a: 310 ml<br \/>\nBoja: crna, siva, bijela<\/p>\n","protected":false},"excerpt":{"rendered":"<p>PROTUPO\u017dARNO NEUTRALNO SILIKONSKO BRTVILO, jednokomponentno silikonsko brtvilo za unutarnje i vanjske linearne spojeve i penetracijske brtve. Idealno je za brtvljenje radi za\u0161titite od vremenskih uvjeta fasada zgrada i dilatacijskih spojeva gdje je potrebna vatrootpornost. Tako\u0111er je prikladno za kori\u0161tenje u sustavima za brtvljenje malih prodora gdje cijevi i kabeli prolaze kroz vatrootporne zidne strukture. PREDNOSTI: [&hellip;]<\/p>\n","protected":false},"featured_media":2187,"comment_status":"open","ping_status":"closed","template":"","meta":{"_acf_changed":false},"product_cat":[130],"product_tag":[],"acf":[],"yoast_head":"<!-- This site is optimized with the Yoast SEO plugin v22.9 - https:\/\/yoast.com\/wordpress\/plugins\/seo\/ -->\n<title>Silikon za vatrostalne brtve DOWSIL FIRESTOP 700 - Proventuss<\/title>\n<meta name=\"robots\" content=\"index, follow, max-snippet:-1, max-image-preview:large, max-video-preview:-1\" \/>\n<link rel=\"canonical\" href=\"https:\/\/proventuss.eu\/hr\/produkt\/silikon-za-vatrostalne-brtve-dowsil-firestop-700\/\" \/>\n<meta property=\"og:locale\" content=\"hr_HR\" \/>\n<meta property=\"og:type\" content=\"article\" \/>\n<meta property=\"og:title\" content=\"Silikon za vatrostalne brtve DOWSIL FIRESTOP 700 - Proventuss\" \/>\n<meta property=\"og:description\" content=\"PROTUPO\u017dARNO NEUTRALNO SILIKONSKO BRTVILO, jednokomponentno silikonsko brtvilo za unutarnje i vanjske linearne spojeve i penetracijske brtve. Idealno je za brtvljenje radi za\u0161titite od vremenskih uvjeta fasada zgrada i dilatacijskih spojeva gdje je potrebna vatrootpornost. Tako\u0111er je prikladno za kori\u0161tenje u sustavima za brtvljenje malih prodora gdje cijevi i kabeli prolaze kroz vatrootporne zidne strukture. PREDNOSTI: [&hellip;]\" \/>\n<meta property=\"og:url\" content=\"https:\/\/proventuss.eu\/hr\/produkt\/silikon-za-vatrostalne-brtve-dowsil-firestop-700\/\" \/>\n<meta property=\"og:site_name\" content=\"Proventuss\" \/>\n<meta property=\"article:modified_time\" content=\"2022-07-26T06:51:56+00:00\" \/>\n<meta property=\"og:image\" content=\"https:\/\/proventuss.eu\/wp-content\/uploads\/2022\/04\/700.jpg\" \/>\n\t<meta property=\"og:image:width\" content=\"408\" \/>\n\t<meta property=\"og:image:height\" content=\"1136\" \/>\n\t<meta property=\"og:image:type\" content=\"image\/jpeg\" \/>\n<meta name=\"twitter:card\" content=\"summary_large_image\" \/>\n<meta name=\"twitter:label1\" content=\"Procijenjeno vrijeme \u010ditanja\" \/>\n\t<meta name=\"twitter:data1\" content=\"1 minuta\" \/>\n<script type=\"application\/ld+json\" class=\"yoast-schema-graph\">{\"@context\":\"https:\/\/schema.org\",\"@graph\":[{\"@type\":\"WebPage\",\"@id\":\"https:\/\/proventuss.eu\/hr\/produkt\/silikon-za-vatrostalne-brtve-dowsil-firestop-700\/\",\"url\":\"https:\/\/proventuss.eu\/hr\/produkt\/silikon-za-vatrostalne-brtve-dowsil-firestop-700\/\",\"name\":\"Silikon za vatrostalne brtve DOWSIL FIRESTOP 700 - Proventuss\",\"isPartOf\":{\"@id\":\"https:\/\/proventuss.eu\/#website\"},\"primaryImageOfPage\":{\"@id\":\"https:\/\/proventuss.eu\/hr\/produkt\/silikon-za-vatrostalne-brtve-dowsil-firestop-700\/#primaryimage\"},\"image\":{\"@id\":\"https:\/\/proventuss.eu\/hr\/produkt\/silikon-za-vatrostalne-brtve-dowsil-firestop-700\/#primaryimage\"},\"thumbnailUrl\":\"https:\/\/proventuss.eu\/wp-content\/uploads\/2022\/04\/700.jpg\",\"datePublished\":\"2022-04-26T09:44:57+00:00\",\"dateModified\":\"2022-07-26T06:51:56+00:00\",\"breadcrumb\":{\"@id\":\"https:\/\/proventuss.eu\/hr\/produkt\/silikon-za-vatrostalne-brtve-dowsil-firestop-700\/#breadcrumb\"},\"inLanguage\":\"hr\",\"potentialAction\":[{\"@type\":\"ReadAction\",\"target\":[\"https:\/\/proventuss.eu\/hr\/produkt\/silikon-za-vatrostalne-brtve-dowsil-firestop-700\/\"]}]},{\"@type\":\"ImageObject\",\"inLanguage\":\"hr\",\"@id\":\"https:\/\/proventuss.eu\/hr\/produkt\/silikon-za-vatrostalne-brtve-dowsil-firestop-700\/#primaryimage\",\"url\":\"https:\/\/proventuss.eu\/wp-content\/uploads\/2022\/04\/700.jpg\",\"contentUrl\":\"https:\/\/proventuss.eu\/wp-content\/uploads\/2022\/04\/700.jpg\",\"width\":408,\"height\":1136},{\"@type\":\"BreadcrumbList\",\"@id\":\"https:\/\/proventuss.eu\/hr\/produkt\/silikon-za-vatrostalne-brtve-dowsil-firestop-700\/#breadcrumb\",\"itemListElement\":[{\"@type\":\"ListItem\",\"position\":1,\"name\":\"Home\",\"item\":\"https:\/\/proventuss.eu\/\"},{\"@type\":\"ListItem\",\"position\":2,\"name\":\"Shop\",\"item\":\"https:\/\/proventuss.eu\/hr\/pohraniti\/\"},{\"@type\":\"ListItem\",\"position\":3,\"name\":\"Silikon za vatrostalne brtve DOWSIL FIRESTOP 700\"}]},{\"@type\":\"WebSite\",\"@id\":\"https:\/\/proventuss.eu\/#website\",\"url\":\"https:\/\/proventuss.eu\/\",\"name\":\"Proventuss\",\"description\":\"\",\"potentialAction\":[{\"@type\":\"SearchAction\",\"target\":{\"@type\":\"EntryPoint\",\"urlTemplate\":\"https:\/\/proventuss.eu\/?s={search_term_string}\"},\"query-input\":\"required name=search_term_string\"}],\"inLanguage\":\"hr\"}]}<\/script>\n<!-- \/ Yoast SEO plugin. -->","yoast_head_json":{"title":"Silikon za vatrostalne brtve DOWSIL FIRESTOP 700 - Proventuss","robots":{"index":"index","follow":"follow","max-snippet":"max-snippet:-1","max-image-preview":"max-image-preview:large","max-video-preview":"max-video-preview:-1"},"canonical":"https:\/\/proventuss.eu\/hr\/produkt\/silikon-za-vatrostalne-brtve-dowsil-firestop-700\/","og_locale":"hr_HR","og_type":"article","og_title":"Silikon za vatrostalne brtve DOWSIL FIRESTOP 700 - Proventuss","og_description":"PROTUPO\u017dARNO NEUTRALNO SILIKONSKO BRTVILO, jednokomponentno silikonsko brtvilo za unutarnje i vanjske linearne spojeve i penetracijske brtve. Idealno je za brtvljenje radi za\u0161titite od vremenskih uvjeta fasada zgrada i dilatacijskih spojeva gdje je potrebna vatrootpornost. Tako\u0111er je prikladno za kori\u0161tenje u sustavima za brtvljenje malih prodora gdje cijevi i kabeli prolaze kroz vatrootporne zidne strukture. PREDNOSTI: [&hellip;]","og_url":"https:\/\/proventuss.eu\/hr\/produkt\/silikon-za-vatrostalne-brtve-dowsil-firestop-700\/","og_site_name":"Proventuss","article_modified_time":"2022-07-26T06:51:56+00:00","og_image":[{"width":408,"height":1136,"url":"https:\/\/proventuss.eu\/wp-content\/uploads\/2022\/04\/700.jpg","type":"image\/jpeg"}],"twitter_card":"summary_large_image","twitter_misc":{"Procijenjeno vrijeme \u010ditanja":"1 minuta"},"schema":{"@context":"https:\/\/schema.org","@graph":[{"@type":"WebPage","@id":"https:\/\/proventuss.eu\/hr\/produkt\/silikon-za-vatrostalne-brtve-dowsil-firestop-700\/","url":"https:\/\/proventuss.eu\/hr\/produkt\/silikon-za-vatrostalne-brtve-dowsil-firestop-700\/","name":"Silikon za vatrostalne brtve DOWSIL FIRESTOP 700 - Proventuss","isPartOf":{"@id":"https:\/\/proventuss.eu\/#website"},"primaryImageOfPage":{"@id":"https:\/\/proventuss.eu\/hr\/produkt\/silikon-za-vatrostalne-brtve-dowsil-firestop-700\/#primaryimage"},"image":{"@id":"https:\/\/proventuss.eu\/hr\/produkt\/silikon-za-vatrostalne-brtve-dowsil-firestop-700\/#primaryimage"},"thumbnailUrl":"https:\/\/proventuss.eu\/wp-content\/uploads\/2022\/04\/700.jpg","datePublished":"2022-04-26T09:44:57+00:00","dateModified":"2022-07-26T06:51:56+00:00","breadcrumb":{"@id":"https:\/\/proventuss.eu\/hr\/produkt\/silikon-za-vatrostalne-brtve-dowsil-firestop-700\/#breadcrumb"},"inLanguage":"hr","potentialAction":[{"@type":"ReadAction","target":["https:\/\/proventuss.eu\/hr\/produkt\/silikon-za-vatrostalne-brtve-dowsil-firestop-700\/"]}]},{"@type":"ImageObject","inLanguage":"hr","@id":"https:\/\/proventuss.eu\/hr\/produkt\/silikon-za-vatrostalne-brtve-dowsil-firestop-700\/#primaryimage","url":"https:\/\/proventuss.eu\/wp-content\/uploads\/2022\/04\/700.jpg","contentUrl":"https:\/\/proventuss.eu\/wp-content\/uploads\/2022\/04\/700.jpg","width":408,"height":1136},{"@type":"BreadcrumbList","@id":"https:\/\/proventuss.eu\/hr\/produkt\/silikon-za-vatrostalne-brtve-dowsil-firestop-700\/#breadcrumb","itemListElement":[{"@type":"ListItem","position":1,"name":"Home","item":"https:\/\/proventuss.eu\/"},{"@type":"ListItem","position":2,"name":"Shop","item":"https:\/\/proventuss.eu\/hr\/pohraniti\/"},{"@type":"ListItem","position":3,"name":"Silikon za vatrostalne brtve DOWSIL FIRESTOP 700"}]},{"@type":"WebSite","@id":"https:\/\/proventuss.eu\/#website","url":"https:\/\/proventuss.eu\/","name":"Proventuss","description":"","potentialAction":[{"@type":"SearchAction","target":{"@type":"EntryPoint","urlTemplate":"https:\/\/proventuss.eu\/?s={search_term_string}"},"query-input":"required name=search_term_string"}],"inLanguage":"hr"}]}},"_links":{"self":[{"href":"https:\/\/proventuss.eu\/hr\/wp-json\/wp\/v2\/product\/2943"}],"collection":[{"href":"https:\/\/proventuss.eu\/hr\/wp-json\/wp\/v2\/product"}],"about":[{"href":"https:\/\/proventuss.eu\/hr\/wp-json\/wp\/v2\/types\/product"}],"replies":[{"embeddable":true,"href":"https:\/\/proventuss.eu\/hr\/wp-json\/wp\/v2\/comments?post=2943"}],"wp:featuredmedia":[{"embeddable":true,"href":"https:\/\/proventuss.eu\/hr\/wp-json\/wp\/v2\/media\/2187"}],"wp:attachment":[{"href":"https:\/\/proventuss.eu\/hr\/wp-json\/wp\/v2\/media?parent=2943"}],"wp:term":[{"taxonomy":"product_cat","embeddable":true,"href":"https:\/\/proventuss.eu\/hr\/wp-json\/wp\/v2\/product_cat?post=2943"},{"taxonomy":"product_tag","embeddable":true,"href":"https:\/\/proventuss.eu\/hr\/wp-json\/wp\/v2\/product_tag?post=2943"}],"curies":[{"name":"wp","href":"https:\/\/api.w.org\/{rel}","templated":true}]}}