{"id":2940,"date":"2022-04-26T09:26:20","date_gmt":"2022-04-26T09:26:20","guid":{"rendered":"https:\/\/proventuss.eu\/produkt\/preprufe-sustav-preprufe-sustav\/"},"modified":"2022-07-01T07:09:09","modified_gmt":"2022-07-01T07:09:09","slug":"preprufe-sustav","status":"publish","type":"product","link":"https:\/\/proventuss.eu\/hr\/proizvod\/preprufe-sustav\/","title":{"rendered":"Preprufe\u00ae Sustav"},"content":{"rendered":"<p><strong>PREPRUFE JE MODIFICIRANA HDPE FOLIJA<\/strong> , koja je s jedne strane premazana sredstvom koje osigurava u\u010dinkovito prianjanje na strukturnom spoju s betonom. Ovo prianjanje se pove\u0107ava pod te\u017einom betona i sprje\u010dava migraciju vode izme\u0111u izolacije i betona. Iz istih razloga Preprufe nije osjetljiv na one\u010di\u0161\u0107enje tla.<\/p>\n<p><strong>PREDNOSTI:<\/strong><br \/>\n\u2022 ne podlije\u017ee vremenskim uvjetima do 40 dana od trenutka polaganja<br \/>\n\u2022 u\u010dinkovita je barijera za vodu, vlagu, radon i metan<br \/>\n\u2022 otporan na kemikalije, osobito soli, kloride i sulfide<br \/>\n\u2022 otporan je na hidrostatski tlak do 70 m vodenog stupca, kako na spojevima tako i na bo\u010dnoj migraciji vode<br \/>\n\u2022 ne zahtijeva za\u0161titni beton<br \/>\n\u2022 sustav ima oznaku CE i me\u0111unarodna odobrenja, uklj. BBA, IBDiM, COBR, EOTA, ICITE, CSTB<\/p>\n<p><strong>Sustav Preprufe osigurava brzinu i jednostavnost izvo\u0111enja, neovisnost o vremenskim uvjetima, minimizira rizik od pogre\u0161aka te \u0161tedi vrijeme i tro\u0161kove.<\/strong><\/p>\n","protected":false},"excerpt":{"rendered":"<p>PREPRUFE JE MODIFICIRANA HDPE FOLIJA , koja je s jedne strane premazana sredstvom koje osigurava u\u010dinkovito prianjanje na strukturnom spoju s betonom. Ovo prianjanje se pove\u0107ava pod te\u017einom betona i sprje\u010dava migraciju vode izme\u0111u izolacije i betona. Iz istih razloga Preprufe nije osjetljiv na one\u010di\u0161\u0107enje tla. PREDNOSTI: \u2022 ne podlije\u017ee vremenskim uvjetima do 40 dana [&hellip;]<\/p>\n","protected":false},"featured_media":12572,"comment_status":"open","ping_status":"closed","template":"","meta":{"_acf_changed":false},"product_cat":[15],"product_tag":[],"acf":[],"yoast_head":"<!-- This site is optimized with the Yoast SEO plugin v22.9 - https:\/\/yoast.com\/wordpress\/plugins\/seo\/ -->\n<title>Preprufe\u00ae Sustav - Proventuss<\/title>\n<meta name=\"robots\" content=\"index, follow, max-snippet:-1, max-image-preview:large, max-video-preview:-1\" \/>\n<link rel=\"canonical\" href=\"https:\/\/proventuss.eu\/hr\/produkt\/preprufe-sustav\/\" \/>\n<meta property=\"og:locale\" content=\"hr_HR\" \/>\n<meta property=\"og:type\" content=\"article\" \/>\n<meta property=\"og:title\" content=\"Preprufe\u00ae Sustav - Proventuss\" \/>\n<meta property=\"og:description\" content=\"PREPRUFE JE MODIFICIRANA HDPE FOLIJA , koja je s jedne strane premazana sredstvom koje osigurava u\u010dinkovito prianjanje na strukturnom spoju s betonom. Ovo prianjanje se pove\u0107ava pod te\u017einom betona i sprje\u010dava migraciju vode izme\u0111u izolacije i betona. Iz istih razloga Preprufe nije osjetljiv na one\u010di\u0161\u0107enje tla. PREDNOSTI: \u2022 ne podlije\u017ee vremenskim uvjetima do 40 dana [&hellip;]\" \/>\n<meta property=\"og:url\" content=\"https:\/\/proventuss.eu\/hr\/produkt\/preprufe-sustav\/\" \/>\n<meta property=\"og:site_name\" content=\"Proventuss\" \/>\n<meta property=\"article:modified_time\" content=\"2022-07-01T07:09:09+00:00\" \/>\n<meta property=\"og:image\" content=\"https:\/\/proventuss.eu\/wp-content\/uploads\/2022\/04\/hydro-preprufe.jpg\" \/>\n\t<meta property=\"og:image:width\" content=\"1024\" \/>\n\t<meta property=\"og:image:height\" content=\"683\" \/>\n\t<meta property=\"og:image:type\" content=\"image\/jpeg\" \/>\n<meta name=\"twitter:card\" content=\"summary_large_image\" \/>\n<meta name=\"twitter:label1\" content=\"Procijenjeno vrijeme \u010ditanja\" \/>\n\t<meta name=\"twitter:data1\" content=\"1 minuta\" \/>\n<script type=\"application\/ld+json\" class=\"yoast-schema-graph\">{\"@context\":\"https:\/\/schema.org\",\"@graph\":[{\"@type\":\"WebPage\",\"@id\":\"https:\/\/proventuss.eu\/hr\/produkt\/preprufe-sustav\/\",\"url\":\"https:\/\/proventuss.eu\/hr\/produkt\/preprufe-sustav\/\",\"name\":\"Preprufe\u00ae Sustav - Proventuss\",\"isPartOf\":{\"@id\":\"https:\/\/proventuss.eu\/#website\"},\"primaryImageOfPage\":{\"@id\":\"https:\/\/proventuss.eu\/hr\/produkt\/preprufe-sustav\/#primaryimage\"},\"image\":{\"@id\":\"https:\/\/proventuss.eu\/hr\/produkt\/preprufe-sustav\/#primaryimage\"},\"thumbnailUrl\":\"https:\/\/proventuss.eu\/wp-content\/uploads\/2022\/04\/SystemPreprufeFoliaHDPE--scaled.jpg\",\"datePublished\":\"2022-04-26T09:26:20+00:00\",\"dateModified\":\"2022-07-01T07:09:09+00:00\",\"breadcrumb\":{\"@id\":\"https:\/\/proventuss.eu\/hr\/produkt\/preprufe-sustav\/#breadcrumb\"},\"inLanguage\":\"hr\",\"potentialAction\":[{\"@type\":\"ReadAction\",\"target\":[\"https:\/\/proventuss.eu\/hr\/produkt\/preprufe-sustav\/\"]}]},{\"@type\":\"ImageObject\",\"inLanguage\":\"hr\",\"@id\":\"https:\/\/proventuss.eu\/hr\/produkt\/preprufe-sustav\/#primaryimage\",\"url\":\"https:\/\/proventuss.eu\/wp-content\/uploads\/2022\/04\/SystemPreprufeFoliaHDPE--scaled.jpg\",\"contentUrl\":\"https:\/\/proventuss.eu\/wp-content\/uploads\/2022\/04\/SystemPreprufeFoliaHDPE--scaled.jpg\",\"width\":2560,\"height\":1920},{\"@type\":\"BreadcrumbList\",\"@id\":\"https:\/\/proventuss.eu\/hr\/produkt\/preprufe-sustav\/#breadcrumb\",\"itemListElement\":[{\"@type\":\"ListItem\",\"position\":1,\"name\":\"Home\",\"item\":\"https:\/\/proventuss.eu\/\"},{\"@type\":\"ListItem\",\"position\":2,\"name\":\"Shop\",\"item\":\"https:\/\/proventuss.eu\/hr\/pohraniti\/\"},{\"@type\":\"ListItem\",\"position\":3,\"name\":\"Preprufe\u00ae Sustav\"}]},{\"@type\":\"WebSite\",\"@id\":\"https:\/\/proventuss.eu\/#website\",\"url\":\"https:\/\/proventuss.eu\/\",\"name\":\"Proventuss\",\"description\":\"\",\"potentialAction\":[{\"@type\":\"SearchAction\",\"target\":{\"@type\":\"EntryPoint\",\"urlTemplate\":\"https:\/\/proventuss.eu\/?s={search_term_string}\"},\"query-input\":\"required name=search_term_string\"}],\"inLanguage\":\"hr\"}]}<\/script>\n<!-- \/ Yoast SEO plugin. -->","yoast_head_json":{"title":"Preprufe\u00ae Sustav - Proventuss","robots":{"index":"index","follow":"follow","max-snippet":"max-snippet:-1","max-image-preview":"max-image-preview:large","max-video-preview":"max-video-preview:-1"},"canonical":"https:\/\/proventuss.eu\/hr\/produkt\/preprufe-sustav\/","og_locale":"hr_HR","og_type":"article","og_title":"Preprufe\u00ae Sustav - Proventuss","og_description":"PREPRUFE JE MODIFICIRANA HDPE FOLIJA , koja je s jedne strane premazana sredstvom koje osigurava u\u010dinkovito prianjanje na strukturnom spoju s betonom. Ovo prianjanje se pove\u0107ava pod te\u017einom betona i sprje\u010dava migraciju vode izme\u0111u izolacije i betona. Iz istih razloga Preprufe nije osjetljiv na one\u010di\u0161\u0107enje tla. PREDNOSTI: \u2022 ne podlije\u017ee vremenskim uvjetima do 40 dana [&hellip;]","og_url":"https:\/\/proventuss.eu\/hr\/produkt\/preprufe-sustav\/","og_site_name":"Proventuss","article_modified_time":"2022-07-01T07:09:09+00:00","og_image":[{"width":1024,"height":683,"url":"https:\/\/proventuss.eu\/wp-content\/uploads\/2022\/04\/hydro-preprufe.jpg","type":"image\/jpeg"}],"twitter_card":"summary_large_image","twitter_misc":{"Procijenjeno vrijeme \u010ditanja":"1 minuta"},"schema":{"@context":"https:\/\/schema.org","@graph":[{"@type":"WebPage","@id":"https:\/\/proventuss.eu\/hr\/produkt\/preprufe-sustav\/","url":"https:\/\/proventuss.eu\/hr\/produkt\/preprufe-sustav\/","name":"Preprufe\u00ae Sustav - Proventuss","isPartOf":{"@id":"https:\/\/proventuss.eu\/#website"},"primaryImageOfPage":{"@id":"https:\/\/proventuss.eu\/hr\/produkt\/preprufe-sustav\/#primaryimage"},"image":{"@id":"https:\/\/proventuss.eu\/hr\/produkt\/preprufe-sustav\/#primaryimage"},"thumbnailUrl":"https:\/\/proventuss.eu\/wp-content\/uploads\/2022\/04\/SystemPreprufeFoliaHDPE--scaled.jpg","datePublished":"2022-04-26T09:26:20+00:00","dateModified":"2022-07-01T07:09:09+00:00","breadcrumb":{"@id":"https:\/\/proventuss.eu\/hr\/produkt\/preprufe-sustav\/#breadcrumb"},"inLanguage":"hr","potentialAction":[{"@type":"ReadAction","target":["https:\/\/proventuss.eu\/hr\/produkt\/preprufe-sustav\/"]}]},{"@type":"ImageObject","inLanguage":"hr","@id":"https:\/\/proventuss.eu\/hr\/produkt\/preprufe-sustav\/#primaryimage","url":"https:\/\/proventuss.eu\/wp-content\/uploads\/2022\/04\/SystemPreprufeFoliaHDPE--scaled.jpg","contentUrl":"https:\/\/proventuss.eu\/wp-content\/uploads\/2022\/04\/SystemPreprufeFoliaHDPE--scaled.jpg","width":2560,"height":1920},{"@type":"BreadcrumbList","@id":"https:\/\/proventuss.eu\/hr\/produkt\/preprufe-sustav\/#breadcrumb","itemListElement":[{"@type":"ListItem","position":1,"name":"Home","item":"https:\/\/proventuss.eu\/"},{"@type":"ListItem","position":2,"name":"Shop","item":"https:\/\/proventuss.eu\/hr\/pohraniti\/"},{"@type":"ListItem","position":3,"name":"Preprufe\u00ae Sustav"}]},{"@type":"WebSite","@id":"https:\/\/proventuss.eu\/#website","url":"https:\/\/proventuss.eu\/","name":"Proventuss","description":"","potentialAction":[{"@type":"SearchAction","target":{"@type":"EntryPoint","urlTemplate":"https:\/\/proventuss.eu\/?s={search_term_string}"},"query-input":"required name=search_term_string"}],"inLanguage":"hr"}]}},"_links":{"self":[{"href":"https:\/\/proventuss.eu\/hr\/wp-json\/wp\/v2\/product\/2940"}],"collection":[{"href":"https:\/\/proventuss.eu\/hr\/wp-json\/wp\/v2\/product"}],"about":[{"href":"https:\/\/proventuss.eu\/hr\/wp-json\/wp\/v2\/types\/product"}],"replies":[{"embeddable":true,"href":"https:\/\/proventuss.eu\/hr\/wp-json\/wp\/v2\/comments?post=2940"}],"wp:featuredmedia":[{"embeddable":true,"href":"https:\/\/proventuss.eu\/hr\/wp-json\/wp\/v2\/media\/12572"}],"wp:attachment":[{"href":"https:\/\/proventuss.eu\/hr\/wp-json\/wp\/v2\/media?parent=2940"}],"wp:term":[{"taxonomy":"product_cat","embeddable":true,"href":"https:\/\/proventuss.eu\/hr\/wp-json\/wp\/v2\/product_cat?post=2940"},{"taxonomy":"product_tag","embeddable":true,"href":"https:\/\/proventuss.eu\/hr\/wp-json\/wp\/v2\/product_tag?post=2940"}],"curies":[{"name":"wp","href":"https:\/\/api.w.org\/{rel}","templated":true}]}}