{"id":2929,"date":"2022-04-26T09:04:37","date_gmt":"2022-04-26T09:04:37","guid":{"rendered":"https:\/\/proventuss.eu\/produkt\/vi-pro-epdm-membrana-klik\/"},"modified":"2022-07-15T06:47:58","modified_gmt":"2022-07-15T06:47:58","slug":"vanjska-membrana-sa-sustavnom-brtvom-vi-pro-epdm-membrane-click","status":"publish","type":"product","link":"https:\/\/proventuss.eu\/hr\/proizvod\/vanjska-membrana-sa-sustavnom-brtvom-vi-pro-epdm-membrane-click\/","title":{"rendered":"Vanjska membrana sa sustavnom brtvom Vi-Pro\u00ae EPDM MEMBRANE CLICK"},"content":{"rendered":"<p><strong>VANJSKA MEMBRANA S BRTVILOM<\/strong> za ugradnju u fasadne sustave ili sustave prozora i vrata. EPDM se montira u aluminijski ili PVC profil s odgovaraju\u0107om vrstom kop\u010de. \u0160irina membrane od 100 mm do 1000 mm, isporu\u010duje se u rolama od 25 m.<\/p>\n","protected":false},"excerpt":{"rendered":"<p>VANJSKA MEMBRANA S BRTVILOM za ugradnju u fasadne sustave ili sustave prozora i vrata. EPDM se montira u aluminijski ili PVC profil s odgovaraju\u0107om vrstom kop\u010de. \u0160irina membrane od 100 mm do 1000 mm, isporu\u010duje se u rolama od 25 m.<\/p>\n","protected":false},"featured_media":2065,"comment_status":"open","ping_status":"closed","template":"","meta":{"_acf_changed":false},"product_cat":[116],"product_tag":[],"acf":[],"yoast_head":"<!-- This site is optimized with the Yoast SEO plugin v22.9 - https:\/\/yoast.com\/wordpress\/plugins\/seo\/ -->\n<title>Vanjska membrana sa sustavnom brtvom Vi-Pro\u00ae EPDM MEMBRANE CLICK - Proventuss<\/title>\n<meta name=\"robots\" content=\"index, follow, max-snippet:-1, max-image-preview:large, max-video-preview:-1\" \/>\n<link rel=\"canonical\" href=\"https:\/\/proventuss.eu\/hr\/produkt\/vanjska-membrana-sa-sustavnom-brtvom-vi-pro-epdm-membrane-click\/\" \/>\n<meta property=\"og:locale\" content=\"hr_HR\" \/>\n<meta property=\"og:type\" content=\"article\" \/>\n<meta property=\"og:title\" content=\"Vanjska membrana sa sustavnom brtvom Vi-Pro\u00ae EPDM MEMBRANE CLICK - Proventuss\" \/>\n<meta property=\"og:description\" content=\"VANJSKA MEMBRANA S BRTVILOM za ugradnju u fasadne sustave ili sustave prozora i vrata. EPDM se montira u aluminijski ili PVC profil s odgovaraju\u0107om vrstom kop\u010de. \u0160irina membrane od 100 mm do 1000 mm, isporu\u010duje se u rolama od 25 m.\" \/>\n<meta property=\"og:url\" content=\"https:\/\/proventuss.eu\/hr\/produkt\/vanjska-membrana-sa-sustavnom-brtvom-vi-pro-epdm-membrane-click\/\" \/>\n<meta property=\"og:site_name\" content=\"Proventuss\" \/>\n<meta property=\"article:modified_time\" content=\"2022-07-15T06:47:58+00:00\" \/>\n<meta property=\"og:image\" content=\"https:\/\/proventuss.eu\/wp-content\/uploads\/2022\/04\/EPDM-rozne-rodzaje-montazu2.jpg\" \/>\n\t<meta property=\"og:image:width\" content=\"1136\" \/>\n\t<meta property=\"og:image:height\" content=\"275\" \/>\n\t<meta property=\"og:image:type\" content=\"image\/jpeg\" \/>\n<meta name=\"twitter:card\" content=\"summary_large_image\" \/>\n<script type=\"application\/ld+json\" class=\"yoast-schema-graph\">{\"@context\":\"https:\/\/schema.org\",\"@graph\":[{\"@type\":\"WebPage\",\"@id\":\"https:\/\/proventuss.eu\/hr\/produkt\/vanjska-membrana-sa-sustavnom-brtvom-vi-pro-epdm-membrane-click\/\",\"url\":\"https:\/\/proventuss.eu\/hr\/produkt\/vanjska-membrana-sa-sustavnom-brtvom-vi-pro-epdm-membrane-click\/\",\"name\":\"Vanjska membrana sa sustavnom brtvom Vi-Pro\u00ae EPDM MEMBRANE CLICK - Proventuss\",\"isPartOf\":{\"@id\":\"https:\/\/proventuss.eu\/#website\"},\"primaryImageOfPage\":{\"@id\":\"https:\/\/proventuss.eu\/hr\/produkt\/vanjska-membrana-sa-sustavnom-brtvom-vi-pro-epdm-membrane-click\/#primaryimage\"},\"image\":{\"@id\":\"https:\/\/proventuss.eu\/hr\/produkt\/vanjska-membrana-sa-sustavnom-brtvom-vi-pro-epdm-membrane-click\/#primaryimage\"},\"thumbnailUrl\":\"https:\/\/proventuss.eu\/wp-content\/uploads\/2022\/04\/EPDM-rozne-rodzaje-montazu2.jpg\",\"datePublished\":\"2022-04-26T09:04:37+00:00\",\"dateModified\":\"2022-07-15T06:47:58+00:00\",\"breadcrumb\":{\"@id\":\"https:\/\/proventuss.eu\/hr\/produkt\/vanjska-membrana-sa-sustavnom-brtvom-vi-pro-epdm-membrane-click\/#breadcrumb\"},\"inLanguage\":\"hr\",\"potentialAction\":[{\"@type\":\"ReadAction\",\"target\":[\"https:\/\/proventuss.eu\/hr\/produkt\/vanjska-membrana-sa-sustavnom-brtvom-vi-pro-epdm-membrane-click\/\"]}]},{\"@type\":\"ImageObject\",\"inLanguage\":\"hr\",\"@id\":\"https:\/\/proventuss.eu\/hr\/produkt\/vanjska-membrana-sa-sustavnom-brtvom-vi-pro-epdm-membrane-click\/#primaryimage\",\"url\":\"https:\/\/proventuss.eu\/wp-content\/uploads\/2022\/04\/EPDM-rozne-rodzaje-montazu2.jpg\",\"contentUrl\":\"https:\/\/proventuss.eu\/wp-content\/uploads\/2022\/04\/EPDM-rozne-rodzaje-montazu2.jpg\",\"width\":1136,\"height\":275,\"caption\":\"Na zdj\u0119ciu membrana zewn\u0119trzna z uszczelk\u0105 systemow\u0105 do monta\u017cu w systemach fasadowych montowana za pomoc\u0105 odpowiedniego rodzaju klipsa systemowego.\"},{\"@type\":\"BreadcrumbList\",\"@id\":\"https:\/\/proventuss.eu\/hr\/produkt\/vanjska-membrana-sa-sustavnom-brtvom-vi-pro-epdm-membrane-click\/#breadcrumb\",\"itemListElement\":[{\"@type\":\"ListItem\",\"position\":1,\"name\":\"Home\",\"item\":\"https:\/\/proventuss.eu\/\"},{\"@type\":\"ListItem\",\"position\":2,\"name\":\"Shop\",\"item\":\"https:\/\/proventuss.eu\/hr\/pohraniti\/\"},{\"@type\":\"ListItem\",\"position\":3,\"name\":\"Vanjska membrana sa sustavnom brtvom Vi-Pro\u00ae EPDM MEMBRANE CLICK\"}]},{\"@type\":\"WebSite\",\"@id\":\"https:\/\/proventuss.eu\/#website\",\"url\":\"https:\/\/proventuss.eu\/\",\"name\":\"Proventuss\",\"description\":\"\",\"potentialAction\":[{\"@type\":\"SearchAction\",\"target\":{\"@type\":\"EntryPoint\",\"urlTemplate\":\"https:\/\/proventuss.eu\/?s={search_term_string}\"},\"query-input\":\"required name=search_term_string\"}],\"inLanguage\":\"hr\"}]}<\/script>\n<!-- \/ Yoast SEO plugin. -->","yoast_head_json":{"title":"Vanjska membrana sa sustavnom brtvom Vi-Pro\u00ae EPDM MEMBRANE CLICK - Proventuss","robots":{"index":"index","follow":"follow","max-snippet":"max-snippet:-1","max-image-preview":"max-image-preview:large","max-video-preview":"max-video-preview:-1"},"canonical":"https:\/\/proventuss.eu\/hr\/produkt\/vanjska-membrana-sa-sustavnom-brtvom-vi-pro-epdm-membrane-click\/","og_locale":"hr_HR","og_type":"article","og_title":"Vanjska membrana sa sustavnom brtvom Vi-Pro\u00ae EPDM MEMBRANE CLICK - Proventuss","og_description":"VANJSKA MEMBRANA S BRTVILOM za ugradnju u fasadne sustave ili sustave prozora i vrata. EPDM se montira u aluminijski ili PVC profil s odgovaraju\u0107om vrstom kop\u010de. \u0160irina membrane od 100 mm do 1000 mm, isporu\u010duje se u rolama od 25 m.","og_url":"https:\/\/proventuss.eu\/hr\/produkt\/vanjska-membrana-sa-sustavnom-brtvom-vi-pro-epdm-membrane-click\/","og_site_name":"Proventuss","article_modified_time":"2022-07-15T06:47:58+00:00","og_image":[{"width":1136,"height":275,"url":"https:\/\/proventuss.eu\/wp-content\/uploads\/2022\/04\/EPDM-rozne-rodzaje-montazu2.jpg","type":"image\/jpeg"}],"twitter_card":"summary_large_image","schema":{"@context":"https:\/\/schema.org","@graph":[{"@type":"WebPage","@id":"https:\/\/proventuss.eu\/hr\/produkt\/vanjska-membrana-sa-sustavnom-brtvom-vi-pro-epdm-membrane-click\/","url":"https:\/\/proventuss.eu\/hr\/produkt\/vanjska-membrana-sa-sustavnom-brtvom-vi-pro-epdm-membrane-click\/","name":"Vanjska membrana sa sustavnom brtvom Vi-Pro\u00ae EPDM MEMBRANE CLICK - Proventuss","isPartOf":{"@id":"https:\/\/proventuss.eu\/#website"},"primaryImageOfPage":{"@id":"https:\/\/proventuss.eu\/hr\/produkt\/vanjska-membrana-sa-sustavnom-brtvom-vi-pro-epdm-membrane-click\/#primaryimage"},"image":{"@id":"https:\/\/proventuss.eu\/hr\/produkt\/vanjska-membrana-sa-sustavnom-brtvom-vi-pro-epdm-membrane-click\/#primaryimage"},"thumbnailUrl":"https:\/\/proventuss.eu\/wp-content\/uploads\/2022\/04\/EPDM-rozne-rodzaje-montazu2.jpg","datePublished":"2022-04-26T09:04:37+00:00","dateModified":"2022-07-15T06:47:58+00:00","breadcrumb":{"@id":"https:\/\/proventuss.eu\/hr\/produkt\/vanjska-membrana-sa-sustavnom-brtvom-vi-pro-epdm-membrane-click\/#breadcrumb"},"inLanguage":"hr","potentialAction":[{"@type":"ReadAction","target":["https:\/\/proventuss.eu\/hr\/produkt\/vanjska-membrana-sa-sustavnom-brtvom-vi-pro-epdm-membrane-click\/"]}]},{"@type":"ImageObject","inLanguage":"hr","@id":"https:\/\/proventuss.eu\/hr\/produkt\/vanjska-membrana-sa-sustavnom-brtvom-vi-pro-epdm-membrane-click\/#primaryimage","url":"https:\/\/proventuss.eu\/wp-content\/uploads\/2022\/04\/EPDM-rozne-rodzaje-montazu2.jpg","contentUrl":"https:\/\/proventuss.eu\/wp-content\/uploads\/2022\/04\/EPDM-rozne-rodzaje-montazu2.jpg","width":1136,"height":275,"caption":"Na zdj\u0119ciu membrana zewn\u0119trzna z uszczelk\u0105 systemow\u0105 do monta\u017cu w systemach fasadowych montowana za pomoc\u0105 odpowiedniego rodzaju klipsa systemowego."},{"@type":"BreadcrumbList","@id":"https:\/\/proventuss.eu\/hr\/produkt\/vanjska-membrana-sa-sustavnom-brtvom-vi-pro-epdm-membrane-click\/#breadcrumb","itemListElement":[{"@type":"ListItem","position":1,"name":"Home","item":"https:\/\/proventuss.eu\/"},{"@type":"ListItem","position":2,"name":"Shop","item":"https:\/\/proventuss.eu\/hr\/pohraniti\/"},{"@type":"ListItem","position":3,"name":"Vanjska membrana sa sustavnom brtvom Vi-Pro\u00ae EPDM MEMBRANE CLICK"}]},{"@type":"WebSite","@id":"https:\/\/proventuss.eu\/#website","url":"https:\/\/proventuss.eu\/","name":"Proventuss","description":"","potentialAction":[{"@type":"SearchAction","target":{"@type":"EntryPoint","urlTemplate":"https:\/\/proventuss.eu\/?s={search_term_string}"},"query-input":"required name=search_term_string"}],"inLanguage":"hr"}]}},"_links":{"self":[{"href":"https:\/\/proventuss.eu\/hr\/wp-json\/wp\/v2\/product\/2929"}],"collection":[{"href":"https:\/\/proventuss.eu\/hr\/wp-json\/wp\/v2\/product"}],"about":[{"href":"https:\/\/proventuss.eu\/hr\/wp-json\/wp\/v2\/types\/product"}],"replies":[{"embeddable":true,"href":"https:\/\/proventuss.eu\/hr\/wp-json\/wp\/v2\/comments?post=2929"}],"wp:featuredmedia":[{"embeddable":true,"href":"https:\/\/proventuss.eu\/hr\/wp-json\/wp\/v2\/media\/2065"}],"wp:attachment":[{"href":"https:\/\/proventuss.eu\/hr\/wp-json\/wp\/v2\/media?parent=2929"}],"wp:term":[{"taxonomy":"product_cat","embeddable":true,"href":"https:\/\/proventuss.eu\/hr\/wp-json\/wp\/v2\/product_cat?post=2929"},{"taxonomy":"product_tag","embeddable":true,"href":"https:\/\/proventuss.eu\/hr\/wp-json\/wp\/v2\/product_tag?post=2929"}],"curies":[{"name":"wp","href":"https:\/\/api.w.org\/{rel}","templated":true}]}}